{"id":3914,"date":"2026-03-18T13:49:16","date_gmt":"2026-03-18T13:49:16","guid":{"rendered":"https:\/\/www.mkreborns.com\/?post_type=product&#038;p=3914"},"modified":"2026-03-19T15:50:41","modified_gmt":"2026-03-19T15:50:41","slug":"handmade-20-22-inch-reborn-doll-outfits-and-princess-dress-sets","status":"publish","type":"product","link":"https:\/\/www.mkreborns.com\/fi\/product\/handmade-20-22-inch-reborn-doll-outfits-and-princess-dress-sets\/","title":{"rendered":"K\u00e4sintehdyt 20\u201322 tuuman Reborn-nuken asut ja prinsessamekkosetit"},"content":{"rendered":"<div class=\"product-specs-list-container\">\n<h2>Hienot vaatekaapin perustarvikkeet el\u00e4v\u00e4n n\u00e4k\u00f6isille vauvoillesi<\/h2>\n<div>Uudestisyntyneen vauvan hoivaaminen ei tarkoita vain helli\u00e4 kosketuksia; se vaatii vaatekaapin, joka heijastaa h\u00e4nen herkk\u00e4\u00e4 kauneuttaan. Kuratoitu kokoelmamme 50\u201355 tuuman kokoisia uudestisyntyneen nuken vaatteita tarjoaa saumattoman istuvuuden 50\u201355 senttimetrin kokoisille nukeille. Jokainen kokonaisuus on ommeltu huolellisesti ensiluokkaisista tekstiileist\u00e4, jotka tuntuvat pehmeilt\u00e4 ker\u00e4ilyesineiden vinyyli- tai silikonipintoja vasten. Puetpa sitten taaperotytt\u00f6\u00e4 tai vastasyntyneen kokoista hahmoa, n\u00e4m\u00e4 vaatteet tarjoavat harrastuksesi vaatimaa esteettist\u00e4 hienostuneisuutta ilman korkeaa hintalappua.<\/div>\n<h3>Monipuoliset sesonkityylit ja k\u00e4yt\u00e4nn\u00f6lliset asusteet<\/h3>\n<div>Lastenhuoneesi realismin yll\u00e4pit\u00e4minen tarkoittaa oikeanlaisten vaatteiden l\u00f6yt\u00e4mist\u00e4 jokaiseen ilmastoon. Hengitt\u00e4vist\u00e4 puuvillasekoitteista kes\u00e4n retkiin ja kerroksellisista, mukavista neuleista talven esittelyihin, valikoimamme kattaa jokaisen tyylimieltymyksen. N\u00e4m\u00e4 edulliset uudelleensyntyneiden nukkejen vaatteet tarjoavat edullisen tavan laajentaa kokoelmasi monipuolisuutta s\u00e4ilytt\u00e4en samalla korkeat k\u00e4sity\u00f6taidon standardit.<\/div>\n<ul>\n<li>K\u00e4sin r\u00e4\u00e4t\u00e4l\u00f6idyt prinsessamekot, joissa on koristeellisia pitsi\u00e4 ja nauhoja.<\/li>\n<li>Kest\u00e4v\u00e4 kangasrakenne, joka kest\u00e4\u00e4 usein toistuvaa pukeutumista ja poseerausta.<\/li>\n<li>Kirkkaat, myrkytt\u00f6m\u00e4t v\u00e4riaineet takaavat turvallisuuden ja pitk\u00e4kestoisen v\u00e4rikyll\u00e4isyyden.<\/li>\n<li>Yhteensovitetut setit, jotka yksinkertaistavat sek\u00e4 amat\u00f6\u00f6ri- ett\u00e4 ammattiker\u00e4ilij\u00f6iden stailausta.<\/li>\n<\/ul>\n<div>Nuken omistamisen ilo kasvaa entisest\u00e4\u00e4n, kun valitset t\u00e4ydelliset Reborn-silikonivauvanuken vaatteet ja asusteet t\u00e4ydent\u00e4m\u00e4\u00e4n lastenhuoneesi ainutlaatuista ilmett\u00e4. Valitsemalla korkealaatuiset 20-tuumaiset Reborn-nukenvaatteemme varmistat, ett\u00e4 vauvasi pysyy kokoelmasi keskipisteen\u00e4 ja on pukeutunut hienoimpiin 22-tuumaisiin Reborn-nukenvaatteisiin.<\/div>\n<\/div>\n<p><img decoding=\"async\" src=\"https:\/\/www.mkreborns.com\/wp-content\/uploads\/2026\/03\/kf-S2e01ded1844b4877bf4c33f55020ae11c.webp\" alt=\"\" title=\"\"><img decoding=\"async\" src=\"https:\/\/www.mkreborns.com\/wp-content\/uploads\/2026\/03\/kf-S9e3f070a33d54057b89198cde073cd612.webp\" alt=\"\" title=\"\"><img decoding=\"async\" src=\"https:\/\/www.mkreborns.com\/wp-content\/uploads\/2026\/03\/kf-S6e3bf7adc684427696336b2801fea85fY.webp\" alt=\"\" title=\"\"><img decoding=\"async\" src=\"https:\/\/www.mkreborns.com\/wp-content\/uploads\/2026\/03\/kf-S33fd522146264b3d872df87a701c2946b.webp\" alt=\"\" title=\"\"><img decoding=\"async\" src=\"https:\/\/www.mkreborns.com\/wp-content\/uploads\/2026\/03\/kf-Sbf836be53df845d68bbc0b7a1f9c781f2.webp\" alt=\"\" title=\"\"><img decoding=\"async\" src=\"https:\/\/www.mkreborns.com\/wp-content\/uploads\/2026\/03\/kf-Sf1a7b314b8d347688f83c99d60dce0a3A.webp\" alt=\"\" title=\"\"><img decoding=\"async\" src=\"https:\/\/www.mkreborns.com\/wp-content\/uploads\/2026\/03\/kf-S61f931d28b264579b6dae3d8565e2e50T.webp\" alt=\"\" title=\"\"><img decoding=\"async\" src=\"https:\/\/www.mkreborns.com\/wp-content\/uploads\/2026\/03\/kf-S0c2952b48d644b18bd24e6028052eb98U.webp\" alt=\"\" title=\"\"><img decoding=\"async\" src=\"https:\/\/www.mkreborns.com\/wp-content\/uploads\/2026\/03\/kf-S9e63ed215fae43ad819d86d2033ee969r.webp\" alt=\"\" title=\"\"><img decoding=\"async\" src=\"https:\/\/www.mkreborns.com\/wp-content\/uploads\/2026\/03\/kf-S753c136e65d641e4943f67baf9baf5ccc.webp\" alt=\"\" title=\"\"><img decoding=\"async\" src=\"https:\/\/www.mkreborns.com\/wp-content\/uploads\/2026\/03\/kf-S67c85d54bdd34203a836b3a36c4bd4eaS.webp\" alt=\"\" title=\"\"><img decoding=\"async\" src=\"https:\/\/www.mkreborns.com\/wp-content\/uploads\/2026\/03\/kf-S50dfe06eb5cd479983c46dcf6260faee1.webp\" alt=\"\" title=\"\"><img decoding=\"async\" src=\"https:\/\/www.mkreborns.com\/wp-content\/uploads\/2026\/03\/kf-Sb5f6a65275bd4f43ab927c391e4be4d5i.webp\" alt=\"\" title=\"\"><img decoding=\"async\" src=\"https:\/\/www.mkreborns.com\/wp-content\/uploads\/2026\/03\/kf-S267c5a5569df43c99eeeb243ed4f3022A.webp\" alt=\"\" title=\"\"><img decoding=\"async\" src=\"https:\/\/www.mkreborns.com\/wp-content\/uploads\/2026\/03\/kf-Sfd4f91fa317844e6a20bedeb546fe009P.webp\" alt=\"Reborn-nukkeprinsessamekko r\u00f6yhel\u00f6ill\u00e4 ja pastelliv\u00e4reill\u00e4.\" title=\"\"> <img decoding=\"async\" src=\"https:\/\/www.mkreborns.com\/wp-content\/uploads\/2026\/03\/kf-Sf6881c96b70f469dae3e5e917a9a797c2.webp\" alt=\"\" title=\"\"><img decoding=\"async\" src=\"https:\/\/www.mkreborns.com\/wp-content\/uploads\/2026\/03\/kf-S37d300d49be64c689cdc2d9ac655ee8ef.webp\" alt=\"\" title=\"\"><img decoding=\"async\" src=\"https:\/\/www.mkreborns.com\/wp-content\/uploads\/2026\/03\/kf-Se12b5d5751db49a598419c27633fa249h.webp\" alt=\"Reborn-nuken prinsessapukusetti galaksikuviolla ja pinkeill\u00e4 yksityiskohdilla, t\u00e4ydellinen 20\u201322 tuuman nukeille. Uni.\" title=\"\"> <img decoding=\"async\" src=\"https:\/\/www.mkreborns.com\/wp-content\/uploads\/2026\/03\/kf-Sfec6353fabc249739a9bfc7ff9c19194J.webp\" alt=\"Ihastuttava, k\u00e4sintehty 50\u201355 cm:n (50\u201355 cm) uudestisyntynyt prinsessamekko galaksikuviolla ja pinkeill\u00e4 yksityiskohdilla.\" title=\"\"> <img decoding=\"async\" src=\"https:\/\/www.mkreborns.com\/wp-content\/uploads\/2026\/03\/kf-S2fe53c2cf60a4dca806d62c9507c1527k.webp\" alt=\"\" title=\"\"><img decoding=\"async\" src=\"https:\/\/www.mkreborns.com\/wp-content\/uploads\/2026\/03\/kf-Scc80fb4332204489b9e54a2f1cd37684Y.webp\" alt=\"Reborn-nuken asu, johon kuuluu vaaleanpunainen pitsireunustettu ruudullinen mekko ja valkoinen alushame. T\u00e4ydellinen.\" title=\"\"> <img decoding=\"async\" src=\"https:\/\/www.mkreborns.com\/wp-content\/uploads\/2026\/03\/kf-Sa287f36538e54509a74becedf5d1e80aI.webp\" alt=\"Reborn-nuken asu, jossa on pinkki ruudullinen r\u00f6yhel\u00f6 ja satiinirusetit. T\u00e4ydellinen 50\u201355 cm:n nukeille.\" title=\"\"> <img decoding=\"async\" src=\"https:\/\/www.mkreborns.com\/wp-content\/uploads\/2026\/03\/kf-S804968ae87294c959b219b6c3d88016bB.webp\" alt=\"Uudestisyntynyt nukke, jolla on kukkakuvioinen prinsessamekko, pitelee vaaleanpunaista flamingo-pehmolelua ja l\u00e4hell\u00e4 pulloa.\" title=\"\"> <img decoding=\"async\" src=\"https:\/\/www.mkreborns.com\/wp-content\/uploads\/2026\/03\/kf-Sd9fc481645ee4d3288511c710a4aa6fac.webp\" alt=\"\" title=\"\"><img decoding=\"async\" src=\"https:\/\/www.mkreborns.com\/wp-content\/uploads\/2026\/03\/kf-S5d746b3f7dda43a98510624ed31c719bq.webp\" alt=\"\" title=\"\"><img decoding=\"async\" src=\"https:\/\/www.mkreborns.com\/wp-content\/uploads\/2026\/03\/kf-Sdb0e2483cf38440085aa085deb7e8e72l.webp\" alt=\"Reborn-nuken prinsessapuku kukkakuvioinnilla, k\u00e4sintehty 20\u201322 tuuman nukeille.\" title=\"\"> <img decoding=\"async\" src=\"https:\/\/www.mkreborns.com\/wp-content\/uploads\/2026\/03\/kf-S9b482f7f72f848b28fede3ec4a85ed32b.webp\" alt=\"\" title=\"\"><img decoding=\"async\" src=\"https:\/\/www.mkreborns.com\/wp-content\/uploads\/2026\/03\/kf-S09152d43a02f4b4f9bef4d5cfa7531daK.webp\" alt=\"Reborn-nuken asu, jossa on kukkamekko ja keltainen nauha, sopii t\u00e4ydellisesti 50\u201355 cm:n nukeille.\" title=\"\"> <img decoding=\"async\" src=\"https:\/\/www.mkreborns.com\/wp-content\/uploads\/2026\/03\/kf-Sc4c910a0f2e8414fa5bd80aa5709c8ecK.webp\" alt=\"\" title=\"\"><img decoding=\"async\" src=\"https:\/\/www.mkreborns.com\/wp-content\/uploads\/2026\/03\/kf-S6f2f906babe64407abb39604df6914a1J.webp\" alt=\"\" title=\"\"><img decoding=\"async\" src=\"https:\/\/www.mkreborns.com\/wp-content\/uploads\/2026\/03\/kf-S3492369ac2ce462f897f81971cc88ea2i.webp\" alt=\"Uudestisyntynyt nukke, jolla on k\u00e4sintehty vaaleanpunainen prinsessamekko, jossa on valkoinen p\u00f6rr\u00f6inen kaulus ja pom-ponit.\" title=\"\"> <img decoding=\"async\" src=\"https:\/\/www.mkreborns.com\/wp-content\/uploads\/2026\/03\/kf-Se51597a0a9504fc688712ba8acc06b61X.webp\" alt=\"\" title=\"\"><img decoding=\"async\" src=\"https:\/\/www.mkreborns.com\/wp-content\/uploads\/2026\/03\/kf-S2cd722838c3444e8853dfdd6cb7c6eeaF.webp\" alt=\"Reborn-nuken asu, johon kuuluu vaaleanpunainen mekko, valkoiset leggingsit ja yhteensopivat saappaat 20\u201322 tuuman nukeille.\" title=\"\"> <img decoding=\"async\" src=\"https:\/\/www.mkreborns.com\/wp-content\/uploads\/2026\/03\/kf-S4485fab01df04a52b37771c9fd6fb6808.webp\" alt=\"Reborn-nuken vaatesetti, johon kuuluu flamingo-kuvioiset housut ja yhteensopivat kuulokkeet, t\u00e4ydellinen k\u00e4sintehtyyn.\" title=\"\"> <img decoding=\"async\" src=\"https:\/\/www.mkreborns.com\/wp-content\/uploads\/2026\/03\/kf-S119e2ed0c63449e780a45353deed672fV.webp\" alt=\"Vaaleanpunaiset, uudelleensyntyneet nukenkeng\u00e4t valkoisella tekoturkisreunuksella 20\u201322 tuuman nukeille.\" title=\"\"> <img decoding=\"async\" src=\"https:\/\/www.mkreborns.com\/wp-content\/uploads\/2026\/03\/kf-Sc540755ac9cf4146835605b7b7171a0fT.webp\" alt=\"Reborn-nuken asu, johon kuuluu vaaleanpunainen mekko, valkoiset leggingsit ja yhteensopivat saappaat 20\u201322 tuuman nukeille.\" title=\"\"><\/p>\n<div style=\"width: 640px;\" class=\"wp-video\"><video class=\"wp-video-shortcode\" id=\"video-3914-1\" width=\"640\" height=\"360\" preload=\"metadata\" controls=\"controls\"><source type=\"video\/mp4\" src=\"https:\/\/video.aliexpress-media.com\/play\/u\/ae_sg_item\/2216133796552\/p\/1\/e\/6\/t\/10301\/1100164358417.mp4?_=1\" \/><a href=\"https:\/\/video.aliexpress-media.com\/play\/u\/ae_sg_item\/2216133796552\/p\/1\/e\/6\/t\/10301\/1100164358417.mp4\" target=\"_blank\" rel=\"noopener\">https:\/\/video.aliexpress-media.com\/play\/u\/ae_sg_item\/2216133796552\/p\/1\/e\/6\/t\/10301\/1100164358417.mp4<\/a><\/video><\/div>","protected":false},"excerpt":{"rendered":"<p>Pue rakas kumppanisi hienoihin, k\u00e4sintehtyihin vaatteisiin, jotka on suunniteltu heijastamaan aitojen vauvanvaatteiden vieh\u00e4tyst\u00e4 ja varmistamaan, ett\u00e4 jokainen leikkihetki tuntuu huomattavan aidolta ja syd\u00e4nt\u00e4 l\u00e4mmitt\u00e4v\u00e4lt\u00e4.<\/p>","protected":false},"featured_media":3915,"comment_status":"open","ping_status":"closed","template":"","meta":[],"product_brand":[],"product_cat":[159,148],"product_tag":[],"class_list":{"0":"post-3914","1":"product","2":"type-product","3":"status-publish","4":"has-post-thumbnail","6":"product_cat-clothes-for-reborn-dolls","7":"product_cat-reborn-doll-accessories","9":"first","10":"instock","11":"sale","12":"shipping-taxable","13":"purchasable","14":"product-type-variable","15":"has-default-attributes"},"_links":{"self":[{"href":"https:\/\/www.mkreborns.com\/fi\/wp-json\/wp\/v2\/product\/3914","targetHints":{"allow":["GET"]}}],"collection":[{"href":"https:\/\/www.mkreborns.com\/fi\/wp-json\/wp\/v2\/product"}],"about":[{"href":"https:\/\/www.mkreborns.com\/fi\/wp-json\/wp\/v2\/types\/product"}],"replies":[{"embeddable":true,"href":"https:\/\/www.mkreborns.com\/fi\/wp-json\/wp\/v2\/comments?post=3914"}],"wp:featuredmedia":[{"embeddable":true,"href":"https:\/\/www.mkreborns.com\/fi\/wp-json\/wp\/v2\/media\/3915"}],"wp:attachment":[{"href":"https:\/\/www.mkreborns.com\/fi\/wp-json\/wp\/v2\/media?parent=3914"}],"wp:term":[{"taxonomy":"product_brand","embeddable":true,"href":"https:\/\/www.mkreborns.com\/fi\/wp-json\/wp\/v2\/product_brand?post=3914"},{"taxonomy":"product_cat","embeddable":true,"href":"https:\/\/www.mkreborns.com\/fi\/wp-json\/wp\/v2\/product_cat?post=3914"},{"taxonomy":"product_tag","embeddable":true,"href":"https:\/\/www.mkreborns.com\/fi\/wp-json\/wp\/v2\/product_tag?post=3914"}],"curies":[{"name":"wp","href":"https:\/\/api.w.org\/{rel}","templated":true}]}}