{"id":3908,"date":"2026-03-18T13:24:18","date_gmt":"2026-03-18T13:24:18","guid":{"rendered":"https:\/\/www.mkreborns.com\/?post_type=product&#038;p=3908"},"modified":"2026-03-19T15:51:18","modified_gmt":"2026-03-19T15:51:18","slug":"18-inch-reborn-dolls-clothes-for-baby-doll-outfits","status":"publish","type":"product","link":"https:\/\/www.mkreborns.com\/fi\/product\/18-inch-reborn-dolls-clothes-for-baby-doll-outfits\/","title":{"rendered":"18 tuuman uudestisyntyneiden nukkejen vaatteet vauvanukkeasuille"},"content":{"rendered":"<h2>Tyylikk\u00e4\u00e4t 18-tuumaiset Reborn-nukenvaatteet jokaiseen tilaisuuteen<\/h2>\n<div>Tuo vieh\u00e4tyst\u00e4 ja aitoutta nukkekokoelmaasi 18-tuumaisilla Reborn-nukkien vaatteillamme. Jokainen asu on suunniteltu huolellisesti sopimaan t\u00e4ydellisesti Reborn-nukeille ja tarjoamaan mukavuutta ja aidonn\u00e4k\u00f6ist\u00e4 ulkon\u00e4k\u00f6\u00e4. N\u00e4m\u00e4 vaatteet sopivat t\u00e4ydellisesti sek\u00e4 leikkeihin ett\u00e4 esillepanoon ja muuttavat jokaisen nuken muodikkaalle kumppanille.<\/div>\n<h3>Yksityiskohtaiset mallit ja mukava istuvuus<\/h3>\n<div>Kokoelmamme esittelee myynniss\u00e4 olevia Reborn-vauvahahmojen vaatteita, kiinnitt\u00e4en erityist\u00e4 huomiota Reborn-nukkejen kangasrunkoon, varmistaen ett\u00e4 jokainen vaatekappale istuu tiiviisti ja korostaa realistisia piirteit\u00e4. Leikkisist\u00e4 haalareista tyylikk\u00e4isiin mekkoihin n\u00e4m\u00e4 asukokonaisuudet tarjoavat monipuolisuutta ja tyyli\u00e4, tehden 18-tuumaisesta nukestasi erityisen n\u00e4ytt\u00e4v\u00e4n.<\/div>\n<ul>\n<li>Tarkka koko: Suunniteltu 18-tuumaisille nukeille t\u00e4ydellisen istuvuuden ja helpon pukemisen varmistamiseksi.<\/li>\n<li>Laadukkaat kankaat: Pehme\u00e4t ja kest\u00e4v\u00e4t materiaalit takaavat mukavuuden ja pitk\u00e4n k\u00e4ytt\u00f6i\u00e4n.<\/li>\n<li>Realistiset yksityiskohdat: Monimutkaiset ompeleet ja kuviot heijastavat aitoja vauvanvaatteita.<\/li>\n<li>Useita tyylej\u00e4: Sis\u00e4lt\u00e4\u00e4 rentoja, muodollisia ja kausiluonteisia asuja kaikkiin tilaisuuksiin.<\/li>\n<li>Parannettu nuken realismi: R\u00e4\u00e4t\u00e4l\u00f6ity t\u00e4ydent\u00e4m\u00e4\u00e4n uudestisyntyneen nuken kangasrunkoa ja luomaan aidontuntuinen vieh\u00e4tys.<\/li>\n<\/ul>\n<div>P\u00e4ivit\u00e4 nukkesi vaatekaappia n\u00e4ill\u00e4 upeilla 45-senttisill\u00e4 uudestisyntyneen nuken vaatteilla, jotka yhdist\u00e4v\u00e4t tyylin, mukavuuden ja aidon vetovoiman.<\/div>\n<p style=\"text-align: center;\" align=\"center\"><img decoding=\"async\" src=\"https:\/\/www.mkreborns.com\/wp-content\/uploads\/2026\/03\/kf-S9d31fc2e9fcd434fafe9c0f471411531G.webp\" alt=\"\" title=\"\"><img decoding=\"async\" src=\"https:\/\/www.mkreborns.com\/wp-content\/uploads\/2026\/03\/kf-Sb94cdf6699bc46d3a5df6fd0f3b9305eP.webp\" alt=\"\" title=\"\"><img decoding=\"async\" src=\"https:\/\/www.mkreborns.com\/wp-content\/uploads\/2026\/03\/kf-S2c32be6ab85b4bc298e8b61239d41026x.webp\" alt=\"\" title=\"\"><img decoding=\"async\" src=\"https:\/\/www.mkreborns.com\/wp-content\/uploads\/2026\/03\/kf-S572f25d107b74315a31d1340abf1216fq.webp\" alt=\"\" title=\"\"><img decoding=\"async\" src=\"https:\/\/www.mkreborns.com\/wp-content\/uploads\/2026\/03\/kf-S5255329b890042289e03e8edbc8650fdh.webp\" alt=\"\" title=\"\"><\/p>","protected":false},"excerpt":{"rendered":"<p>Koristele 45-tuumainen uudestisyntynyt nukkesi tyylikk\u00e4ill\u00e4, pehmeill\u00e4 ja yksityiskohtaisilla asuilla, jotka on suunniteltu realistista leikki\u00e4 ja kest\u00e4v\u00e4\u00e4 eleganssia varten.<\/p>","protected":false},"featured_media":3909,"comment_status":"open","ping_status":"closed","template":"","meta":[],"product_brand":[],"product_cat":[159,148],"product_tag":[],"class_list":{"0":"post-3908","1":"product","2":"type-product","3":"status-publish","4":"has-post-thumbnail","6":"product_cat-clothes-for-reborn-dolls","7":"product_cat-reborn-doll-accessories","9":"first","10":"instock","11":"sale","12":"shipping-taxable","13":"purchasable","14":"product-type-simple"},"_links":{"self":[{"href":"https:\/\/www.mkreborns.com\/fi\/wp-json\/wp\/v2\/product\/3908","targetHints":{"allow":["GET"]}}],"collection":[{"href":"https:\/\/www.mkreborns.com\/fi\/wp-json\/wp\/v2\/product"}],"about":[{"href":"https:\/\/www.mkreborns.com\/fi\/wp-json\/wp\/v2\/types\/product"}],"replies":[{"embeddable":true,"href":"https:\/\/www.mkreborns.com\/fi\/wp-json\/wp\/v2\/comments?post=3908"}],"wp:featuredmedia":[{"embeddable":true,"href":"https:\/\/www.mkreborns.com\/fi\/wp-json\/wp\/v2\/media\/3909"}],"wp:attachment":[{"href":"https:\/\/www.mkreborns.com\/fi\/wp-json\/wp\/v2\/media?parent=3908"}],"wp:term":[{"taxonomy":"product_brand","embeddable":true,"href":"https:\/\/www.mkreborns.com\/fi\/wp-json\/wp\/v2\/product_brand?post=3908"},{"taxonomy":"product_cat","embeddable":true,"href":"https:\/\/www.mkreborns.com\/fi\/wp-json\/wp\/v2\/product_cat?post=3908"},{"taxonomy":"product_tag","embeddable":true,"href":"https:\/\/www.mkreborns.com\/fi\/wp-json\/wp\/v2\/product_tag?post=3908"}],"curies":[{"name":"wp","href":"https:\/\/api.w.org\/{rel}","templated":true}]}}