{"id":3890,"date":"2026-03-18T13:08:27","date_gmt":"2026-03-18T13:08:27","guid":{"rendered":"https:\/\/www.mkreborns.com\/?post_type=product&#038;p=3890"},"modified":"2026-03-19T15:52:23","modified_gmt":"2026-03-19T15:52:23","slug":"baby-doll-clothes-17-18-inch-reborn-outfits-for-girls","status":"publish","type":"product","link":"https:\/\/www.mkreborns.com\/fi\/product\/baby-doll-clothes-17-18-inch-reborn-outfits-for-girls\/","title":{"rendered":"Vauvanukkejen vaatteet 17\u201318 tuumaa \u2013 Reborn-asut tyt\u00f6ille"},"content":{"rendered":"<div class=\"detailmodule_html\">\n<div class=\"detail-desc-decorate-richtext\">\n<h2>Vieh\u00e4tt\u00e4vi\u00e4 tyylej\u00e4 17\u201318-tuumaisille Reborn-nukkevaatteille<\/h2>\n<div>Nosta Reborn-kokoelmasi tasoa ensiluokkaisilla 17\u201318-tuumaisilla Reborn-nukkevaatteillamme. Jokainen asu on suunniteltu huolellisesti t\u00e4ydent\u00e4m\u00e4\u00e4n Reborn-nukkevaatetytt\u00f6jen asuja yhdist\u00e4en mukavuuden, kest\u00e4vyyden ja aitoja yksityiskohtia. Olipa kyseess\u00e4 leikkiaika tai esillepano, n\u00e4m\u00e4 vaatteet tarjoavat t\u00e4ydellisen istuvuuden ja eloisat, katseenvangitsevat mallit.<\/div>\n<h3>Ainutlaatuisia malleja ja kuviollisia yksityiskohtia<\/h3>\n<div>Valikoimassamme on monimutkaisia reborn-nukkien kangasvartalokuvioita, joiden avulla jokainen nukke voi esitell\u00e4 persoonallisuuttaan ja tyyli\u00e4\u00e4n. Valitse mekkoja, potkupukuja ja yhteensopivia settej\u00e4, jotka on r\u00e4\u00e4t\u00e4l\u00f6ity sek\u00e4 43- ett\u00e4 46-senttisille reborn-nukeille. Pehmeiden kankaiden ja realististen viimeistelyjen ansiosta jokainen asu korostaa nukkesi aidontuntuista vieh\u00e4tysvoimaa.<\/div>\n<ul>\n<li>R\u00e4\u00e4t\u00e4l\u00f6ity istuvuus: Mitoitettu tarkasti 17\u201318 tuuman uudestisyntyneille nukeille vaivatonta pukemista varten.<\/li>\n<li>Korkealaatuiset materiaalit: Hell\u00e4varaiset, kest\u00e4v\u00e4t kankaat, jotka s\u00e4ilytt\u00e4v\u00e4t muotonsa ja v\u00e4rins\u00e4.<\/li>\n<li>Kuviovalikoima: Uudelleensyntyneen nuken kangaskuvio lis\u00e4\u00e4 yksil\u00f6llisyytt\u00e4 jokaiseen asuun.<\/li>\n<li>Monipuolinen vaatekaappi: Sis\u00e4lt\u00e4\u00e4 arkivaatteita, juhlamekkoja ja leikkisi\u00e4 settej\u00e4.<\/li>\n<li>Parannettu realismi: Yksityiskohtaiset ompelut ja viimeistely tuovat aitoutta jokaiseen kappaleeseen.<\/li>\n<\/ul>\n<div>Tuo iloa ja hienostuneisuutta jokaiseen nukketeatteriin n\u00e4ill\u00e4 kauniisti valmistetuilla 17\u201318-tuumaisilla uudelleensyntyneill\u00e4 nukenvaatteilla, jotka yhdist\u00e4v\u00e4t tyylin, mukavuuden ja aidon eleganssin.<\/div>\n<div><\/div>\n<p style=\"text-align: center; margin: 0px;\" align=\"center\"><img decoding=\"async\" src=\"https:\/\/www.mkreborns.com\/wp-content\/uploads\/2026\/03\/kf-Sff4af0a0ce8d4485b7c09410cb094249I.webp\" alt=\"\" title=\"\"><img decoding=\"async\" src=\"https:\/\/www.mkreborns.com\/wp-content\/uploads\/2026\/03\/kf-S10d68fad596841c589219dc0c10319fbZ.webp\" alt=\"\" title=\"\"><img decoding=\"async\" src=\"https:\/\/www.mkreborns.com\/wp-content\/uploads\/2026\/03\/kf-S8dbdfa36fe014c8fa0765011983d82caD.webp\" alt=\"\" title=\"\"><img decoding=\"async\" src=\"https:\/\/www.mkreborns.com\/wp-content\/uploads\/2026\/03\/kf-S920d035ab985467b8517b1483d4f6bbaY.webp\" alt=\"\" title=\"\"><img decoding=\"async\" src=\"https:\/\/www.mkreborns.com\/wp-content\/uploads\/2026\/03\/kf-S4b96cea014a44b709b752532f6113fbfu.webp\" alt=\"\" title=\"\"><img decoding=\"async\" src=\"https:\/\/www.mkreborns.com\/wp-content\/uploads\/2026\/03\/kf-S44c92652455b47b98527b3aa131f6b1eT.webp\" alt=\"\" title=\"\"><img decoding=\"async\" src=\"https:\/\/www.mkreborns.com\/wp-content\/uploads\/2026\/03\/kf-S56de3d76be034bbfb5ae1261f59232a1O.webp\" alt=\"\" title=\"\"><img decoding=\"async\" src=\"https:\/\/www.mkreborns.com\/wp-content\/uploads\/2026\/03\/kf-S0590e45ab54740c38d581d7611ef244cS.webp\" alt=\"\" title=\"\"><img decoding=\"async\" src=\"https:\/\/www.mkreborns.com\/wp-content\/uploads\/2026\/03\/kf-S4d9af2659e454d8b87e97bd159ed9cdfz.webp\" alt=\"\" title=\"\"><img decoding=\"async\" src=\"https:\/\/www.mkreborns.com\/wp-content\/uploads\/2026\/03\/kf-Sb9c38680031e40f6b3db3e4e386af5c5l.webp\" alt=\"\" title=\"\"><\/p>\n<\/div>\n<\/div>","protected":false},"excerpt":{"rendered":"<p>Muunna uudestisyntynyt nukkesi tyylikk\u00e4\u00e4ksi kumppaniksi pehmeill\u00e4 ja yksityiskohtaisilla vaatteilla, jotka on suunniteltu realistiseen leikkiin ja loputtomaan vieh\u00e4tykseen.<\/p>","protected":false},"featured_media":3891,"comment_status":"open","ping_status":"closed","template":"","meta":[],"product_brand":[],"product_cat":[159,148],"product_tag":[],"class_list":{"0":"post-3890","1":"product","2":"type-product","3":"status-publish","4":"has-post-thumbnail","6":"product_cat-clothes-for-reborn-dolls","7":"product_cat-reborn-doll-accessories","9":"first","10":"instock","11":"sale","12":"shipping-taxable","13":"purchasable","14":"product-type-variable","15":"has-default-attributes"},"_links":{"self":[{"href":"https:\/\/www.mkreborns.com\/fi\/wp-json\/wp\/v2\/product\/3890","targetHints":{"allow":["GET"]}}],"collection":[{"href":"https:\/\/www.mkreborns.com\/fi\/wp-json\/wp\/v2\/product"}],"about":[{"href":"https:\/\/www.mkreborns.com\/fi\/wp-json\/wp\/v2\/types\/product"}],"replies":[{"embeddable":true,"href":"https:\/\/www.mkreborns.com\/fi\/wp-json\/wp\/v2\/comments?post=3890"}],"wp:featuredmedia":[{"embeddable":true,"href":"https:\/\/www.mkreborns.com\/fi\/wp-json\/wp\/v2\/media\/3891"}],"wp:attachment":[{"href":"https:\/\/www.mkreborns.com\/fi\/wp-json\/wp\/v2\/media?parent=3890"}],"wp:term":[{"taxonomy":"product_brand","embeddable":true,"href":"https:\/\/www.mkreborns.com\/fi\/wp-json\/wp\/v2\/product_brand?post=3890"},{"taxonomy":"product_cat","embeddable":true,"href":"https:\/\/www.mkreborns.com\/fi\/wp-json\/wp\/v2\/product_cat?post=3890"},{"taxonomy":"product_tag","embeddable":true,"href":"https:\/\/www.mkreborns.com\/fi\/wp-json\/wp\/v2\/product_tag?post=3890"}],"curies":[{"name":"wp","href":"https:\/\/api.w.org\/{rel}","templated":true}]}}