{"id":3868,"date":"2026-03-18T10:01:51","date_gmt":"2026-03-18T10:01:51","guid":{"rendered":"https:\/\/www.mkreborns.com\/?post_type=product&#038;p=3868"},"modified":"2026-03-19T15:52:36","modified_gmt":"2026-03-19T15:52:36","slug":"18-inch-reborn-doll-clothes-for-toddlers-and-girls","status":"publish","type":"product","link":"https:\/\/www.mkreborns.com\/fi\/product\/18-inch-reborn-doll-clothes-for-toddlers-and-girls\/","title":{"rendered":"18 tuuman Reborn-nuken vaatteet taaperoille ja tyt\u00f6ille"},"content":{"rendered":"<div class=\"product-specs-list-container\">\n<h2>Elegantit asut jokaiselle 18-tuumaiselle Reborn-nukelle<\/h2>\n<div>Tee uudestisyntyneest\u00e4 nukestasi huomion keskipiste ensiluokkaisilla 45-senttisill\u00e4 uudestisyntyneiden nukkejen vaatteillamme. Jokainen asu on suunniteltu sopimaan t\u00e4ydellisesti uudestisyntyneille taaperonukeille, ja siin\u00e4 yhdistyv\u00e4t realistiset yksityiskohdat ja pehme\u00e4t, kest\u00e4v\u00e4t kankaat. Arkik\u00e4yt\u00f6st\u00e4 erityistilaisuuksiin, n\u00e4m\u00e4 vaatteet varmistavat, ett\u00e4 nukkesi n\u00e4ytt\u00e4\u00e4 aina t\u00e4ydelliselt\u00e4.<\/div>\n<h3>Tyylik\u00e4st\u00e4 valikoimaa ja asusteita<\/h3>\n<div>Kokoelmamme sis\u00e4lt\u00e4\u00e4 uudelleensyntyneille silikonista valmistettuja vauvanukkevaatteita ja -asusteita, jotka t\u00e4ydent\u00e4v\u00e4t jokaisen nuken vaatekaappia. Valitse uudelleensyntyneille nukeille tarkoitetuista eloisista violeteista asuista, uudelleensyntyneille tytt\u00f6nukeille tarkoitetuista herkist\u00e4 mekoista ja monipuolisista vauvanvaatteista, jotka sopivat kaikkiin tilanteisiin. Jokainen vaate on r\u00e4\u00e4t\u00e4l\u00f6ity helpottamaan pukemista s\u00e4ilytt\u00e4en samalla realistisen, k\u00e4sintehdyn tunnelman.<\/div>\n<ul>\n<li>Premium Fit: T\u00e4ydellisen kokoinen 18-tuumaisille uudestisyntyneille nukeille, varmistaen mukavuuden ja tyylikkyyden.<\/li>\n<li>Korkealaatuiset kankaat: Pehme\u00e4t ja kest\u00e4v\u00e4t materiaalit, jotka j\u00e4ljittelev\u00e4t aitojen vauvanvaatteiden tekstuureja.<\/li>\n<li>Monipuoliset tyylit: Leikkis\u00e4st\u00e4 arkivaatteista hienostuneisiin violetteihin asuihin.<\/li>\n<li>Asusteet: Sis\u00e4lt\u00e4\u00e4 yhteensopivat hatut, keng\u00e4t ja peitot t\u00e4ydellisten kokonaisuuksien luomiseksi.<\/li>\n<li>Realistiset yksityiskohdat: K\u00e4sin viimeistellyt ompeleet ja vieh\u00e4tt\u00e4v\u00e4t koristeet luovat luonnollisen ilmeen.<\/li>\n<\/ul>\n<div>Tuo vieh\u00e4tyst\u00e4, realismia ja hauskuutta kokoelmaasi n\u00e4ill\u00e4 kauniisti valmistetuilla 45-senttisill\u00e4 uudestisyntyneen nuken vaatteilla, jotka parantavat jokaista leikkiseikkailua.<\/div>\n<div><\/div>\n<\/div>\n<div class=\"detailmodule_html\">\n<div class=\"detail-desc-decorate-richtext\">\n<p style=\"text-align: center; margin: 0px;\" align=\"center\"><img decoding=\"async\" src=\"https:\/\/www.mkreborns.com\/wp-content\/uploads\/2026\/03\/kf-S7d8ebb1a885d44398f64514886946629E.webp\" alt=\"\" title=\"\"><img decoding=\"async\" src=\"https:\/\/www.mkreborns.com\/wp-content\/uploads\/2026\/03\/kf-S89a1ffaead92487d9a130af90b3d4fc5K.webp\" alt=\"\" title=\"\"><img decoding=\"async\" src=\"https:\/\/www.mkreborns.com\/wp-content\/uploads\/2026\/03\/kf-Sc34b80cf2d3a4c60b3a32babd9f3f5548.webp\" alt=\"\" title=\"\"><img decoding=\"async\" src=\"https:\/\/www.mkreborns.com\/wp-content\/uploads\/2026\/03\/kf-S160a0246ec60450ba40c67d32c0961672.webp\" alt=\"\" title=\"\"><img decoding=\"async\" src=\"https:\/\/www.mkreborns.com\/wp-content\/uploads\/2026\/03\/kf-S4d9f66438f1f42e0b260f4684f54fb0bW.webp\" alt=\"\" title=\"\"><img decoding=\"async\" src=\"https:\/\/ae01.alicdn.com\/kf\/S9f14fbaf63524021b86c7a946d713f30N.jpg\" alt=\"\" title=\"\"><img decoding=\"async\" src=\"https:\/\/ae01.alicdn.com\/kf\/Sf7fd6a137dba47e9aecbf4de66cb87df3.jpg\" alt=\"\" title=\"\"><img decoding=\"async\" src=\"https:\/\/ae01.alicdn.com\/kf\/S06ea55e7d37a45acb579364f3408aa76B.jpg\" alt=\"\" title=\"\"><img decoding=\"async\" src=\"https:\/\/ae01.alicdn.com\/kf\/S81d380c3ee694b8eafebd8a9c2653a1at.jpg\" alt=\"\" title=\"\"><img decoding=\"async\" src=\"https:\/\/ae01.alicdn.com\/kf\/S580e530ac6c84a7a82ce96a246202693U.jpg\" alt=\"\" title=\"\"><img decoding=\"async\" src=\"https:\/\/ae01.alicdn.com\/kf\/S4fce4907e8dd42a7b8679f2512ebba25I.jpg\" alt=\"\" title=\"\"><img decoding=\"async\" src=\"https:\/\/ae01.alicdn.com\/kf\/S0f517424cd3642999a0a881e47972c1du.jpg\" alt=\"\" title=\"\"><img decoding=\"async\" src=\"https:\/\/ae01.alicdn.com\/kf\/Sca06b8ff57b34251853a9fb540f747afw.jpg\" alt=\"\" title=\"\"><img decoding=\"async\" src=\"https:\/\/ae01.alicdn.com\/kf\/Sfd3631ab03ee426692991be15c6afe4ee.jpg\" alt=\"\" title=\"\"><\/p>\n<\/div>\n<\/div>","protected":false},"excerpt":{"rendered":"<p>Pue uudestisyntynyt nukkesi tyylikk\u00e4\u00e4sti mukaviin ja laadukkaisiin asuihin, jotka yhdist\u00e4v\u00e4t vieh\u00e4tyksen ja mukavuuden tuntikausien mielikuvitusleikkeihin.<\/p>","protected":false},"featured_media":3869,"comment_status":"open","ping_status":"closed","template":"","meta":[],"product_brand":[],"product_cat":[159,148],"product_tag":[],"class_list":{"0":"post-3868","1":"product","2":"type-product","3":"status-publish","4":"has-post-thumbnail","6":"product_cat-clothes-for-reborn-dolls","7":"product_cat-reborn-doll-accessories","9":"first","10":"instock","11":"sale","12":"shipping-taxable","13":"purchasable","14":"product-type-variable","15":"has-default-attributes"},"_links":{"self":[{"href":"https:\/\/www.mkreborns.com\/fi\/wp-json\/wp\/v2\/product\/3868","targetHints":{"allow":["GET"]}}],"collection":[{"href":"https:\/\/www.mkreborns.com\/fi\/wp-json\/wp\/v2\/product"}],"about":[{"href":"https:\/\/www.mkreborns.com\/fi\/wp-json\/wp\/v2\/types\/product"}],"replies":[{"embeddable":true,"href":"https:\/\/www.mkreborns.com\/fi\/wp-json\/wp\/v2\/comments?post=3868"}],"wp:featuredmedia":[{"embeddable":true,"href":"https:\/\/www.mkreborns.com\/fi\/wp-json\/wp\/v2\/media\/3869"}],"wp:attachment":[{"href":"https:\/\/www.mkreborns.com\/fi\/wp-json\/wp\/v2\/media?parent=3868"}],"wp:term":[{"taxonomy":"product_brand","embeddable":true,"href":"https:\/\/www.mkreborns.com\/fi\/wp-json\/wp\/v2\/product_brand?post=3868"},{"taxonomy":"product_cat","embeddable":true,"href":"https:\/\/www.mkreborns.com\/fi\/wp-json\/wp\/v2\/product_cat?post=3868"},{"taxonomy":"product_tag","embeddable":true,"href":"https:\/\/www.mkreborns.com\/fi\/wp-json\/wp\/v2\/product_tag?post=3868"}],"curies":[{"name":"wp","href":"https:\/\/api.w.org\/{rel}","templated":true}]}}