{"id":3607,"date":"2026-02-04T15:11:13","date_gmt":"2026-02-04T15:11:13","guid":{"rendered":"https:\/\/www.mkreborns.com\/?post_type=product&#038;p=3607"},"modified":"2026-03-18T15:09:52","modified_gmt":"2026-03-18T15:09:52","slug":"pink-sleeping-pvc-real-reborn-doll","status":"publish","type":"product","link":"https:\/\/www.mkreborns.com\/fi\/product\/pink-sleeping-pvc-real-reborn-doll\/","title":{"rendered":"Vaaleanpunainen nukkuva PVC-nukke, oikea uudestisyntynyt"},"content":{"rendered":"<p>Vaaleanpunainen Reborn-nukke n\u00e4ytt\u00e4\u00e4 ihastuttavalta ja rauhalliselta nukkuessaan, tuoden ripauksen kauneutta el\u00e4m\u00e4\u00e4si. Se on valmistettu vinyylist\u00e4, eritt\u00e4in \u00f6ljy\u00e4 ja happoja kest\u00e4v\u00e4st\u00e4 materiaalista, ja se s\u00e4ilytt\u00e4\u00e4 kauneutensa my\u00f6s pitk\u00e4aikaisen k\u00e4sittelyn ja silittelyn j\u00e4lkeen. Se on my\u00f6s eritt\u00e4in helppo puhdistaa; jos se likaantuu, pyyhi se varovasti kostealla liinalla ja miedolla saippualla palauttaaksesi sen kiillon. T\u00e4m\u00e4 on eritt\u00e4in k\u00e4yt\u00e4nn\u00f6llinen etu niille, jotka haluavat Reborn-nuken pitk\u00e4aikaiseksi kumppaniksi tai ovat huolissaan sen huollosta.<\/p>\n<p>&nbsp;<\/p>\n<p>Sukupuoli: Tytt\u00f6<br \/>\nPaino: 1,4 kg<br \/>\nKorkeus: 18 tuumaa<br \/>\nMateriaali: PVC<\/p>\n<p>&nbsp;<\/p>\n<div style=\"width: 720px;\" class=\"wp-video\"><video class=\"wp-video-shortcode\" id=\"video-3607-1\" width=\"720\" height=\"960\" preload=\"metadata\" controls=\"controls\"><source type=\"video\/mp4\" src=\"https:\/\/www.mkreborns.com\/wp-content\/uploads\/2026\/02\/Pink-Sleeping-Reborn.mp4?_=1\" \/><a href=\"https:\/\/www.mkreborns.com\/wp-content\/uploads\/2026\/02\/Pink-Sleeping-Reborn.mp4\">https:\/\/www.mkreborns.com\/wp-content\/uploads\/2026\/02\/Pink-Sleeping-Reborn.mp4<\/a><\/video><\/div>\n<p><img decoding=\"async\" class=\"aligncenter wp-image-3616 size-full\" src=\"https:\/\/www.mkreborns.com\/wp-content\/themes\/woodmart\/images\/lazy.svg\" data-src=\"https:\/\/www.mkreborns.com\/wp-content\/uploads\/2026\/02\/Pink-Sleeping-Reborn-9.jpg\" alt=\"\" width=\"800\" height=\"800\" title=\"\" srcset=\"\" data-srcset=\"https:\/\/www.mkreborns.com\/wp-content\/uploads\/2026\/02\/Pink-Sleeping-Reborn-9.jpg 800w, https:\/\/www.mkreborns.com\/wp-content\/uploads\/2026\/02\/Pink-Sleeping-Reborn-9-150x150.jpg 150w, https:\/\/www.mkreborns.com\/wp-content\/uploads\/2026\/02\/Pink-Sleeping-Reborn-9-700x700.jpg 700w, https:\/\/www.mkreborns.com\/wp-content\/uploads\/2026\/02\/Pink-Sleeping-Reborn-9-300x300.jpg 300w, https:\/\/www.mkreborns.com\/wp-content\/uploads\/2026\/02\/Pink-Sleeping-Reborn-9-768x768.jpg 768w\" sizes=\"(max-width: 800px) 100vw, 800px\" \/> <img decoding=\"async\" class=\"aligncenter wp-image-3614 size-full\" src=\"https:\/\/www.mkreborns.com\/wp-content\/themes\/woodmart\/images\/lazy.svg\" data-src=\"https:\/\/www.mkreborns.com\/wp-content\/uploads\/2026\/02\/Pink-Sleeping-Reborn-7.jpg\" alt=\"Reborn-nukketytt\u00f6 vaaleanpunaisissa uniasuissa, pehme\u00e4st\u00e4 PVC:st\u00e4, 45 cm koko, t\u00e4ydellinen ker\u00e4ilij\u00f6ille ja lapsille.\" width=\"800\" height=\"800\" title=\"\" srcset=\"\" data-srcset=\"https:\/\/www.mkreborns.com\/wp-content\/uploads\/2026\/02\/Pink-Sleeping-Reborn-7.jpg 800w, https:\/\/www.mkreborns.com\/wp-content\/uploads\/2026\/02\/Pink-Sleeping-Reborn-7-150x150.jpg 150w, https:\/\/www.mkreborns.com\/wp-content\/uploads\/2026\/02\/Pink-Sleeping-Reborn-7-700x700.jpg 700w, https:\/\/www.mkreborns.com\/wp-content\/uploads\/2026\/02\/Pink-Sleeping-Reborn-7-300x300.jpg 300w, https:\/\/www.mkreborns.com\/wp-content\/uploads\/2026\/02\/Pink-Sleeping-Reborn-7-768x768.jpg 768w\" sizes=\"(max-width: 800px) 100vw, 800px\" \/><\/p>","protected":false},"excerpt":{"rendered":"<p>N\u00e4ky vastasyntyneest\u00e4, uudestisyntyneest\u00e4 nukkevauvasta, joka nukkuu silm\u00e4t kiinni ja imeskelee tuttia tyytyv\u00e4isen\u00e4, on hyvin rauhoittava ahdistuneelle mielelle.<\/p>\n<p>Reborn-nuken suu on magneettinen, joten voit k\u00e4ytt\u00e4\u00e4 magneettista tuttia.<\/p>","protected":false},"featured_media":3615,"comment_status":"open","ping_status":"closed","template":"","meta":[],"product_brand":[],"product_cat":[144,151,155,156,152],"product_tag":[],"class_list":{"0":"post-3607","1":"product","2":"type-product","3":"status-publish","4":"has-post-thumbnail","6":"product_cat-baby-girl-reborn-dolls","7":"product_cat-18-inch-reborn-dolls","8":"product_cat-cute-reborn-dolls","9":"product_cat-life-sized-dolls","10":"product_cat-vinyl-reborn-dolls","12":"first","13":"instock","14":"sale","15":"shipping-taxable","16":"purchasable","17":"product-type-simple"},"_links":{"self":[{"href":"https:\/\/www.mkreborns.com\/fi\/wp-json\/wp\/v2\/product\/3607","targetHints":{"allow":["GET"]}}],"collection":[{"href":"https:\/\/www.mkreborns.com\/fi\/wp-json\/wp\/v2\/product"}],"about":[{"href":"https:\/\/www.mkreborns.com\/fi\/wp-json\/wp\/v2\/types\/product"}],"replies":[{"embeddable":true,"href":"https:\/\/www.mkreborns.com\/fi\/wp-json\/wp\/v2\/comments?post=3607"}],"wp:featuredmedia":[{"embeddable":true,"href":"https:\/\/www.mkreborns.com\/fi\/wp-json\/wp\/v2\/media\/3615"}],"wp:attachment":[{"href":"https:\/\/www.mkreborns.com\/fi\/wp-json\/wp\/v2\/media?parent=3607"}],"wp:term":[{"taxonomy":"product_brand","embeddable":true,"href":"https:\/\/www.mkreborns.com\/fi\/wp-json\/wp\/v2\/product_brand?post=3607"},{"taxonomy":"product_cat","embeddable":true,"href":"https:\/\/www.mkreborns.com\/fi\/wp-json\/wp\/v2\/product_cat?post=3607"},{"taxonomy":"product_tag","embeddable":true,"href":"https:\/\/www.mkreborns.com\/fi\/wp-json\/wp\/v2\/product_tag?post=3607"}],"curies":[{"name":"wp","href":"https:\/\/api.w.org\/{rel}","templated":true}]}}