{"id":3150,"date":"2026-01-10T16:58:17","date_gmt":"2026-01-10T16:58:17","guid":{"rendered":"https:\/\/www.mkreborns.com\/?post_type=product&#038;p=3150"},"modified":"2026-03-15T15:36:13","modified_gmt":"2026-03-15T15:36:13","slug":"berenguer-uusi-uudestisyntynyt-silikoninen-vauvanukke","status":"publish","type":"product","link":"https:\/\/www.mkreborns.com\/fi\/product\/berenguer-new-reborn-silicone-baby-doll\/","title":{"rendered":"Berenguer uusi Reborn-silikonivauvanukke"},"content":{"rendered":"<p>T\u00e4m\u00e4 uudestisyntynyt nukke on tytt\u00f6. Silm\u00e4t suljettuina h\u00e4n muistuttaa nukkuvaa vastasyntynytt\u00e4. Silikonista valmistettu, aidontuntuinen uudestisyntynyt nukke on vain 38 cm korkea ja sen pieni koko on kuin vasta puhkeava kukka, t\u00e4ynn\u00e4 s\u00f6p\u00f6ytt\u00e4 ja toivoa. Uudestisyntynyt nukke edustaa puhdasta rakkauttasi ja odotustasi uutta el\u00e4m\u00e4\u00e4 kohtaan. Jopa ilman surua, lapsia rakastava ihminen voi t\u00e4ytt\u00e4\u00e4 vanhemmuuden toiveensa huolehtimalla nukesta. Voit nauttia onnesta, kun sinuun luotetaan ja voit antaa. Se on turvallinen ja stressit\u00f6n emotionaalinen tuki, joka tekee el\u00e4m\u00e4st\u00e4si nautinnollisempaa.<\/p>\n<p>&nbsp;<\/p>\n<div style=\"width: 1920px;\" class=\"wp-video\"><video class=\"wp-video-shortcode\" id=\"video-3150-1\" width=\"1920\" height=\"1080\" preload=\"metadata\" controls=\"controls\"><source type=\"video\/mp4\" src=\"https:\/\/www.mkreborns.com\/wp-content\/uploads\/2026\/01\/berenguer-reborn-doll.mp4?_=1\" \/><a href=\"https:\/\/www.mkreborns.com\/wp-content\/uploads\/2026\/01\/berenguer-reborn-doll.mp4\">https:\/\/www.mkreborns.com\/wp-content\/uploads\/2026\/01\/berenguer-reborn-doll.mp4<\/a><\/video><\/div>\n<p><img decoding=\"async\" class=\"aligncenter wp-image-3176 size-full\" src=\"https:\/\/www.mkreborns.com\/wp-content\/themes\/woodmart\/images\/lazy.svg\" data-src=\"https:\/\/www.mkreborns.com\/wp-content\/uploads\/2026\/01\/berenguer-reborn-doll-Details-1.jpg\" alt=\"Uudelleensyntynyt silikoninen vauvanukke realistisilla ominaisuuksilla ja pehme\u00e4ll\u00e4 kosketuksella, t\u00e4ydellinen ker\u00e4ilij\u00f6ille ja tunteisiin vetoavalle.\" width=\"1464\" height=\"600\" title=\"\" srcset=\"\" data-srcset=\"https:\/\/www.mkreborns.com\/wp-content\/uploads\/2026\/01\/berenguer-reborn-doll-Details-1.jpg 1464w, https:\/\/www.mkreborns.com\/wp-content\/uploads\/2026\/01\/berenguer-reborn-doll-Details-1-150x61.jpg 150w, https:\/\/www.mkreborns.com\/wp-content\/uploads\/2026\/01\/berenguer-reborn-doll-Details-1-700x287.jpg 700w, https:\/\/www.mkreborns.com\/wp-content\/uploads\/2026\/01\/berenguer-reborn-doll-Details-1-400x164.jpg 400w, https:\/\/www.mkreborns.com\/wp-content\/uploads\/2026\/01\/berenguer-reborn-doll-Details-1-1300x533.jpg 1300w, https:\/\/www.mkreborns.com\/wp-content\/uploads\/2026\/01\/berenguer-reborn-doll-Details-1-768x315.jpg 768w\" sizes=\"(max-width: 1464px) 100vw, 1464px\" \/> <img decoding=\"async\" class=\"aligncenter wp-image-3177 size-full\" src=\"https:\/\/www.mkreborns.com\/wp-content\/themes\/woodmart\/images\/lazy.svg\" data-src=\"https:\/\/www.mkreborns.com\/wp-content\/uploads\/2026\/01\/berenguer-reborn-doll-Details-2.jpg\" alt=\"Realistinen Berenguer-silikonivauvanukke, jossa on yksityiskohtaiset ominaisuudet ja pehme\u00e4 iho. T\u00e4ydellinen ker\u00e4ilij\u00f6ille.\" width=\"1464\" height=\"600\" title=\"\" srcset=\"\" data-srcset=\"https:\/\/www.mkreborns.com\/wp-content\/uploads\/2026\/01\/berenguer-reborn-doll-Details-2.jpg 1464w, https:\/\/www.mkreborns.com\/wp-content\/uploads\/2026\/01\/berenguer-reborn-doll-Details-2-150x61.jpg 150w, https:\/\/www.mkreborns.com\/wp-content\/uploads\/2026\/01\/berenguer-reborn-doll-Details-2-700x287.jpg 700w, https:\/\/www.mkreborns.com\/wp-content\/uploads\/2026\/01\/berenguer-reborn-doll-Details-2-400x164.jpg 400w, https:\/\/www.mkreborns.com\/wp-content\/uploads\/2026\/01\/berenguer-reborn-doll-Details-2-1300x533.jpg 1300w, https:\/\/www.mkreborns.com\/wp-content\/uploads\/2026\/01\/berenguer-reborn-doll-Details-2-768x315.jpg 768w\" sizes=\"(max-width: 1464px) 100vw, 1464px\" \/> <img decoding=\"async\" class=\"aligncenter wp-image-3178 size-full\" src=\"https:\/\/www.mkreborns.com\/wp-content\/themes\/woodmart\/images\/lazy.svg\" data-src=\"https:\/\/www.mkreborns.com\/wp-content\/uploads\/2026\/01\/berenguer-reborn-doll-Details-3.jpg\" alt=\"Uudestisyntynyt silikonista valmistettu tytt\u00f6vauva, jolla on suljetut silm\u00e4t ja realistiset piirteet, t\u00e4ydellinen ker\u00e4ilij\u00f6ille ja nukeille.\" width=\"1464\" height=\"600\" title=\"\" srcset=\"\" data-srcset=\"https:\/\/www.mkreborns.com\/wp-content\/uploads\/2026\/01\/berenguer-reborn-doll-Details-3.jpg 1464w, https:\/\/www.mkreborns.com\/wp-content\/uploads\/2026\/01\/berenguer-reborn-doll-Details-3-150x61.jpg 150w, https:\/\/www.mkreborns.com\/wp-content\/uploads\/2026\/01\/berenguer-reborn-doll-Details-3-700x287.jpg 700w, https:\/\/www.mkreborns.com\/wp-content\/uploads\/2026\/01\/berenguer-reborn-doll-Details-3-400x164.jpg 400w, https:\/\/www.mkreborns.com\/wp-content\/uploads\/2026\/01\/berenguer-reborn-doll-Details-3-1300x533.jpg 1300w, https:\/\/www.mkreborns.com\/wp-content\/uploads\/2026\/01\/berenguer-reborn-doll-Details-3-768x315.jpg 768w\" sizes=\"(max-width: 1464px) 100vw, 1464px\" \/> <img decoding=\"async\" class=\"aligncenter wp-image-3179 size-full\" src=\"https:\/\/www.mkreborns.com\/wp-content\/themes\/woodmart\/images\/lazy.svg\" data-src=\"https:\/\/www.mkreborns.com\/wp-content\/uploads\/2026\/01\/berenguer-reborn-doll-Details-4.jpg\" alt=\"Realistinen Berenguer-silikonireborn-vauvanukke ker\u00e4ilij\u00f6ille ja harrastajille. K\u00e4sintehty yksityiskohdilla.\" width=\"1464\" height=\"600\" title=\"\" srcset=\"\" data-srcset=\"https:\/\/www.mkreborns.com\/wp-content\/uploads\/2026\/01\/berenguer-reborn-doll-Details-4.jpg 1464w, https:\/\/www.mkreborns.com\/wp-content\/uploads\/2026\/01\/berenguer-reborn-doll-Details-4-150x61.jpg 150w, https:\/\/www.mkreborns.com\/wp-content\/uploads\/2026\/01\/berenguer-reborn-doll-Details-4-700x287.jpg 700w, https:\/\/www.mkreborns.com\/wp-content\/uploads\/2026\/01\/berenguer-reborn-doll-Details-4-400x164.jpg 400w, https:\/\/www.mkreborns.com\/wp-content\/uploads\/2026\/01\/berenguer-reborn-doll-Details-4-1300x533.jpg 1300w, https:\/\/www.mkreborns.com\/wp-content\/uploads\/2026\/01\/berenguer-reborn-doll-Details-4-768x315.jpg 768w\" sizes=\"(max-width: 1464px) 100vw, 1464px\" \/> <img decoding=\"async\" class=\"aligncenter wp-image-3180 size-full\" src=\"https:\/\/www.mkreborns.com\/wp-content\/themes\/woodmart\/images\/lazy.svg\" data-src=\"https:\/\/www.mkreborns.com\/wp-content\/uploads\/2026\/01\/berenguer-reborn-doll-Details-5.jpg\" alt=\"Uudelleensyntynyt silikoninen vauvanukke ker\u00e4ilij\u00f6ille ja lapsille, realistinen ja korkealaatuinen k\u00e4sity\u00f6taito.\" width=\"1464\" height=\"600\" title=\"\" srcset=\"\" data-srcset=\"https:\/\/www.mkreborns.com\/wp-content\/uploads\/2026\/01\/berenguer-reborn-doll-Details-5.jpg 1464w, https:\/\/www.mkreborns.com\/wp-content\/uploads\/2026\/01\/berenguer-reborn-doll-Details-5-150x61.jpg 150w, https:\/\/www.mkreborns.com\/wp-content\/uploads\/2026\/01\/berenguer-reborn-doll-Details-5-700x287.jpg 700w, https:\/\/www.mkreborns.com\/wp-content\/uploads\/2026\/01\/berenguer-reborn-doll-Details-5-400x164.jpg 400w, https:\/\/www.mkreborns.com\/wp-content\/uploads\/2026\/01\/berenguer-reborn-doll-Details-5-1300x533.jpg 1300w, https:\/\/www.mkreborns.com\/wp-content\/uploads\/2026\/01\/berenguer-reborn-doll-Details-5-768x315.jpg 768w\" sizes=\"(max-width: 1464px) 100vw, 1464px\" \/><\/p>","protected":false},"excerpt":{"rendered":"<p>Kun tunnet olosi yksin\u00e4iseksi arjessasi, voit ostaa uudestisyntymisnuken pit\u00e4m\u00e4\u00e4n sinulle seuraa.<\/p>","protected":false},"featured_media":3163,"comment_status":"open","ping_status":"closed","template":"","meta":[],"product_brand":[],"product_cat":[144,158,155,146,154],"product_tag":[],"class_list":{"0":"post-3150","1":"product","2":"type-product","3":"status-publish","4":"has-post-thumbnail","6":"product_cat-baby-girl-reborn-dolls","7":"product_cat-15-inch-baby-dolls","8":"product_cat-cute-reborn-dolls","9":"product_cat-full-silicone-reborn-dolls","10":"product_cat-lifelike-reborn-dolls","12":"first","13":"instock","14":"sale","15":"shipping-taxable","16":"purchasable","17":"product-type-simple"},"_links":{"self":[{"href":"https:\/\/www.mkreborns.com\/fi\/wp-json\/wp\/v2\/product\/3150","targetHints":{"allow":["GET"]}}],"collection":[{"href":"https:\/\/www.mkreborns.com\/fi\/wp-json\/wp\/v2\/product"}],"about":[{"href":"https:\/\/www.mkreborns.com\/fi\/wp-json\/wp\/v2\/types\/product"}],"replies":[{"embeddable":true,"href":"https:\/\/www.mkreborns.com\/fi\/wp-json\/wp\/v2\/comments?post=3150"}],"wp:featuredmedia":[{"embeddable":true,"href":"https:\/\/www.mkreborns.com\/fi\/wp-json\/wp\/v2\/media\/3163"}],"wp:attachment":[{"href":"https:\/\/www.mkreborns.com\/fi\/wp-json\/wp\/v2\/media?parent=3150"}],"wp:term":[{"taxonomy":"product_brand","embeddable":true,"href":"https:\/\/www.mkreborns.com\/fi\/wp-json\/wp\/v2\/product_brand?post=3150"},{"taxonomy":"product_cat","embeddable":true,"href":"https:\/\/www.mkreborns.com\/fi\/wp-json\/wp\/v2\/product_cat?post=3150"},{"taxonomy":"product_tag","embeddable":true,"href":"https:\/\/www.mkreborns.com\/fi\/wp-json\/wp\/v2\/product_tag?post=3150"}],"curies":[{"name":"wp","href":"https:\/\/api.w.org\/{rel}","templated":true}]}}