{"id":3455,"date":"2026-01-21T15:17:36","date_gmt":"2026-01-21T15:17:36","guid":{"rendered":"https:\/\/www.mkreborns.com\/?page_id=3455"},"modified":"2026-01-21T15:17:36","modified_gmt":"2026-01-21T15:17:36","slug":"help-faqs","status":"publish","type":"page","link":"https:\/\/www.mkreborns.com\/fi\/help-faqs\/","title":{"rendered":"Ohje ja usein kysytyt kysymykset"},"content":{"rendered":"<h3>Miten minun pit\u00e4isi kylvett\u00e4\u00e4 ja hoitaa uudestisyntynytt\u00e4 nukkeani?<\/h3>\n<div>Kokosilikonista valmistettuja nukkeja voi kylvett\u00e4\u00e4 varovasti. Kangasrunkoisia nukkeja saa puhdistaa vain kevyesti kostutetulla liinalla ja kuivata sitten hyvin ilmastoidussa tilassa.<br \/>\nKun nukkea ei k\u00e4ytet\u00e4, suosittelemme s\u00e4ilytt\u00e4m\u00e4\u00e4n sit\u00e4 turvallisesti laatikossaan ja pit\u00e4m\u00e4\u00e4n sen poissa pitk\u00e4aikaisesta auringonvalosta.<\/div>\n<hr \/>\n<h3>Voiko vauvoistasi poseerata?<\/h3>\n<div>Kyll\u00e4. Kaikilla Mk Reborn -vauvoilla on jonkin verran niveli\u00e4. Aivan kuten oikeat vauvat, he saattavat kuitenkin tarvita hell\u00e4varaista tukea tai kehdossa pysymist\u00e4 tiettyjen asentojen yll\u00e4pit\u00e4miseksi.<\/div>\n<hr \/>\n<h3>Tuleeko uudestisyntyneill\u00e4 nukeilla lis\u00e4varusteita?<\/h3>\n<div>Ehdottomasti. Jokainen Mk Reborn -vauva saapuu t\u00e4ysin puettuna tutin ja vaipan kanssa. Nukkesi on valmis halattavaksi heti, kun se otetaan laatikosta.<\/div>\n<hr \/>\n<h3>Ovatko tummanpunaiset rypyt ihossa virheit\u00e4 vai naarmuja?<\/h3>\n<div>Ei lainkaan. N\u00e4m\u00e4 syvemm\u00e4t punaiset rypyt ovat erottuva ja tarkoituksellinen ominaisuus, eiv\u00e4t virhe. Ne ilmestyv\u00e4t luonnostaan raajojen ymp\u00e4rille, erityisesti 22\u201324 tuuman kokoisissa nukeissa, ja lis\u00e4\u00e4v\u00e4t realismia.<\/div>\n<hr \/>\n<h3>Mitk\u00e4 vaatekoot sopivat erikokoisille uudestisyntyneille nukeille?<\/h3>\n<div>Nukkejemme koko vaihtelee 12,5\u201361 cm:n v\u00e4lill\u00e4:<\/div>\n<ul>\n<li>12 cm: Vaaditaan mittatilausty\u00f6n\u00e4 tehdyt vaatteet<\/li>\n<li>30\u201351 cm: Sopii vastasyntyneen \/ 0\u20133 kuukauden ik\u00e4isen vauvan vaatteille<\/li>\n<li>22 tuumaa: Sopii 3\u20136 kuukauden ik\u00e4isille vauvanvaatteille<\/li>\n<li>24 tuumaa: Sopii 6\u20139 kuukauden ik\u00e4isille vauvanvaatteille<\/li>\n<\/ul>\n<hr \/>\n<h3>Onko uudestisyntyneiss\u00e4 nukeissasi magneetteja?<\/h3>\n<div>Kyll\u00e4. Monissa nukeissamme on pieni\u00e4 magneetteja (tutteja tai asusteita varten). N\u00e4it\u00e4 nukkeja ei suositella henkil\u00f6ille, joilla on syd\u00e4mentahdistin, kuulolaite tai jotka ovat herkki\u00e4 magneettikentille.<\/div>\n<hr \/>\n<h3>Sopivatko nukkenne alle 14-vuotiaille lapsille?<\/h3>\n<div>Kaikki Mk Reborns -nuket ovat turvallisuustestattuja ja sopivat 3-vuotiaille ja sit\u00e4 vanhemmille, vaikka aikuiset ker\u00e4ilij\u00e4t arvostavat niit\u00e4 erityisesti.<br \/>\nMinikokoiset 5-tuumaiset nukkemme sopivat pienemmille lapsille vain aikuisen tarkassa valvonnassa.<\/div>\n<hr \/>\n<h3>Mit\u00e4 maksutapoja hyv\u00e4ksytte?<\/h3>\n<div>Tilaukset voi tehd\u00e4 suoraan verkkosivuillamme yleisimmill\u00e4 luotto- ja pankkikorteilla tai PayPalilla.<\/div>\n<hr \/>\n<h3>Miten voin seurata tilaustani ja toimitusaikaani?<\/h3>\n<div>Kun tilauksesi on l\u00e4hetetty, saat vahvistuss\u00e4hk\u00f6postin, joka sis\u00e4lt\u00e4\u00e4 seurantanumeron.<br \/>\nToimitustavat ja arvioidut toimitusajat l\u00f6ytyv\u00e4t Toimitustiedot-sivultamme.<\/div>\n<hr \/>\n<h3>Toimitatteko maahani?<\/h3>\n<div>Kyll\u00e4. Meill\u00e4 on paikallista varastoa Yhdysvalloissa, EU:ssa, Kanadassa, Australiassa ja Yhdistyneess\u00e4 kuningaskunnassa.<br \/>\nTilaukset toimitetaan 3\u20137 arkip\u00e4iv\u00e4n kuluessa, ja ilmainen toimitus koskee kaikkia uudestisyntyneiden nukkejen ostoksia.<\/div>\n<hr \/>\n<h3>Tarvitsetko viel\u00e4 apua?<\/h3>\n<div>Autamme aina mielell\u00e4mme.<\/div>\n<div>\ud83d\udce7 S\u00e4hk\u00f6posti: <a href=\"mailto:support@mkreborns.com\">support@mkreborns.com<\/a><\/div>","protected":false},"excerpt":{"rendered":"<p>Miten minun tulisi kylvett\u00e4\u00e4 ja hoitaa uudestisyntynytt\u00e4 nukkeani? T\u00e4ysin silikonista valmistettuja nukkeja voi kylvett\u00e4\u00e4 hell\u00e4varaisesti. Kangasrunkoisia nukkeja tulisi...<\/p>","protected":false},"author":1,"featured_media":0,"parent":0,"menu_order":0,"comment_status":"closed","ping_status":"closed","template":"","meta":{"footnotes":""},"class_list":["post-3455","page","type-page","status-publish","hentry"],"_links":{"self":[{"href":"https:\/\/www.mkreborns.com\/fi\/wp-json\/wp\/v2\/pages\/3455","targetHints":{"allow":["GET"]}}],"collection":[{"href":"https:\/\/www.mkreborns.com\/fi\/wp-json\/wp\/v2\/pages"}],"about":[{"href":"https:\/\/www.mkreborns.com\/fi\/wp-json\/wp\/v2\/types\/page"}],"author":[{"embeddable":true,"href":"https:\/\/www.mkreborns.com\/fi\/wp-json\/wp\/v2\/users\/1"}],"replies":[{"embeddable":true,"href":"https:\/\/www.mkreborns.com\/fi\/wp-json\/wp\/v2\/comments?post=3455"}],"version-history":[{"count":0,"href":"https:\/\/www.mkreborns.com\/fi\/wp-json\/wp\/v2\/pages\/3455\/revisions"}],"wp:attachment":[{"href":"https:\/\/www.mkreborns.com\/fi\/wp-json\/wp\/v2\/media?parent=3455"}],"curies":[{"name":"wp","href":"https:\/\/api.w.org\/{rel}","templated":true}]}}