{"id":3454,"date":"2026-01-21T15:16:46","date_gmt":"2026-01-21T15:16:46","guid":{"rendered":"https:\/\/www.mkreborns.com\/?page_id=3454"},"modified":"2026-01-28T02:26:13","modified_gmt":"2026-01-28T02:26:13","slug":"shipping-policy","status":"publish","type":"page","link":"https:\/\/www.mkreborns.com\/fi\/shipping-policy\/","title":{"rendered":"Toimitusk\u00e4yt\u00e4nt\u00f6"},"content":{"rendered":"<div>Kiitos, ett\u00e4 valitsit Mk Rebornsin. Tilauksesi valmistetaan huolellisesti ja l\u00e4hetet\u00e4\u00e4n tehokkaasti ja huomaamattomasti.<\/div>\n<hr \/>\n<h2>Ilmainen toimitus maailmanlaajuisesti<\/h2>\n<div>Tarjoamme ilmaisen toimituksen strategisesti sijaitsevista ulkomaan varastoista Yhdysvalloissa, Euroopassa, Kanadassa, Isossa-Britanniassa ja Australiassa.<br \/>\nKun paikallista varastoa on saatavilla, tuotteet l\u00e4hetet\u00e4\u00e4n l\u00e4himm\u00e4st\u00e4 toimipisteest\u00e4 nopeamman toimituksen varmistamiseksi.<\/div>\n<hr \/>\n<h2>Arvioitu toimitusaika (varastossa olevat tuotteet)<\/h2>\n<div>\n<table border=\"1\" data-coda-grid-id=\"grid-O7-V0P1M6p\" data-coda-display-column-id=\"c-gzvnCsHVXd\" data-coda-view-config-inheritsdefaultformat=\"false\" data-coda-view-config-tablesearch=\"&quot;AlwaysShow&quot;\" data-coda-grid-configuration-set=\"SimpleTable\">\n<tbody>\n<tr>\n<td>Los Angeles, Yhdysvallat<\/td>\n<td>\n<div>Yhdysvallat (Alaska ja Havaiji vaativat noin 100 USD:n lis\u00e4maksun)<\/div>\n<\/td>\n<td>3\u20135 arkip\u00e4iv\u00e4\u00e4<\/td>\n<\/tr>\n<tr>\n<td>EU-varastot (Saksa \/ Puola)<\/td>\n<td>Useimmat EU-maat ja valitut ETA-maat<\/td>\n<td>3\u201310 arkip\u00e4iv\u00e4\u00e4<\/td>\n<\/tr>\n<tr>\n<td>Vancouverissa<\/td>\n<td>Kanada<\/td>\n<td>3\u20135 arkip\u00e4iv\u00e4\u00e4<\/td>\n<\/tr>\n<tr>\n<td>Sydney<\/td>\n<td>Australia<\/td>\n<td>3\u20137 arkip\u00e4iv\u00e4\u00e4<\/td>\n<\/tr>\n<tr>\n<td>Yhdistynyt kuningaskunta<\/td>\n<td>Yhdistynyt kuningaskunta<\/td>\n<td>3\u20137 arkip\u00e4iv\u00e4\u00e4<\/td>\n<\/tr>\n<\/tbody>\n<\/table>\n<\/div>\n<div>Huomautus: Useimmat tilaukset k\u00e4sitell\u00e4\u00e4n ja l\u00e4hetet\u00e4\u00e4n 48 tunnin kuluessa. Keskim\u00e4\u00e4r\u00e4inen toimitusaika on 3\u20135 arkip\u00e4iv\u00e4\u00e4, ellei poikkeusolosuhteita sovelleta.<\/div>\n<hr \/>\n<h2>Tulli ja maksut<\/h2>\n<div>Jos paikallista varastoa ei ole saatavilla, tuotteet voidaan toimittaa toisesta maasta.<br \/>\nRajoitetuissa tapauksissa vastaanottajia voidaan pyyt\u00e4\u00e4 avustamaan tulliselvityksess\u00e4 tai tuontiveroissa.<\/div>\n<div>Norjan, Sveitsin, Islannin ja Meksikon osalta tulliselvitykset ja sovellettavat verot ovat yksinomaan vastaanottajan vastuulla.<\/div>\n<hr \/>\n<h2>Tilauksen seuranta<\/h2>\n<div>Kun tilaus on l\u00e4hetetty, saat vahvistuss\u00e4hk\u00f6postin seurantatiedoilla.<br \/>\nSeurantatietojen p\u00e4ivittyminen voi kest\u00e4\u00e4 jopa 48 tuntia.<\/div>\n<hr \/>\n<h2>Jaetut l\u00e4hetykset<\/h2>\n<div>Useita tuotteita sis\u00e4lt\u00e4v\u00e4t tilaukset voivat saapua erillisiss\u00e4 paketeissa.<br \/>\nJos osa tilauksestasi saapuu ensin, loput tuotteet ovat edelleen matkalla.<\/div>\n<hr \/>\n<h2>Toimitusongelmat<\/h2>\n<ul>\n<li>Merkitty toimitetuksi, mutta ei vastaanotettu: Ota v\u00e4litt\u00f6m\u00e4sti yhteytt\u00e4 kuriiriin ja l\u00e4het\u00e4 s\u00e4hk\u00f6postia <a href=\"http:\/\/\">support@mkreborns.com<\/a>.<\/li>\n<li>Vaurioituneet esineet: Dokumentoi vahingot selkeill\u00e4 valokuvilla tai videoilla ja tee sitten kuriiripalvelulle korvausvaatimus.<\/li>\n<li>V\u00e4\u00e4r\u00e4t tuotteet: Toimita valokuva- ja videotodisteet, niin asiakaspalvelutiimimme ratkaisee ongelman mahdollisimman pian.<\/li>\n<\/ul>\n<hr \/>\n<h2>Palautukset ja vaihdot<\/h2>\n<div>Ota yhteytt\u00e4 <a href=\"http:\/\/\">support@mkreborns.com<\/a> ennen mink\u00e4\u00e4n palautuksen aloittamista.<br \/>\nLuvattomia palautuksia tai kielt\u00e4ytyneit\u00e4 toimituksia ei hyv\u00e4ksyt\u00e4.<\/div>\n<div>Tuotteiden on oltava k\u00e4ytt\u00e4m\u00e4tt\u00f6mi\u00e4 ja sis\u00e4pakkauksensa on oltava avaamaton.<br \/>\nKatso tarkemmat ehdot t\u00e4ydellisest\u00e4 palautusk\u00e4yt\u00e4nn\u00f6st\u00e4mme.<\/div>","protected":false},"excerpt":{"rendered":"<p>Kiitos, ett\u00e4 valitsit Mk Rebornsin. Tilauksesi valmistetaan huolellisesti ja l\u00e4hetet\u00e4\u00e4n tehokkaasti ja huomaamattomasti. Ilmainen toimitus maailmanlaajuisesti.<\/p>","protected":false},"author":1,"featured_media":0,"parent":0,"menu_order":0,"comment_status":"closed","ping_status":"closed","template":"","meta":{"footnotes":""},"class_list":["post-3454","page","type-page","status-publish","hentry"],"_links":{"self":[{"href":"https:\/\/www.mkreborns.com\/fi\/wp-json\/wp\/v2\/pages\/3454","targetHints":{"allow":["GET"]}}],"collection":[{"href":"https:\/\/www.mkreborns.com\/fi\/wp-json\/wp\/v2\/pages"}],"about":[{"href":"https:\/\/www.mkreborns.com\/fi\/wp-json\/wp\/v2\/types\/page"}],"author":[{"embeddable":true,"href":"https:\/\/www.mkreborns.com\/fi\/wp-json\/wp\/v2\/users\/1"}],"replies":[{"embeddable":true,"href":"https:\/\/www.mkreborns.com\/fi\/wp-json\/wp\/v2\/comments?post=3454"}],"version-history":[{"count":0,"href":"https:\/\/www.mkreborns.com\/fi\/wp-json\/wp\/v2\/pages\/3454\/revisions"}],"wp:attachment":[{"href":"https:\/\/www.mkreborns.com\/fi\/wp-json\/wp\/v2\/media?parent=3454"}],"curies":[{"name":"wp","href":"https:\/\/api.w.org\/{rel}","templated":true}]}}