{"id":3449,"date":"2026-01-20T14:40:52","date_gmt":"2026-01-20T14:40:52","guid":{"rendered":"https:\/\/www.mkreborns.com\/?page_id=3449"},"modified":"2026-01-28T02:03:34","modified_gmt":"2026-01-28T02:03:34","slug":"terms-conditions","status":"publish","type":"page","link":"https:\/\/www.mkreborns.com\/fi\/terms-conditions\/","title":{"rendered":"K\u00e4ytt\u00f6ehdot"},"content":{"rendered":"<h2 class=\"wp-block-heading\">1. Johdanto<\/h2>\r\n\r\n\r\n\r\n<p>N\u00e4m\u00e4 k\u00e4ytt\u00f6ehdot (\u201cEhdot\u201d) s\u00e4\u00e4telev\u00e4t p\u00e4\u00e4sy\u00e4si ja k\u00e4ytt\u00f6\u00e4si <strong>mkreborns.com<\/strong> (\u201cVerkkosivusto\u201d), digitaalinen omaisuus, jota yll\u00e4pit\u00e4\u00e4 <strong>Mk Reborns<\/strong> (\u201cme\u201d, \u201cmeit\u00e4\u201d, \u201cmeid\u00e4n\u201d).<\/p>\r\n\r\n\r\n\r\n<p>Selvyyden vuoksi todetaan, ett\u00e4 kaikki viittaukset t\u00e4ss\u00e4 &quot;sin\u00e4&quot;, &quot;sinun&quot; tai &quot;asiakas&quot; tarkoittavat mit\u00e4 tahansa yksityishenkil\u00f6\u00e4 tai yhteis\u00f6\u00e4, joka ostaa tuotteita Mk Rebornsilta t\u00e4m\u00e4n verkkosivuston kautta.<\/p>\r\n\r\n\r\n\r\n<p>Lakis\u00e4\u00e4teiset kuluttajan oikeutesi pysyv\u00e4t ennallaan.<\/p>\r\n\r\n\r\n\r\n<p>K\u00e4ytt\u00e4m\u00e4ll\u00e4, selaamalla tai tekem\u00e4ll\u00e4 tilauksen t\u00e4m\u00e4n verkkosivuston kautta hyv\u00e4ksyt, ett\u00e4 olet lukenut, ymm\u00e4rt\u00e4nyt ja hyv\u00e4ksynyt n\u00e4m\u00e4 ehdot sek\u00e4 meid\u00e4n oikeudellisesti sitovaksi. <strong>Tietosuojak\u00e4yt\u00e4nt\u00f6<\/strong>, <strong>Palautusk\u00e4yt\u00e4nt\u00f6<\/strong>, ja <strong>Toimitusk\u00e4yt\u00e4nt\u00f6<\/strong>, jotka yhdess\u00e4 muodostavat koko sopimuksen sinun ja Mk Rebornsin v\u00e4lill\u00e4.<\/p>\r\n\r\n\r\n\r\n<p>Jos et hyv\u00e4ksy n\u00e4it\u00e4 ehtoja kokonaisuudessaan, et saa tehd\u00e4 tilausta t\u00e4m\u00e4n verkkosivuston kautta.<\/p>\r\n\r\n\r\n<hr class=\"wp-block-separator has-alpha-channel-opacity\" \/>\r\n\r\n\r\n<h2 class=\"wp-block-heading\">2. N\u00e4iden ehtojen muutokset<\/h2>\r\n\r\n\r\n\r\n<p>Mk Reborns pid\u00e4tt\u00e4\u00e4 oikeuden tarkistaa, muuttaa tai korvata n\u00e4it\u00e4 ehtoja milloin tahansa ilman ennakkoilmoitusta.<br \/>Tilauksen tekohetkell\u00e4 voimassa olevat ehdot soveltuvat kyseiseen tapahtumaan.<\/p>\r\n\r\n\r\n\r\n<p>Sinua kehotetaan tarkistamaan n\u00e4m\u00e4 ehdot ennen jokaista ostosta.<\/p>\r\n\r\n\r\n<hr class=\"wp-block-separator has-alpha-channel-opacity\" \/>\r\n\r\n\r\n<h2 class=\"wp-block-heading\">3. Lakis\u00e4\u00e4teinen ik\u00e4raja<\/h2>\r\n\r\n\r\n\r\n<p>Tekem\u00e4ll\u00e4 tilauksen t\u00e4ll\u00e4 verkkosivustolla vakuutat ja takaat, ett\u00e4 olet t\u00e4ysi-ik\u00e4inen ostamaan tarjottuja tuotteita.<\/p>\r\n\r\n\r\n\r\n<p>Jos meill\u00e4 on perusteltu syy uskoa, ett\u00e4 tilauksen on tehnyt henkil\u00f6, joka ei t\u00e4yt\u00e4 laillista ik\u00e4vaatimusta, pid\u00e4t\u00e4mme oikeuden peruuttaa tilauksen ilman vastuuta.<\/p>\r\n\r\n\r\n<hr class=\"wp-block-separator has-alpha-channel-opacity\" \/>\r\n\r\n\r\n<h2 class=\"wp-block-heading\">4. Sopimuksen syntyminen<\/h2>\r\n\r\n\r\n\r\n<p>Kaikki t\u00e4m\u00e4n verkkosivuston kautta tehdyt tilaukset edellytt\u00e4v\u00e4t Mk Rebornsin hyv\u00e4ksynt\u00e4\u00e4 ja tuotteen saatavuutta.<\/p>\r\n\r\n\r\n\r\n<p>Pid\u00e4t\u00e4mme t\u00e4yden harkintamme kielt\u00e4yty\u00e4 tai peruuttaa mink\u00e4 tahansa tilauksen mist\u00e4 tahansa syyst\u00e4, mukaan lukien, mutta ei rajoittuen, varastorajoitukset, hinnoitteluvirheet tai ep\u00e4ilty petollinen toiminta.<\/p>\r\n\r\n\r\n\r\n<p>Sitova sopimus katsotaan syntyneeksi vasta, kun Mk Reborns l\u00e4hett\u00e4\u00e4 tilatut tavarat ja l\u00e4hett\u00e4\u00e4 l\u00e4hetysvahvistuksen s\u00e4hk\u00f6postitse.<\/p>\r\n\r\n\r\n<hr class=\"wp-block-separator has-alpha-channel-opacity\" \/>\r\n\r\n\r\n<h2 class=\"wp-block-heading\">5. Hinnoittelu ja tarkkuus<\/h2>\r\n\r\n\r\n\r\n<p>Vaikka pyrimme varmistamaan, ett\u00e4 kaikki n\u00e4ytetyt hinnat ovat oikein julkaisuhetkell\u00e4, pid\u00e4t\u00e4mme oikeuden muuttaa hintoja milloin tahansa.<\/p>\r\n\r\n\r\n\r\n<p>Jos hinnanmuutos vaikuttaa olennaisesti tilaukseesi, sinulle ilmoitetaan siit\u00e4 ennen l\u00e4hetyst\u00e4.<\/p>\r\n\r\n\r\n<hr class=\"wp-block-separator has-alpha-channel-opacity\" \/>\r\n\r\n\r\n<h2 class=\"wp-block-heading\">6. Peruutusoikeus (EU:n ja Yhdistyneen kuningaskunnan kuluttajat)<\/h2>\r\n\r\n\r\n\r\n<p>Jos olet Euroopan unionissa tai Yhdistyneess\u00e4 kuningaskunnassa asuva kuluttaja, sinulla voi olla oikeus peruuttaa tilauksesi nelj\u00e4ntoista (14) arkip\u00e4iv\u00e4n kuluessa tavaroiden vastaanottamisesta sovellettavan kuluttajansuojalains\u00e4\u00e4d\u00e4nn\u00f6n mukaisesti.<\/p>\r\n\r\n\r\n\r\n<p>Peruutuksen j\u00e4lkeiset hyvitykset k\u00e4sitell\u00e4\u00e4n lakis\u00e4\u00e4teisten oikeuksiesi mukaisesti.<\/p>\r\n\r\n\r\n\r\n<p>Palautusoikeus ja -menettelyt voivat vaihdella alueittain. Katso lis\u00e4tietoja <strong>Palautusk\u00e4yt\u00e4nt\u00f6<\/strong> lis\u00e4tietoja varten.<\/p>\r\n\r\n\r\n<hr class=\"wp-block-separator has-alpha-channel-opacity\" \/>\r\n\r\n\r\n<h2 class=\"wp-block-heading\">7. Markkinointiviestint\u00e4<\/h2>\r\n\r\n\r\n\r\n<p>S\u00e4hk\u00f6postiviestint\u00e4\u00e4 ja mainosviestej\u00e4 koskevat tiedot l\u00f6ytyv\u00e4t yksityiskohtaisesti osoitteesta <strong>Tietosuojak\u00e4yt\u00e4nt\u00f6<\/strong>.<\/p>\r\n\r\n\r\n\r\n<p>Antamalla yhteystietosi suostut kyseisen k\u00e4yt\u00e4nn\u00f6n mukaiseen viestint\u00e4\u00e4n.<\/p>\r\n\r\n\r\n<hr class=\"wp-block-separator has-alpha-channel-opacity\" \/>\r\n\r\n\r\n<h2 class=\"wp-block-heading\">8. Tietosuoja ja yksityisyys<\/h2>\r\n\r\n\r\n\r\n<p>Meid\u00e4n <strong>Tietosuojak\u00e4yt\u00e4nt\u00f6<\/strong> selitt\u00e4\u00e4, miten henkil\u00f6tietoja ker\u00e4t\u00e4\u00e4n, k\u00e4sitell\u00e4\u00e4n, tallennetaan, jaetaan ja s\u00e4ilytet\u00e4\u00e4n.<\/p>\r\n\r\n\r\n\r\n<p>Toteutamme kaupallisesti kohtuullisia suojatoimia varmistaaksemme tietoturvan ja sovellettavien tietosuojalakien noudattamisen laink\u00e4ytt\u00f6alueellasi.<\/p>\r\n\r\n\r\n\r\n<p>Ev\u00e4steit\u00e4 ja vastaavia tekniikoita k\u00e4ytet\u00e4\u00e4n verkkosivuston toiminnallisuuden parantamiseen. Lis\u00e4tietoja on saatavilla <strong>Ev\u00e4stek\u00e4yt\u00e4nt\u00f6<\/strong>.<\/p>\r\n\r\n\r\n<hr class=\"wp-block-separator has-alpha-channel-opacity\" \/>\r\n\r\n\r\n<h2 class=\"wp-block-heading\">9. Petosten ehk\u00e4isy<\/h2>\r\n\r\n\r\n\r\n<p>Mk Reborns toteuttaa tiukkoja petostentorjuntatoimenpiteit\u00e4 ja k\u00e4ytt\u00e4\u00e4 kolmannen osapuolen varmennus- ja valvontapalveluita.<\/p>\r\n\r\n\r\n\r\n<p>Kaikista yrityksist\u00e4 antaa v\u00e4\u00e4ri\u00e4, harhaanjohtavia tai ep\u00e4tarkkoja tietoja petostarkoituksessa voidaan ilmoittaa asianmukaisille petostentorjuntaviranomaisille.<\/p>\r\n\r\n\r\n\r\n<p>Pid\u00e4t\u00e4mme oikeuden j\u00e4\u00e4dytt\u00e4\u00e4 tai lopettaa tilit, joihin liittyy ep\u00e4ilty\u00e4 petollista toimintaa.<\/p>\r\n\r\n\r\n<hr class=\"wp-block-separator has-alpha-channel-opacity\" \/>\r\n\r\n\r\n<h2 class=\"wp-block-heading\">10. Automatisoitu k\u00e4ytt\u00f6oikeus ja verkkorobotit<\/h2>\r\n\r\n\r\n\r\n<p>Vain Mk Rebornsin nimenomaisesti valtuuttamat ja robottien k\u00e4ytt\u00f6k\u00e4yt\u00e4nt\u00f6jemme mukaiset automatisoidut ohjelmistosovellukset (&quot;Sallitut botit&quot;) saavat k\u00e4ytt\u00e4\u00e4 t\u00e4t\u00e4 verkkosivustoa.<\/p>\r\n\r\n\r\n\r\n<p>Luvattomiin botteihin kuuluvat rajoituksetta skriptit, jotka ylikuormittavat palvelimia, automatisoivat ostoskorin toimintaa, kaappaavat sis\u00e4lt\u00f6\u00e4 tai h\u00e4iritsev\u00e4t asiakaskokemusta.<\/p>\r\n\r\n\r\n\r\n<p>Pid\u00e4t\u00e4mme oikeuden est\u00e4\u00e4 t\u00e4llaisen p\u00e4\u00e4syn ja j\u00e4\u00e4dytt\u00e4\u00e4 siihen liittyv\u00e4t tilit v\u00e4litt\u00f6m\u00e4sti.<\/p>\r\n\r\n\r\n\r\n<p>Sitoudut korvaamaan Mk Rebornsille kaikki luvattomasta automaattisesta k\u00e4yt\u00f6st\u00e4 johtuvat tappiot, kustannukset ja kulut.<\/p>\r\n\r\n\r\n<hr class=\"wp-block-separator has-alpha-channel-opacity\" \/>\r\n\r\n\r\n<h2 class=\"wp-block-heading\">11. Immateriaalioikeudet<\/h2>\r\n\r\n\r\n\r\n<p>Kaikki verkkosivuston sis\u00e4lt\u00f6, mukaan lukien teksti, kuvat, grafiikka ja ulkoasu, on Mk Rebornsin yksinomaista omaisuutta, ellei toisin mainita.<\/p>\r\n\r\n\r\n\r\n<p>Sis\u00e4lt\u00f6\u00e4 ei saa kopioida, jakaa uudelleen, muokata tai hy\u00f6dynt\u00e4\u00e4 kaupallisiin tarkoituksiin ilman etuk\u00e4teen annettua kirjallista suostumusta, lukuun ottamatta henkil\u00f6kohtaista, ei-kaupallista k\u00e4ytt\u00f6\u00e4.<\/p>\r\n\r\n\r\n\r\n<p>Sitoudut olemaan luomatta johdannaisteoksia verkkosivuston sis\u00e4ll\u00f6st\u00e4.<\/p>\r\n\r\n\r\n<hr class=\"wp-block-separator has-alpha-channel-opacity\" \/>\r\n\r\n\r\n<h2 class=\"wp-block-heading\">12. Vastuuvapauslauseke takuista<\/h2>\r\n\r\n\r\n\r\n<p>T\u00e4m\u00e4 verkkosivusto tarjotaan &quot;sellaisenaan&quot; ja &quot;saatavuuden mukaan&quot;.<\/p>\r\n\r\n\r\n\r\n<p>Emme anna mit\u00e4\u00e4n takuita, ei suoria eik\u00e4 ep\u00e4suoria, keskeytym\u00e4tt\u00f6m\u00e4st\u00e4 k\u00e4yt\u00f6st\u00e4, tarkkuudesta, virheett\u00f6m\u00e4st\u00e4 toiminnasta tai haitallisten komponenttien puuttumisesta.<\/p>\r\n\r\n\r\n\r\n<p>Mik\u00e4\u00e4n t\u00e4ss\u00e4 vastuuvapauslausekkeessa ei rajoita lakis\u00e4\u00e4teisi\u00e4 oikeuksiasi ostettuihin tuotteisiin liittyen.<\/p>\r\n\r\n\r\n<hr class=\"wp-block-separator has-alpha-channel-opacity\" \/>\r\n\r\n\r\n<h2 class=\"wp-block-heading\">13. Vastuunrajoitus<\/h2>\r\n\r\n\r\n\r\n<p>Lain sallimissa rajoissa Mk Reborns ei ole vastuussa:<\/p>\r\n\r\n\r\n\r\n<ul class=\"wp-block-list\">\r\n<li>tappiot, jotka eiv\u00e4t olleet kohtuudella ennakoitavissa sopimuksen tekohetkell\u00e4;<\/li>\r\n\r\n\r\n\r\n<li>tappiot, jotka eiv\u00e4t ole aiheutuneet meid\u00e4n rikkomuksestamme;<\/li>\r\n\r\n\r\n\r\n<li>liiketoiminnan tappiot tai muut kuin kuluttajille aiheutuneet tappiot.<\/li>\r\n<\/ul>\r\n\r\n\r\n\r\n<p>Emme sulje pois tai rajoita vastuutamme seuraavissa tapauksissa:<\/p>\r\n\r\n\r\n\r\n<p>(a) huolimattomuudesta johtuva kuolema tai henkil\u00f6vahinko;<br \/>(b) petos tai vilpillinen harhaanjohtaminen;<br \/>(c) lakis\u00e4\u00e4teisten, nimikkeeseen, kuvaukseen, laatuun tai sopivuuteen liittyvien implisiittisten ehtojen rikkominen;<br \/>(d) sovellettavan kuluttajansuojalains\u00e4\u00e4d\u00e4nn\u00f6n mukainen vastuu.<\/p>\r\n\r\n\r\n<hr class=\"wp-block-separator has-alpha-channel-opacity\" \/>\r\n\r\n\r\n<h2 class=\"wp-block-heading\">14. Hyv\u00e4ksytt\u00e4v\u00e4 k\u00e4ytt\u00f6<\/h2>\r\n\r\n\r\n\r\n<p>Sitoudut k\u00e4ytt\u00e4m\u00e4\u00e4n t\u00e4t\u00e4 verkkosivustoa ainoastaan laillisiin tarkoituksiin ja tavalla, joka ei loukkaa muiden oikeuksia tai rajoita heid\u00e4n verkkosivuston k\u00e4ytt\u00f6oikeuttaan.<\/p>\r\n\r\n\r\n\r\n<p>Kiellettyyn k\u00e4yt\u00f6kseen kuuluu muun muassa h\u00e4irint\u00e4, loukkaavan materiaalin levitt\u00e4minen tai verkkosivuston normaalin toiminnan h\u00e4iritseminen.<\/p>\r\n\r\n\r\n<hr class=\"wp-block-separator has-alpha-channel-opacity\" \/>\r\n\r\n\r\n<h2 class=\"wp-block-heading\">15. K\u00e4ytt\u00e4jien luoma sis\u00e4lt\u00f6 (arvostelut, kuvat, l\u00e4hetykset)<\/h2>\r\n\r\n\r\n\r\n<p>L\u00e4hett\u00e4m\u00e4ll\u00e4 arvosteluja, arvioita, kuvia tai muuta sis\u00e4lt\u00f6\u00e4 vakuutat ja takaat, ett\u00e4:<\/p>\r\n\r\n\r\n\r\n<ul class=\"wp-block-list\">\r\n<li>Omistat kaikki niihin liittyv\u00e4t immateriaalioikeudet;<\/li>\r\n\r\n\r\n\r\n<li>Olet luopunut kaikista moraalisista oikeuksistasi.<\/li>\r\n\r\n\r\n\r\n<li>Sis\u00e4lt\u00f6 on totuudenmukaista ja lainmukaista.<\/li>\r\n\r\n\r\n\r\n<li>Olet v\u00e4hint\u00e4\u00e4n kahdeksantoista (18) vuotta vanha.<\/li>\r\n<\/ul>\r\n\r\n\r\n\r\n<p>Annat Mk Rebornsille pysyv\u00e4n, peruuttamattoman, rojaltivapaan ja maailmanlaajuisen lisenssin k\u00e4ytt\u00e4\u00e4, kopioida, muokata, julkaista, k\u00e4\u00e4nt\u00e4\u00e4, levitt\u00e4\u00e4 ja muuten hy\u00f6dynt\u00e4\u00e4 t\u00e4llaista sis\u00e4lt\u00f6\u00e4 ilman korvausta.<\/p>\r\n\r\n\r\n\r\n<p>Pid\u00e4t\u00e4mme oikeuden muokata, poistaa tai kielt\u00e4yty\u00e4 julkaisemasta mit\u00e4 tahansa sis\u00e4lt\u00f6\u00e4 oman harkintamme mukaan.<\/p>\r\n\r\n\r\n\r\n<p>Olet yksin vastuussa l\u00e4hett\u00e4m\u00e4st\u00e4si sis\u00e4ll\u00f6st\u00e4.<\/p>\r\n\r\n\r\n<hr class=\"wp-block-separator has-alpha-channel-opacity\" \/>\r\n\r\n\r\n<h2 class=\"wp-block-heading\">16. Kanta-asiakasohjelma<\/h2>\r\n\r\n\r\n\r\n<p>Uudistamme kanta-asiakasohjelmaamme.<br \/>Nykyiset pistej\u00e4rjestelm\u00e4t voidaan lopettaa ilman lis\u00e4kertym\u00e4\u00e4 tai -lunastusta.<\/p>\r\n\r\n\r\n<hr class=\"wp-block-separator has-alpha-channel-opacity\" \/>\r\n\r\n\r\n<h2 class=\"wp-block-heading\">17. Myyntivero (Yhdysvallat)<\/h2>\r\n\r\n\r\n\r\n<p>Sovellettava myynti- tai k\u00e4ytt\u00f6vero lasketaan toimitusosoitteesi perusteella ja n\u00e4ytet\u00e4\u00e4n kassalla.<\/p>\r\n\r\n\r\n\r\n<p>N\u00e4ytetyt verosummat ovat arvioita; lopullinen vero vahvistetaan tilauksen valmistuttua.<\/p>\r\n\r\n\r\n<hr class=\"wp-block-separator has-alpha-channel-opacity\" \/>\r\n\r\n\r\n<h2 class=\"wp-block-heading\">18. Ulkoiset linkit<\/h2>\r\n\r\n\r\n\r\n<p>T\u00e4m\u00e4 verkkosivusto saattaa sis\u00e4lt\u00e4\u00e4 linkkej\u00e4 kolmansien osapuolten sivustoille.<br \/>Emme valvo tai tue t\u00e4llaisia sivustoja emmek\u00e4 ota vastuuta niiden sis\u00e4ll\u00f6st\u00e4.<\/p>\r\n\r\n\r\n<hr class=\"wp-block-separator has-alpha-channel-opacity\" \/>\r\n\r\n\r\n<h2 class=\"wp-block-heading\">19. Sovellettava laki ja laink\u00e4ytt\u00f6alue<\/h2>\r\n<div>N\u00e4ihin ehtoihin ja niist\u00e4 johtuviin tai niihin liittyviin riitoihin tai vaatimuksiin (mukaan lukien sopimukseen perustumattomat riidat tai vaatimukset) sovelletaan Hongkongin erityishallintoalueen (HKSAR) lakeja, ja niit\u00e4 tulkitaan niiden mukaisesti riippumatta sen lainvalintas\u00e4\u00e4nn\u00f6ist\u00e4.<\/div>\r\n<div>Hyv\u00e4ksyt peruuttamattomasti, ett\u00e4 Hongkongin tuomioistuimilla on yksinomainen toimivalta ratkaista kaikki riidat tai vaatimukset, jotka johtuvat n\u00e4ist\u00e4 Ehdoista tai Verkkosivuston k\u00e4yt\u00f6st\u00e4si tai liittyv\u00e4t niihin.<\/div>\r\n\r\n\r\n<hr class=\"wp-block-separator has-alpha-channel-opacity\" \/>\r\n\r\n\r\n<h2 class=\"wp-block-heading\">20. Ylivoimainen este<\/h2>\r\n\r\n\r\n\r\n<p>Emme ole vastuussa suorituksen ep\u00e4onnistumisesta tai viiv\u00e4styksest\u00e4, joka johtuu kohtuullisen hallintamme ulkopuolella olevista tapahtumista, mukaan lukien, mutta ei rajoittuen, luonnonkatastrofit, pandemiat, hallituksen toimet tai levottomuudet.<\/p>\r\n\r\n\r\n\r\n<p>Kyseiset velvoitteet keskeytet\u00e4\u00e4n t\u00e4llaisen tapahtuman ajaksi.<\/p>\r\n\r\n\r\n<hr class=\"wp-block-separator has-alpha-channel-opacity\" \/>\r\n\r\n\r\n<h2 class=\"wp-block-heading\">21. Siirto ja erotettavuus<\/h2>\r\n\r\n\r\n\r\n<p>Voimme siirt\u00e4\u00e4 n\u00e4iden Ehtojen mukaiset oikeutemme ja velvollisuutemme vaikuttamatta sinun oikeuksiisi.<\/p>\r\n\r\n\r\n\r\n<p>Et voi siirt\u00e4\u00e4 oikeuksiasi ilman kirjallista suostumustamme.<\/p>\r\n\r\n\r\n\r\n<p>Jos jokin m\u00e4\u00e4r\u00e4ys katsotaan t\u00e4yt\u00e4nt\u00f6\u00f6npanokelvottomaksi, j\u00e4ljell\u00e4 olevat m\u00e4\u00e4r\u00e4ykset pysyv\u00e4t t\u00e4ysin voimassa.<\/p>\r\n\r\n\r\n<hr class=\"wp-block-separator has-alpha-channel-opacity\" \/>\r\n\r\n\r\n<h2 class=\"wp-block-heading\">22. Vastuunrajoitus<\/h2>\r\n\r\n\r\n\r\n<p>Mk Rebornsin laiminly\u00f6nti panna t\u00e4yt\u00e4nt\u00f6\u00f6n jotakin m\u00e4\u00e4r\u00e4yst\u00e4 ei tarkoita luopumista tulevasta t\u00e4yt\u00e4nt\u00f6\u00f6npanosta.<\/p>","protected":false},"excerpt":{"rendered":"<p>1. Johdanto N\u00e4m\u00e4 k\u00e4ytt\u00f6ehdot (\u201cEhdot\u201d) s\u00e4\u00e4telev\u00e4t p\u00e4\u00e4sy\u00e4si verkkosivustolle mkreborns.com (\u201cVerkkosivusto\u201d) ja sen k\u00e4ytt\u00f6\u00e4. Verkkosivusto on digitaalinen<\/p>","protected":false},"author":1,"featured_media":0,"parent":0,"menu_order":0,"comment_status":"closed","ping_status":"closed","template":"","meta":{"footnotes":""},"class_list":["post-3449","page","type-page","status-publish","hentry"],"_links":{"self":[{"href":"https:\/\/www.mkreborns.com\/fi\/wp-json\/wp\/v2\/pages\/3449","targetHints":{"allow":["GET"]}}],"collection":[{"href":"https:\/\/www.mkreborns.com\/fi\/wp-json\/wp\/v2\/pages"}],"about":[{"href":"https:\/\/www.mkreborns.com\/fi\/wp-json\/wp\/v2\/types\/page"}],"author":[{"embeddable":true,"href":"https:\/\/www.mkreborns.com\/fi\/wp-json\/wp\/v2\/users\/1"}],"replies":[{"embeddable":true,"href":"https:\/\/www.mkreborns.com\/fi\/wp-json\/wp\/v2\/comments?post=3449"}],"version-history":[{"count":0,"href":"https:\/\/www.mkreborns.com\/fi\/wp-json\/wp\/v2\/pages\/3449\/revisions"}],"wp:attachment":[{"href":"https:\/\/www.mkreborns.com\/fi\/wp-json\/wp\/v2\/media?parent=3449"}],"curies":[{"name":"wp","href":"https:\/\/api.w.org\/{rel}","templated":true}]}}