{"id":3,"date":"2025-12-24T14:18:41","date_gmt":"2025-12-24T14:18:41","guid":{"rendered":"https:\/\/www.mkreborns.com\/?page_id=3"},"modified":"2026-01-20T10:07:36","modified_gmt":"2026-01-20T10:07:36","slug":"privacy-policy","status":"publish","type":"page","link":"https:\/\/www.mkreborns.com\/fi\/privacy-policy\/","title":{"rendered":"Tietosuojak\u00e4yt\u00e4nt\u00f6"},"content":{"rendered":"<p>Klo <strong>Mk Reborns<\/strong>, Pid\u00e4mme eritt\u00e4in t\u00e4rke\u00e4n\u00e4 henkil\u00f6tietojen luottamuksellisuutta, eheytt\u00e4 ja vastuullista k\u00e4sittely\u00e4. T\u00e4ss\u00e4 tietosuojak\u00e4yt\u00e4nn\u00f6ss\u00e4 selitet\u00e4\u00e4n, miten tietoja ker\u00e4t\u00e4\u00e4n, k\u00e4sitell\u00e4\u00e4n, tallennetaan ja suojataan, kun k\u00e4yt\u00e4t verkkosivustoamme tai olet vuorovaikutuksessa sen kanssa.<\/p>\n\n\n\n<hr class=\"wp-block-separator has-alpha-channel-opacity\"\/>\n\n\n\n<h2 class=\"wp-block-heading\">1. Keit\u00e4 me olemme<\/h2>\n\n\n\n<p>Verkkosivusto <strong><a href=\"https:\/\/www.mkreborns.com\/fi\/\">https:\/\/www.mkreborns.com<\/a><\/strong> omistaa ja sit\u00e4 yll\u00e4pit\u00e4\u00e4 <strong>Mk Reborns<\/strong>.<br>T\u00e4ss\u00e4 k\u00e4yt\u00e4nn\u00f6ss\u00e4 viittaukset &quot;me&quot;, &quot;meid\u00e4n&quot; tai &quot;meid\u00e4n&quot; viittaavat yksinomaan Mk Rebornsiin.<\/p>\n\n\n\n<hr class=\"wp-block-separator has-alpha-channel-opacity\"\/>\n\n\n\n<h2 class=\"wp-block-heading\">2. Kommentit ja k\u00e4ytt\u00e4jien l\u00e4hett\u00e4m\u00e4t tiedot<\/h2>\n\n\n\n<p>Kun k\u00e4vij\u00e4t p\u00e4\u00e4tt\u00e4v\u00e4t j\u00e4tt\u00e4\u00e4 kommentteja verkkosivustollemme, ker\u00e4\u00e4mme kommenttilomakkeessa n\u00e4kyv\u00e4t tiedot sek\u00e4 k\u00e4vij\u00e4n <strong>IP-osoite<\/strong> ja <strong>selaimen k\u00e4ytt\u00e4j\u00e4agenttimerkkijono<\/strong>. N\u00e4it\u00e4 tietoja ker\u00e4t\u00e4\u00e4n ainoastaan alustan turvallisuuden yll\u00e4pit\u00e4miseksi ja ei-toivotun tai loukkaavan sis\u00e4ll\u00f6n est\u00e4miseksi.<\/p>\n\n\n\n<p>S\u00e4hk\u00f6postiosoitteestasi luotu anonymisoitu tunniste (yleisesti tunnettu tunnuksena <em>hash<\/em>) voidaan v\u00e4litt\u00e4\u00e4 <strong>Gravatar<\/strong> palvelu sen m\u00e4\u00e4ritt\u00e4miseksi, onko siihen liittyv\u00e4\u00e4 profiilia olemassa.<br>Gravatar-palvelu toimii oman tietosuojak\u00e4yt\u00e4nt\u00f6ns\u00e4 mukaisesti, johon voi tutustua osoitteessa:<br><a href=\"https:\/\/automattic.com\/privacy\/\" target=\"_blank\" rel=\"noopener\">https:\/\/automattic.com\/privacy\/<\/a><\/p>\n\n\n\n<p>Kun kommentti on hyv\u00e4ksytty, kaikki siihen liittyv\u00e4t profiilikuvat tulevat julkisesti n\u00e4kyviin kommentin rinnalla.<\/p>\n\n\n\n<hr class=\"wp-block-separator has-alpha-channel-opacity\"\/>\n\n\n\n<h2 class=\"wp-block-heading\">3. Median lataukset<\/h2>\n\n\n\n<p>Jos lataat kuvia verkkosivustolle, emme suosittele niiden sis\u00e4llytt\u00e4mist\u00e4 <strong>upotetut sijaintitiedot (EXIF GPS)<\/strong>.<br>Sivuston k\u00e4vij\u00e4t voivat ladata kuvia ja poimia niist\u00e4 mit\u00e4 tahansa sijaintitietoja. Mk Reborns ei ota vastuuta ladattuun mediaan vapaaehtoisesti lis\u00e4tyist\u00e4 metatiedoista.<\/p>\n\n\n\n<hr class=\"wp-block-separator has-alpha-channel-opacity\"\/>\n\n\n\n<h2 class=\"wp-block-heading\">4. Ev\u00e4steet ja vastaavat tekniikat<\/h2>\n\n\n\n<p>K\u00e4ytt\u00e4j\u00e4mukavuuden ja toiminnallisuuden parantamiseksi verkkosivustomme k\u00e4ytt\u00e4\u00e4 ev\u00e4steit\u00e4 seuraavissa tilanteissa:<\/p>\n\n\n\n<ul class=\"wp-block-list\">\n<li>Kun l\u00e4het\u00e4t kommentin, voit halutessasi tallentaa nimesi, s\u00e4hk\u00f6postiosoitteesi ja verkkosivustosi tiedot ev\u00e4steisiin. N\u00e4it\u00e4 ev\u00e4steit\u00e4 s\u00e4ilytet\u00e4\u00e4n <strong>yksi vuosi<\/strong> jotta tiedonsy\u00f6tt\u00f6\u00e4 ei tarvitse tehd\u00e4 toistuvasti.<\/li>\n\n\n\n<li>Kirjautumissivulla k\u00e4ydess\u00e4si luodaan v\u00e4liaikainen ev\u00e4ste sen tarkistamiseksi, hyv\u00e4ksyyk\u00f6 selaimesi ev\u00e4steet. T\u00e4m\u00e4 ev\u00e4ste ei sis\u00e4ll\u00e4 henkil\u00f6kohtaisia tietoja ja se poistetaan, kun selain suljetaan.<\/li>\n\n\n\n<li>Kun kirjaudut sis\u00e4\u00e4n, luodaan useita ev\u00e4steit\u00e4 todennustilasi ja n\u00e4ytt\u00f6asetuksesi s\u00e4ilytt\u00e4miseksi.\n<ul class=\"wp-block-list\">\n<li>Kirjautumisev\u00e4steet pysyv\u00e4t aktiivisina <strong>kaksi p\u00e4iv\u00e4\u00e4<\/strong><\/li>\n\n\n\n<li>N\u00e4ytt\u00f6asetusten ev\u00e4steet s\u00e4ilyv\u00e4t <strong>yksi vuosi<\/strong><\/li>\n\n\n\n<li>Jos \u201cMuista minut\u201d -vaihtoehto on valittu, kirjautumistiedot s\u00e4ilytet\u00e4\u00e4n <strong>kaksi viikkoa<\/strong><\/li>\n<\/ul>\n<\/li>\n\n\n\n<li>Kun kirjaudut ulos, kirjautumiseen liittyv\u00e4t ev\u00e4steet poistetaan.<\/li>\n\n\n\n<li>Jos muokkaat tai julkaiset sis\u00e4lt\u00f6\u00e4, selaimeesi tallennetaan ylim\u00e4\u00e4r\u00e4inen ev\u00e4ste. T\u00e4m\u00e4 ev\u00e4ste ei sis\u00e4ll\u00e4 henkil\u00f6tietoja ja sen ainoa tarkoitus on tunnistaa muokattu viesti. Se vanhenee, kun <strong>24 tuntia<\/strong>.<\/li>\n<\/ul>\n\n\n\n<hr class=\"wp-block-separator has-alpha-channel-opacity\"\/>\n\n\n\n<h2 class=\"wp-block-heading\">5. Kolmansien osapuolten verkkosivustoilta upotettu sis\u00e4lt\u00f6<\/h2>\n\n\n\n<p>T\u00e4m\u00e4n verkkosivuston sivut saattavat sis\u00e4lt\u00e4\u00e4 upotettua sis\u00e4lt\u00f6\u00e4 (mukaan lukien, mutta ei rajoittuen, videoita, kuvia tai artikkeleita).<br>Ulkoisilta verkkosivustoilta upotettu sis\u00e4lt\u00f6 toimii samalla tavalla kuin jos olisit k\u00e4ynyt suoraan alkuper\u00e4isell\u00e4 verkkosivustolla.<\/p>\n\n\n\n<p>T\u00e4llaiset kolmannen osapuolen verkkosivustot voivat:<\/p>\n\n\n\n<ul class=\"wp-block-list\">\n<li>Ker\u00e4\u00e4 tietoja sinusta<\/li>\n\n\n\n<li>K\u00e4yt\u00e4 ev\u00e4steit\u00e4<\/li>\n\n\n\n<li>K\u00e4yt\u00e4 muita kolmannen osapuolen seurantaty\u00f6kaluja<\/li>\n\n\n\n<li>Seuraa vuorovaikutustasi upotetun sis\u00e4ll\u00f6n kanssa<\/li>\n<\/ul>\n\n\n\n<p>T\u00e4m\u00e4 voi sis\u00e4lt\u00e4\u00e4 vuorovaikutusten seuraamisen, jos sinulla on tili ulkoisella alustalla ja olet kirjautuneena sinne.<\/p>\n\n\n\n<hr class=\"wp-block-separator has-alpha-channel-opacity\"\/>\n\n\n\n<h2 class=\"wp-block-heading\">6. Tiedon jakaminen<\/h2>\n\n\n\n<p>Jos pyyd\u00e4t salasanan vaihtoa, <strong>IP-osoite<\/strong> sis\u00e4llytet\u00e4\u00e4n salasanan palautusviestiin turvallisuuden varmistamiseksi.<\/p>\n\n\n\n<p>Mk Reborns ei myy, vuokraa tai vaihda henkil\u00f6tietoja luvattomille kolmansille osapuolille.<\/p>\n\n\n\n<hr class=\"wp-block-separator has-alpha-channel-opacity\"\/>\n\n\n\n<h2 class=\"wp-block-heading\">7. Tietojen s\u00e4ilytt\u00e4minen<\/h2>\n\n\n\n<p>Kommentit ja niihin liittyv\u00e4t metatiedot s\u00e4ilytet\u00e4\u00e4n <strong>loputtomiin<\/strong>. N\u00e4in voimme tunnistaa ja hyv\u00e4ksy\u00e4 my\u00f6hemm\u00e4t kommentit automaattisesti asettamatta niit\u00e4 moderointiin.<\/p>\n\n\n\n<p>Niiden k\u00e4ytt\u00e4jien osalta, jotka rekister\u00f6ityv\u00e4t verkkosivustollemme (jos sellaisia on), tallennamme heid\u00e4n k\u00e4ytt\u00e4j\u00e4profiileihinsa annetut henkil\u00f6tiedot.<br>Rekister\u00f6ityneet k\u00e4ytt\u00e4j\u00e4t voivat tarkastella, muokata tai poistaa henkil\u00f6tietojaan milloin tahansa, lukuun ottamatta k\u00e4ytt\u00e4j\u00e4tunnuksia. Sivuston yll\u00e4pit\u00e4jill\u00e4 on oikeus tarkastella ja muokata n\u00e4it\u00e4 tietoja tarvittaessa.<\/p>\n\n\n\n<hr class=\"wp-block-separator has-alpha-channel-opacity\"\/>\n\n\n\n<h2 class=\"wp-block-heading\">8. Oikeutesi tietoihisi<\/h2>\n\n\n\n<p>Jos sinulla on tili t\u00e4ll\u00e4 verkkosivustolla tai olet aiemmin l\u00e4hett\u00e4nyt kommentteja, voit pyyt\u00e4\u00e4:<\/p>\n\n\n\n<ul class=\"wp-block-list\">\n<li>Viety tiedosto, joka sis\u00e4lt\u00e4\u00e4 hallussamme olevat henkil\u00f6tietosi sinusta<\/li>\n\n\n\n<li>Sinuun liittyvien henkil\u00f6tietojen poistaminen<\/li>\n<\/ul>\n\n\n\n<p>Tietojen poistopyynn\u00f6t eiv\u00e4t koske tietoja, jotka meid\u00e4n on lain tai hallinnon nojalla s\u00e4ilytett\u00e4v\u00e4 vaatimustenmukaisuus-, turvallisuus- tai operatiivisista syist\u00e4.<\/p>\n\n\n\n<hr class=\"wp-block-separator has-alpha-channel-opacity\"\/>\n\n\n\n<h2 class=\"wp-block-heading\">9. Miss\u00e4 tietojasi k\u00e4sitell\u00e4\u00e4n<\/h2>\n\n\n\n<p>Automatisoidut roskapostin tunnistuspalvelut voivat tutkia vierailijoiden kommentteja verkkosivuston turvallisuuden ja eheyden varmistamiseksi.<\/p>\n\n\n\n<hr class=\"wp-block-separator has-alpha-channel-opacity\"\/>\n\n\n\n<h2 class=\"wp-block-heading\">10. Yhteystiedot<\/h2>\n\n\n\n<p>Jos sinulla on kysytt\u00e4v\u00e4\u00e4 t\u00e4st\u00e4 tietosuojak\u00e4yt\u00e4nn\u00f6st\u00e4 tai henkil\u00f6tietojesi k\u00e4sittelyst\u00e4, ota meihin yhteytt\u00e4 osoitteessa:<\/p>\n\n\n\n<p>\ud83d\udce7 <strong><a href=\"mailto:support@mkreborns.com\">support@mkreborns.com<\/a><\/strong><\/p>\n\n\n\n<p><\/p>","protected":false},"excerpt":{"rendered":"<p>Mk Rebornsilla pid\u00e4mme henkil\u00f6tietojen luottamuksellisuutta, eheytt\u00e4 ja vastuullista k\u00e4sittely\u00e4 eritt\u00e4in t\u00e4rke\u00e4n\u00e4. T\u00e4m\u00e4 tietosuojak\u00e4yt\u00e4nt\u00f6<\/p>","protected":false},"author":1,"featured_media":0,"parent":0,"menu_order":0,"comment_status":"closed","ping_status":"closed","template":"","meta":{"footnotes":""},"class_list":["post-3","page","type-page","status-publish","hentry"],"_links":{"self":[{"href":"https:\/\/www.mkreborns.com\/fi\/wp-json\/wp\/v2\/pages\/3","targetHints":{"allow":["GET"]}}],"collection":[{"href":"https:\/\/www.mkreborns.com\/fi\/wp-json\/wp\/v2\/pages"}],"about":[{"href":"https:\/\/www.mkreborns.com\/fi\/wp-json\/wp\/v2\/types\/page"}],"author":[{"embeddable":true,"href":"https:\/\/www.mkreborns.com\/fi\/wp-json\/wp\/v2\/users\/1"}],"replies":[{"embeddable":true,"href":"https:\/\/www.mkreborns.com\/fi\/wp-json\/wp\/v2\/comments?post=3"}],"version-history":[{"count":0,"href":"https:\/\/www.mkreborns.com\/fi\/wp-json\/wp\/v2\/pages\/3\/revisions"}],"wp:attachment":[{"href":"https:\/\/www.mkreborns.com\/fi\/wp-json\/wp\/v2\/media?parent=3"}],"curies":[{"name":"wp","href":"https:\/\/api.w.org\/{rel}","templated":true}]}}