{"id":4614,"date":"2026-05-07T01:55:32","date_gmt":"2026-05-07T01:55:32","guid":{"rendered":"https:\/\/www.mkreborns.com\/?post_type=product&#038;p=4614"},"modified":"2026-05-07T03:27:22","modified_gmt":"2026-05-07T03:27:22","slug":"potato-7-inch-mini-reborn-dolls-smiling-baby-toy","status":"publish","type":"product","link":"https:\/\/www.mkreborns.com\/et\/product\/potato-7-inch-mini-reborn-dolls-smiling-baby-toy\/","title":{"rendered":"Kartuli 7-tolline mini taass\u00fcndinud nukk naeratav beebim\u00e4nguasi"},"content":{"rendered":"<h2>Kartuli mini taass\u00fcndinud nukud armsate naeratavate detailidega<\/h2>\n<div>Kartul on \u00fcks s\u00fcdantsoojendavamaid mini-taass\u00fcndinud nukke, mis on loodud kollektsion\u00e4\u00e4ridele, kes jumaldavad pisikesi realistlikke kaaslasi. Oma r\u00f5\u00f5msameelse ilme, \u00f5rna vormimise ja erksate siniste akr\u00fc\u00fclsilmadega kannab Kartul endas rahumeelse vasts\u00fcndinu v\u00f5lu, kes puhkab teie k\u00e4tes. Tema kompaktne 7-tolline suurus muudab ta ideaalseks riiulitel eksponeerimiseks, reisikaaslaseks, fotorekvisiitide jaoks ja l\u00e4bim\u00f5eldud kingituste tegemiseks.<\/div>\n<h3>V\u00e4ike naeratav taass\u00fcndinud nukk, t\u00e4is isiksust<\/h3>\n<div>Erinevalt tavalistest m\u00e4ngufiguuridest on Kartul valmistatud pehmest vin\u00fc\u00fclist, mis annab nukule pehme ja \u00f5rna tekstuuri. Tema liikuvad j\u00e4semed ja painduv pea v\u00f5imaldavad loomulikku poseerimist, samas kui tema naeratav taass\u00fcndinud nuku v\u00e4limus loob igas lastetoas v\u00f5i taass\u00fcndinud nuku kollektsioonis hubase atmosf\u00e4\u00e4ri. Mini-taass\u00fcndinud nukke otsivad kollektsion\u00e4\u00e4rid otsivad sageli iseloomulikku n\u00e4okuju ja realistlikke proportsioone ning Kartul pakub m\u00f5lemat kompaktsel kujul meeldej\u00e4\u00e4va iseloomuga.<\/div>\n<h2>Toote spetsifikatsioonid<\/h2>\n<ul>\n<li>Nuku nimi: Kartul<\/li>\n<li>Suurus: 7 tolli \/ 17 cm<\/li>\n<li>Materjal: pehme vin\u00fc\u00fcl<\/li>\n<li>Sugu: Unisex<\/li>\n<li>Silmad: Sinised akr\u00fc\u00fclsilmad<\/li>\n<li>Liigutatavus: Liikuv pea ja j\u00e4semed<\/li>\n<li>Vees\u00f5bralik: sobib vannitamiseks<\/li>\n<li>K\u00f5rge riskiga kemikaal: puudub<\/li>\n<\/ul>\n<div>Kartul \u00fchendab \u00fches pisikeses loomingus realismi, pehmuse ja kogumisv\u00e4\u00e4rse kunstip\u00e4rasuse, muutes temast imelise valiku k\u00f5igile, kes otsivad miniatuurseid taass\u00fcndinud nukke.<\/div>\n<p><img decoding=\"async\" src=\"https:\/\/www.mkreborns.com\/wp-content\/uploads\/2026\/05\/kf-Se154f858f6a849349cdcd76bbf1872d0W.webp\" alt=\"\" title=\"\"><img decoding=\"async\" src=\"https:\/\/www.mkreborns.com\/wp-content\/uploads\/2026\/05\/kf-S410aa67aa548435698fbd27a3fb64c19p.webp\" alt=\"\" title=\"\"><img decoding=\"async\" src=\"https:\/\/www.mkreborns.com\/wp-content\/uploads\/2026\/05\/kf-S4125dbf4d532429b9571597763eb7d3eI-1.webp\" alt=\"\" title=\"\"><img decoding=\"async\" src=\"https:\/\/www.mkreborns.com\/wp-content\/uploads\/2026\/05\/kf-Sf180e3a8185c4ab5a05c6659d3876e49U-1.webp\" alt=\"\" title=\"\"><img decoding=\"async\" src=\"https:\/\/www.mkreborns.com\/wp-content\/uploads\/2026\/05\/kf-S23d6d7b83f794931857b73f6bd85a9a9c-1.webp\" alt=\"\" title=\"\"><img decoding=\"async\" src=\"https:\/\/www.mkreborns.com\/wp-content\/uploads\/2026\/05\/kf-S9684c1e9c66040cfa84f6ae70eb82a03a-1.webp\" alt=\"\" title=\"\"><img decoding=\"async\" src=\"https:\/\/www.mkreborns.com\/wp-content\/uploads\/2026\/05\/kf-S2371c35111914378822505f3c2dd234bx-1.webp\" alt=\"\" title=\"\"><img decoding=\"async\" src=\"https:\/\/www.mkreborns.com\/wp-content\/uploads\/2026\/05\/kf-S213e1f76af814b5398bc23eda5fded5et.webp\" alt=\"\" title=\"\"><img decoding=\"async\" src=\"https:\/\/www.mkreborns.com\/wp-content\/uploads\/2026\/05\/kf-Sc2a2e60655264e8abb4ad94432039d95L.webp\" alt=\"\" title=\"\"><img decoding=\"async\" src=\"https:\/\/www.mkreborns.com\/wp-content\/uploads\/2026\/05\/kf-S6b0ee659018143f6ba8f9ba3cf98f50fd.webp\" alt=\"\" title=\"\"><\/p>","protected":false},"excerpt":{"rendered":"<div>Kartul on pisike naeratav kaaslane, kellel on s\u00e4ravsinised silmad ja pehme vin\u00fc\u00fclkorpus, mis sobib ideaalselt peopessa. See v\u00f5luv pisike beebi toob igasse kollektsiooni soojust, mugavust ja elutruid detaile.<\/div>","protected":false},"featured_media":4615,"comment_status":"open","ping_status":"closed","template":"","meta":[],"product_brand":[],"product_cat":[250,145,144,155,152],"product_tag":[],"class_list":{"0":"post-4614","1":"product","2":"type-product","3":"status-publish","4":"has-post-thumbnail","6":"product_cat-7-inch-reborn-dolls","7":"product_cat-baby-boy-reborn-dolls","8":"product_cat-baby-girl-reborn-dolls","9":"product_cat-cute-reborn-dolls","10":"product_cat-vinyl-reborn-dolls","12":"first","13":"instock","14":"sale","15":"shipping-taxable","16":"purchasable","17":"product-type-simple"},"_links":{"self":[{"href":"https:\/\/www.mkreborns.com\/et\/wp-json\/wp\/v2\/product\/4614","targetHints":{"allow":["GET"]}}],"collection":[{"href":"https:\/\/www.mkreborns.com\/et\/wp-json\/wp\/v2\/product"}],"about":[{"href":"https:\/\/www.mkreborns.com\/et\/wp-json\/wp\/v2\/types\/product"}],"replies":[{"embeddable":true,"href":"https:\/\/www.mkreborns.com\/et\/wp-json\/wp\/v2\/comments?post=4614"}],"wp:featuredmedia":[{"embeddable":true,"href":"https:\/\/www.mkreborns.com\/et\/wp-json\/wp\/v2\/media\/4615"}],"wp:attachment":[{"href":"https:\/\/www.mkreborns.com\/et\/wp-json\/wp\/v2\/media?parent=4614"}],"wp:term":[{"taxonomy":"product_brand","embeddable":true,"href":"https:\/\/www.mkreborns.com\/et\/wp-json\/wp\/v2\/product_brand?post=4614"},{"taxonomy":"product_cat","embeddable":true,"href":"https:\/\/www.mkreborns.com\/et\/wp-json\/wp\/v2\/product_cat?post=4614"},{"taxonomy":"product_tag","embeddable":true,"href":"https:\/\/www.mkreborns.com\/et\/wp-json\/wp\/v2\/product_tag?post=4614"}],"curies":[{"name":"t\u00f6\u00f6leht","href":"https:\/\/api.w.org\/{rel}","templated":true}]}}