{"id":4602,"date":"2026-05-07T01:53:54","date_gmt":"2026-05-07T01:53:54","guid":{"rendered":"https:\/\/www.mkreborns.com\/?post_type=product&#038;p=4602"},"modified":"2026-05-13T14:41:14","modified_gmt":"2026-05-13T14:41:14","slug":"12-inch-full-silicone-children-gifts-reborn-baby-doll","status":"publish","type":"product","link":"https:\/\/www.mkreborns.com\/et\/product\/12-inch-full-silicone-children-gifts-reborn-baby-doll\/","title":{"rendered":"12-tolline t\u00e4issilikoonist laste kingitused uuestis\u00fcndinud beebinukk"},"content":{"rendered":"<div class=\"product-specs-list-container\"><\/div>\n<div class=\"detailmodule_text\">\n<p class=\"detail-desc-decorate-content\" style=\"font-family: OpenSans; font-size: 14px; font-weight: 300; line-height: 20px; white-space: pre-wrap; margin-bottom: 12px;\"><span style=\"color: #000000;\">K\u00f5rgus: 12 tolli<\/span><br \/>\n<span style=\"color: #000000;\">Kaal: 1,1 kg<\/span><br \/>\n<span style=\"color: #000000;\">Sugu: Poiss<\/span><br \/>\n<span style=\"color: #000000;\">Materjal: Silikoon<\/span><br \/>\n<span style=\"color: #000000;\">See taass\u00fcndinud nukk tarnitakse riieteta; riided ei kuulu komplekti. Kui vajate riideid, sirvige meie taass\u00fcndinud nuku aksessuaaride jaotist, et valida oma eelistustele vastavad riided.<\/span><br \/>\n<span style=\"color: #000000;\">Taass\u00fcndinud nukul on painduvad j\u00e4semed, mis v\u00f5imaldavad tal h\u00f5lpsalt istuda, pikali heita v\u00f5i erinevaid magamisasendeid v\u00f5tta. See ei sisalda t\u00e4iendavaid elektroonilisi komponente, v\u00e4hendades seega oluliselt hooldusvajadust. Taass\u00fcndinud nukke saab kinkida oma kallitele inimestele s\u00fcnnip\u00e4evakingiks, j\u00f5ulukingiks, laste m\u00e4nguasjadeks v\u00f5i nukkude kollektsiooni lisamiseks.<\/span><\/p>\n<p>&nbsp;<\/p>\n<\/div>\n<div class=\"detailmodule_image\"><img decoding=\"async\" class=\"detail-desc-decorate-image\" src=\"https:\/\/www.mkreborns.com\/wp-content\/uploads\/2026\/05\/kf-Sa2b8d47ad684458b990351e19f5d1a2bs-1.webp\" alt=\"\" title=\"\"><img decoding=\"async\" class=\"detail-desc-decorate-image\" src=\"https:\/\/www.mkreborns.com\/wp-content\/uploads\/2026\/05\/kf-S39ce9a8a554f438a96fcf130a132d83aa-1.webp\" alt=\"\" title=\"\"><img decoding=\"async\" class=\"detail-desc-decorate-image\" src=\"https:\/\/www.mkreborns.com\/wp-content\/uploads\/2026\/05\/kf-S3d4515f2deb64d17aeee4f89277607772-1.webp\" alt=\"Taass\u00fcndinud silikoonist beebinukk muudetavate j\u00e4semetega, ideaalne lastele ja kollektsion\u00e4\u00e4ridele. Pehme ja elutruu.\" title=\"\"> <img decoding=\"async\" class=\"detail-desc-decorate-image\" src=\"https:\/\/www.mkreborns.com\/wp-content\/uploads\/2026\/05\/kf-S83d31e6e6fb847929a053f66ca75cd2dp-1.webp\" alt=\"Realistlik taass\u00fcndinud beebinukk, 12,2 tolli, t\u00e4issilikoonist, sobib lastele ja kingitusteks, detailidega.\" title=\"\"> <img decoding=\"async\" class=\"detail-desc-decorate-image\" src=\"https:\/\/www.mkreborns.com\/wp-content\/uploads\/2026\/05\/kf-S1d7c4a92f2da488182c621f78f77ba35K-1.webp\" alt=\"\" title=\"\"><\/div>","protected":false},"excerpt":{"rendered":"<p>See vasts\u00fcndinud taass\u00fcndinud nukk on ideaalne kingitus lastele, s\u00f5pradele v\u00f5i pereliikmetele, olles imeline kaaslane. Taass\u00fcndinud nuku j\u00e4semed on poseeritavad, mis v\u00f5imaldab seda paigutada erinevatesse magamisasenditesse \u2013 lisades selle kaaslase rollile t\u00e4iendava elutruu realismi.<\/p>","protected":false},"featured_media":4603,"comment_status":"open","ping_status":"closed","template":"","meta":[],"product_brand":[],"product_cat":[240,145,155,154,153],"product_tag":[],"class_list":{"0":"post-4602","1":"product","2":"type-product","3":"status-publish","4":"has-post-thumbnail","6":"product_cat-12-inch-reborn-dolls","7":"product_cat-baby-boy-reborn-dolls","8":"product_cat-cute-reborn-dolls","9":"product_cat-lifelike-reborn-dolls","10":"product_cat-newborn-reborn-dolls","12":"first","13":"instock","14":"sale","15":"shipping-taxable","16":"purchasable","17":"product-type-simple"},"_links":{"self":[{"href":"https:\/\/www.mkreborns.com\/et\/wp-json\/wp\/v2\/product\/4602","targetHints":{"allow":["GET"]}}],"collection":[{"href":"https:\/\/www.mkreborns.com\/et\/wp-json\/wp\/v2\/product"}],"about":[{"href":"https:\/\/www.mkreborns.com\/et\/wp-json\/wp\/v2\/types\/product"}],"replies":[{"embeddable":true,"href":"https:\/\/www.mkreborns.com\/et\/wp-json\/wp\/v2\/comments?post=4602"}],"wp:featuredmedia":[{"embeddable":true,"href":"https:\/\/www.mkreborns.com\/et\/wp-json\/wp\/v2\/media\/4603"}],"wp:attachment":[{"href":"https:\/\/www.mkreborns.com\/et\/wp-json\/wp\/v2\/media?parent=4602"}],"wp:term":[{"taxonomy":"product_brand","embeddable":true,"href":"https:\/\/www.mkreborns.com\/et\/wp-json\/wp\/v2\/product_brand?post=4602"},{"taxonomy":"product_cat","embeddable":true,"href":"https:\/\/www.mkreborns.com\/et\/wp-json\/wp\/v2\/product_cat?post=4602"},{"taxonomy":"product_tag","embeddable":true,"href":"https:\/\/www.mkreborns.com\/et\/wp-json\/wp\/v2\/product_tag?post=4602"}],"curies":[{"name":"t\u00f6\u00f6leht","href":"https:\/\/api.w.org\/{rel}","templated":true}]}}