{"id":4594,"date":"2026-05-07T01:52:24","date_gmt":"2026-05-07T01:52:24","guid":{"rendered":"https:\/\/www.mkreborns.com\/?post_type=product&#038;p=4594"},"modified":"2026-05-13T15:23:59","modified_gmt":"2026-05-13T15:23:59","slug":"19-inches-solid-silicone-cute-reborn-doll","status":"publish","type":"product","link":"https:\/\/www.mkreborns.com\/et\/product\/19-inches-solid-silicone-cute-reborn-doll\/","title":{"rendered":"19-tolline tahke silikoonist armas taass\u00fcndinud nukk"},"content":{"rendered":"<div class=\"product-specs-list-container\"><\/div>\n<div class=\"detailmodule_text\">\n<p>K\u00f5rgus: 18,9 tolli<br \/>\nSugu: Beebipoiss<br \/>\nKaal: 3,1 kg<br \/>\nMaterjal: Silikoon<br \/>\nSelle taass\u00fcndinud nuku ostmisel on kaasas tasuta kingitus juhuslikult valitud riietus.<\/p>\n<p>See taass\u00fcndinud nukk on valmistatud silikoonmaterjalist ja seda saab puhastada sooja veega; aga see tuleb kohe p\u00e4rast pesemist p\u00f5hjalikult kuivatada. Tugevast silikoonist taass\u00fcndinud nukuna pakub see puutetunnetust, mis on m\u00e4rkimisv\u00e4\u00e4rselt sarnane p\u00e4ris beebi nahaga. 19 tolli k\u00f5rgusega on see taass\u00fcndinud nukk l\u00e4hedane p\u00e4ris vasts\u00fcndinu f\u00fc\u00fcsilistele m\u00f5\u00f5tmetele, mist\u00f5ttu on see ideaalne kallistamiseks v\u00f5i vaatamiseks. See armas taass\u00fcndinud nukk on m\u00f5\u00f5duka kaaluga, mis teeb selle kandmise lihtsaks, s\u00e4ilitades samal ajal p\u00e4ris imiku autentse ja elutruu raskuse.<br \/>\nHoiustamiseks on soovitatav taass\u00fcndinukk asetada tasasele pinnale v\u00f5i p\u00fcsti, et v\u00e4ltida raskete esemete v\u00f5i pikaajalise kokkusurumise p\u00f5hjustatud deformatsiooni. Taass\u00fcndinuku pikaealisuse tagamiseks hoidke seda otsese valguse ja tolmu eest ning kaitske seda teravate esemete ja lemmikloomade eest, et v\u00e4ltida silikoonmaterjali kahjustamist.<\/p>\n<p>&nbsp;<\/p>\n<\/div>\n<div class=\"detailmodule_image\"><img decoding=\"async\" class=\"detail-desc-decorate-image\" src=\"https:\/\/www.mkreborns.com\/wp-content\/uploads\/2026\/05\/kf-Sd449c2299cac4582b03493bccbd5ba86G.webp\" alt=\"V\u00e4ga detailne 18,9-tolline silikoonist taass\u00fcndinud nukk, pehme puudutusega, pestav, ideaalne kollektsiooniks v\u00f5i kingituseks.\" title=\"\"><\/div>","protected":false},"excerpt":{"rendered":"<p>Reborn nukud j\u00e4ljendavad p\u00e4ris imiku naha pehmust ja elastsust, pakkudes sooja, \u00f5rna ja nahas\u00f5bralikku puudutust. Need Reborn nukud on valmistatud tugevast silikoonist ning neil on erakordne oks\u00fcdatsioonikindlus, mis tagab, et need ei kolletu ega pragune isegi pikaajalisel kasutamisel.<\/p>","protected":false},"featured_media":4595,"comment_status":"open","ping_status":"closed","template":"","meta":[],"product_brand":[],"product_cat":[241,145,243,155,146,154,153,157],"product_tag":[],"class_list":{"0":"post-4594","1":"product","2":"type-product","3":"status-publish","4":"has-post-thumbnail","6":"product_cat-19-inch-reborn-dolls","7":"product_cat-baby-boy-reborn-dolls","8":"product_cat-black-reborn-dolls","9":"product_cat-cute-reborn-dolls","10":"product_cat-full-silicone-reborn-dolls","11":"product_cat-lifelike-reborn-dolls","12":"product_cat-newborn-reborn-dolls","13":"product_cat-real-life-baby-dolls","15":"first","16":"instock","17":"sale","18":"shipping-taxable","19":"purchasable","20":"product-type-simple"},"_links":{"self":[{"href":"https:\/\/www.mkreborns.com\/et\/wp-json\/wp\/v2\/product\/4594","targetHints":{"allow":["GET"]}}],"collection":[{"href":"https:\/\/www.mkreborns.com\/et\/wp-json\/wp\/v2\/product"}],"about":[{"href":"https:\/\/www.mkreborns.com\/et\/wp-json\/wp\/v2\/types\/product"}],"replies":[{"embeddable":true,"href":"https:\/\/www.mkreborns.com\/et\/wp-json\/wp\/v2\/comments?post=4594"}],"wp:featuredmedia":[{"embeddable":true,"href":"https:\/\/www.mkreborns.com\/et\/wp-json\/wp\/v2\/media\/4595"}],"wp:attachment":[{"href":"https:\/\/www.mkreborns.com\/et\/wp-json\/wp\/v2\/media?parent=4594"}],"wp:term":[{"taxonomy":"product_brand","embeddable":true,"href":"https:\/\/www.mkreborns.com\/et\/wp-json\/wp\/v2\/product_brand?post=4594"},{"taxonomy":"product_cat","embeddable":true,"href":"https:\/\/www.mkreborns.com\/et\/wp-json\/wp\/v2\/product_cat?post=4594"},{"taxonomy":"product_tag","embeddable":true,"href":"https:\/\/www.mkreborns.com\/et\/wp-json\/wp\/v2\/product_tag?post=4594"}],"curies":[{"name":"t\u00f6\u00f6leht","href":"https:\/\/api.w.org\/{rel}","templated":true}]}}