{"id":4430,"date":"2026-04-12T14:16:20","date_gmt":"2026-04-12T14:16:20","guid":{"rendered":"https:\/\/www.mkreborns.com\/?post_type=product&#038;p=4430"},"modified":"2026-04-12T15:16:32","modified_gmt":"2026-04-12T15:16:32","slug":"13-inch-crying-silicone-reborn-doll","status":"publish","type":"product","link":"https:\/\/www.mkreborns.com\/et\/product\/13-inch-crying-silicone-reborn-doll\/","title":{"rendered":"13-tolline nuttev silikoonist taass\u00fcndinud nukk"},"content":{"rendered":"<p>33 cm k\u00f5rguse nutva taass\u00fcnninuku j\u00e4semed, pea ja keha on valmistatud tugevast silikoonist, mis on pehme, elastne ja mida saab pesta 37-kraadise sooja veega. Silikooni erilise olemuse t\u00f5ttu ei tohiks seda m\u00e4ngu ajal j\u00f5uga t\u00f5mmata ega sikutada ning selle pikemaks elueaks tuleb seda hoolikalt hooldada.<\/p>\n<p>Materjal: Silikoon<br \/>\nSugu: T\u00fcdruk<br \/>\nK\u00f5rgus: 13 tolli<br \/>\nKaal: 1,4 kg<br \/>\nPakendi kaal: 1,8 kg<\/p>\n<p>T\u00e4ispakett sisaldab: riideid ja pudelit.<\/p>\n<p>Palun arvestage 0,5\u20131 tollise k\u00e4sitsi m\u00f5\u00f5tlemise tolerantsiga, kuna toodet m\u00f5\u00f5deti k\u00e4sitsi.<\/p>\n<p><img decoding=\"async\" src=\"https:\/\/www.mkreborns.com\/wp-content\/uploads\/2026\/04\/O1CN01ON65FG1jfP7Pj2VhP_2220331144575-0-cib.jpg\" alt=\"\" title=\"\"><\/p>\n<p><img decoding=\"async\" src=\"https:\/\/www.mkreborns.com\/wp-content\/uploads\/2026\/04\/O1CN01Vmhokj1jfP7PuZuwV_2220331144575-0-cib.jpg\" alt=\"\" title=\"\"><\/p>\n<p><img decoding=\"async\" src=\"https:\/\/www.mkreborns.com\/wp-content\/uploads\/2026\/04\/O1CN01qKbtvK1jfP7PZjkwL_2220331144575-0-cib.jpg\" alt=\"\" title=\"\"><\/p>\n<p><img decoding=\"async\" src=\"https:\/\/www.mkreborns.com\/wp-content\/uploads\/2026\/04\/O1CN01UBS4M51jfP7QJPr5Y_2220331144575-0-cib.jpg\" alt=\"Taass\u00fcndinud silikoonist nukk, nuttev realistlik beebinukk pudeliga, ideaalne kollektsion\u00e4\u00e4ridele ja lastele.\" title=\"\"><\/p>\n<p><img decoding=\"async\" src=\"https:\/\/www.mkreborns.com\/wp-content\/uploads\/2026\/04\/O1CN01NWHI1G1jfP7OsCKVe_2220331144575-0-cib.jpg\" alt=\"Realistlik 13-tolline nuttev silikoonist taass\u00fcndinud nukk lutipudeli, pehmete riiete ja roosa m\u00fctsiga.\" title=\"\"><\/p>\n<p><img decoding=\"async\" src=\"https:\/\/www.mkreborns.com\/wp-content\/uploads\/2026\/04\/O1CN01WrErxo1jfP7QDMEjp_2220331144575-0-cib.jpg\" alt=\"Taass\u00fcndinud nuttev silikoonist nukk lutipudeliga, realistlikud n\u00e4ojooned, ideaalne kollektsion\u00e4\u00e4ridele ja lastele.\" title=\"\"><\/p>\n<p>&nbsp;<\/p>","protected":false},"excerpt":{"rendered":"<p>Nuttev taass\u00fcndinud beebinukk n\u00e4eb v\u00e4lja t\u00e4pselt nagu piima j\u00e4rele nutav vasts\u00fcndinud laps, oma armsate ja erksate n\u00e4ojoontega.<\/p>","protected":false},"featured_media":4461,"comment_status":"open","ping_status":"closed","template":"","meta":[],"product_brand":[],"product_cat":[238,242,144,146,156,154,153],"product_tag":[],"class_list":{"0":"post-4430","1":"product","2":"type-product","3":"status-publish","4":"has-post-thumbnail","6":"product_cat-13-inch-reborn-dolls","7":"product_cat-african-american-reborn-dolls","8":"product_cat-baby-girl-reborn-dolls","9":"product_cat-full-silicone-reborn-dolls","10":"product_cat-life-sized-dolls","11":"product_cat-lifelike-reborn-dolls","12":"product_cat-newborn-reborn-dolls","14":"first","15":"instock","16":"sale","17":"shipping-taxable","18":"purchasable","19":"product-type-simple"},"_links":{"self":[{"href":"https:\/\/www.mkreborns.com\/et\/wp-json\/wp\/v2\/product\/4430","targetHints":{"allow":["GET"]}}],"collection":[{"href":"https:\/\/www.mkreborns.com\/et\/wp-json\/wp\/v2\/product"}],"about":[{"href":"https:\/\/www.mkreborns.com\/et\/wp-json\/wp\/v2\/types\/product"}],"replies":[{"embeddable":true,"href":"https:\/\/www.mkreborns.com\/et\/wp-json\/wp\/v2\/comments?post=4430"}],"wp:featuredmedia":[{"embeddable":true,"href":"https:\/\/www.mkreborns.com\/et\/wp-json\/wp\/v2\/media\/4461"}],"wp:attachment":[{"href":"https:\/\/www.mkreborns.com\/et\/wp-json\/wp\/v2\/media?parent=4430"}],"wp:term":[{"taxonomy":"product_brand","embeddable":true,"href":"https:\/\/www.mkreborns.com\/et\/wp-json\/wp\/v2\/product_brand?post=4430"},{"taxonomy":"product_cat","embeddable":true,"href":"https:\/\/www.mkreborns.com\/et\/wp-json\/wp\/v2\/product_cat?post=4430"},{"taxonomy":"product_tag","embeddable":true,"href":"https:\/\/www.mkreborns.com\/et\/wp-json\/wp\/v2\/product_tag?post=4430"}],"curies":[{"name":"t\u00f6\u00f6leht","href":"https:\/\/api.w.org\/{rel}","templated":true}]}}