{"id":4295,"date":"2026-03-25T13:09:05","date_gmt":"2026-03-25T13:09:05","guid":{"rendered":"https:\/\/www.mkreborns.com\/?post_type=product&#038;p=4295"},"modified":"2026-03-25T15:42:20","modified_gmt":"2026-03-25T15:42:20","slug":"shyann-18-inch-african-american-reborn-baby-doll-girl","status":"publish","type":"product","link":"https:\/\/www.mkreborns.com\/et\/product\/shyann-18-inch-african-american-reborn-baby-doll-girl\/","title":{"rendered":"Shyann 18-tolline afroameerika taass\u00fcndinud beebinukk t\u00fcdruk"},"content":{"rendered":"<h2>Shyann \u2013 rahulik afroameeriklasest Shyanni taass\u00fcndinud beebinukk<\/h2>\n<div>Shyann on \u00f5rn n\u00e4ide afroameerika Shyanni taass\u00fcndinud beebinuku kunstist, mis on loodud suletud silmade ja rahuliku uneilmega. Tema pehme vin\u00fc\u00fclkeha ja k\u00e4sitsi juurdunud juuksed loovad elutruu olemuse, mis k\u00f5netab taass\u00fcndinud afroameerika nukkude kollektsion\u00e4\u00e4re. Tasakaalustatud kaalu ja loomulike proportsioonidega on teda mugav k\u00e4es hoida ja esitleda.<\/div>\n<h3>Realistlikud detailid taass\u00fcndinud afroameerika nukkude kohta<\/h3>\n<div>Shyanni iga detail peegeldab t\u00e4psust, alates peentest ripsmetest kuni peene nahatekstuurini. Ta on disainitud \u00fcheks soodsamaks afroameerika taass\u00fcndinud nukkude valikuks, pakkudes kompromissitut kvaliteeti. Tema rahulik v\u00e4limus ja painduv kehaehitus teevad temast sobiva t\u00e4ienduse mustanahaliste afroameerika taass\u00fcndinud nukkude kollektsioonidele.<\/div>\n<div>Toote omadused ja eelised<\/div>\n<ol>\n<li>K\u00e4sitsi juurdunud juuksed loomuliku realismi saavutamiseks<\/li>\n<li>Suletud silmad \u00f5rnade ripsmedetailidega<\/li>\n<li>Pehme vin\u00fc\u00fclkorpus \u00f5rna paindlikkusega<\/li>\n<li>Ideaalne suurus v\u00e4ljapanekuks v\u00f5i lastetoa kujundamiseks<\/li>\n<\/ol>\n<hr \/>\n<h3>Toote spetsifikatsioonid<\/h3>\n<ul>\n<li>K\u00f5rge riskiga kemikaal: puudub<\/li>\n<li>Suurus: umbes 18 tolli \/ 45 cm pealaest jalatallani<\/li>\n<li>Kaal: Ligikaudu 1,1 kg<\/li>\n<li>Materjal: Pea, k\u00e4ed, jalad ja keha on vin\u00fc\u00fclist<\/li>\n<li>Nuku sugu: T\u00fcdruk<\/li>\n<li>Silmad: Suletud, k\u00e4sitsi juurdunud ripsmed<\/li>\n<li>Juuksed: K\u00e4sitsi juurdunud juuksed<\/li>\n<li>Riided: Sobib 0\u20133 kuu vanustele beebiriietele (1 komplekt kaasas)<\/li>\n<\/ul>\n<div>Pakett sisaldab<\/div>\n<ul>\n<li>1 x Taass\u00fcndinud beebinukk<\/li>\n<li>1 x riidekomplekt<\/li>\n<li>1 x magnetiga lutt<\/li>\n<li>1 x imetamispudel<\/li>\n<li>1 x m\u00e4he<\/li>\n<li>1 s\u00fcnnitunnistus<\/li>\n<\/ul>\n<div>Shyann pakub rahustavat olemust koos rafineeritud meisterlikkusega, muutes ta oluliseks valikuks kollektsion\u00e4\u00e4ridele, kes hindavad afroameerika Shyann&#039;i taass\u00fcndinud beebinukku.<\/div>\n<p><img decoding=\"async\" class=\"detail-desc-decorate-image\" src=\"https:\/\/www.mkreborns.com\/wp-content\/uploads\/2026\/03\/kf-Sd6ba1d42f8404419a91182edf0b66b3fk.webp\" alt=\"\" title=\"\"><img decoding=\"async\" class=\"detail-desc-decorate-image\" src=\"https:\/\/www.mkreborns.com\/wp-content\/uploads\/2026\/03\/kf-S88d5262bfa234b1ebaa4b92ab3b9f7f3m.webp\" alt=\"\" title=\"\"><img decoding=\"async\" class=\"detail-desc-decorate-image\" src=\"https:\/\/www.mkreborns.com\/wp-content\/uploads\/2026\/03\/kf-Saf2022f3fada484d81cedfaf5eb79192v.webp\" alt=\"\" title=\"\"><img decoding=\"async\" class=\"detail-desc-decorate-image\" src=\"https:\/\/www.mkreborns.com\/wp-content\/uploads\/2026\/03\/kf-Saa9554c74c8e441396ebdecdf32e3f7a7.webp\" alt=\"\" title=\"\"><img decoding=\"async\" class=\"detail-desc-decorate-image\" src=\"https:\/\/www.mkreborns.com\/wp-content\/uploads\/2026\/03\/kf-S663e7c12050045f385018c20eb450a6dQ.webp\" alt=\"\" title=\"\"><img decoding=\"async\" class=\"detail-desc-decorate-image\" src=\"https:\/\/www.mkreborns.com\/wp-content\/uploads\/2026\/03\/kf-S01587d6a9f8142bab36a73df4ddbdb35Y.webp\" alt=\"\" title=\"\"><img decoding=\"async\" class=\"detail-desc-decorate-image\" src=\"https:\/\/www.mkreborns.com\/wp-content\/uploads\/2026\/03\/kf-S4c0dd0bcb0ac49779c6218306d13ce69k.webp\" alt=\"\" title=\"\"><img decoding=\"async\" class=\"detail-desc-decorate-image\" src=\"https:\/\/www.mkreborns.com\/wp-content\/uploads\/2026\/03\/kf-Se651a7a160954ab6adc2b5e3a53b2bc8q.webp\" alt=\"\" title=\"\"><\/p>","protected":false},"excerpt":{"rendered":"<p>Rahulik Uinuv kaunitar \u00f5rnade joontega, mis on loodud tooma soojust ja realismi igasse taass\u00fcndinud kollektsiooni.<\/p>","protected":false},"featured_media":4296,"comment_status":"open","ping_status":"closed","template":"","meta":[],"product_brand":[],"product_cat":[242,151,144,243,155,156,152],"product_tag":[],"class_list":{"0":"post-4295","1":"product","2":"type-product","3":"status-publish","4":"has-post-thumbnail","6":"product_cat-african-american-reborn-dolls","7":"product_cat-18-inch-reborn-dolls","8":"product_cat-baby-girl-reborn-dolls","9":"product_cat-black-reborn-dolls","10":"product_cat-cute-reborn-dolls","11":"product_cat-life-sized-dolls","12":"product_cat-vinyl-reborn-dolls","14":"first","15":"instock","16":"sale","17":"shipping-taxable","18":"purchasable","19":"product-type-simple"},"_links":{"self":[{"href":"https:\/\/www.mkreborns.com\/et\/wp-json\/wp\/v2\/product\/4295","targetHints":{"allow":["GET"]}}],"collection":[{"href":"https:\/\/www.mkreborns.com\/et\/wp-json\/wp\/v2\/product"}],"about":[{"href":"https:\/\/www.mkreborns.com\/et\/wp-json\/wp\/v2\/types\/product"}],"replies":[{"embeddable":true,"href":"https:\/\/www.mkreborns.com\/et\/wp-json\/wp\/v2\/comments?post=4295"}],"wp:featuredmedia":[{"embeddable":true,"href":"https:\/\/www.mkreborns.com\/et\/wp-json\/wp\/v2\/media\/4296"}],"wp:attachment":[{"href":"https:\/\/www.mkreborns.com\/et\/wp-json\/wp\/v2\/media?parent=4295"}],"wp:term":[{"taxonomy":"product_brand","embeddable":true,"href":"https:\/\/www.mkreborns.com\/et\/wp-json\/wp\/v2\/product_brand?post=4295"},{"taxonomy":"product_cat","embeddable":true,"href":"https:\/\/www.mkreborns.com\/et\/wp-json\/wp\/v2\/product_cat?post=4295"},{"taxonomy":"product_tag","embeddable":true,"href":"https:\/\/www.mkreborns.com\/et\/wp-json\/wp\/v2\/product_tag?post=4295"}],"curies":[{"name":"t\u00f6\u00f6leht","href":"https:\/\/api.w.org\/{rel}","templated":true}]}}