{"id":4258,"date":"2026-03-25T09:00:05","date_gmt":"2026-03-25T09:00:05","guid":{"rendered":"https:\/\/www.mkreborns.com\/?post_type=product&#038;p=4258"},"modified":"2026-03-25T12:18:12","modified_gmt":"2026-03-25T12:18:12","slug":"arias-african-american-reborn-baby-doll-girl-18-inch","status":"publish","type":"product","link":"https:\/\/www.mkreborns.com\/et\/product\/arias-african-american-reborn-baby-doll-girl-18-inch\/","title":{"rendered":"Arias afroameeriklasest taass\u00fcndinud t\u00fcdrukute nukk 18 tolli"},"content":{"rendered":"<h2>Reborn Baby Dolls afroameerika t\u00fcdruk taskukohase detailiga<\/h2>\n<div>See on Arias. Ta esindab afroameerika t\u00fcdrukutele m\u00f5eldud taass\u00fcndinud nukke, millel on rafineeritud, kuid samas ligip\u00e4\u00e4setav disain \u2013 ideaalne neile, kes otsivad soodsaid afroameerika t\u00fcdrukutele m\u00f5eldud taass\u00fcndinud nukke, ohverdamata seejuures realismi. Tema 18-tolline (45 cm) keha pakub vasts\u00fcndinule sarnast ulatust, samas kui k\u00e4sitsi maalitud detailid ja tasakaalustatud proportsioonid loovad loomuliku visuaalse kohaloleku. Arias valitakse sageli odavate afroameerika taass\u00fcndinud nukkude hulgast, mis s\u00e4ilitavad siiski k\u00f5rge kunstilise taseme.<\/div>\n<h3>Viimistletud disain ja praktiline mitmek\u00fclgsus<\/h3>\n<div>Arias on valmistatud vastupidavast vin\u00fc\u00fclist, mis ei sisalda ohtlikke kemikaale, tagades ohutu ja paindliku k\u00e4sitsemise. Tema j\u00e4semed on liikuvad ja kehaehitus v\u00f5imaldab \u00f5rna suplemist, lisades talle elutruud v\u00e4limust. Tema avatud pruunid silmad loovad rahuliku ja t\u00e4helepaneliku ilme, mis t\u00e4iustab esitlust v\u00f5i suhtlemist.<\/div>\n<h3>Omadused ja kaasasolevad tarvikud<\/h3>\n<ol>\n<li>18-tolline vin\u00fc\u00fclist t\u00fcdruku keha painduva liikumisega<\/li>\n<li>Tume nahatoon k\u00e4sitsi maalitud detailidega<\/li>\n<li>Elutruu ilme saavutamiseks avage pruunid silmad<\/li>\n<li>Vannitoas\u00f5bralik konstruktsioon h\u00f5lpsaks hooldamiseks<\/li>\n<\/ol>\n<div><strong>Spetsifikatsioonid:<\/strong> Sugu: t\u00fcdruk | Suurus: 18 tolli (45 cm) | Materjal: vin\u00fc\u00fcl<\/div>\n<div><strong>Pakett sisaldab:<\/strong> taass\u00fcndinud nukk, riietus (nagu pildil), suvaline lutt, v\u00e4ike pudel, s\u00fcnnikaart<\/div>\n<div>Arias \u00fchendab endas taskukohasuse, realismi ja l\u00e4bim\u00f5eldud meisterlikkuse, muutes ta silmapaistvaks valikuks afroameerika t\u00fcdrukute taass\u00fcndinud nukkude seas.<\/div>","protected":false},"excerpt":{"rendered":"<div>Saage tuttavaks Ariasega \u2013 \u00f5rna 45-sentimeetrise taass\u00fcndinud nukuga, millel on pehmed n\u00e4ojooned ja rikkalik nahatoon, mis on l\u00e4bim\u00f5eldult disainitud pakkuma realismi taskukohase hinnaga.<\/div>","protected":false},"featured_media":4259,"comment_status":"open","ping_status":"closed","template":"","meta":[],"product_brand":[],"product_cat":[151,242,144,243,154,152],"product_tag":[],"class_list":{"0":"post-4258","1":"product","2":"type-product","3":"status-publish","4":"has-post-thumbnail","6":"product_cat-18-inch-reborn-dolls","7":"product_cat-african-american-reborn-dolls","8":"product_cat-baby-girl-reborn-dolls","9":"product_cat-black-reborn-dolls","10":"product_cat-lifelike-reborn-dolls","11":"product_cat-vinyl-reborn-dolls","13":"first","14":"instock","15":"sale","16":"shipping-taxable","17":"purchasable","18":"product-type-simple"},"_links":{"self":[{"href":"https:\/\/www.mkreborns.com\/et\/wp-json\/wp\/v2\/product\/4258","targetHints":{"allow":["GET"]}}],"collection":[{"href":"https:\/\/www.mkreborns.com\/et\/wp-json\/wp\/v2\/product"}],"about":[{"href":"https:\/\/www.mkreborns.com\/et\/wp-json\/wp\/v2\/types\/product"}],"replies":[{"embeddable":true,"href":"https:\/\/www.mkreborns.com\/et\/wp-json\/wp\/v2\/comments?post=4258"}],"wp:featuredmedia":[{"embeddable":true,"href":"https:\/\/www.mkreborns.com\/et\/wp-json\/wp\/v2\/media\/4259"}],"wp:attachment":[{"href":"https:\/\/www.mkreborns.com\/et\/wp-json\/wp\/v2\/media?parent=4258"}],"wp:term":[{"taxonomy":"product_brand","embeddable":true,"href":"https:\/\/www.mkreborns.com\/et\/wp-json\/wp\/v2\/product_brand?post=4258"},{"taxonomy":"product_cat","embeddable":true,"href":"https:\/\/www.mkreborns.com\/et\/wp-json\/wp\/v2\/product_cat?post=4258"},{"taxonomy":"product_tag","embeddable":true,"href":"https:\/\/www.mkreborns.com\/et\/wp-json\/wp\/v2\/product_tag?post=4258"}],"curies":[{"name":"t\u00f6\u00f6leht","href":"https:\/\/api.w.org\/{rel}","templated":true}]}}