{"id":4227,"date":"2026-03-25T02:49:40","date_gmt":"2026-03-25T02:49:40","guid":{"rendered":"https:\/\/www.mkreborns.com\/?post_type=product&#038;p=4227"},"modified":"2026-03-25T03:03:46","modified_gmt":"2026-03-25T03:03:46","slug":"tuktirey-avatar-girl-reborn-silicone-doll-19-inch","status":"publish","type":"product","link":"https:\/\/www.mkreborns.com\/et\/product\/tuktirey-avatar-girl-reborn-silicone-doll-19-inch\/","title":{"rendered":"Tuktirey Avatar T\u00fcdruk Reborn Silikoonnukk 19 Tolli"},"content":{"rendered":"<h2>\u00d5rna realismiga silikoonist taass\u00fcndinud avatar<\/h2>\n<div>See silikoonnukk, mis meenutab taass\u00fcndinud avatari, on rahuliku vasts\u00fcndinu ilmega, mille on kujundanud kihiline pigmentatsioon ja peened kontuurid. 48 cm skaala peegeldab imiku proportsioone, samas kui pehme silikoonpind tagab loomuliku haarde. See nukk, mis on loodud neile, kes hindavad kunstip\u00e4rasust ja t\u00e4psust, pakub tasakaalustatud kombinatsiooni pehmusest ja vastupidavusest.<\/div>\n<h3>Detailne k\u00e4sit\u00f6\u00f6 ja paindlik struktuur<\/h3>\n<div>Igal taass\u00fcndinud silikoon-avatari nukul on k\u00e4sitsi joonistatud juuksetekstuurid, \u00f5rnalt toonitud huuled ja realistlik j\u00e4semete kuju. Paindlik silikoonkere v\u00f5imaldab \u00f5rnalt poseerida ja seda saab interaktiivseks v\u00e4ljapanekuks ettevaatlikult k\u00e4sitseda. Komplektis olevad tarvikud t\u00e4iustavad esitlust ja lisavad kogumisobjektiks s\u00fcgavust.<\/div>\n<h3>Peamised omadused ja eelised<\/h3>\n<ol>\n<li>19-tolline realistlik vasts\u00fcndinu suurus<\/li>\n<li>Pehme silikoonmaterjal loomuliku nahatundega<\/li>\n<li>K\u00e4sitsi maalitud detailid viimistletud viimistluse saavutamiseks<\/li>\n<li>Komplektis lutt, pudel ja riided<\/li>\n<\/ol>\n<div>See kollektsioonieseme on vaba ohtlikest kemikaalidest ja hoolika meisterlikkusega disainitud ning kujutab endast taass\u00fcndinud silikoonnukku avatari rafineeritud kujul.<\/div>\n<h3>Toote spetsifikatsioonid<\/h3>\n<ul>\n<li>K\u00f5rge riskiga kemikaal: puudub<\/li>\n<li>Sugu: T\u00fcdruk<\/li>\n<li>M\u00f5\u00f5tmed: 19 tolli<\/li>\n<li>Materjal: Silikoon<\/li>\n<li>Pakendi sisu: nukk, riided, magnetiline lutt, lutipudel, s\u00fcnnitunnistus<\/li>\n<\/ul>","protected":false},"excerpt":{"rendered":"<div>19-tollise suurusega taass\u00fcndinud silikoonnukk avatari pehme ja elutruu puudutusega. Komplektis on kost\u00fc\u00fcmid ja aksessuaarid, loodud kollektsion\u00e4\u00e4ridele ja sobib kingituseks.<\/div>","protected":false},"featured_media":4228,"comment_status":"open","ping_status":"closed","template":"","meta":[],"product_brand":[],"product_cat":[241,239,144,155,146,157],"product_tag":[],"class_list":{"0":"post-4227","1":"product","2":"type-product","3":"status-publish","4":"has-post-thumbnail","6":"product_cat-19-inch-reborn-dolls","7":"product_cat-avatar-reborn-dolls","8":"product_cat-baby-girl-reborn-dolls","9":"product_cat-cute-reborn-dolls","10":"product_cat-full-silicone-reborn-dolls","11":"product_cat-real-life-baby-dolls","13":"first","14":"instock","15":"sale","16":"shipping-taxable","17":"purchasable","18":"product-type-simple"},"_links":{"self":[{"href":"https:\/\/www.mkreborns.com\/et\/wp-json\/wp\/v2\/product\/4227","targetHints":{"allow":["GET"]}}],"collection":[{"href":"https:\/\/www.mkreborns.com\/et\/wp-json\/wp\/v2\/product"}],"about":[{"href":"https:\/\/www.mkreborns.com\/et\/wp-json\/wp\/v2\/types\/product"}],"replies":[{"embeddable":true,"href":"https:\/\/www.mkreborns.com\/et\/wp-json\/wp\/v2\/comments?post=4227"}],"wp:featuredmedia":[{"embeddable":true,"href":"https:\/\/www.mkreborns.com\/et\/wp-json\/wp\/v2\/media\/4228"}],"wp:attachment":[{"href":"https:\/\/www.mkreborns.com\/et\/wp-json\/wp\/v2\/media?parent=4227"}],"wp:term":[{"taxonomy":"product_brand","embeddable":true,"href":"https:\/\/www.mkreborns.com\/et\/wp-json\/wp\/v2\/product_brand?post=4227"},{"taxonomy":"product_cat","embeddable":true,"href":"https:\/\/www.mkreborns.com\/et\/wp-json\/wp\/v2\/product_cat?post=4227"},{"taxonomy":"product_tag","embeddable":true,"href":"https:\/\/www.mkreborns.com\/et\/wp-json\/wp\/v2\/product_tag?post=4227"}],"curies":[{"name":"t\u00f6\u00f6leht","href":"https:\/\/api.w.org\/{rel}","templated":true}]}}