{"id":4220,"date":"2026-03-25T02:36:20","date_gmt":"2026-03-25T02:36:20","guid":{"rendered":"https:\/\/www.mkreborns.com\/?post_type=product&#038;p=4220"},"modified":"2026-03-25T02:47:14","modified_gmt":"2026-03-25T02:47:14","slug":"ronal-avatar-silicone-newborn-baby-reborn-doll","status":"publish","type":"product","link":"https:\/\/www.mkreborns.com\/et\/product\/ronal-avatar-silicone-newborn-baby-reborn-doll\/","title":{"rendered":"Ronal Avatar silikoonist vasts\u00fcndinud taass\u00fcndinud nukk"},"content":{"rendered":"<p><strong>Parameetrid:<\/strong><\/p>\n<ul>\n<li>K\u00f5rge riskiga kemikaal: puudub<\/li>\n<li>Sugu: Unisex<\/li>\n<li>M\u00f5\u00f5dud: 12 tolli, 30 cm<\/li>\n<li>Materjal: silikoon<\/li>\n<li>Kaal: Nuku netokaal on umbes 1,15 kg<\/li>\n<\/ul>\n<h2>Pehme silikoonist realismiga taass\u00fcndinud beebide avatari nukud<\/h2>\n<div>See taass\u00fcndinud beebi-avatar-nuku disain on hoolikalt vormitud, et peegeldada vasts\u00fcndinu proportsioone, lisades samal ajal peent fantaasiaesteetikat. Valmistatud tahkest silikoonist, annab kogu keha sujuva ja painduva tunde, mis \u00fcletab traditsioonilise vin\u00fc\u00fcli. T\u00e4ielikult silikoonist taass\u00fcndinud beebi-avatar-nukkude poodides paistab see mudel silma oma kompaktse 12-tollise suuruse ja tasakaalustatud meisterlikkuse poolest.<\/div>\n<h3>Vastupidav konstruktsioon viimistletud visuaalsete detailidega<\/h3>\n<div>\u00d5mblusteta silikoonkorpus tagab vastupidavuse, s\u00e4ilitades samal ajal elutruu kompimiskogemuse. L\u00e4bipaistvate akr\u00fc\u00fclsilmade ja kerge 1,15 kg kaaluga pakub see loomulikku haaret. Realistliku taass\u00fcndinud avatari nukuna soodsa hinnaga pakub see usaldusv\u00e4\u00e4rset kvaliteeti ilma k\u00f5rge hinnata, mist\u00f5ttu sobib see nii kollektsion\u00e4\u00e4ridele kui ka kingituste ostjatele.<\/div>\n<h3>Toote omadused ja eelised<\/h3>\n<ol>\n<li>T\u00e4issilikoonist korpus pehme ja elastse tekstuuriga<\/li>\n<li>12-tolline suurus sobib ideaalselt kuvamiseks ja k\u00e4sitsemiseks<\/li>\n<li>Kerge konstruktsioon, umbes 1,15 kg<\/li>\n<li>Detailsed akr\u00fc\u00fclsilmad l\u00e4bipaistva viimistlusega<\/li>\n<li>Unisex disain mitmek\u00fclgse atraktiivsuse tagamiseks<\/li>\n<\/ol>","protected":false},"excerpt":{"rendered":"<p>Pehme, kompaktne ja visuaalselt pilkup\u00fc\u00fcdev taass\u00fcndinud avatari nukk \u00fchendab \u00f5rnad vasts\u00fcndinu proportsioonid sileda silikoontekstuuriga, et luua k\u00fctkestav v\u00e4ljapanek.<\/p>","protected":false},"featured_media":4221,"comment_status":"open","ping_status":"closed","template":"","meta":[],"product_brand":[],"product_cat":[239,240,145,144,146,156,153],"product_tag":[],"class_list":{"0":"post-4220","1":"product","2":"type-product","3":"status-publish","4":"has-post-thumbnail","6":"product_cat-avatar-reborn-dolls","7":"product_cat-12-inch-reborn-dolls","8":"product_cat-baby-boy-reborn-dolls","9":"product_cat-baby-girl-reborn-dolls","10":"product_cat-full-silicone-reborn-dolls","11":"product_cat-life-sized-dolls","12":"product_cat-newborn-reborn-dolls","14":"first","15":"instock","16":"sale","17":"shipping-taxable","18":"purchasable","19":"product-type-simple"},"_links":{"self":[{"href":"https:\/\/www.mkreborns.com\/et\/wp-json\/wp\/v2\/product\/4220","targetHints":{"allow":["GET"]}}],"collection":[{"href":"https:\/\/www.mkreborns.com\/et\/wp-json\/wp\/v2\/product"}],"about":[{"href":"https:\/\/www.mkreborns.com\/et\/wp-json\/wp\/v2\/types\/product"}],"replies":[{"embeddable":true,"href":"https:\/\/www.mkreborns.com\/et\/wp-json\/wp\/v2\/comments?post=4220"}],"wp:featuredmedia":[{"embeddable":true,"href":"https:\/\/www.mkreborns.com\/et\/wp-json\/wp\/v2\/media\/4221"}],"wp:attachment":[{"href":"https:\/\/www.mkreborns.com\/et\/wp-json\/wp\/v2\/media?parent=4220"}],"wp:term":[{"taxonomy":"product_brand","embeddable":true,"href":"https:\/\/www.mkreborns.com\/et\/wp-json\/wp\/v2\/product_brand?post=4220"},{"taxonomy":"product_cat","embeddable":true,"href":"https:\/\/www.mkreborns.com\/et\/wp-json\/wp\/v2\/product_cat?post=4220"},{"taxonomy":"product_tag","embeddable":true,"href":"https:\/\/www.mkreborns.com\/et\/wp-json\/wp\/v2\/product_tag?post=4220"}],"curies":[{"name":"t\u00f6\u00f6leht","href":"https:\/\/api.w.org\/{rel}","templated":true}]}}