{"id":4202,"date":"2026-03-24T16:06:44","date_gmt":"2026-03-24T16:06:44","guid":{"rendered":"https:\/\/www.mkreborns.com\/?post_type=product&#038;p=4202"},"modified":"2026-03-25T00:45:53","modified_gmt":"2026-03-25T00:45:53","slug":"full-body-silicone-twins-mini-reborn-baby-girl-dolls","status":"publish","type":"product","link":"https:\/\/www.mkreborns.com\/et\/product\/full-body-silicone-twins-mini-reborn-baby-girl-dolls\/","title":{"rendered":"Tracy ja Tasha t\u00e4iskehaga silikoonist kaksikute taass\u00fcndinud nukud"},"content":{"rendered":"<h2>Tracy ja Tasha t\u00e4iskehaga silikoonist kaksikud<\/h2>\n<div>Tracy ja Tasha on peen paar t\u00e4iskehaga silikoonist kaksikuid, mis on t\u00e4pselt vormitud, et peegeldada vasts\u00fcndinu pehmust ja s\u00fcmmeetriat. Neid m\u00fc\u00fcgil olevaid t\u00e4iskehaga silikoonist kaksikuid imetletakse oma pisikese 33 cm suuruse ja tasakaalustatud proportsioonide poolest, mis teeb neist suurep\u00e4rase valiku kollektsion\u00e4\u00e4ridele, kes otsivad armsaid uuestis\u00fcndinud beebinukke, millel on eristuv identiteet.<\/div>\n<h3>Beebit\u00fcdruku kaksikud taass\u00fcndinud minidetailidega<\/h3>\n<div>Taass\u00fcndinud t\u00fcdruk-kaksikutena on Tracy ja Tasha pehmete silikoonkehade ja \u00f5rnade n\u00e4oilmetega, mis peegeldavad p\u00e4ris imikuid. Need taass\u00fcndinud kaksikute beebinukud on kerged ja painduva struktuuriga, mis suurendab realismi, j\u00e4\u00e4des samal ajal h\u00f5lpsasti k\u00e4sitsetavaks ja esitletavaks.<\/div>\n<h3>Omadused ja eelised<\/h3>\n<ol>\n<li>Kompaktne 13-tolline minisuurus detailse skulptuuriga<\/li>\n<li>T\u00e4ispikk silikoonist konstruktsioon pehme puutetundliku viimistlusega<\/li>\n<li>Kerge disain pingutuseta poseerimiseks<\/li>\n<li>Valmistatud ilma k\u00f5rge riskiga kemikaalideta<\/li>\n<\/ol>\n<div>Spetsifikatsioonid<\/div>\n<ul>\n<li>Materjal: Silikoon<\/li>\n<li>Suurus: 13 tolli<\/li>\n<li>Omadused: Mini, pehme<\/li>\n<li>Sugu: T\u00fcdrukud<\/li>\n<li>K\u00f5rge riskiga kemikaal: puudub<\/li>\n<\/ul>\n<div>Tracy ja Tasha pakuvad harmoonilist kaksikute esitust, mis teeb neist erakordse t\u00e4ienduse igale t\u00e4iskehaliste silikoonist kaksikute kollektsioonile.<\/div>","protected":false},"excerpt":{"rendered":"<p>Tracy ja Tasha pakuvad \u00f5rna kaksiku olemust pehme silikoonist tekstuuri ja elutruude vasts\u00fcndinute omadustega, mis on loodud koheselt t\u00e4helepanu k\u00f6itma.<\/p>","protected":false},"featured_media":4203,"comment_status":"open","ping_status":"closed","template":"","meta":[],"product_brand":[],"product_cat":[236,238,146,156,153],"product_tag":[],"class_list":{"0":"post-4202","1":"product","2":"type-product","3":"status-publish","4":"has-post-thumbnail","6":"product_cat-twin-reborn-dolls","7":"product_cat-13-inch-reborn-dolls","8":"product_cat-full-silicone-reborn-dolls","9":"product_cat-life-sized-dolls","10":"product_cat-newborn-reborn-dolls","12":"first","13":"instock","14":"sale","15":"shipping-taxable","16":"purchasable","17":"product-type-simple"},"_links":{"self":[{"href":"https:\/\/www.mkreborns.com\/et\/wp-json\/wp\/v2\/product\/4202","targetHints":{"allow":["GET"]}}],"collection":[{"href":"https:\/\/www.mkreborns.com\/et\/wp-json\/wp\/v2\/product"}],"about":[{"href":"https:\/\/www.mkreborns.com\/et\/wp-json\/wp\/v2\/types\/product"}],"replies":[{"embeddable":true,"href":"https:\/\/www.mkreborns.com\/et\/wp-json\/wp\/v2\/comments?post=4202"}],"wp:featuredmedia":[{"embeddable":true,"href":"https:\/\/www.mkreborns.com\/et\/wp-json\/wp\/v2\/media\/4203"}],"wp:attachment":[{"href":"https:\/\/www.mkreborns.com\/et\/wp-json\/wp\/v2\/media?parent=4202"}],"wp:term":[{"taxonomy":"product_brand","embeddable":true,"href":"https:\/\/www.mkreborns.com\/et\/wp-json\/wp\/v2\/product_brand?post=4202"},{"taxonomy":"product_cat","embeddable":true,"href":"https:\/\/www.mkreborns.com\/et\/wp-json\/wp\/v2\/product_cat?post=4202"},{"taxonomy":"product_tag","embeddable":true,"href":"https:\/\/www.mkreborns.com\/et\/wp-json\/wp\/v2\/product_tag?post=4202"}],"curies":[{"name":"t\u00f6\u00f6leht","href":"https:\/\/api.w.org\/{rel}","templated":true}]}}