{"id":4195,"date":"2026-03-24T08:06:41","date_gmt":"2026-03-24T08:06:41","guid":{"rendered":"https:\/\/www.mkreborns.com\/?post_type=product&#038;p=4195"},"modified":"2026-03-24T08:33:50","modified_gmt":"2026-03-24T08:33:50","slug":"realistic-bonnie-brown-20-inch-vinyl-boy-twin-reborn-doll","status":"publish","type":"product","link":"https:\/\/www.mkreborns.com\/et\/product\/realistic-bonnie-brown-20-inch-vinyl-boy-twin-reborn-doll\/","title":{"rendered":"Realistlik Bonnie Browni 20-tolline vin\u00fc\u00fclist poisist kaksiknukk uuestis\u00fcndinud nukk"},"content":{"rendered":"<h2>Bonnie Browni kaksiku A meisterlik kunstioskus<\/h2>\n<div>Mk Reborns esitleb ikoonilise Bonnie Browni kaksiku skulptuuri peent versiooni, mis j\u00e4\u00e4dvustab imikuea ebamaise s\u00fc\u00fctuse. Igal 20-tollisel vin\u00fc\u00fclloomingul on k\u00e4sitsi maalitud nahalaigud ja pehmed j\u00e4semed, mis j\u00e4ljendavad p\u00e4ris naha pehmust. Kuigi need uuestis\u00fcndinud kaksikutest nukud on taskukohase hinnaga, tagab nende keerukas meisterlikkus neile prestii\u017ese koha teie kureeritud v\u00e4ljapanekul.<\/div>\n<h3>Reborn Twins beebinukkude autentsed omadused<\/h3>\n<div>Need taass\u00fcndinud kaksikute beebinukud saabuvad r\u00e4tsepat\u00f6\u00f6na valminud r\u00f5ivaste ja kombatava v\u00e4limusega, mis n\u00f5uab \u00f5rna k\u00e4sitsemist. Nende anatoomiline t\u00e4psus ja rahulikud n\u00e4oilmed pakuvad terapeutilist l\u00e4henemist neile, kes otsivad realistlikku hoolitsuse simulatsiooni.<\/div>\n<ul>\n<li>Valmistatud esmaklassilisest mittetoksilisest vin\u00fc\u00fclist, et tagada vastupidav konstruktsiooniline terviklikkus.<\/li>\n<li>M\u00f5\u00f5detud 50 cm pikkuseks, et k\u00e4es hoos olles oleks see m\u00e4rkimisv\u00e4\u00e4rne ja realistlik.<\/li>\n<li>Detailne mikrosoonte ja pooll\u00e4bipaistvate k\u00fc\u00fcnevallidega visuaalse s\u00fcgavuse saavutamiseks.<\/li>\n<\/ul>\n<div>Omanikud hindavad nende armsate kaksikute pakutavat seltskonda, kuna need tabavad ideaalselt \u00f5dede-vendade s\u00fcnkroniseeritud v\u00f5lu. Iga esteetiline valik tugevdab selle kvaliteetse Bonnie Browni kaksiknuku vaieldamatut v\u00f5lu.<\/div>","protected":false},"excerpt":{"rendered":"<div>Nende \u00f5rnade lastetoa elanike lapsendamine toob iga kollektsion\u00e4\u00e4ri pelgupaika s\u00fcgava rahutunde. Need hoolikalt kaalutud kaaslased peegeldavad vasts\u00fcndinute anatoomia peeneid n\u00fcansse, luues vahetu emotsionaalse sideme, mis \u00fcletab pelga hobitegevuse piirid.<\/div>","protected":false},"featured_media":4196,"comment_status":"open","ping_status":"closed","template":"","meta":[],"product_brand":[],"product_cat":[237,145,236,152],"product_tag":[],"class_list":{"0":"post-4195","1":"product","2":"type-product","3":"status-publish","4":"has-post-thumbnail","6":"product_cat-20-inch-reborn-dolls","7":"product_cat-baby-boy-reborn-dolls","8":"product_cat-twin-reborn-dolls","9":"product_cat-vinyl-reborn-dolls","11":"first","12":"instock","13":"sale","14":"shipping-taxable","15":"purchasable","16":"product-type-simple"},"_links":{"self":[{"href":"https:\/\/www.mkreborns.com\/et\/wp-json\/wp\/v2\/product\/4195","targetHints":{"allow":["GET"]}}],"collection":[{"href":"https:\/\/www.mkreborns.com\/et\/wp-json\/wp\/v2\/product"}],"about":[{"href":"https:\/\/www.mkreborns.com\/et\/wp-json\/wp\/v2\/types\/product"}],"replies":[{"embeddable":true,"href":"https:\/\/www.mkreborns.com\/et\/wp-json\/wp\/v2\/comments?post=4195"}],"wp:featuredmedia":[{"embeddable":true,"href":"https:\/\/www.mkreborns.com\/et\/wp-json\/wp\/v2\/media\/4196"}],"wp:attachment":[{"href":"https:\/\/www.mkreborns.com\/et\/wp-json\/wp\/v2\/media?parent=4195"}],"wp:term":[{"taxonomy":"product_brand","embeddable":true,"href":"https:\/\/www.mkreborns.com\/et\/wp-json\/wp\/v2\/product_brand?post=4195"},{"taxonomy":"product_cat","embeddable":true,"href":"https:\/\/www.mkreborns.com\/et\/wp-json\/wp\/v2\/product_cat?post=4195"},{"taxonomy":"product_tag","embeddable":true,"href":"https:\/\/www.mkreborns.com\/et\/wp-json\/wp\/v2\/product_tag?post=4195"}],"curies":[{"name":"t\u00f6\u00f6leht","href":"https:\/\/api.w.org\/{rel}","templated":true}]}}