{"id":4165,"date":"2026-03-22T14:35:28","date_gmt":"2026-03-22T14:35:28","guid":{"rendered":"https:\/\/www.mkreborns.com\/product\/18-inch-soft-vinyl-open-eye-reborn-baby-doll\/"},"modified":"2026-03-22T15:34:35","modified_gmt":"2026-03-22T15:34:35","slug":"18-inch-soft-vinyl-open-eye-reborn-baby-doll","status":"publish","type":"product","link":"https:\/\/www.mkreborns.com\/et\/product\/18-inch-soft-vinyl-open-eye-reborn-baby-doll\/","title":{"rendered":"18-tolline pehme vin\u00fc\u00fclist avatud silmadega taass\u00fcndinud beebinukk"},"content":{"rendered":"<p>Sellel taass\u00fcndinud nukul on selgelt n\u00e4htavad veenid ja see on v\u00e4ga realistlik. See saab istuda v\u00f5i lamada, ei r\u00e4\u00e4gi ega pilguta ning sellel pole keerulisi elektroonilisi osi, mist\u00f5ttu on seda lihtne hooldada ja see sobib ideaalselt kollektsioneerimiseks. Nuku puhastamisel k\u00e4sitse seda ettevaatlikult; \u00e4ra kraapi kulme j\u00f5uliselt, et v\u00e4ltida v\u00e4rvi tuhmumist.<\/p>\n<p>&nbsp;<\/p>\n<p>Materjal: T\u00e4iskorpus PVC<br \/>\nSugu: Vali poisi v\u00f5i t\u00fcdruku vahel<br \/>\nK\u00f5rgus: 18 tolli<br \/>\nKaal: 1,1 kg<br \/>\nRipsmed: Kleepuvad ripsmed<br \/>\nPakendi kaal: 1,6 kg<br \/>\nPakendi m\u00f5\u00f5tmed: 46 * 20 * 13 cm<br \/>\nKomplektne komplekt sisaldab: riideid, m\u00e4het, magnetilist lutti, pudelit ja s\u00fcnnitunnistust.<\/p>\n<p>&nbsp;<\/p>\n<p><img decoding=\"async\" src=\"https:\/\/www.mkreborns.com\/wp-content\/uploads\/2026\/03\/O1CN01PhbSDV1lsnmHX7b7l_2831564875-0-cib.jpg\" alt=\"\" title=\"\"><\/p>\n<p><img decoding=\"async\" src=\"https:\/\/www.mkreborns.com\/wp-content\/uploads\/2026\/03\/O1CN01Fqa8AT1lsnmKDSTq1_2831564875-0-cib.jpg\" alt=\"\" title=\"\"><\/p>\n<p>Palun arvestage 0,5\u20131 tollise k\u00e4sitsi m\u00f5\u00f5tlemise tolerantsiga, kuna toodet m\u00f5\u00f5deti k\u00e4sitsi.<\/p>","protected":false},"excerpt":{"rendered":"<p>Taass\u00fcndinud nuku hooldajana saad osta nukule erinevaid r\u00f5ivaid erinevateks s\u00fcndmusteks.<\/p>","protected":false},"featured_media":4167,"comment_status":"open","ping_status":"closed","template":"","meta":[],"product_brand":[],"product_cat":[151,145,144,155,156,154,157,152],"product_tag":[],"class_list":{"0":"post-4165","1":"product","2":"type-product","3":"status-publish","4":"has-post-thumbnail","6":"product_cat-18-inch-reborn-dolls","7":"product_cat-baby-boy-reborn-dolls","8":"product_cat-baby-girl-reborn-dolls","9":"product_cat-cute-reborn-dolls","10":"product_cat-life-sized-dolls","11":"product_cat-lifelike-reborn-dolls","12":"product_cat-real-life-baby-dolls","13":"product_cat-vinyl-reborn-dolls","15":"first","16":"instock","17":"sale","18":"shipping-taxable","19":"purchasable","20":"product-type-variable","21":"has-default-attributes"},"_links":{"self":[{"href":"https:\/\/www.mkreborns.com\/et\/wp-json\/wp\/v2\/product\/4165","targetHints":{"allow":["GET"]}}],"collection":[{"href":"https:\/\/www.mkreborns.com\/et\/wp-json\/wp\/v2\/product"}],"about":[{"href":"https:\/\/www.mkreborns.com\/et\/wp-json\/wp\/v2\/types\/product"}],"replies":[{"embeddable":true,"href":"https:\/\/www.mkreborns.com\/et\/wp-json\/wp\/v2\/comments?post=4165"}],"wp:featuredmedia":[{"embeddable":true,"href":"https:\/\/www.mkreborns.com\/et\/wp-json\/wp\/v2\/media\/4167"}],"wp:attachment":[{"href":"https:\/\/www.mkreborns.com\/et\/wp-json\/wp\/v2\/media?parent=4165"}],"wp:term":[{"taxonomy":"product_brand","embeddable":true,"href":"https:\/\/www.mkreborns.com\/et\/wp-json\/wp\/v2\/product_brand?post=4165"},{"taxonomy":"product_cat","embeddable":true,"href":"https:\/\/www.mkreborns.com\/et\/wp-json\/wp\/v2\/product_cat?post=4165"},{"taxonomy":"product_tag","embeddable":true,"href":"https:\/\/www.mkreborns.com\/et\/wp-json\/wp\/v2\/product_tag?post=4165"}],"curies":[{"name":"t\u00f6\u00f6leht","href":"https:\/\/api.w.org\/{rel}","templated":true}]}}