{"id":4123,"date":"2026-03-19T03:34:52","date_gmt":"2026-03-19T03:34:52","guid":{"rendered":"https:\/\/www.mkreborns.com\/?post_type=product&#038;p=4123"},"modified":"2026-04-03T16:00:43","modified_gmt":"2026-04-03T16:00:43","slug":"magnetic-pacifiers-for-reborn-dolls-cute-dummy-set","status":"publish","type":"product","link":"https:\/\/www.mkreborns.com\/et\/product\/magnetic-pacifiers-for-reborn-dolls-cute-dummy-set\/","title":{"rendered":"Magnetilised lutid Reborn nukkudele, armas mannekeenide komplekt"},"content":{"rendered":"<div class=\"product-specs-list-container\"><\/div>\n<div class=\"detailmodule_text\">\n<h2>Elutruude detailidega magnetilised lutid taass\u00fcndinud nukkudele<\/h2>\n<div>Reborn-nukkudele m&otilde;eldud magnetilised lutid on loodud peegeldama autentseid imikute aksessuaare, pakkudes kollektsion&auml;&auml;ridele ja nukukunstnikele rafineeritud esteetikat. Vastupidavast ABS-plastist valmistatud iga lutt on kerge profiiliga, tagades samal ajal kindla magnetilise kinnituse. Need Reborn-nukkudele m&otilde;eldud magnetilised lutid integreeruvad sujuvalt Reborn-nuku pudelitega ja sobivad vaevata Reborn-nuku pudelite ja luttidega, luues sidusa ja realistliku esitluse.&lt;\/p&gt;<\/div>\n<h3>T\u00e4pne sobivus ja peen meisterlikkus<\/h3>\n<div>20\u201322-tollistele nukkudele loodud kompaktne 4 \u00d7 2,8 cm struktuur tagab proportsioonide t\u00e4psuse. Nukkude kujulised nibud pakuvad veenvat visuaalset elementi, pannes iga aksessuaari tunduma hoolikalt valitud, mitte masstoodanguna toodetud.<\/div>\n<div>Toote eelised ja omadused<\/div>\n<ol>\n<li>Stabiilne sisemine magnet \u00fchtlase paigutuse tagamiseks<\/li>\n<li>Sile ABS-pind \u00f5rnade kontuuridega<\/li>\n<li>Realistlike proportsioonide jaoks skaleeritud m\u00f5\u00f5tmed<\/li>\n<li>Sobib taass\u00fcndinud nukupudelite ja -komplektidega<\/li>\n<li>Peened Dummy Nipples stiilid autentse v\u00e4limuse saavutamiseks<\/li>\n<\/ol>\n<div>Kollektsion\u00e4\u00e4ridele, kes hindavad n\u00fcansirikkaid detaile ja \u00fchtset stiili, t\u00e4iendavad need aksessuaarid iga v\u00e4ljapanekut tasakaalu ja peenusega, muutes taass\u00fcndinud nukkude magnetilised lutid asendamatuks.<\/div>\n<\/div>\n<div><\/div>\n<div>\n<div>Materjal: ABS-plastik<br \/>\nM\u00f5\u00f5tmed: umbes 4 * 2,8 cm \/ 1,57 * 1,10\u201d<br \/>\nSugu: Unisex<br \/>\nFunktsioon 1: Nukumagnetiga lutt<br \/>\nFunktsioon 2: N\u00e4itlejanibud<br \/>\nFunktsioon 3: Imetamispudel<br \/>\nKasutamine: Magnetiga lutt sobib simuleeritud beebinukule.<br \/>\n\u00dclikond 20-22-tollisele beebinukule<\/div>\n<div><\/div>\n<\/div>\n<div class=\"detailmodule_image\"><img decoding=\"async\" class=\"detail-desc-decorate-image\" src=\"https:\/\/www.mkreborns.com\/wp-content\/uploads\/2026\/03\/kf-S248844369ace4c1aa7ecadd1fb1d0d77o.webp\" alt=\"Armas v\u00e4rviliste kujundustega nukukomplekt taass\u00fcndinud nukkudele.\" title=\"\"> <img decoding=\"async\" class=\"detail-desc-decorate-image\" src=\"https:\/\/www.mkreborns.com\/wp-content\/uploads\/2026\/03\/kf-S6c63382f84a445439fd1199024f840611.webp\" alt=\"Armas roosa s\u00fcdamekujuline lutt taass\u00fcndinud nukkudele, ideaalne realistlike nukutarvikute jaoks.\" title=\"\"> <img decoding=\"async\" class=\"detail-desc-decorate-image\" src=\"https:\/\/www.mkreborns.com\/wp-content\/uploads\/2026\/03\/kf-S488c94b7729a465194d2961210c54cf4W.webp\" alt=\"Roosa magnetiline lutikomplekt taass\u00fcndinud nukkudele, ideaalne realistlike nukkude aksessuaaride ja m\u00e4ngu jaoks.\" title=\"\"> <img decoding=\"async\" class=\"detail-desc-decorate-image\" src=\"https:\/\/www.mkreborns.com\/wp-content\/uploads\/2026\/03\/kf-S6d9fe9cd873645dab6046f8da360a0a8b.webp\" alt=\"Armas Reborn Doll lutt leopardi mustriga roosas ja rohelises v\u00e4rvitoonis.\" title=\"\"> <img decoding=\"async\" class=\"detail-desc-decorate-image\" src=\"https:\/\/www.mkreborns.com\/wp-content\/uploads\/2026\/03\/kf-S36de425f031d44459e8cd61cbd96964e7.webp\" alt=\"Reborn nuku lutid magnetiliste klambritega, roosad ja sinised, sobivad ideaalselt realistlike nukuaksessuaaride jaoks.\" title=\"\"> <img decoding=\"async\" class=\"detail-desc-decorate-image\" src=\"https:\/\/www.mkreborns.com\/wp-content\/uploads\/2026\/03\/kf-S8f01849a5e554d6f9882dc6eb12f4d74Q.webp\" alt=\"Taass\u00fcndinud nuku lutt kirjaga &quot;Armastan oma issi&quot; ja roosa s\u00fcdamega.\" title=\"\"> <img decoding=\"async\" class=\"detail-desc-decorate-image\" src=\"https:\/\/www.mkreborns.com\/wp-content\/uploads\/2026\/03\/kf-S360412167aed492087b732d2883baf0dO.webp\" alt=\"\" title=\"\"><img decoding=\"async\" class=\"detail-desc-decorate-image\" src=\"https:\/\/www.mkreborns.com\/wp-content\/uploads\/2026\/03\/kf-Sf7b9cb29f2514cbaa1e852f7cbcb87d3y.webp\" alt=\"Armas nukukomplekt Reborn nuku aksessuaaride jaoks.\" title=\"\"> <img decoding=\"async\" class=\"detail-desc-decorate-image\" src=\"https:\/\/www.mkreborns.com\/wp-content\/uploads\/2026\/03\/kf-S764e1e37d2424828804a097b43bc71c2k.webp\" alt=\"Realistlikud magnetilised lutid taass\u00fcndinud nukkudele, mis sobivad ideaalselt teie kollektsiooni armsa nukukomplekti lisamiseks.\" title=\"\"> <img decoding=\"async\" class=\"detail-desc-decorate-image\" src=\"https:\/\/www.mkreborns.com\/wp-content\/uploads\/2026\/03\/kf-Sf1b85ed7bf994100bf9924d9ab1847392.webp\" alt=\"\" title=\"\"><\/div>\n<div class=\"detailmodule_image\"><img decoding=\"async\" class=\"detail-desc-decorate-image\" src=\"https:\/\/www.mkreborns.com\/wp-content\/uploads\/2026\/03\/kf-S5a111b8135df4b96aa04929da0abd73b6.webp\" alt=\"Reborn nukulutt kollase pardi ja punase k\u00e4epidemega, mis sobib ideaalselt realistlike nukuaksessuaaride jaoks.\" title=\"\"><\/div>","protected":false},"excerpt":{"rendered":"<p>Magnetilised lutid taass\u00fcndinud nukkudele, millel on turvaline istuvus ja elutruu disain. Ideaalne aksessuaar taass\u00fcndinud nukkude lutipudelite ja lutikomplektidega.<\/p>","protected":false},"featured_media":4124,"comment_status":"open","ping_status":"closed","template":"","meta":[],"product_brand":[],"product_cat":[148,162],"product_tag":[],"class_list":{"0":"post-4123","1":"product","2":"type-product","3":"status-publish","4":"has-post-thumbnail","6":"product_cat-reborn-doll-accessories","7":"product_cat-reborn-pacifier","9":"first","10":"instock","11":"sale","12":"shipping-taxable","13":"purchasable","14":"product-type-variable"},"_links":{"self":[{"href":"https:\/\/www.mkreborns.com\/et\/wp-json\/wp\/v2\/product\/4123","targetHints":{"allow":["GET"]}}],"collection":[{"href":"https:\/\/www.mkreborns.com\/et\/wp-json\/wp\/v2\/product"}],"about":[{"href":"https:\/\/www.mkreborns.com\/et\/wp-json\/wp\/v2\/types\/product"}],"replies":[{"embeddable":true,"href":"https:\/\/www.mkreborns.com\/et\/wp-json\/wp\/v2\/comments?post=4123"}],"wp:featuredmedia":[{"embeddable":true,"href":"https:\/\/www.mkreborns.com\/et\/wp-json\/wp\/v2\/media\/4124"}],"wp:attachment":[{"href":"https:\/\/www.mkreborns.com\/et\/wp-json\/wp\/v2\/media?parent=4123"}],"wp:term":[{"taxonomy":"product_brand","embeddable":true,"href":"https:\/\/www.mkreborns.com\/et\/wp-json\/wp\/v2\/product_brand?post=4123"},{"taxonomy":"product_cat","embeddable":true,"href":"https:\/\/www.mkreborns.com\/et\/wp-json\/wp\/v2\/product_cat?post=4123"},{"taxonomy":"product_tag","embeddable":true,"href":"https:\/\/www.mkreborns.com\/et\/wp-json\/wp\/v2\/product_tag?post=4123"}],"curies":[{"name":"t\u00f6\u00f6leht","href":"https:\/\/api.w.org\/{rel}","templated":true}]}}