{"id":4094,"date":"2026-03-19T02:43:43","date_gmt":"2026-03-19T02:43:43","guid":{"rendered":"https:\/\/www.mkreborns.com\/?post_type=product&#038;p=4094"},"modified":"2026-03-19T15:52:52","modified_gmt":"2026-03-19T15:52:52","slug":"reborn-baby-doll-magnetic-pacifier-realistic-fit","status":"publish","type":"product","link":"https:\/\/www.mkreborns.com\/et\/product\/reborn-baby-doll-magnetic-pacifier-realistic-fit\/","title":{"rendered":"Reborni beebinukk\n magnetiline lutt realistliku istuvusega"},"content":{"rendered":"<h2>Reborni beebinuku magnetiline lutt<\/h2>\n<div>Reborni beebinuku magnetlutt on loodud veenva ja loomuliku suhtluse loomiseks nuku ja selle aksessuaaride vahel. Sobides spetsiaalselt vasts\u00fcndinud Reborn-nukkudele, millel on magnetluttide s\u00fcsteem, kinnitub see sujuvalt nukkudele, millel on sisemised magnetid. Selle tasakaalustatud struktuur tagab korrektse joondamise ilma nihkumata, s\u00e4ilitades elutruu v\u00e4limuse.<\/div>\n<h3>Turvaline kinnitus ja realistlikud detailid<\/h3>\n<div>Sellel lutil on sisseehitatud magnetiline s\u00fcdamik, mis v\u00f5imaldab h\u00f5lpsat paigaldamist ja eemaldamist, s\u00e4ilitades samal ajal stabiilsuse. See sobib eriti h\u00e4sti elutruude taass\u00fcndinud nukkude jaoks, mis taluvad p\u00e4ris lutte, pakkudes visuaalselt t\u00e4pset toitmis- v\u00f5i rahustamisasendit. Sile v\u00e4lispind tagab ohutu k\u00e4sitsemise ja viimistletud viimistluse.<\/div>\n<h3>Peamised omadused ja eelised<\/h3>\n<ul>\n<li>Tugev sisemine magnet stabiilse positsioneerimise tagamiseks<\/li>\n<li>M\u00f5eldud vasts\u00fcndinud taass\u00fcndinud nukule magnetilise lutiga<\/li>\n<li>\u00dchildub elutruude taass\u00fcndinud nukkudega, mis sobivad p\u00e4ris luttidega<\/li>\n<li>Kerge konstruktsioon loomuliku paigutuse tagamiseks<\/li>\n<li>Vastupidav materjal korduvaks kasutamiseks<\/li>\n<\/ul>\n<div>See aksessuaar suurendab teie kollektsiooni \u00fcldist realismi, muutes selle oluliseks t\u00e4ienduseks kollektsion\u00e4\u00e4ridele, kes otsivad taass\u00fcndinud beebinukule kvaliteetset magnetilist lutti.<\/div>\n<div>Magnetiline lutt, uuestis\u00fcndinud beebile vajalik! Selle abil saab nukk (suu kinni) lutti imeda! Aga ennek\u00f5ike peaks see olema magnet nuku suus.<\/div>\n<div>Suurus: nagu fotodel n\u00e4ha<\/div>\n<div>Pakend sisaldab: 1 tk<\/div>\n<div class=\"detailmodule_image\"><img decoding=\"async\" class=\"detail-desc-decorate-image\" src=\"https:\/\/www.mkreborns.com\/wp-content\/uploads\/2026\/03\/kf-S57fdc27edc6e45fd90840739bcbc10bdK.webp\" alt=\"\" title=\"\"><img decoding=\"async\" class=\"detail-desc-decorate-image\" src=\"https:\/\/www.mkreborns.com\/wp-content\/uploads\/2026\/03\/kf-Scd0b0263191840aca2c6d9d9092853bb8.webp\" alt=\"\" title=\"\"><img decoding=\"async\" class=\"detail-desc-decorate-image\" src=\"https:\/\/www.mkreborns.com\/wp-content\/uploads\/2026\/03\/kf-Sad85ad6e0e2e4333b9ffe757ec183004e.webp\" alt=\"\" title=\"\"><img decoding=\"async\" class=\"detail-desc-decorate-image\" src=\"https:\/\/www.mkreborns.com\/wp-content\/uploads\/2026\/03\/kf-Sca74611577a2480781484c8c07bd4ff2F.webp\" alt=\"\" title=\"\"><img decoding=\"async\" class=\"detail-desc-decorate-image\" src=\"https:\/\/www.mkreborns.com\/wp-content\/uploads\/2026\/03\/kf-Sa13d45d1c7c54ba29181db819686fb23X.webp\" alt=\"\" title=\"\"><img decoding=\"async\" class=\"detail-desc-decorate-image\" src=\"https:\/\/www.mkreborns.com\/wp-content\/uploads\/2026\/03\/kf-S5499cdc26d4a40e9903777a859be4f1eP.webp\" alt=\"\" title=\"\"><img decoding=\"async\" class=\"detail-desc-decorate-image\" src=\"https:\/\/www.mkreborns.com\/wp-content\/uploads\/2026\/03\/kf-S11408845c0cb4f4193474b5608f40c9fI.webp\" alt=\"\" title=\"\"><img decoding=\"async\" class=\"detail-desc-decorate-image\" src=\"https:\/\/www.mkreborns.com\/wp-content\/uploads\/2026\/03\/kf-S0113e3dd80594293b07c453364e8fb07i.webp\" alt=\"\" title=\"\"><\/div>","protected":false},"excerpt":{"rendered":"<p>T\u00e4pselt valmistatud magnetiline lutt, mis on loodud realismi suurendamiseks, pakkudes turvalist ja loomulikku sobivust \u00fchilduvatele taass\u00fcndinud nukkudele.<\/p>","protected":false},"featured_media":4095,"comment_status":"open","ping_status":"closed","template":"","meta":[],"product_brand":[],"product_cat":[162,148],"product_tag":[],"class_list":{"0":"post-4094","1":"product","2":"type-product","3":"status-publish","4":"has-post-thumbnail","6":"product_cat-reborn-pacifier","7":"product_cat-reborn-doll-accessories","9":"first","10":"instock","11":"sale","12":"shipping-taxable","13":"purchasable","14":"product-type-variable"},"_links":{"self":[{"href":"https:\/\/www.mkreborns.com\/et\/wp-json\/wp\/v2\/product\/4094","targetHints":{"allow":["GET"]}}],"collection":[{"href":"https:\/\/www.mkreborns.com\/et\/wp-json\/wp\/v2\/product"}],"about":[{"href":"https:\/\/www.mkreborns.com\/et\/wp-json\/wp\/v2\/types\/product"}],"replies":[{"embeddable":true,"href":"https:\/\/www.mkreborns.com\/et\/wp-json\/wp\/v2\/comments?post=4094"}],"wp:featuredmedia":[{"embeddable":true,"href":"https:\/\/www.mkreborns.com\/et\/wp-json\/wp\/v2\/media\/4095"}],"wp:attachment":[{"href":"https:\/\/www.mkreborns.com\/et\/wp-json\/wp\/v2\/media?parent=4094"}],"wp:term":[{"taxonomy":"product_brand","embeddable":true,"href":"https:\/\/www.mkreborns.com\/et\/wp-json\/wp\/v2\/product_brand?post=4094"},{"taxonomy":"product_cat","embeddable":true,"href":"https:\/\/www.mkreborns.com\/et\/wp-json\/wp\/v2\/product_cat?post=4094"},{"taxonomy":"product_tag","embeddable":true,"href":"https:\/\/www.mkreborns.com\/et\/wp-json\/wp\/v2\/product_tag?post=4094"}],"curies":[{"name":"t\u00f6\u00f6leht","href":"https:\/\/api.w.org\/{rel}","templated":true}]}}