{"id":4043,"date":"2026-03-18T15:39:40","date_gmt":"2026-03-18T15:39:40","guid":{"rendered":"https:\/\/www.mkreborns.com\/?post_type=product&#038;p=4043"},"modified":"2026-04-03T16:02:07","modified_gmt":"2026-04-03T16:02:07","slug":"complete-reborn-doll-kit-starter-sets-accessories","status":"publish","type":"product","link":"https:\/\/www.mkreborns.com\/et\/product\/complete-reborn-doll-kit-starter-sets-accessories\/","title":{"rendered":"T\u00e4ielik Reborni nuku algkomplekti aksessuaarid"},"content":{"rendered":"<div class=\"product-specs-list-container\">\n<h2>T\u00e4ielik Reborni nuku algkomplekt<\/h2>\n<div>T\u00e4ielikud taass\u00fcndinud nukkude stardikomplektid pakuvad praktilist alust kollektsion\u00e4\u00e4ridele, kes otsivad terviklikku ja elutruud komplekti. See hoolikalt valitud komplekt sisaldab olulisi taass\u00fcndinud nukkude tarvikute komplekte, nagu lutipudelid, lutid ja miniatuursed hooldustarbed, mis k\u00f5ik on proportsioonides 18-tolliste nukkude jaoks. Iga komponent toetab \u00fchtset esteetikat, s\u00e4ilitades samal ajal nii v\u00e4ljapaneku kui ka k\u00e4sitsemise lihtsuse.<\/div>\n<h3>Funktsionaalne disain ja \u00fchtne stiil<\/h3>\n<div>Need silikoonist nukkude aksessuaarid on loodud \u00fchilduvuse tagamiseks ja integreeruvad sujuvalt erinevat t\u00fc\u00fcpi nukkudega, sealhulgas vin\u00fc\u00fcl- ja silikoonvormidega. Materjalid on kerged, kuid vastupidavad, tagades pikaajalise kasutatavuse. Osana m\u00fc\u00fcgil olevatest taass\u00fcndinud nukkude aksessuaaridest tasakaalustab see komplekt taskukohasuse ja detailit\u00e4psuse, mist\u00f5ttu sobib see erineva tasemega kollektsion\u00e4\u00e4ridele.<\/div>\n<h3>Peamised omadused ja eelised<\/h3>\n<ul>\n<li>Sisaldab \u00fches pakendis mitut taass\u00fcndinud beebinuku aksessuaaride komplekti<\/li>\n<li>M\u00f5eldud 43 cm \/ 18-tollistele taass\u00fcndinud nukkudele<\/li>\n<li>Vastupidav plastik ja pehmed komponendid korduvaks kasutamiseks<\/li>\n<li>Kulut\u00f5hus valik odavate taass\u00fcndinud beebinuku aksessuaaride hulgas<\/li>\n<li>\u00dchildub taass\u00fcndinud silikoonist nukkude aksessuaaridega<\/li>\n<\/ul>\n<div>See mitmek\u00fclgne komplekt lihtsustab seadistamist ja suurendab realismi, muutes selle oluliseks lisandiks kollektsion\u00e4\u00e4ridele, kes otsivad t\u00e4ielikke taass\u00fcndinud nukkude stardikomplekte.<\/div>\n<\/div>\n<p><img decoding=\"async\" src=\"https:\/\/ae01.alicdn.com\/kf\/S2ac0c07b28bc4ac8bbc8ec1493f5eca1O.jpg\" alt=\"\" title=\"\"><img decoding=\"async\" src=\"https:\/\/ae01.alicdn.com\/kf\/S6441869820c0453aba5911026275c27ep.jpg\" alt=\"\" title=\"\"><img decoding=\"async\" src=\"https:\/\/ae01.alicdn.com\/kf\/S5ab5abe146bb48fa9a94c8997f2c7ee4Q.jpg\" alt=\"\" title=\"\"><img decoding=\"async\" src=\"https:\/\/ae01.alicdn.com\/kf\/S3be2280f24a34965835a8ce1a38fd957R.jpg\" alt=\"\" title=\"\"><img decoding=\"async\" src=\"https:\/\/ae01.alicdn.com\/kf\/S6fe7d906696141b0ab07dde1e6e5908aw.jpg\" alt=\"\" title=\"\"><img decoding=\"async\" src=\"https:\/\/ae01.alicdn.com\/kf\/S3c5d9ee971ad4bd78e12de7dc8cd6ea2u.jpg\" alt=\"\" title=\"\"><img decoding=\"async\" src=\"https:\/\/ae01.alicdn.com\/kf\/Sebfcb2540dcf40888a721f47209f1862r.jpg\" alt=\"\" title=\"\"><img decoding=\"async\" src=\"https:\/\/ae01.alicdn.com\/kf\/S11f70586ef5d40829a72c2d3c3839908x.jpg\" alt=\"\" title=\"\"><img decoding=\"async\" src=\"https:\/\/ae01.alicdn.com\/kf\/Sa441d5ba97b64c05b54233527ce711d4p.jpg\" alt=\"\" title=\"\"><img decoding=\"async\" src=\"https:\/\/ae01.alicdn.com\/kf\/S33ea08f4b52549eaba6ec4b300eb133en.jpg\" alt=\"\" title=\"\"><img decoding=\"async\" src=\"https:\/\/ae01.alicdn.com\/kf\/Sfe1a1140e2f84221af639b7f50630a7e8.jpg\" alt=\"\" title=\"\"><img decoding=\"async\" src=\"https:\/\/ae01.alicdn.com\/kf\/S81d555bccfea4f4a85ffddd12ce9000aE.jpg\" alt=\"\" title=\"\"><img decoding=\"async\" src=\"https:\/\/ae01.alicdn.com\/kf\/S486e610f959b4b88b28666d56447564f4.jpg\" alt=\"\" title=\"\"><img decoding=\"async\" src=\"https:\/\/ae01.alicdn.com\/kf\/Sfa43f26ea86e4e08913ebcf4b01e20202.jpg\" alt=\"\" title=\"\"><img decoding=\"async\" src=\"https:\/\/ae01.alicdn.com\/kf\/S2382dce1c04247f0b0299b7f841cce3dk.jpg\" alt=\"\" title=\"\"><\/p>","protected":false},"excerpt":{"rendered":"<p>K\u00f5ik-\u00fches algajate komplekt, mis on loodud varustama sinu taass\u00fcndinud nuku oluliste aksessuaaridega, suurendades realismi ja igap\u00e4evast v\u00e4ljapaneku stiili.<\/p>","protected":false},"featured_media":4044,"comment_status":"open","ping_status":"closed","template":"","meta":[],"product_brand":[],"product_cat":[148],"product_tag":[],"class_list":{"0":"post-4043","1":"product","2":"type-product","3":"status-publish","4":"has-post-thumbnail","6":"product_cat-reborn-doll-accessories","8":"first","9":"instock","10":"sale","11":"shipping-taxable","12":"purchasable","13":"product-type-variable","14":"has-default-attributes"},"_links":{"self":[{"href":"https:\/\/www.mkreborns.com\/et\/wp-json\/wp\/v2\/product\/4043","targetHints":{"allow":["GET"]}}],"collection":[{"href":"https:\/\/www.mkreborns.com\/et\/wp-json\/wp\/v2\/product"}],"about":[{"href":"https:\/\/www.mkreborns.com\/et\/wp-json\/wp\/v2\/types\/product"}],"replies":[{"embeddable":true,"href":"https:\/\/www.mkreborns.com\/et\/wp-json\/wp\/v2\/comments?post=4043"}],"wp:featuredmedia":[{"embeddable":true,"href":"https:\/\/www.mkreborns.com\/et\/wp-json\/wp\/v2\/media\/4044"}],"wp:attachment":[{"href":"https:\/\/www.mkreborns.com\/et\/wp-json\/wp\/v2\/media?parent=4043"}],"wp:term":[{"taxonomy":"product_brand","embeddable":true,"href":"https:\/\/www.mkreborns.com\/et\/wp-json\/wp\/v2\/product_brand?post=4043"},{"taxonomy":"product_cat","embeddable":true,"href":"https:\/\/www.mkreborns.com\/et\/wp-json\/wp\/v2\/product_cat?post=4043"},{"taxonomy":"product_tag","embeddable":true,"href":"https:\/\/www.mkreborns.com\/et\/wp-json\/wp\/v2\/product_tag?post=4043"}],"curies":[{"name":"t\u00f6\u00f6leht","href":"https:\/\/api.w.org\/{rel}","templated":true}]}}