{"id":4029,"date":"2026-03-18T15:28:55","date_gmt":"2026-03-18T15:28:55","guid":{"rendered":"https:\/\/www.mkreborns.com\/?post_type=product&#038;p=4029"},"modified":"2026-03-19T15:51:56","modified_gmt":"2026-03-19T15:51:56","slug":"17-18-inch-reborn-doll-feeding-pacifier-accessories","status":"publish","type":"product","link":"https:\/\/www.mkreborns.com\/et\/product\/17-18-inch-reborn-doll-feeding-pacifier-accessories\/","title":{"rendered":"17\u201318-tollise taass\u00fcndinud nuku toitmisluti lisatarvikud"},"content":{"rendered":"<div class=\"product-specs-list-container\"><\/div>\n<div class=\"detailmodule_html\">\n<div class=\"detail-desc-decorate-richtext\">\n<h2>Reborni nuku aksessuaarid \u2013 pudelinibud ilma augustamata<\/h2>\n<div>Reborn nuku aksessuaarid - auguta pudelilutid - on loodud j\u00e4ljendama autentseid imikute toitmisrutiine, s\u00e4ilitades samal ajal nuku terviklikkuse. Komplekt sisaldab hoolikalt vormitud pudeleid, pehmeid silikoonist otsikuid ja kokkusobivaid osi, mis t\u00e4iendavad Reborn nuku lutikomplekti stiili. Need aksessuaarid on loodud kollektsion\u00e4\u00e4ridele, kes eelistavad realismi, ning loovad elutruu hoolitsuse mulje ilma nuku struktuurilisi muudatusi tegemata.<\/div>\n<h3>Ohutu silikoondisain ja realistlikud detailid<\/h3>\n<div>Komplektis olevad enneaegsetele beebidele m\u00f5eldud silikoonlutid ilma auguta on suletud otsaga, mis hoiab \u00e4ra vedeliku voolamise, s\u00e4ilitades samal ajal visuaalse autentsuse. Iga komponent on proportsioonides sobiv 17\u201318-tollistele nukkudele, tagades loomuliku sobivuse toitmisstseenide v\u00f5i v\u00e4ljapanekute puhul.<\/div>\n<h3>Peamised omadused ja eelised<\/h3>\n<ul>\n<li>Komplektis lutipudelid ja taass\u00fcndinud nuku lutipudelid<\/li>\n<li>Suletud otsaga disain ohutuks ja mittefunktsionaalseks toitmise simulatsiooniks<\/li>\n<li>Valmistatud pehmest silikoonist realistliku tekstuuri saavutamiseks<\/li>\n<li>\u00dchildub 17\u201318-tolliste taass\u00fcndinud nukkudega<\/li>\n<li>Ideaalne kasutamiseks enneaegsetele beebidele m\u00f5eldud silikoonluttidega, millel pole auke.<\/li>\n<\/ul>\n<div>See hoolikalt kokku pandud komplekt suurendab visuaalset jutuvestmist ja kollektsiooni v\u00e4\u00e4rtust, muutes selle usaldusv\u00e4\u00e4rseks valikuks k\u00f5igile, kes otsivad taass\u00fcndinud nuku aksessuaare ilma auguta pudeliluttideta.<\/div>\n<p><img decoding=\"async\" src=\"https:\/\/www.mkreborns.com\/wp-content\/uploads\/2026\/03\/kf-S821bc0c09e4b42a393cbbc2780b410d4P.webp\" alt=\"\" title=\"\"><img decoding=\"async\" src=\"https:\/\/www.mkreborns.com\/wp-content\/uploads\/2026\/03\/kf-S3ddca035184249b39a97908487b4d497n.webp\" alt=\"\" title=\"\"><img decoding=\"async\" src=\"https:\/\/www.mkreborns.com\/wp-content\/uploads\/2026\/03\/kf-Se4f5ae05ae6f4ec4a8ef9889288959d4L.webp\" alt=\"\" title=\"\"><img decoding=\"async\" src=\"https:\/\/www.mkreborns.com\/wp-content\/uploads\/2026\/03\/kf-S63a5bb887a674b8ab8ce2a3c3e8dc6den.webp\" alt=\"\" title=\"\"><span style=\"font-size: 18px;\"><strong>V\u00e4ike suurus roosa:<\/strong><\/span><img decoding=\"async\" src=\"https:\/\/www.mkreborns.com\/wp-content\/uploads\/2026\/03\/kf-S5937a950d18c457d9632bc051f5569f9r.webp\" alt=\"\" title=\"\"><\/p>\n<p><span style=\"font-size: 18px;\"><strong>V\u00e4ike suurus sinine:<\/strong><\/span><img decoding=\"async\" src=\"https:\/\/www.mkreborns.com\/wp-content\/uploads\/2026\/03\/kf-Scbcae8c5f5a14ec8ac5007fdc863b93cg.webp\" alt=\"\" title=\"\"><img decoding=\"async\" src=\"https:\/\/www.mkreborns.com\/wp-content\/uploads\/2026\/03\/kf-S5e160258b8954f42a85e81b8690efd27l.webp\" alt=\"\" title=\"\"><img decoding=\"async\" src=\"https:\/\/www.mkreborns.com\/wp-content\/uploads\/2026\/03\/kf-Sb8e5eb1c653f4d77bd66c73376d647894.webp\" alt=\"\" title=\"\"><img decoding=\"async\" src=\"https:\/\/www.mkreborns.com\/wp-content\/uploads\/2026\/03\/kf-S42bdf04560824f58a60c86c965c4d3f5Q.webp\" alt=\"\" title=\"\"><img decoding=\"async\" src=\"https:\/\/www.mkreborns.com\/wp-content\/uploads\/2026\/03\/kf-Sf8bed42865e04064a00206620943d9dfR.webp\" alt=\"\" title=\"\"><img decoding=\"async\" src=\"https:\/\/www.mkreborns.com\/wp-content\/uploads\/2026\/03\/kf-S419dce937a6049f997aa62428da2071dR.webp\" alt=\"Taass\u00fcndinud nuku toitmistarvikud, sh lutipudel, lutt ja toitmisvahendid.\" title=\"\"><\/p>\n<\/div>\n<\/div>","protected":false},"excerpt":{"rendered":"<div>T\u00e4ielik toitmistarvikute komplekt, mis on loodud 17\u201318-tollistele taass\u00fcndinud nukkudele, \u00fchendades realismi, ohutuse ja peened detailid \u00fches kompaktses komplektis.<\/div>","protected":false},"featured_media":4030,"comment_status":"open","ping_status":"closed","template":"","meta":[],"product_brand":[],"product_cat":[148,162],"product_tag":[],"class_list":{"0":"post-4029","1":"product","2":"type-product","3":"status-publish","4":"has-post-thumbnail","6":"product_cat-reborn-doll-accessories","7":"product_cat-reborn-pacifier","9":"first","10":"instock","11":"sale","12":"shipping-taxable","13":"purchasable","14":"product-type-variable","15":"has-default-attributes"},"_links":{"self":[{"href":"https:\/\/www.mkreborns.com\/et\/wp-json\/wp\/v2\/product\/4029","targetHints":{"allow":["GET"]}}],"collection":[{"href":"https:\/\/www.mkreborns.com\/et\/wp-json\/wp\/v2\/product"}],"about":[{"href":"https:\/\/www.mkreborns.com\/et\/wp-json\/wp\/v2\/types\/product"}],"replies":[{"embeddable":true,"href":"https:\/\/www.mkreborns.com\/et\/wp-json\/wp\/v2\/comments?post=4029"}],"wp:featuredmedia":[{"embeddable":true,"href":"https:\/\/www.mkreborns.com\/et\/wp-json\/wp\/v2\/media\/4030"}],"wp:attachment":[{"href":"https:\/\/www.mkreborns.com\/et\/wp-json\/wp\/v2\/media?parent=4029"}],"wp:term":[{"taxonomy":"product_brand","embeddable":true,"href":"https:\/\/www.mkreborns.com\/et\/wp-json\/wp\/v2\/product_brand?post=4029"},{"taxonomy":"product_cat","embeddable":true,"href":"https:\/\/www.mkreborns.com\/et\/wp-json\/wp\/v2\/product_cat?post=4029"},{"taxonomy":"product_tag","embeddable":true,"href":"https:\/\/www.mkreborns.com\/et\/wp-json\/wp\/v2\/product_tag?post=4029"}],"curies":[{"name":"t\u00f6\u00f6leht","href":"https:\/\/api.w.org\/{rel}","templated":true}]}}