{"id":4000,"date":"2026-03-18T14:46:48","date_gmt":"2026-03-18T14:46:48","guid":{"rendered":"https:\/\/www.mkreborns.com\/?post_type=product&#038;p=4000"},"modified":"2026-03-19T15:52:09","modified_gmt":"2026-03-19T15:52:09","slug":"american-girl-doll-clothes-fit-18-inch-reborns-set","status":"publish","type":"product","link":"https:\/\/www.mkreborns.com\/et\/product\/american-girl-doll-clothes-fit-18-inch-reborns-set\/","title":{"rendered":"Ameerika t\u00fcdruk nuku riided sobivad 18-tollistele Rebornsidele"},"content":{"rendered":"<div class=\"product-specs-list-container\">\n<h2>Ameerika t\u00fcdruk nuku riided sobivad Reborn-nukkudele<\/h2>\n<div>Ameerika t\u00fcdrukute nukkude riided sobivad taass\u00fcndinutele m\u00e4rkimisv\u00e4\u00e4rselt t\u00e4pselt, tagades \u00fchilduvuse 18-tolliste nukkudega, mis j\u00e4rgivad realistlikke proportsioone. Need kost\u00fc\u00fcmid on struktureeritud sobima uute stiilidega taass\u00fcndinud riidest nukkude kehadega, pakkudes tasakaalustatud siluetti, mis suurendab autentsust. Olenemata sellest, kas need on m\u00f5eldud eksponeerimiseks v\u00f5i \u00f5rnaks k\u00e4sitsemiseks, peegeldab iga ese l\u00e4bim\u00f5eldud meisterlikkust.<\/div>\n<h3>Kohandatud disain ja materjalide terviklikkus<\/h3>\n<div>Need k\u00e4sitsi valmistatud taass\u00fcndinud nukuriidekomplektid on valmistatud pehmest, kuid vastupidavast kangast ning s\u00e4ilitavad struktuuri ilma j\u00e4ikuseta. \u00d5mblused j\u00e4rgivad anatoomilisi kontuure, v\u00f5imaldades r\u00f5ivaesemel nuku raamile loomulikult istuda. See tagab nii visuaalse t\u00e4psuse kui ka pikaajalise kasutatavuse.<\/div>\n<h3>Peamised omadused ja eelised<\/h3>\n<ul>\n<li>M\u00f5eldud t\u00e4pselt 43 cm \/ 18-tollistele Rebornidele<\/li>\n<li>Sobib nii beebipoisi taass\u00fcndinud nuku riietele kui ka neutraalsetele stiilidele<\/li>\n<li>Tugevdatud \u00f5mblused pikema vastupidavuse tagamiseks<\/li>\n<li>Kerge tekstiil mugavaks k\u00e4sitsemiseks<\/li>\n<li>\u00dchildub uute stiilidega taass\u00fcndinud riidest nukkude kehadega<\/li>\n<\/ul>\n<div>Selle komplekti tasakaalustatud struktuur ja pehmus lisavad igale kollektsioonile s\u00fcgavust ja realismi, muutes selle usaldusv\u00e4\u00e4rseks valikuks kollektsion\u00e4\u00e4ridele, kes otsivad Ameerika t\u00fcdruk nuku riideid, mis sobivad Reborn-nukkudele.<\/div>\n<div><\/div>\n<\/div>\n<div class=\"detailmodule_html\">\n<div class=\"detail-desc-decorate-richtext\">\n<p style=\"text-align: center; margin: 0px;\" align=\"center\"><img decoding=\"async\" src=\"https:\/\/www.mkreborns.com\/wp-content\/uploads\/2026\/03\/kf-Sbb815d83d55a42c6b75a953932f9eec9r.webp\" alt=\"\" title=\"\"><img decoding=\"async\" src=\"https:\/\/www.mkreborns.com\/wp-content\/uploads\/2026\/03\/kf-Sc2b352c412684bd7acc6bb9bcdf0c927X.webp\" alt=\"\" title=\"\"><img decoding=\"async\" src=\"https:\/\/www.mkreborns.com\/wp-content\/uploads\/2026\/03\/kf-S359e5961003a4ef683ca7929699e081fB.webp\" alt=\"\" title=\"\"><img decoding=\"async\" src=\"https:\/\/www.mkreborns.com\/wp-content\/uploads\/2026\/03\/kf-Scc518a1bba6e434daac8f2dece7ee61fs.webp\" alt=\"\" title=\"\"><img decoding=\"async\" src=\"https:\/\/www.mkreborns.com\/wp-content\/uploads\/2026\/03\/kf-S5c9fd673d94b407495c1b13241048299B.webp\" alt=\"\" title=\"\"><img decoding=\"async\" src=\"https:\/\/www.mkreborns.com\/wp-content\/uploads\/2026\/03\/kf-S4b118a05358c496d84bb2426874d92c8u.webp\" alt=\"\" title=\"\"><img decoding=\"async\" src=\"https:\/\/www.mkreborns.com\/wp-content\/uploads\/2026\/03\/kf-S41958fdfe8b14b4481003fedf9275197D.webp\" alt=\"\" title=\"\"><img decoding=\"async\" src=\"https:\/\/www.mkreborns.com\/wp-content\/uploads\/2026\/03\/kf-Sb7de3410d1f5466194271c86cc3b11047.webp\" alt=\"\" title=\"\"><img decoding=\"async\" src=\"https:\/\/www.mkreborns.com\/wp-content\/uploads\/2026\/03\/kf-Sf2d8e29dcfbb4426a9b5e0f048bc41bbl.webp\" alt=\"\" title=\"\"><img decoding=\"async\" src=\"https:\/\/www.mkreborns.com\/wp-content\/uploads\/2026\/03\/kf-S87f2002a343949f78d65c595eb6297c7W.webp\" alt=\"\" title=\"\"><img decoding=\"async\" src=\"https:\/\/www.mkreborns.com\/wp-content\/uploads\/2026\/03\/kf-Se889b72926b445a58aea59fc7b6b49b5L.webp\" alt=\"\" title=\"\"><\/p>\n<\/div>\n<\/div>","protected":false},"excerpt":{"rendered":"<div>Hoolikalt \u00f5mmeldud r\u00f5ivad, mis on loodud 18-tollistele uuestis\u00fcndinutele, \u00fchendades klassikalise stiili pehmete materjalidega, et saavutada rafineeritud ja elutruu v\u00e4limus.<\/div>","protected":false},"featured_media":4001,"comment_status":"open","ping_status":"closed","template":"","meta":[],"product_brand":[],"product_cat":[159,148],"product_tag":[],"class_list":{"0":"post-4000","1":"product","2":"type-product","3":"status-publish","4":"has-post-thumbnail","6":"product_cat-clothes-for-reborn-dolls","7":"product_cat-reborn-doll-accessories","9":"first","10":"instock","11":"sale","12":"shipping-taxable","13":"purchasable","14":"product-type-variable","15":"has-default-attributes"},"_links":{"self":[{"href":"https:\/\/www.mkreborns.com\/et\/wp-json\/wp\/v2\/product\/4000","targetHints":{"allow":["GET"]}}],"collection":[{"href":"https:\/\/www.mkreborns.com\/et\/wp-json\/wp\/v2\/product"}],"about":[{"href":"https:\/\/www.mkreborns.com\/et\/wp-json\/wp\/v2\/types\/product"}],"replies":[{"embeddable":true,"href":"https:\/\/www.mkreborns.com\/et\/wp-json\/wp\/v2\/comments?post=4000"}],"wp:featuredmedia":[{"embeddable":true,"href":"https:\/\/www.mkreborns.com\/et\/wp-json\/wp\/v2\/media\/4001"}],"wp:attachment":[{"href":"https:\/\/www.mkreborns.com\/et\/wp-json\/wp\/v2\/media?parent=4000"}],"wp:term":[{"taxonomy":"product_brand","embeddable":true,"href":"https:\/\/www.mkreborns.com\/et\/wp-json\/wp\/v2\/product_brand?post=4000"},{"taxonomy":"product_cat","embeddable":true,"href":"https:\/\/www.mkreborns.com\/et\/wp-json\/wp\/v2\/product_cat?post=4000"},{"taxonomy":"product_tag","embeddable":true,"href":"https:\/\/www.mkreborns.com\/et\/wp-json\/wp\/v2\/product_tag?post=4000"}],"curies":[{"name":"t\u00f6\u00f6leht","href":"https:\/\/api.w.org\/{rel}","templated":true}]}}