{"id":3967,"date":"2026-03-18T14:33:08","date_gmt":"2026-03-18T14:33:08","guid":{"rendered":"https:\/\/www.mkreborns.com\/?post_type=product&#038;p=3967"},"modified":"2026-03-19T15:51:44","modified_gmt":"2026-03-19T15:51:44","slug":"reborn-clothes-accessories-for-18-inch-baby-dolls","status":"publish","type":"product","link":"https:\/\/www.mkreborns.com\/et\/product\/reborn-clothes-accessories-for-18-inch-baby-dolls\/","title":{"rendered":"Taass\u00fcndinud riided ja aksessuaarid 18-tollistele beebinukkudele"},"content":{"rendered":"<div class=\"product-specs-list-container\"><\/div>\n<h2>18-tollise nuku taass\u00fcndinud riided ja aksessuaarid<\/h2>\n<div>T\u00e4ienda oma kollektsiooni 18-tollise nuku jaoks m\u00f5eldud taass\u00fcndinud riiete ja aksessuaaridega, mis \u00fchendavad endas pehmuse, proportsioonide t\u00e4psuse ja \u00f5rnad detailid. See komplekt on loodud taass\u00fcndinud nuku t\u00fcdrukute riiete jaoks, pakkudes mugavat, kuid hingavat istuvust, mis sobib igap\u00e4evaseks esitlemiseks v\u00f5i \u00f5rnaks m\u00e4nguks. Vasts\u00fcndinu suuruses riiete jaoks on iga \u00f5mblus loodud realistlike proportsioonidega.<\/div>\n<h3>Pehme kangas ja realistlik l\u00f5ige<\/h3>\n<div>Need m\u00fc\u00fcgil olevad taass\u00fcndinud nukuriided on valmistatud nahas\u00f5bralikest tekstiilisegudest ning tagavad vastupidavuse ilma j\u00e4ikuseta. Pid\u017eaamastiilis kombinesoon ja sobiv peav\u00f5ru loovad tervikliku ilme, mis peegeldab p\u00e4ris imiku riideid, suurendades autentsust.<\/div>\n<h3>Peamised omadused ja eelised<\/h3>\n<ul>\n<li>T\u00e4pne suurus 43 cm \/ 18-tollistele nukkudele<\/li>\n<li>Kerge ja hingav kangas pikaajaliseks kasutamiseks<\/li>\n<li>Koordineeritud peapael ja riietus visuaalse harmoonia saavutamiseks<\/li>\n<li>Lihtne selga panna ja \u00e4ra v\u00f5tta ilma nukku kahjustamata<\/li>\n<li>Loodud sobima vasts\u00fcndinu suurustes riiete jaoks taass\u00fcndinud nuku keha suurusega<\/li>\n<\/ul>\n<p><img decoding=\"async\" src=\"https:\/\/www.mkreborns.com\/wp-content\/uploads\/2026\/03\/kf-S40bcb2d745f243b0ac197bc48f6bb6dbx.webp\" alt=\"\" title=\"\"><img decoding=\"async\" src=\"https:\/\/www.mkreborns.com\/wp-content\/uploads\/2026\/03\/kf-S9d7cb36d8c764e6690d526b0ce60fb4aI.webp\" alt=\"\" title=\"\"><img decoding=\"async\" src=\"https:\/\/www.mkreborns.com\/wp-content\/uploads\/2026\/03\/kf-Sb1f13dda0f34493aa705b82d4e856fa73.webp\" alt=\"Taass\u00fcndinud beebinukk, kes kannab pastellsinist pilveteemalist pid\u017eaama ja sobivat lipsu.\" title=\"\"> <img decoding=\"async\" src=\"https:\/\/www.mkreborns.com\/wp-content\/uploads\/2026\/03\/kf-S9eb58c97784b4d8e8630b3bb29ba3d71q.webp\" alt=\"Taass\u00fcndinud nuku riiete ja peav\u00f5ru komplekt 18-tollistele beebinukkudele, pastellsinine \u00fckssarviku ja t\u00e4hemustriga.\" title=\"\"> <img decoding=\"async\" src=\"https:\/\/www.mkreborns.com\/wp-content\/uploads\/2026\/03\/kf-S32e35349cb7a4c74a9181d2cd6f3b5ccD.webp\" alt=\"Taass\u00fcndinud nukk kannab roosat flamingomustriga romperit ja sobivat lipsuga peapaela.\" title=\"\"> <img decoding=\"async\" src=\"https:\/\/www.mkreborns.com\/wp-content\/uploads\/2026\/03\/kf-Sd4ef8109e5074e219e38b3e17abe3635B.webp\" alt=\"Taass\u00fcndinud riided 18-tollistele nukkudele, millel on roosad flamingod ja troopilised lehed, sisaldab sobivaid riideid.\" title=\"\"> <img decoding=\"async\" src=\"https:\/\/www.mkreborns.com\/wp-content\/uploads\/2026\/03\/kf-Sbe46a70726fa4c6f999f6de491f849a4Z.webp\" alt=\"\" title=\"\"><img decoding=\"async\" src=\"https:\/\/www.mkreborns.com\/wp-content\/uploads\/2026\/03\/kf-Sb4849fb2a5864bc49c556618df90f750e.webp\" alt=\"Roosa j\u00e4nku mustriga taass\u00fcndinud riidekomplekt sisaldab kombinesooni ja sobivat peav\u00f5ru 18-tollisele beebile.\" title=\"\"> <img decoding=\"async\" src=\"https:\/\/www.mkreborns.com\/wp-content\/uploads\/2026\/03\/kf-S972565e0ad5241be85d3a9f956205ca52.webp\" alt=\"Armas 45-sentimeetrine liblikaprindiga romperis ja sobiva peapaelaga beebinukk, mis sobib ideaalselt m\u00e4ssuks.\" title=\"\"> <img decoding=\"async\" src=\"https:\/\/www.mkreborns.com\/wp-content\/uploads\/2026\/03\/kf-Sa49c502928d04522a7a1b613be6585d31.webp\" alt=\"Armas liblikamustriga taass\u00fcndinud nuku kost\u00fc\u00fcm peapaelaga.\" title=\"\"> <img decoding=\"async\" src=\"https:\/\/www.mkreborns.com\/wp-content\/uploads\/2026\/03\/kf-S71a31cd1726940bfb5fa0232ac31a7a51.webp\" alt=\"\" title=\"\"><img decoding=\"async\" src=\"https:\/\/www.mkreborns.com\/wp-content\/uploads\/2026\/03\/kf-S37ddcbd70cdd47688a6abc7b71235779c.webp\" alt=\"\" title=\"\"><img decoding=\"async\" src=\"https:\/\/www.mkreborns.com\/wp-content\/uploads\/2026\/03\/kf-S2017717e0716497181175d0359e716ec3.webp\" alt=\"Taass\u00fcndinud beebinukk roosas lipsuga pid\u017eaamas, sobib ideaalselt 18-tollise nuku aksessuaarideks.\" title=\"\"> <img decoding=\"async\" src=\"https:\/\/www.mkreborns.com\/wp-content\/uploads\/2026\/03\/kf-S8ca62c183bb6408b90cfb18769b596d1W.webp\" alt=\"Taass\u00fcndinud nukk roosas \u00fckssarviku-pid\u017eaamas peapaelaga, ideaalne 18-tollistele beebinukkudele.\" title=\"\"> <img decoding=\"async\" src=\"https:\/\/www.mkreborns.com\/wp-content\/uploads\/2026\/03\/kf-S08139c559d5c488a873e7df7b7e9eaeap.webp\" alt=\"\" title=\"\"><img decoding=\"async\" src=\"https:\/\/www.mkreborns.com\/wp-content\/uploads\/2026\/03\/kf-S1d05e5dd8c1047c794fdaaffc5e50cd6w.webp\" alt=\"\" title=\"\"><img decoding=\"async\" src=\"https:\/\/www.mkreborns.com\/wp-content\/uploads\/2026\/03\/kf-S47568eab67e24e45971726db1715bb7bT.webp\" alt=\"\" title=\"\"><img decoding=\"async\" src=\"https:\/\/www.mkreborns.com\/wp-content\/uploads\/2026\/03\/kf-S62d6a425453c4d90956ebcc5428f0afc8.webp\" alt=\"Armsad roosad pl\u00fc\u00fcsist hiireteemalised kingad, mis on disainitud 18-tollistele nukkudele ja sobivad ideaalselt taass\u00fcndinud nukkude aksessuaarideks.\" title=\"\"><\/p>","protected":false},"excerpt":{"rendered":"<div>Pehmed ja h\u00e4stiistuvad taass\u00fcndinud riided ja aksessuaarid 18-tollisele nukule, mis on loodud selleks, et tuua igale hinnalisele nukule elutruu v\u00f5lu ja mugavust.<\/div>","protected":false},"featured_media":3968,"comment_status":"open","ping_status":"closed","template":"","meta":[],"product_brand":[],"product_cat":[159,148],"product_tag":[],"class_list":{"0":"post-3967","1":"product","2":"type-product","3":"status-publish","4":"has-post-thumbnail","6":"product_cat-clothes-for-reborn-dolls","7":"product_cat-reborn-doll-accessories","9":"first","10":"instock","11":"sale","12":"shipping-taxable","13":"purchasable","14":"product-type-variable"},"_links":{"self":[{"href":"https:\/\/www.mkreborns.com\/et\/wp-json\/wp\/v2\/product\/3967","targetHints":{"allow":["GET"]}}],"collection":[{"href":"https:\/\/www.mkreborns.com\/et\/wp-json\/wp\/v2\/product"}],"about":[{"href":"https:\/\/www.mkreborns.com\/et\/wp-json\/wp\/v2\/types\/product"}],"replies":[{"embeddable":true,"href":"https:\/\/www.mkreborns.com\/et\/wp-json\/wp\/v2\/comments?post=3967"}],"wp:featuredmedia":[{"embeddable":true,"href":"https:\/\/www.mkreborns.com\/et\/wp-json\/wp\/v2\/media\/3968"}],"wp:attachment":[{"href":"https:\/\/www.mkreborns.com\/et\/wp-json\/wp\/v2\/media?parent=3967"}],"wp:term":[{"taxonomy":"product_brand","embeddable":true,"href":"https:\/\/www.mkreborns.com\/et\/wp-json\/wp\/v2\/product_brand?post=3967"},{"taxonomy":"product_cat","embeddable":true,"href":"https:\/\/www.mkreborns.com\/et\/wp-json\/wp\/v2\/product_cat?post=3967"},{"taxonomy":"product_tag","embeddable":true,"href":"https:\/\/www.mkreborns.com\/et\/wp-json\/wp\/v2\/product_tag?post=3967"}],"curies":[{"name":"t\u00f6\u00f6leht","href":"https:\/\/api.w.org\/{rel}","templated":true}]}}