{"id":3914,"date":"2026-03-18T13:49:16","date_gmt":"2026-03-18T13:49:16","guid":{"rendered":"https:\/\/www.mkreborns.com\/?post_type=product&#038;p=3914"},"modified":"2026-03-19T15:50:41","modified_gmt":"2026-03-19T15:50:41","slug":"handmade-20-22-inch-reborn-doll-outfits-and-princess-dress-sets","status":"publish","type":"product","link":"https:\/\/www.mkreborns.com\/et\/product\/handmade-20-22-inch-reborn-doll-outfits-and-princess-dress-sets\/","title":{"rendered":"K\u00e4sitsi valmistatud 20\u201322-tollised taass\u00fcndinud nukkude riided ja printsessikleidid"},"content":{"rendered":"<div class=\"product-specs-list-container\">\n<h2>Peened garderoobitarbed teie elutruudele imikutele<\/h2>\n<div>Taass\u00fcndinud lapse eest hoolitsemine h\u00f5lmab enamat kui lihtsalt \u00f5rnu puudutusi; see n\u00f5uab garderoobi, mis peegeldab tema \u00f5rna ilu. Meie kureeritud 20\u201322-tolliste taass\u00fcndinud nukkude riiete kollektsioon pakub sujuvat istuvust nukkudele pikkusega 50\u201355 sentimeetrit. Iga komplekt on hoolikalt \u00f5mmeldud kvaliteetsetest tekstiilidest, mis pakuvad pehmet kompimistunnet teie kollektsioonieseme vin\u00fc\u00fcl- v\u00f5i silikoonpindadel. Olenemata sellest, kas riietate v\u00e4ikelast t\u00fcdrukut v\u00f5i vasts\u00fcndinu suurust figuuri, pakuvad need r\u00f5ivad teie hobi jaoks vajalikku esteetilist viimistlust ilma lisatasuta.<\/div>\n<h3>Mitmek\u00fclgsed hooajalised stiilid ja funktsionaalsed aksessuaarid<\/h3>\n<div>Lastetoa realismi s\u00e4ilitamine t\u00e4hendab iga kliima jaoks sobiva riietuse olemasolu. Alates hingavatest puuvillasegudest suvisteks v\u00e4ljas\u00f5itudeks kuni kihiliste ja hubaste kudumiteni talvisteks riieteks \u2013 meie valik rahuldab iga stiilieelistuse. Need odavad taass\u00fcndinud nukuriided pakuvad taskukohast v\u00f5imalust oma kollektsiooni mitmek\u00fclgsuse laiendamiseks, s\u00e4ilitades samal ajal k\u00f5rged meisterlikkuse standardid.<\/div>\n<ul>\n<li>K\u00e4sitsi \u00f5mmeldud printsessikleidid keerukate pitsi- ja paeldetailidega.<\/li>\n<li>Vastupidav kangakonstruktsioon, mis talub sagedast riietumist ja poseerimist.<\/li>\n<li>Erksad ja mittetoksilised v\u00e4rvained tagavad ohutuse ja pikaajalise v\u00e4rvik\u00fcllastuse.<\/li>\n<li>Koordineeritud komplektid, mis lihtsustavad nii amat\u00f6\u00f6r- kui ka professionaalsete kollektsion\u00e4\u00e4ride stiilimist.<\/li>\n<\/ul>\n<div>Nukuomaniku r\u00f5\u00f5m suureneb, kui valid ideaalsed silikoonist beebinukkude riided ja aksessuaarid, et t\u00e4iendada oma lastetoa ainulaadset ilmet. Valides meie kvaliteetsed 20-tollised beebinukkude riided, tagad, et sinu beebi j\u00e4\u00e4b sinu kollektsiooni keskpunktiks, kandes samal ajal parimaid 22-tollisi beebinukkude riideid.<\/div>\n<\/div>\n<p><img decoding=\"async\" src=\"https:\/\/www.mkreborns.com\/wp-content\/uploads\/2026\/03\/kf-S2e01ded1844b4877bf4c33f55020ae11c.webp\" alt=\"\" title=\"\"><img decoding=\"async\" src=\"https:\/\/www.mkreborns.com\/wp-content\/uploads\/2026\/03\/kf-S9e3f070a33d54057b89198cde073cd612.webp\" alt=\"\" title=\"\"><img decoding=\"async\" src=\"https:\/\/www.mkreborns.com\/wp-content\/uploads\/2026\/03\/kf-S6e3bf7adc684427696336b2801fea85fY.webp\" alt=\"\" title=\"\"><img decoding=\"async\" src=\"https:\/\/www.mkreborns.com\/wp-content\/uploads\/2026\/03\/kf-S33fd522146264b3d872df87a701c2946b.webp\" alt=\"\" title=\"\"><img decoding=\"async\" src=\"https:\/\/www.mkreborns.com\/wp-content\/uploads\/2026\/03\/kf-Sbf836be53df845d68bbc0b7a1f9c781f2.webp\" alt=\"\" title=\"\"><img decoding=\"async\" src=\"https:\/\/www.mkreborns.com\/wp-content\/uploads\/2026\/03\/kf-Sf1a7b314b8d347688f83c99d60dce0a3A.webp\" alt=\"\" title=\"\"><img decoding=\"async\" src=\"https:\/\/www.mkreborns.com\/wp-content\/uploads\/2026\/03\/kf-S61f931d28b264579b6dae3d8565e2e50T.webp\" alt=\"\" title=\"\"><img decoding=\"async\" src=\"https:\/\/www.mkreborns.com\/wp-content\/uploads\/2026\/03\/kf-S0c2952b48d644b18bd24e6028052eb98U.webp\" alt=\"\" title=\"\"><img decoding=\"async\" src=\"https:\/\/www.mkreborns.com\/wp-content\/uploads\/2026\/03\/kf-S9e63ed215fae43ad819d86d2033ee969r.webp\" alt=\"\" title=\"\"><img decoding=\"async\" src=\"https:\/\/www.mkreborns.com\/wp-content\/uploads\/2026\/03\/kf-S753c136e65d641e4943f67baf9baf5ccc.webp\" alt=\"\" title=\"\"><img decoding=\"async\" src=\"https:\/\/www.mkreborns.com\/wp-content\/uploads\/2026\/03\/kf-S67c85d54bdd34203a836b3a36c4bd4eaS.webp\" alt=\"\" title=\"\"><img decoding=\"async\" src=\"https:\/\/www.mkreborns.com\/wp-content\/uploads\/2026\/03\/kf-S50dfe06eb5cd479983c46dcf6260faee1.webp\" alt=\"\" title=\"\"><img decoding=\"async\" src=\"https:\/\/www.mkreborns.com\/wp-content\/uploads\/2026\/03\/kf-Sb5f6a65275bd4f43ab927c391e4be4d5i.webp\" alt=\"\" title=\"\"><img decoding=\"async\" src=\"https:\/\/www.mkreborns.com\/wp-content\/uploads\/2026\/03\/kf-S267c5a5569df43c99eeeb243ed4f3022A.webp\" alt=\"\" title=\"\"><img decoding=\"async\" src=\"https:\/\/www.mkreborns.com\/wp-content\/uploads\/2026\/03\/kf-Sfd4f91fa317844e6a20bedeb546fe009P.webp\" alt=\"Taass\u00fcndinud nukuprintsessi kleit volangide ja pastelsete v\u00e4rvidega.\" title=\"\"> <img decoding=\"async\" src=\"https:\/\/www.mkreborns.com\/wp-content\/uploads\/2026\/03\/kf-Sf6881c96b70f469dae3e5e917a9a797c2.webp\" alt=\"\" title=\"\"><img decoding=\"async\" src=\"https:\/\/www.mkreborns.com\/wp-content\/uploads\/2026\/03\/kf-S37d300d49be64c689cdc2d9ac655ee8ef.webp\" alt=\"\" title=\"\"><img decoding=\"async\" src=\"https:\/\/www.mkreborns.com\/wp-content\/uploads\/2026\/03\/kf-Se12b5d5751db49a598419c27633fa249h.webp\" alt=\"Taass\u00fcndinud nuku printsessikleit galaktikaprindis ja roosade detailidega, ideaalne 20\u201322-tollistele nukkudele. Uni.\" title=\"\"> <img decoding=\"async\" src=\"https:\/\/www.mkreborns.com\/wp-content\/uploads\/2026\/03\/kf-Sfec6353fabc249739a9bfc7ff9c19194J.webp\" alt=\"Armas k\u00e4sit\u00f6\u00f6na valminud 50\u201355 cm pikkune taass\u00fcndinud nukuprintsessi kleit galaktikaprindis ja roosade detailidega.\" title=\"\"> <img decoding=\"async\" src=\"https:\/\/www.mkreborns.com\/wp-content\/uploads\/2026\/03\/kf-S2fe53c2cf60a4dca806d62c9507c1527k.webp\" alt=\"\" title=\"\"><img decoding=\"async\" src=\"https:\/\/www.mkreborns.com\/wp-content\/uploads\/2026\/03\/kf-Scc80fb4332204489b9e54a2f1cd37684Y.webp\" alt=\"Taass\u00fcndinud nuku kost\u00fc\u00fcm, mis sisaldab roosat ruudulist kleiti pits\u00e4\u00e4risega ja valget alusseelikut. Ideaalne.\" title=\"\"> <img decoding=\"async\" src=\"https:\/\/www.mkreborns.com\/wp-content\/uploads\/2026\/03\/kf-Sa287f36538e54509a74becedf5d1e80aI.webp\" alt=\"Taass\u00fcndinud nuku kost\u00fc\u00fcm roosa ruudulise volangi ja satiinist lipsudega, ideaalne 20\u201322-tollistele nukkudele.\" title=\"\"> <img decoding=\"async\" src=\"https:\/\/www.mkreborns.com\/wp-content\/uploads\/2026\/03\/kf-S804968ae87294c959b219b6c3d88016bB.webp\" alt=\"Lillelises printsessikleidis taass\u00fcndinud nukk, k\u00e4es roosa flamingo plush-m\u00e4nguasi ja l\u00e4hedal pudel.\" title=\"\"> <img decoding=\"async\" src=\"https:\/\/www.mkreborns.com\/wp-content\/uploads\/2026\/03\/kf-Sd9fc481645ee4d3288511c710a4aa6fac.webp\" alt=\"\" title=\"\"><img decoding=\"async\" src=\"https:\/\/www.mkreborns.com\/wp-content\/uploads\/2026\/03\/kf-S5d746b3f7dda43a98510624ed31c719bq.webp\" alt=\"\" title=\"\"><img decoding=\"async\" src=\"https:\/\/www.mkreborns.com\/wp-content\/uploads\/2026\/03\/kf-Sdb0e2483cf38440085aa085deb7e8e72l.webp\" alt=\"Taass\u00fcndinud nuku printsessi kleidikomplekt lilleprindiga, k\u00e4sit\u00f6\u00f6 20-22-tollistele nukkudele.\" title=\"\"> <img decoding=\"async\" src=\"https:\/\/www.mkreborns.com\/wp-content\/uploads\/2026\/03\/kf-S9b482f7f72f848b28fede3ec4a85ed32b.webp\" alt=\"\" title=\"\"><img decoding=\"async\" src=\"https:\/\/www.mkreborns.com\/wp-content\/uploads\/2026\/03\/kf-S09152d43a02f4b4f9bef4d5cfa7531daK.webp\" alt=\"Taass\u00fcndinud nuku kost\u00fc\u00fcm lillelise kleidi ja kollase lindiga, ideaalne 20\u201322-tollistele nukkudele.\" title=\"\"> <img decoding=\"async\" src=\"https:\/\/www.mkreborns.com\/wp-content\/uploads\/2026\/03\/kf-Sc4c910a0f2e8414fa5bd80aa5709c8ecK.webp\" alt=\"\" title=\"\"><img decoding=\"async\" src=\"https:\/\/www.mkreborns.com\/wp-content\/uploads\/2026\/03\/kf-S6f2f906babe64407abb39604df6914a1J.webp\" alt=\"\" title=\"\"><img decoding=\"async\" src=\"https:\/\/www.mkreborns.com\/wp-content\/uploads\/2026\/03\/kf-S3492369ac2ce462f897f81971cc88ea2i.webp\" alt=\"Taass\u00fcndinud nukk, seljas k\u00e4sitsi valmistatud roosa printsessikleit valge koheva krae ja pomponidega.\" title=\"\"> <img decoding=\"async\" src=\"https:\/\/www.mkreborns.com\/wp-content\/uploads\/2026\/03\/kf-Se51597a0a9504fc688712ba8acc06b61X.webp\" alt=\"\" title=\"\"><img decoding=\"async\" src=\"https:\/\/www.mkreborns.com\/wp-content\/uploads\/2026\/03\/kf-S2cd722838c3444e8853dfdd6cb7c6eeaF.webp\" alt=\"Taass\u00fcndinud nuku kost\u00fc\u00fcm roosa kleidi, valgete retuuside ja sobivate saabastega 20\u201322-tollistele nukkudele.\" title=\"\"> <img decoding=\"async\" src=\"https:\/\/www.mkreborns.com\/wp-content\/uploads\/2026\/03\/kf-S4485fab01df04a52b37771c9fd6fb6808.webp\" alt=\"Taass\u00fcndinud nuku riiete komplekt, mis sisaldab flamingomustriga p\u00fckse ja sobivaid k\u00f5rvaklappe, ideaalne k\u00e4sit\u00f6\u00f6ks.\" title=\"\"> <img decoding=\"async\" src=\"https:\/\/www.mkreborns.com\/wp-content\/uploads\/2026\/03\/kf-S119e2ed0c63449e780a45353deed672fV.webp\" alt=\"Roosad taass\u00fcndinud nukusaapad valge kunstkarusnahast \u00e4\u00e4risega 20-22 tolli nukkudele.\" title=\"\"> <img decoding=\"async\" src=\"https:\/\/www.mkreborns.com\/wp-content\/uploads\/2026\/03\/kf-Sc540755ac9cf4146835605b7b7171a0fT.webp\" alt=\"Taass\u00fcndinud nuku kost\u00fc\u00fcm roosa kleidi, valgete retuuside ja sobivate saabastega 20\u201322-tollistele nukkudele.\" title=\"\"><\/p>\n<div style=\"width: 640px;\" class=\"wp-video\"><video class=\"wp-video-shortcode\" id=\"video-3914-1\" width=\"640\" height=\"360\" preload=\"metadata\" controls=\"controls\"><source type=\"video\/mp4\" src=\"https:\/\/video.aliexpress-media.com\/play\/u\/ae_sg_item\/2216133796552\/p\/1\/e\/6\/t\/10301\/1100164358417.mp4?_=1\" \/><a href=\"https:\/\/video.aliexpress-media.com\/play\/u\/ae_sg_item\/2216133796552\/p\/1\/e\/6\/t\/10301\/1100164358417.mp4\" target=\"_blank\" rel=\"noopener\">https:\/\/video.aliexpress-media.com\/play\/u\/ae_sg_item\/2216133796552\/p\/1\/e\/6\/t\/10301\/1100164358417.mp4<\/a><\/video><\/div>","protected":false},"excerpt":{"rendered":"<p>Riieta oma armsat kaaslast peenes k\u00e4sit\u00f6\u00f6na valminud r\u00f5ivastes, mis on loodud peegeldama p\u00e4ris imikuriiete v\u00f5lu, tagades, et iga m\u00e4nguhetk oleks m\u00e4rkimisv\u00e4\u00e4rselt autentne ja s\u00fcdantsoojendav.<\/p>","protected":false},"featured_media":3915,"comment_status":"open","ping_status":"closed","template":"","meta":[],"product_brand":[],"product_cat":[159,148],"product_tag":[],"class_list":{"0":"post-3914","1":"product","2":"type-product","3":"status-publish","4":"has-post-thumbnail","6":"product_cat-clothes-for-reborn-dolls","7":"product_cat-reborn-doll-accessories","9":"first","10":"instock","11":"sale","12":"shipping-taxable","13":"purchasable","14":"product-type-variable","15":"has-default-attributes"},"_links":{"self":[{"href":"https:\/\/www.mkreborns.com\/et\/wp-json\/wp\/v2\/product\/3914","targetHints":{"allow":["GET"]}}],"collection":[{"href":"https:\/\/www.mkreborns.com\/et\/wp-json\/wp\/v2\/product"}],"about":[{"href":"https:\/\/www.mkreborns.com\/et\/wp-json\/wp\/v2\/types\/product"}],"replies":[{"embeddable":true,"href":"https:\/\/www.mkreborns.com\/et\/wp-json\/wp\/v2\/comments?post=3914"}],"wp:featuredmedia":[{"embeddable":true,"href":"https:\/\/www.mkreborns.com\/et\/wp-json\/wp\/v2\/media\/3915"}],"wp:attachment":[{"href":"https:\/\/www.mkreborns.com\/et\/wp-json\/wp\/v2\/media?parent=3914"}],"wp:term":[{"taxonomy":"product_brand","embeddable":true,"href":"https:\/\/www.mkreborns.com\/et\/wp-json\/wp\/v2\/product_brand?post=3914"},{"taxonomy":"product_cat","embeddable":true,"href":"https:\/\/www.mkreborns.com\/et\/wp-json\/wp\/v2\/product_cat?post=3914"},{"taxonomy":"product_tag","embeddable":true,"href":"https:\/\/www.mkreborns.com\/et\/wp-json\/wp\/v2\/product_tag?post=3914"}],"curies":[{"name":"t\u00f6\u00f6leht","href":"https:\/\/api.w.org\/{rel}","templated":true}]}}