{"id":3908,"date":"2026-03-18T13:24:18","date_gmt":"2026-03-18T13:24:18","guid":{"rendered":"https:\/\/www.mkreborns.com\/?post_type=product&#038;p=3908"},"modified":"2026-03-19T15:51:18","modified_gmt":"2026-03-19T15:51:18","slug":"18-inch-reborn-dolls-clothes-for-baby-doll-outfits","status":"publish","type":"product","link":"https:\/\/www.mkreborns.com\/et\/product\/18-inch-reborn-dolls-clothes-for-baby-doll-outfits\/","title":{"rendered":"18-tollise taass\u00fcndinud nukkude riided beebinukkude riietele"},"content":{"rendered":"<h2>Stiilsed 18-tollised taass\u00fcndinud nukkude riided igaks s\u00fcndmuseks<\/h2>\n<div>Lisa oma nukukollektsioonile v\u00f5lu ja autentsust meie 18-tolliste taass\u00fcndinud nukkude riietega. Iga riietus on hoolikalt disainitud sobima ideaalselt taass\u00fcndinud nukkudele, pakkudes samal ajal mugavust ja elutruud v\u00e4limust. Need riided sobivad ideaalselt nii m\u00e4ngimiseks kui ka v\u00e4ljapanekuks ning muudavad iga nuku moodsaks kaaslaseks.<\/div>\n<h3>Detailsed disainid ja mugav istuvus<\/h3>\n<div>Meie kollektsioon esitleb m\u00fc\u00fcgil olevaid taass\u00fcndinud nukkude riidest kehasid, tagades, et iga ese sobib mugavalt, r\u00f5hutades samal ajal realistlikke jooni. M\u00e4ngulistest romperitest elegantsete kleitideni \u2013 need komplektid pakuvad mitmek\u00fclgsust ja stiili, pannes teie 18-tollise nuku silma paistma.<\/div>\n<ul>\n<li>T\u00e4pne suurus: M\u00f5eldud 18-tollistele nukkudele, et tagada ideaalne sobivus ja lihtne riietamine.<\/li>\n<li>Kvaliteetsed kangad: Pehmed ja vastupidavad materjalid pakuvad mugavust ja pikaajalist kulumist.<\/li>\n<li>Realistlikud detailid: keerukad \u00f5mblused ja mustrid peegeldavad autentseid beebiriideid.<\/li>\n<li>Stiilide valik: Sisaldab nii vabaaja-, pidulikke kui ka hooajalisi r\u00f5ivaid igaks s\u00fcndmuseks.<\/li>\n<li>T\u00e4iustatud nuku realism: Kohandatud t\u00e4iendama taass\u00fcndinud nuku riidest keha, et anda elutruu v\u00f5lu.<\/li>\n<\/ul>\n<div>T\u00e4ienda oma nuku garderoobi nende peente 18-tolliste taass\u00fcndinud nukuriietega, mis \u00fchendavad endas stiili, mugavuse ja autentse v\u00f5lu.<\/div>\n<p style=\"text-align: center;\" align=\"center\"><img decoding=\"async\" src=\"https:\/\/www.mkreborns.com\/wp-content\/uploads\/2026\/03\/kf-S9d31fc2e9fcd434fafe9c0f471411531G.webp\" alt=\"\" title=\"\"><img decoding=\"async\" src=\"https:\/\/www.mkreborns.com\/wp-content\/uploads\/2026\/03\/kf-Sb94cdf6699bc46d3a5df6fd0f3b9305eP.webp\" alt=\"\" title=\"\"><img decoding=\"async\" src=\"https:\/\/www.mkreborns.com\/wp-content\/uploads\/2026\/03\/kf-S2c32be6ab85b4bc298e8b61239d41026x.webp\" alt=\"\" title=\"\"><img decoding=\"async\" src=\"https:\/\/www.mkreborns.com\/wp-content\/uploads\/2026\/03\/kf-S572f25d107b74315a31d1340abf1216fq.webp\" alt=\"\" title=\"\"><img decoding=\"async\" src=\"https:\/\/www.mkreborns.com\/wp-content\/uploads\/2026\/03\/kf-S5255329b890042289e03e8edbc8650fdh.webp\" alt=\"\" title=\"\"><\/p>","protected":false},"excerpt":{"rendered":"<p>Kaunista oma 18-tollist taass\u00fcndinud nukku stiilsete, pehmete ja detailsete riietega, mis on loodud realistliku m\u00e4ngu ja p\u00fcsiva elegantsi tagamiseks.<\/p>","protected":false},"featured_media":3909,"comment_status":"open","ping_status":"closed","template":"","meta":[],"product_brand":[],"product_cat":[159,148],"product_tag":[],"class_list":{"0":"post-3908","1":"product","2":"type-product","3":"status-publish","4":"has-post-thumbnail","6":"product_cat-clothes-for-reborn-dolls","7":"product_cat-reborn-doll-accessories","9":"first","10":"instock","11":"sale","12":"shipping-taxable","13":"purchasable","14":"product-type-simple"},"_links":{"self":[{"href":"https:\/\/www.mkreborns.com\/et\/wp-json\/wp\/v2\/product\/3908","targetHints":{"allow":["GET"]}}],"collection":[{"href":"https:\/\/www.mkreborns.com\/et\/wp-json\/wp\/v2\/product"}],"about":[{"href":"https:\/\/www.mkreborns.com\/et\/wp-json\/wp\/v2\/types\/product"}],"replies":[{"embeddable":true,"href":"https:\/\/www.mkreborns.com\/et\/wp-json\/wp\/v2\/comments?post=3908"}],"wp:featuredmedia":[{"embeddable":true,"href":"https:\/\/www.mkreborns.com\/et\/wp-json\/wp\/v2\/media\/3909"}],"wp:attachment":[{"href":"https:\/\/www.mkreborns.com\/et\/wp-json\/wp\/v2\/media?parent=3908"}],"wp:term":[{"taxonomy":"product_brand","embeddable":true,"href":"https:\/\/www.mkreborns.com\/et\/wp-json\/wp\/v2\/product_brand?post=3908"},{"taxonomy":"product_cat","embeddable":true,"href":"https:\/\/www.mkreborns.com\/et\/wp-json\/wp\/v2\/product_cat?post=3908"},{"taxonomy":"product_tag","embeddable":true,"href":"https:\/\/www.mkreborns.com\/et\/wp-json\/wp\/v2\/product_tag?post=3908"}],"curies":[{"name":"t\u00f6\u00f6leht","href":"https:\/\/api.w.org\/{rel}","templated":true}]}}