{"id":3890,"date":"2026-03-18T13:08:27","date_gmt":"2026-03-18T13:08:27","guid":{"rendered":"https:\/\/www.mkreborns.com\/?post_type=product&#038;p=3890"},"modified":"2026-03-19T15:52:23","modified_gmt":"2026-03-19T15:52:23","slug":"baby-doll-clothes-17-18-inch-reborn-outfits-for-girls","status":"publish","type":"product","link":"https:\/\/www.mkreborns.com\/et\/product\/baby-doll-clothes-17-18-inch-reborn-outfits-for-girls\/","title":{"rendered":"Beebinukkude riided 17-18 tollised uuestis\u00fcndinud riided t\u00fcdrukutele"},"content":{"rendered":"<div class=\"detailmodule_html\">\n<div class=\"detail-desc-decorate-richtext\">\n<h2>V\u00f5luvad stiilid beebinukkude riietele 17\u201318 tolli Reborn<\/h2>\n<div>T\u00e4ienda oma taass\u00fcndinud r\u00f5ivaste kollektsiooni meie esmaklassiliste 17\u201318-tolliste Reborn-nukkuriietega. Iga r\u00f5ivaese on hoolikalt disainitud t\u00e4iendama Reborn-nuku t\u00fcdrukute r\u00f5ivaid, \u00fchendades mugavuse, vastupidavuse ja elutruud detailid. Olenemata sellest, kas tegemist on m\u00e4nguaja v\u00f5i eksponeerimisega, pakuvad need riided ideaalset istuvust ja erksaid, pilkup\u00fc\u00fcdvaid disaine.<\/div>\n<h3>Unikaalsed kujundused ja mustrilised detailid<\/h3>\n<div>Meie valikus on keerukad taass\u00fcndinud nukkude riidest kehamustrid, mis v\u00f5imaldavad igal nukul n\u00e4idata isiksust ja stiili. Valikus on kleite, rompe ja kokkusobivaid komplekte, mis on kohandatud nii 17- kui ka 18-tollistele taass\u00fcndinud nukkudele. Pehmete kangaste ja realistlike viimistlustega suurendab iga riietus teie nuku elutruud v\u00f5lu.<\/div>\n<ul>\n<li>Kohandatud sobivus: T\u00e4pselt kohandatud 17\u201318-tollistele taass\u00fcndinud nukkudele probleemivabaks riietumiseks.<\/li>\n<li>Kvaliteetsed materjalid: \u00d5rnad ja vastupidavad kangad, mis s\u00e4ilitavad kuju ja v\u00e4rvi.<\/li>\n<li>Mustriline mitmekesisus: Taass\u00fcndinud nuku riidest kehamuster lisab igale riietusele individuaalsust.<\/li>\n<li>Mitmek\u00fclgne garderoob: sisaldab vabaajar\u00f5ivaid, pidulikke kleite ja m\u00e4ngulisi komplekte.<\/li>\n<li>T\u00e4iustatud realism: detailne \u00f5mblus ja viimistlus lisavad igale esemele autentsust.<\/li>\n<\/ul>\n<div>Tooge igale nukule r\u00f5\u00f5mu ja elegantsi nende kaunilt meisterdatud 17-18-tolliste uuestis\u00fcndinud nukuriietega, mis \u00fchendavad endas stiili, mugavuse ja elutruu elegantsi.<\/div>\n<div><\/div>\n<p style=\"text-align: center; margin: 0px;\" align=\"center\"><img decoding=\"async\" src=\"https:\/\/www.mkreborns.com\/wp-content\/uploads\/2026\/03\/kf-Sff4af0a0ce8d4485b7c09410cb094249I.webp\" alt=\"\" title=\"\"><img decoding=\"async\" src=\"https:\/\/www.mkreborns.com\/wp-content\/uploads\/2026\/03\/kf-S10d68fad596841c589219dc0c10319fbZ.webp\" alt=\"\" title=\"\"><img decoding=\"async\" src=\"https:\/\/www.mkreborns.com\/wp-content\/uploads\/2026\/03\/kf-S8dbdfa36fe014c8fa0765011983d82caD.webp\" alt=\"\" title=\"\"><img decoding=\"async\" src=\"https:\/\/www.mkreborns.com\/wp-content\/uploads\/2026\/03\/kf-S920d035ab985467b8517b1483d4f6bbaY.webp\" alt=\"\" title=\"\"><img decoding=\"async\" src=\"https:\/\/www.mkreborns.com\/wp-content\/uploads\/2026\/03\/kf-S4b96cea014a44b709b752532f6113fbfu.webp\" alt=\"\" title=\"\"><img decoding=\"async\" src=\"https:\/\/www.mkreborns.com\/wp-content\/uploads\/2026\/03\/kf-S44c92652455b47b98527b3aa131f6b1eT.webp\" alt=\"\" title=\"\"><img decoding=\"async\" src=\"https:\/\/www.mkreborns.com\/wp-content\/uploads\/2026\/03\/kf-S56de3d76be034bbfb5ae1261f59232a1O.webp\" alt=\"\" title=\"\"><img decoding=\"async\" src=\"https:\/\/www.mkreborns.com\/wp-content\/uploads\/2026\/03\/kf-S0590e45ab54740c38d581d7611ef244cS.webp\" alt=\"\" title=\"\"><img decoding=\"async\" src=\"https:\/\/www.mkreborns.com\/wp-content\/uploads\/2026\/03\/kf-S4d9af2659e454d8b87e97bd159ed9cdfz.webp\" alt=\"\" title=\"\"><img decoding=\"async\" src=\"https:\/\/www.mkreborns.com\/wp-content\/uploads\/2026\/03\/kf-Sb9c38680031e40f6b3db3e4e386af5c5l.webp\" alt=\"\" title=\"\"><\/p>\n<\/div>\n<\/div>","protected":false},"excerpt":{"rendered":"<p>Muuda oma taass\u00fcndinud nukk stiilseks kaaslaseks pehmete ja detailsete riietega, mis on loodud realistlikuks m\u00e4nguks ja l\u00f5putuks v\u00f5luks.<\/p>","protected":false},"featured_media":3891,"comment_status":"open","ping_status":"closed","template":"","meta":[],"product_brand":[],"product_cat":[159,148],"product_tag":[],"class_list":{"0":"post-3890","1":"product","2":"type-product","3":"status-publish","4":"has-post-thumbnail","6":"product_cat-clothes-for-reborn-dolls","7":"product_cat-reborn-doll-accessories","9":"first","10":"instock","11":"sale","12":"shipping-taxable","13":"purchasable","14":"product-type-variable","15":"has-default-attributes"},"_links":{"self":[{"href":"https:\/\/www.mkreborns.com\/et\/wp-json\/wp\/v2\/product\/3890","targetHints":{"allow":["GET"]}}],"collection":[{"href":"https:\/\/www.mkreborns.com\/et\/wp-json\/wp\/v2\/product"}],"about":[{"href":"https:\/\/www.mkreborns.com\/et\/wp-json\/wp\/v2\/types\/product"}],"replies":[{"embeddable":true,"href":"https:\/\/www.mkreborns.com\/et\/wp-json\/wp\/v2\/comments?post=3890"}],"wp:featuredmedia":[{"embeddable":true,"href":"https:\/\/www.mkreborns.com\/et\/wp-json\/wp\/v2\/media\/3891"}],"wp:attachment":[{"href":"https:\/\/www.mkreborns.com\/et\/wp-json\/wp\/v2\/media?parent=3890"}],"wp:term":[{"taxonomy":"product_brand","embeddable":true,"href":"https:\/\/www.mkreborns.com\/et\/wp-json\/wp\/v2\/product_brand?post=3890"},{"taxonomy":"product_cat","embeddable":true,"href":"https:\/\/www.mkreborns.com\/et\/wp-json\/wp\/v2\/product_cat?post=3890"},{"taxonomy":"product_tag","embeddable":true,"href":"https:\/\/www.mkreborns.com\/et\/wp-json\/wp\/v2\/product_tag?post=3890"}],"curies":[{"name":"t\u00f6\u00f6leht","href":"https:\/\/api.w.org\/{rel}","templated":true}]}}