{"id":3868,"date":"2026-03-18T10:01:51","date_gmt":"2026-03-18T10:01:51","guid":{"rendered":"https:\/\/www.mkreborns.com\/?post_type=product&#038;p=3868"},"modified":"2026-03-19T15:52:36","modified_gmt":"2026-03-19T15:52:36","slug":"18-inch-reborn-doll-clothes-for-toddlers-and-girls","status":"publish","type":"product","link":"https:\/\/www.mkreborns.com\/et\/product\/18-inch-reborn-doll-clothes-for-toddlers-and-girls\/","title":{"rendered":"18-tollised taass\u00fcndinud nukuriided v\u00e4ikelastele ja t\u00fcdrukutele"},"content":{"rendered":"<div class=\"product-specs-list-container\">\n<h2>Elegantsed riided igale 18-tollisele taass\u00fcndinud nukule<\/h2>\n<div>Muutke oma taass\u00fcndinud nukk t\u00e4helepanu keskpunktiks meie esmaklassiliste 18-tolliste taass\u00fcndinud nukuriietega. Iga riietus on loodud ideaalselt sobima taass\u00fcndinud v\u00e4ikelapse nukkudele ning tasakaalustab realistlikke detaile pehmete ja vastupidavate kangastega. Alates igap\u00e4evasest kandmisest kuni eriliste s\u00fcndmusteni tagavad need riided, et teie nukk n\u00e4eb alati piltilus v\u00e4lja.<\/div>\n<h3>Stiilne valik ja aksessuaarid<\/h3>\n<div>Meie kollektsioon sisaldab taass\u00fcndinud silikoonist beebinukkude riideid ja aksessuaare, mis rikastavad iga nuku garderoobi. Valikus on erksalillad riided taass\u00fcndinud nukkudele, \u00f5rnad kleidid taass\u00fcndinud t\u00fcdrukute nukkudele ja mitmek\u00fclgsed beebiriided, mis sobivad igaks olukorraks. Iga ese on kohandatud nii, et riietamine oleks lihtne, s\u00e4ilitades samal ajal realistliku k\u00e4sit\u00f6\u00f6 tunde.<\/div>\n<ul>\n<li>Premium Fit: Ideaalselt sobiv 18-tollistele taass\u00fcndinud nukkudele, tagades mugavuse ja elegantsi.<\/li>\n<li>Kvaliteetsed kangad: pehmed ja vastupidavad materjalid, mis j\u00e4ljendavad p\u00e4ris beebiriiete tekstuure.<\/li>\n<li>Mitmek\u00fclgsed stiilid: m\u00e4ngulistest vabaajar\u00f5ivastest kuni keerukate lillade komplektideni.<\/li>\n<li>Lisatarvikute valikud: Sisaldab sobivaid m\u00fctse, kingi ja tekke terviklike ansamblite loomiseks.<\/li>\n<li>Realistlikud detailid: k\u00e4sitsi viimistletud \u00f5mblused ja v\u00f5luvad kaunistused elutruu v\u00e4limuse saavutamiseks.<\/li>\n<\/ul>\n<div>Lisa oma kollektsioonile v\u00f5lu, realismi ja l\u00f5bu nende kaunilt meisterdatud 18-tolliste taass\u00fcndinud nukuriietega, mis t\u00e4iustavad iga m\u00e4nguseiklust.<\/div>\n<div><\/div>\n<\/div>\n<div class=\"detailmodule_html\">\n<div class=\"detail-desc-decorate-richtext\">\n<p style=\"text-align: center; margin: 0px;\" align=\"center\"><img decoding=\"async\" src=\"https:\/\/www.mkreborns.com\/wp-content\/uploads\/2026\/03\/kf-S7d8ebb1a885d44398f64514886946629E.webp\" alt=\"\" title=\"\"><img decoding=\"async\" src=\"https:\/\/www.mkreborns.com\/wp-content\/uploads\/2026\/03\/kf-S89a1ffaead92487d9a130af90b3d4fc5K.webp\" alt=\"\" title=\"\"><img decoding=\"async\" src=\"https:\/\/www.mkreborns.com\/wp-content\/uploads\/2026\/03\/kf-Sc34b80cf2d3a4c60b3a32babd9f3f5548.webp\" alt=\"\" title=\"\"><img decoding=\"async\" src=\"https:\/\/www.mkreborns.com\/wp-content\/uploads\/2026\/03\/kf-S160a0246ec60450ba40c67d32c0961672.webp\" alt=\"\" title=\"\"><img decoding=\"async\" src=\"https:\/\/www.mkreborns.com\/wp-content\/uploads\/2026\/03\/kf-S4d9f66438f1f42e0b260f4684f54fb0bW.webp\" alt=\"\" title=\"\"><img decoding=\"async\" src=\"https:\/\/ae01.alicdn.com\/kf\/S9f14fbaf63524021b86c7a946d713f30N.jpg\" alt=\"\" title=\"\"><img decoding=\"async\" src=\"https:\/\/ae01.alicdn.com\/kf\/Sf7fd6a137dba47e9aecbf4de66cb87df3.jpg\" alt=\"\" title=\"\"><img decoding=\"async\" src=\"https:\/\/ae01.alicdn.com\/kf\/S06ea55e7d37a45acb579364f3408aa76B.jpg\" alt=\"\" title=\"\"><img decoding=\"async\" src=\"https:\/\/ae01.alicdn.com\/kf\/S81d380c3ee694b8eafebd8a9c2653a1at.jpg\" alt=\"\" title=\"\"><img decoding=\"async\" src=\"https:\/\/ae01.alicdn.com\/kf\/S580e530ac6c84a7a82ce96a246202693U.jpg\" alt=\"\" title=\"\"><img decoding=\"async\" src=\"https:\/\/ae01.alicdn.com\/kf\/S4fce4907e8dd42a7b8679f2512ebba25I.jpg\" alt=\"\" title=\"\"><img decoding=\"async\" src=\"https:\/\/ae01.alicdn.com\/kf\/S0f517424cd3642999a0a881e47972c1du.jpg\" alt=\"\" title=\"\"><img decoding=\"async\" src=\"https:\/\/ae01.alicdn.com\/kf\/Sca06b8ff57b34251853a9fb540f747afw.jpg\" alt=\"\" title=\"\"><img decoding=\"async\" src=\"https:\/\/ae01.alicdn.com\/kf\/Sfd3631ab03ee426692991be15c6afe4ee.jpg\" alt=\"\" title=\"\"><\/p>\n<\/div>\n<\/div>","protected":false},"excerpt":{"rendered":"<p>Riieta oma taass\u00fcndinud nukku stiilselt hubaste ja kvaliteetsete r\u00f5ivastega, mis \u00fchendavad endas v\u00f5lu ja mugavuse tundideks kujutlusv\u00f5imeliseks m\u00e4nguks.<\/p>","protected":false},"featured_media":3869,"comment_status":"open","ping_status":"closed","template":"","meta":[],"product_brand":[],"product_cat":[159,148],"product_tag":[],"class_list":{"0":"post-3868","1":"product","2":"type-product","3":"status-publish","4":"has-post-thumbnail","6":"product_cat-clothes-for-reborn-dolls","7":"product_cat-reborn-doll-accessories","9":"first","10":"instock","11":"sale","12":"shipping-taxable","13":"purchasable","14":"product-type-variable","15":"has-default-attributes"},"_links":{"self":[{"href":"https:\/\/www.mkreborns.com\/et\/wp-json\/wp\/v2\/product\/3868","targetHints":{"allow":["GET"]}}],"collection":[{"href":"https:\/\/www.mkreborns.com\/et\/wp-json\/wp\/v2\/product"}],"about":[{"href":"https:\/\/www.mkreborns.com\/et\/wp-json\/wp\/v2\/types\/product"}],"replies":[{"embeddable":true,"href":"https:\/\/www.mkreborns.com\/et\/wp-json\/wp\/v2\/comments?post=3868"}],"wp:featuredmedia":[{"embeddable":true,"href":"https:\/\/www.mkreborns.com\/et\/wp-json\/wp\/v2\/media\/3869"}],"wp:attachment":[{"href":"https:\/\/www.mkreborns.com\/et\/wp-json\/wp\/v2\/media?parent=3868"}],"wp:term":[{"taxonomy":"product_brand","embeddable":true,"href":"https:\/\/www.mkreborns.com\/et\/wp-json\/wp\/v2\/product_brand?post=3868"},{"taxonomy":"product_cat","embeddable":true,"href":"https:\/\/www.mkreborns.com\/et\/wp-json\/wp\/v2\/product_cat?post=3868"},{"taxonomy":"product_tag","embeddable":true,"href":"https:\/\/www.mkreborns.com\/et\/wp-json\/wp\/v2\/product_tag?post=3868"}],"curies":[{"name":"t\u00f6\u00f6leht","href":"https:\/\/api.w.org\/{rel}","templated":true}]}}