{"id":3837,"date":"2026-03-09T03:19:58","date_gmt":"2026-03-09T03:19:58","guid":{"rendered":"https:\/\/www.mkreborns.com\/?post_type=product&#038;p=3837"},"modified":"2026-03-18T15:33:57","modified_gmt":"2026-03-18T15:33:57","slug":"shrek-silicone-toy-little-reborn-doll","status":"publish","type":"product","link":"https:\/\/www.mkreborns.com\/et\/product\/shrek-silicone-toy-little-reborn-doll\/","title":{"rendered":"Shrek silikoonist m\u00e4nguasi v\u00e4ike taass\u00fcndinud nukk"},"content":{"rendered":"<p>V\u00e4ike taass\u00fcndinud nukk j\u00e4\u00e4b igaveseks sellesse ikka, mil ta k\u00f5ige rohkem hoolt vajab, valvates sind ja maailma oma vaiksete silmadega. Ta ei kasva suureks, ei lahku, ei muutu. Kui sa k\u00f5ige rohkem lohutust vajad, on ta vaikselt olemas, \u00f6eldes sulle \u00f5rnalt oma t\u00f5elise n\u00e4oga, et sa pole \u00fcksi.<\/p>\n<p>Sugu: Poiss<br \/>\nK\u00f5rgus: 30 cm<br \/>\nKaal: 0,8 kg<br \/>\nPakendi kaal: 1,5 kg<br \/>\nPakendi m\u00f5\u00f5tmed: 36*17*11cm<\/p>\n<p><img decoding=\"async\" class=\"aligncenter wp-image-3848 size-full\" src=\"https:\/\/www.mkreborns.com\/wp-content\/themes\/woodmart\/images\/lazy.svg\" data-src=\"https:\/\/www.mkreborns.com\/wp-content\/uploads\/2026\/03\/Shrek-reborn-doll11.jpg\" alt=\"\" width=\"1400\" height=\"933\" title=\"\" srcset=\"\" data-srcset=\"https:\/\/www.mkreborns.com\/wp-content\/uploads\/2026\/03\/Shrek-reborn-doll11.jpg 1400w, https:\/\/www.mkreborns.com\/wp-content\/uploads\/2026\/03\/Shrek-reborn-doll11-400x267.jpg 400w, https:\/\/www.mkreborns.com\/wp-content\/uploads\/2026\/03\/Shrek-reborn-doll11-1200x800.jpg 1200w, https:\/\/www.mkreborns.com\/wp-content\/uploads\/2026\/03\/Shrek-reborn-doll11-768x512.jpg 768w, https:\/\/www.mkreborns.com\/wp-content\/uploads\/2026\/03\/Shrek-reborn-doll11-18x12.jpg 18w, https:\/\/www.mkreborns.com\/wp-content\/uploads\/2026\/03\/Shrek-reborn-doll11-700x467.jpg 700w, https:\/\/www.mkreborns.com\/wp-content\/uploads\/2026\/03\/Shrek-reborn-doll11-150x100.jpg 150w\" sizes=\"(max-width: 1400px) 100vw, 1400px\" \/> <img decoding=\"async\" class=\"aligncenter wp-image-3838 size-full\" src=\"https:\/\/www.mkreborns.com\/wp-content\/themes\/woodmart\/images\/lazy.svg\" data-src=\"https:\/\/www.mkreborns.com\/wp-content\/uploads\/2026\/03\/Shrek-reborn-doll1.jpg\" alt=\"\" width=\"1400\" height=\"933\" title=\"\" srcset=\"\" data-srcset=\"https:\/\/www.mkreborns.com\/wp-content\/uploads\/2026\/03\/Shrek-reborn-doll1.jpg 1400w, https:\/\/www.mkreborns.com\/wp-content\/uploads\/2026\/03\/Shrek-reborn-doll1-400x267.jpg 400w, https:\/\/www.mkreborns.com\/wp-content\/uploads\/2026\/03\/Shrek-reborn-doll1-1200x800.jpg 1200w, https:\/\/www.mkreborns.com\/wp-content\/uploads\/2026\/03\/Shrek-reborn-doll1-768x512.jpg 768w, https:\/\/www.mkreborns.com\/wp-content\/uploads\/2026\/03\/Shrek-reborn-doll1-18x12.jpg 18w, https:\/\/www.mkreborns.com\/wp-content\/uploads\/2026\/03\/Shrek-reborn-doll1-700x467.jpg 700w, https:\/\/www.mkreborns.com\/wp-content\/uploads\/2026\/03\/Shrek-reborn-doll1-150x100.jpg 150w\" sizes=\"(max-width: 1400px) 100vw, 1400px\" \/><\/p>","protected":false},"excerpt":{"rendered":"<p>30 cm k\u00f5rgune taass\u00fcndinud nukk oma peopesasuuruse kehaga v\u00f5ib sulle palju vaimseid h\u00fcvesid tuua. Kui sa teda kallistad, avastad, et see aitab v\u00e4hendada stressi ja negatiivseid emotsioone, mida elu sulle kaasa toob.<\/p>","protected":false},"featured_media":3840,"comment_status":"open","ping_status":"closed","template":"","meta":[],"product_brand":[],"product_cat":[158,145,155,146,154,153,157],"product_tag":[],"class_list":{"0":"post-3837","1":"product","2":"type-product","3":"status-publish","4":"has-post-thumbnail","6":"product_cat-15-inch-baby-dolls","7":"product_cat-baby-boy-reborn-dolls","8":"product_cat-cute-reborn-dolls","9":"product_cat-full-silicone-reborn-dolls","10":"product_cat-lifelike-reborn-dolls","11":"product_cat-newborn-reborn-dolls","12":"product_cat-real-life-baby-dolls","14":"first","15":"instock","16":"sale","17":"shipping-taxable","18":"purchasable","19":"product-type-simple"},"_links":{"self":[{"href":"https:\/\/www.mkreborns.com\/et\/wp-json\/wp\/v2\/product\/3837","targetHints":{"allow":["GET"]}}],"collection":[{"href":"https:\/\/www.mkreborns.com\/et\/wp-json\/wp\/v2\/product"}],"about":[{"href":"https:\/\/www.mkreborns.com\/et\/wp-json\/wp\/v2\/types\/product"}],"replies":[{"embeddable":true,"href":"https:\/\/www.mkreborns.com\/et\/wp-json\/wp\/v2\/comments?post=3837"}],"wp:featuredmedia":[{"embeddable":true,"href":"https:\/\/www.mkreborns.com\/et\/wp-json\/wp\/v2\/media\/3840"}],"wp:attachment":[{"href":"https:\/\/www.mkreborns.com\/et\/wp-json\/wp\/v2\/media?parent=3837"}],"wp:term":[{"taxonomy":"product_brand","embeddable":true,"href":"https:\/\/www.mkreborns.com\/et\/wp-json\/wp\/v2\/product_brand?post=3837"},{"taxonomy":"product_cat","embeddable":true,"href":"https:\/\/www.mkreborns.com\/et\/wp-json\/wp\/v2\/product_cat?post=3837"},{"taxonomy":"product_tag","embeddable":true,"href":"https:\/\/www.mkreborns.com\/et\/wp-json\/wp\/v2\/product_tag?post=3837"}],"curies":[{"name":"t\u00f6\u00f6leht","href":"https:\/\/api.w.org\/{rel}","templated":true}]}}