{"id":3622,"date":"2026-02-04T15:19:37","date_gmt":"2026-02-04T15:19:37","guid":{"rendered":"https:\/\/www.mkreborns.com\/?post_type=product&#038;p=3622"},"modified":"2026-03-18T15:10:13","modified_gmt":"2026-03-18T15:10:13","slug":"bagot-miniature-cuddle-fake-reborn-dolls","status":"publish","type":"product","link":"https:\/\/www.mkreborns.com\/et\/product\/bagot-miniature-cuddle-fake-reborn-dolls\/","title":{"rendered":"Bagot Miniature Cuddle Fake Reborn nukud"},"content":{"rendered":"<p>Taass\u00fcndinud nukkudel on realistlik v\u00e4limus ja neid saab kasutada lastele m\u00f5eldud hariduslike m\u00e4nguasjadena. Miniatuursed taass\u00fcndinud nukud on kerged ja v\u00e4ikese suurusega, nii et lapsed saavad neid h\u00f5lpsalt \u00fcles t\u00f5sta ja maha panna. Taass\u00fcndinud nukkude realistlik v\u00e4limus aitab lastel rollim\u00e4ngude kaudu arendada empaatiat ja vastutustunnet ning \u00f5ppida teiste eest hoolitsema.<\/p>\n<p>&nbsp;<\/p>\n<p>Sugu: Poiss<br \/>\nKaal: 3,3 naela<br \/>\nK\u00f5rgus: 18 tolli<br \/>\nMaterjal: PVC<\/p>\n<p>&nbsp;<\/p>\n<div style=\"width: 720px;\" class=\"wp-video\"><video class=\"wp-video-shortcode\" id=\"video-3622-1\" width=\"720\" height=\"960\" preload=\"metadata\" controls=\"controls\"><source type=\"video\/mp4\" src=\"https:\/\/www.mkreborns.com\/wp-content\/uploads\/2026\/02\/Bagot-Cuddle-Reborn.mp4?_=1\" \/><a href=\"https:\/\/www.mkreborns.com\/wp-content\/uploads\/2026\/02\/Bagot-Cuddle-Reborn.mp4\">https:\/\/www.mkreborns.com\/wp-content\/uploads\/2026\/02\/Bagot-Cuddle-Reborn.mp4<\/a><\/video><\/div>\n<p><img decoding=\"async\" class=\"aligncenter wp-image-3631 size-full\" src=\"https:\/\/www.mkreborns.com\/wp-content\/themes\/woodmart\/images\/lazy.svg\" data-src=\"https:\/\/www.mkreborns.com\/wp-content\/uploads\/2026\/02\/Bagot-Cuddle-Reborn9.jpg\" alt=\"Autentne Bagot miniatuurne taass\u00fcndinud nukk pehmete k\u00e4te ja lodeva n\u00e4oga.\" width=\"800\" height=\"800\" title=\"\" srcset=\"\" data-srcset=\"https:\/\/www.mkreborns.com\/wp-content\/uploads\/2026\/02\/Bagot-Cuddle-Reborn9.jpg 800w, https:\/\/www.mkreborns.com\/wp-content\/uploads\/2026\/02\/Bagot-Cuddle-Reborn9-150x150.jpg 150w, https:\/\/www.mkreborns.com\/wp-content\/uploads\/2026\/02\/Bagot-Cuddle-Reborn9-700x700.jpg 700w, https:\/\/www.mkreborns.com\/wp-content\/uploads\/2026\/02\/Bagot-Cuddle-Reborn9-300x300.jpg 300w, https:\/\/www.mkreborns.com\/wp-content\/uploads\/2026\/02\/Bagot-Cuddle-Reborn9-768x768.jpg 768w\" sizes=\"(max-width: 800px) 100vw, 800px\" \/> <img decoding=\"async\" class=\"aligncenter wp-image-3629 size-full\" src=\"https:\/\/www.mkreborns.com\/wp-content\/themes\/woodmart\/images\/lazy.svg\" data-src=\"https:\/\/www.mkreborns.com\/wp-content\/uploads\/2026\/02\/Bagot-Cuddle-Reborn7.jpg\" alt=\"Armas miniatuurne taass\u00fcndinud poissnukk koos riietuse, m\u00fctsi ja aksessuaaridega kollektsion\u00e4\u00e4ridele.\" width=\"800\" height=\"800\" title=\"\" srcset=\"\" data-srcset=\"https:\/\/www.mkreborns.com\/wp-content\/uploads\/2026\/02\/Bagot-Cuddle-Reborn7.jpg 800w, https:\/\/www.mkreborns.com\/wp-content\/uploads\/2026\/02\/Bagot-Cuddle-Reborn7-150x150.jpg 150w, https:\/\/www.mkreborns.com\/wp-content\/uploads\/2026\/02\/Bagot-Cuddle-Reborn7-700x700.jpg 700w, https:\/\/www.mkreborns.com\/wp-content\/uploads\/2026\/02\/Bagot-Cuddle-Reborn7-300x300.jpg 300w, https:\/\/www.mkreborns.com\/wp-content\/uploads\/2026\/02\/Bagot-Cuddle-Reborn7-768x768.jpg 768w\" sizes=\"(max-width: 800px) 100vw, 800px\" \/><\/p>","protected":false},"excerpt":{"rendered":"<p>Miniatuurseid taass\u00fcndinud nukke saab kasutada m\u00e4nguasjadena, et aidata lapse kaotanud inimestel oma s\u00fcdamevaluga toime tulla ja leina leevendada.<\/p>\n<p>Reborn-nuku suu on magnetiline, mis v\u00f5imaldab teil kasutada magnetilist lutti.<\/p>","protected":false},"featured_media":3630,"comment_status":"open","ping_status":"closed","template":"","meta":[],"product_brand":[],"product_cat":[151,145,154,153,152],"product_tag":[],"class_list":{"0":"post-3622","1":"product","2":"type-product","3":"status-publish","4":"has-post-thumbnail","6":"product_cat-18-inch-reborn-dolls","7":"product_cat-baby-boy-reborn-dolls","8":"product_cat-lifelike-reborn-dolls","9":"product_cat-newborn-reborn-dolls","10":"product_cat-vinyl-reborn-dolls","12":"first","13":"instock","14":"sale","15":"shipping-taxable","16":"purchasable","17":"product-type-simple"},"_links":{"self":[{"href":"https:\/\/www.mkreborns.com\/et\/wp-json\/wp\/v2\/product\/3622","targetHints":{"allow":["GET"]}}],"collection":[{"href":"https:\/\/www.mkreborns.com\/et\/wp-json\/wp\/v2\/product"}],"about":[{"href":"https:\/\/www.mkreborns.com\/et\/wp-json\/wp\/v2\/types\/product"}],"replies":[{"embeddable":true,"href":"https:\/\/www.mkreborns.com\/et\/wp-json\/wp\/v2\/comments?post=3622"}],"wp:featuredmedia":[{"embeddable":true,"href":"https:\/\/www.mkreborns.com\/et\/wp-json\/wp\/v2\/media\/3630"}],"wp:attachment":[{"href":"https:\/\/www.mkreborns.com\/et\/wp-json\/wp\/v2\/media?parent=3622"}],"wp:term":[{"taxonomy":"product_brand","embeddable":true,"href":"https:\/\/www.mkreborns.com\/et\/wp-json\/wp\/v2\/product_brand?post=3622"},{"taxonomy":"product_cat","embeddable":true,"href":"https:\/\/www.mkreborns.com\/et\/wp-json\/wp\/v2\/product_cat?post=3622"},{"taxonomy":"product_tag","embeddable":true,"href":"https:\/\/www.mkreborns.com\/et\/wp-json\/wp\/v2\/product_tag?post=3622"}],"curies":[{"name":"t\u00f6\u00f6leht","href":"https:\/\/api.w.org\/{rel}","templated":true}]}}