{"id":3552,"date":"2026-01-30T08:42:16","date_gmt":"2026-01-30T08:42:16","guid":{"rendered":"https:\/\/www.mkreborns.com\/?post_type=product&#038;p=3552"},"modified":"2026-03-18T15:09:45","modified_gmt":"2026-03-18T15:09:45","slug":"owen-lifelike-pvc-baby-reborn-doll","status":"publish","type":"product","link":"https:\/\/www.mkreborns.com\/et\/product\/owen-lifelike-pvc-baby-reborn-doll\/","title":{"rendered":"Owen Elutruu PVC-st Taass\u00fcndinud Beebi Nukk"},"content":{"rendered":"<p>Nende taass\u00fcndinud vin\u00fc\u00fclnukkude \u00fcks atraktiivsemaid eeliseid on hind. T\u00e4issilikoonist taass\u00fcndinud nukud on materjalide ja v\u00e4rvimisprotsesside erinevuste t\u00f5ttu tavaliselt palju kallimad. T\u00e4isvin\u00fc\u00fclist taass\u00fcndinud nukud on seevastu suhteliselt odavad, kuid paljud neist on siiski kunstilised meistriteosed. See t\u00e4hendab, et saate osta sama ilusa ja lohutava taass\u00fcndinud nuku v\u00e4iksema raha eest, mist\u00f5ttu on see v\u00e4ga s\u00f5bralik valik esmakordsetele ostjatele v\u00f5i piiratud eelarvega inimestele. Kui otsite kingitust s\u00f5brale v\u00f5i pereliikmele, on kvaliteetne taass\u00fcndinud vin\u00fc\u00fcl samuti suurep\u00e4rane valik.<\/p>\n<p>Taass\u00fcndinud nukk n\u00e4eb uskumatult armas v\u00e4lja, kui ta rahulolevalt oma lutti imeb.<\/p>\n<p>Sugu: Poiss<br \/>\nKaal: 3,3 naela<br \/>\nK\u00f5rgus: 18 tolli<br \/>\nMaterjal: PVC<\/p>\n<div style=\"width: 720px;\" class=\"wp-video\"><video class=\"wp-video-shortcode\" id=\"video-3552-1\" width=\"720\" height=\"960\" preload=\"metadata\" controls=\"controls\"><source type=\"video\/mp4\" src=\"https:\/\/www.mkreborns.com\/wp-content\/uploads\/2026\/01\/angel-baby-doll.mp4?_=1\" \/><a href=\"https:\/\/www.mkreborns.com\/wp-content\/uploads\/2026\/01\/angel-baby-doll.mp4\">https:\/\/www.mkreborns.com\/wp-content\/uploads\/2026\/01\/angel-baby-doll.mp4<\/a><\/video><\/div>\n<p><img decoding=\"async\" class=\"aligncenter wp-image-3601 size-full\" src=\"https:\/\/www.mkreborns.com\/wp-content\/themes\/woodmart\/images\/lazy.svg\" data-src=\"https:\/\/www.mkreborns.com\/wp-content\/uploads\/2026\/01\/angel-baby-doll10.jpg\" alt=\"\" width=\"800\" height=\"800\" title=\"\" srcset=\"\" data-srcset=\"https:\/\/www.mkreborns.com\/wp-content\/uploads\/2026\/01\/angel-baby-doll10.jpg 800w, https:\/\/www.mkreborns.com\/wp-content\/uploads\/2026\/01\/angel-baby-doll10-150x150.jpg 150w, https:\/\/www.mkreborns.com\/wp-content\/uploads\/2026\/01\/angel-baby-doll10-700x700.jpg 700w, https:\/\/www.mkreborns.com\/wp-content\/uploads\/2026\/01\/angel-baby-doll10-300x300.jpg 300w, https:\/\/www.mkreborns.com\/wp-content\/uploads\/2026\/01\/angel-baby-doll10-768x768.jpg 768w\" sizes=\"(max-width: 800px) 100vw, 800px\" \/><img decoding=\"async\" class=\"aligncenter wp-image-3599 size-full\" src=\"https:\/\/www.mkreborns.com\/wp-content\/themes\/woodmart\/images\/lazy.svg\" data-src=\"https:\/\/www.mkreborns.com\/wp-content\/uploads\/2026\/01\/angel-baby-doll8.jpg\" alt=\"Realistlik PVC-st taass\u00fcndinud nukk kollektsion\u00e4\u00e4ridele ja lastele.\" width=\"800\" height=\"800\" title=\"\" srcset=\"\" data-srcset=\"https:\/\/www.mkreborns.com\/wp-content\/uploads\/2026\/01\/angel-baby-doll8.jpg 800w, https:\/\/www.mkreborns.com\/wp-content\/uploads\/2026\/01\/angel-baby-doll8-150x150.jpg 150w, https:\/\/www.mkreborns.com\/wp-content\/uploads\/2026\/01\/angel-baby-doll8-700x700.jpg 700w, https:\/\/www.mkreborns.com\/wp-content\/uploads\/2026\/01\/angel-baby-doll8-300x300.jpg 300w, https:\/\/www.mkreborns.com\/wp-content\/uploads\/2026\/01\/angel-baby-doll8-768x768.jpg 768w\" sizes=\"(max-width: 800px) 100vw, 800px\" \/><\/p>","protected":false},"excerpt":{"rendered":"<p>Osta see taass\u00fcndinud vin\u00fc\u00fclnukk ja saa tasuta riided, m\u00e4hkmed ja s\u00fcnnitunnistuse. Taass\u00fcndinud nuku suu on magnetiline, mis v\u00f5imaldab sul kasutada magnetilist lutti.<\/p>","protected":false},"featured_media":3592,"comment_status":"open","ping_status":"closed","template":"","meta":[],"product_brand":[],"product_cat":[151,145,154,157,152],"product_tag":[],"class_list":{"0":"post-3552","1":"product","2":"type-product","3":"status-publish","4":"has-post-thumbnail","6":"product_cat-18-inch-reborn-dolls","7":"product_cat-baby-boy-reborn-dolls","8":"product_cat-lifelike-reborn-dolls","9":"product_cat-real-life-baby-dolls","10":"product_cat-vinyl-reborn-dolls","12":"first","13":"instock","14":"sale","15":"shipping-taxable","16":"purchasable","17":"product-type-simple"},"_links":{"self":[{"href":"https:\/\/www.mkreborns.com\/et\/wp-json\/wp\/v2\/product\/3552","targetHints":{"allow":["GET"]}}],"collection":[{"href":"https:\/\/www.mkreborns.com\/et\/wp-json\/wp\/v2\/product"}],"about":[{"href":"https:\/\/www.mkreborns.com\/et\/wp-json\/wp\/v2\/types\/product"}],"replies":[{"embeddable":true,"href":"https:\/\/www.mkreborns.com\/et\/wp-json\/wp\/v2\/comments?post=3552"}],"wp:featuredmedia":[{"embeddable":true,"href":"https:\/\/www.mkreborns.com\/et\/wp-json\/wp\/v2\/media\/3592"}],"wp:attachment":[{"href":"https:\/\/www.mkreborns.com\/et\/wp-json\/wp\/v2\/media?parent=3552"}],"wp:term":[{"taxonomy":"product_brand","embeddable":true,"href":"https:\/\/www.mkreborns.com\/et\/wp-json\/wp\/v2\/product_brand?post=3552"},{"taxonomy":"product_cat","embeddable":true,"href":"https:\/\/www.mkreborns.com\/et\/wp-json\/wp\/v2\/product_cat?post=3552"},{"taxonomy":"product_tag","embeddable":true,"href":"https:\/\/www.mkreborns.com\/et\/wp-json\/wp\/v2\/product_tag?post=3552"}],"curies":[{"name":"t\u00f6\u00f6leht","href":"https:\/\/api.w.org\/{rel}","templated":true}]}}