{"id":3458,"date":"2026-01-21T15:19:57","date_gmt":"2026-01-21T15:19:57","guid":{"rendered":"https:\/\/www.mkreborns.com\/?page_id=3458"},"modified":"2026-01-22T14:02:09","modified_gmt":"2026-01-22T14:02:09","slug":"payment-methods","status":"publish","type":"page","link":"https:\/\/www.mkreborns.com\/et\/payment-methods\/","title":{"rendered":"Makseviisid"},"content":{"rendered":"<div>Kell <strong>Mk Taass\u00fcndinud<\/strong>, seame esikohale tehingute turvalisuse, diskreetsuse ja mugavuse.<br \/>\nSujuva ostukogemuse tagamiseks toetame mitmeid \u00fclemaailmselt tunnustatud makselahendusi, mis k\u00f5ik t\u00f6\u00f6deldakse kr\u00fcpteeritud ja n\u00f5uetele vastavate maksev\u00e4ravate kaudu.<\/div>\n<hr \/>\n<h2>PayPal<\/h2>\n<div>PayPal on \u00fcks maailma usaldusv\u00e4\u00e4rsemaid ja v\u00e4ljakujunenud digitaalsete maksete \u00f6kos\u00fcsteeme.<\/div>\n<div>PayPali kaudu aktsepteerime laia valikut rahastamisallikaid, sealhulgas:<\/div>\n<ul>\n<li>Viisa<\/li>\n<li>MasterCard<\/li>\n<li>American Expressi<\/li>\n<li>Avasta<\/li>\n<li>Lingitud pangakontod<\/li>\n<\/ul>\n<div>Kui teil on aktiivne PayPali konto, saate ostu sooritada oma PayPali saldo, salvestatud krediit- v\u00f5i deebetkaartide v\u00f5i seotud pangakonto abil \u2013 ilma tundlikku finantsteavet uuesti sisestamata.<\/div>\n<h3>Kas ma saan PayPali kasutada ilma kontot loomata?<\/h3>\n<div>Jah.<br \/>\nP\u00e4rast tellimuse esitamist suunatakse teid PayPali turvalisele makseliidesele.<br \/>\nKui te ei soovi PayPali kontot registreerida, valige lihtsalt suvand \u201cMaksa deebet- v\u00f5i krediitkaardiga\u201d (v\u00f5i \u201cMul pole PayPali kontot\u201d) ja j\u00e4tkake k\u00fclalisena, sisestades otse oma kaardi andmed.<\/div>\n<div>K\u00fclalisena kassasse minnes ei ole PayPali kontot vaja.<\/div>\n<hr \/>\n<h2>Krediit- ja deebetkaardid<\/h2>\n<div>Aktsepteerime k\u00f5iki peamisi rahvusvahelisi krediit- ja deebetkaarte, sh:<\/div>\n<ul>\n<li>Viisa<\/li>\n<li>MasterCard<\/li>\n<li>American Expressi<\/li>\n<li>Avasta<\/li>\n<\/ul>\n<div>K\u00f5ik kaardimaksed t\u00f6\u00f6deldakse valdkonna sertifitseeritud maksev\u00e4ravate kaudu ja on kaitstud 256-bitise SSL-kr\u00fcptimisega, mida vajadusel kombineeritakse 3D Secure autentimisega.<\/div>\n<div>Teie kaardiandmeid ei salvestata kunagi meie serverites.<\/div>\n<h2>Miks minu kaardimakse tagasi l\u00fckati?<\/h2>\n<div>Tehingu tagasil\u00fckkamine v\u00f5ib toimuda mitmel p\u00f5hjusel, sealhulgas, kuid mitte ainult:<\/div>\n<ul>\n<li>Vale kaardi number, aegumiskuup\u00e4ev v\u00f5i CVV-kood<\/li>\n<li>Ebapiisav saadaolev saldo<\/li>\n<li>\u00dcletasite kaardi v\u00e4ljastava panga kehtestatud p\u00e4eva- v\u00f5i tehingulimiiti<\/li>\n<li>Teie pank piirab interneti- v\u00f5i rahvusvahelisi tehinguid<\/li>\n<\/ul>\n<h3>Kuidas lahendada kaardimaksetega seotud probleeme<\/h3>\n<ul>\n<li><strong>Kinnitage oma kaardi andmed<\/strong><br \/>\nKontrollige kaardi numbrit, kehtivusaja l\u00f5ppu, CVV-koodi ja arveldusaadressi.<\/li>\n<li><strong>V\u00f5tke \u00fchendust oma pangaga<\/strong><br \/>\nTaotle tehingu autoriseerimist v\u00f5i interneti-\/piiri\u00fcleste maksete piirangute eemaldamist.<\/li>\n<li><strong>Proovige teist kaarti<\/strong><br \/>\nTeise krediit- v\u00f5i deebetkaardi kasutamine lahendab probleemi sageli kohe.<\/li>\n<\/ul>\n<hr \/>\n<h2>Turvalisuse tagamine<\/h2>\n<div>\ud83d\udd12 Makseohutuse teatis<\/div>\n<div>K\u00f5ik Mk Rebornsi tehingud kr\u00fcpteeritakse otsast l\u00f5puni ja t\u00f6\u00f6deldakse turvaliste, PCI-standardile vastavate makseinfrastruktuuride kaudu.<\/div>\n<div>Me ei s\u00e4ilita ega oma juurdep\u00e4\u00e4su teie t\u00e4ielikele makseandmetele tehingu \u00fcheski etapis, tagades teie isiku- ja finantsandmete konfidentsiaalsuse ja kaitse igal ajal.<\/div>","protected":false},"excerpt":{"rendered":"<p>Mk Rebornsis seame esikohale tehingute turvalisuse, diskreetsuse ja mugavuse. Sujuva maksmiskogemuse tagamiseks toetame mitut globaalset...<\/p>","protected":false},"author":1,"featured_media":0,"parent":0,"menu_order":0,"comment_status":"closed","ping_status":"closed","template":"","meta":{"footnotes":""},"class_list":["post-3458","page","type-page","status-publish","hentry"],"_links":{"self":[{"href":"https:\/\/www.mkreborns.com\/et\/wp-json\/wp\/v2\/pages\/3458","targetHints":{"allow":["GET"]}}],"collection":[{"href":"https:\/\/www.mkreborns.com\/et\/wp-json\/wp\/v2\/pages"}],"about":[{"href":"https:\/\/www.mkreborns.com\/et\/wp-json\/wp\/v2\/types\/page"}],"author":[{"embeddable":true,"href":"https:\/\/www.mkreborns.com\/et\/wp-json\/wp\/v2\/users\/1"}],"replies":[{"embeddable":true,"href":"https:\/\/www.mkreborns.com\/et\/wp-json\/wp\/v2\/comments?post=3458"}],"version-history":[{"count":0,"href":"https:\/\/www.mkreborns.com\/et\/wp-json\/wp\/v2\/pages\/3458\/revisions"}],"wp:attachment":[{"href":"https:\/\/www.mkreborns.com\/et\/wp-json\/wp\/v2\/media?parent=3458"}],"curies":[{"name":"t\u00f6\u00f6leht","href":"https:\/\/api.w.org\/{rel}","templated":true}]}}