{"id":3455,"date":"2026-01-21T15:17:36","date_gmt":"2026-01-21T15:17:36","guid":{"rendered":"https:\/\/www.mkreborns.com\/?page_id=3455"},"modified":"2026-01-21T15:17:36","modified_gmt":"2026-01-21T15:17:36","slug":"help-faqs","status":"publish","type":"page","link":"https:\/\/www.mkreborns.com\/et\/help-faqs\/","title":{"rendered":"Abi ja KKK"},"content":{"rendered":"<h3>Kuidas ma peaksin oma taass\u00fcndinud nukku pesema ja hooldama?<\/h3>\n<div>T\u00e4issilikoonist nukke v\u00f5ib \u00f5rnalt vannitada. Riidest korpusega nukke tuleks puhastada ainult kergelt niisutatud lapiga ja seej\u00e4rel h\u00e4sti ventileeritavas ruumis \u00f5hu k\u00e4es kuivatada.<br \/>\nKui nukku ei kasutata, soovitame seda hoida karbis ja pikaajalise p\u00e4ikesevalguse eest kaitstult.<\/div>\n<hr \/>\n<h3>Kas teie beebisid saab poseerida?<\/h3>\n<div>Jah. K\u00f5igil Mk Reborni beebidel on teatav liigendusoskus. Kuid nagu p\u00e4ris imikutel, v\u00f5ivad nad teatud asendite s\u00e4ilitamiseks vajada \u00f5rna tuge v\u00f5i s\u00fcllev\u00f5ttu.<\/div>\n<hr \/>\n<h3>Kas taass\u00fcndinud nukkudega on kaasas ka aksessuaare?<\/h3>\n<div>Absoluutselt. Iga Mk Reborn beebi saabub t\u00e4ielikult riietatuna, luti ja m\u00e4hkmega. Teie nukk on kallistamiseks valmis kohe, kui see karbist v\u00e4lja v\u00f5etakse.<\/div>\n<hr \/>\n<h3>Kas nahal olevad tumepunased kortsud on defektid v\u00f5i kriimustused?<\/h3>\n<div>Sugugi mitte. Need s\u00fcgavamad punased voldid on iseloomulik ja tahtlik tunnus, mitte viga. Need ilmuvad loomulikult j\u00e4semete \u00fcmber, eriti nukkudel, mille suurus on 22\u201324 tolli, ja suurendavad realismi.<\/div>\n<hr \/>\n<h3>Millised r\u00f5ivasuurused sobivad erinevatele taass\u00fcndinud nukkude suurustele?<\/h3>\n<div>Meie nukkude suurus on 5\u201324 tolli:<\/div>\n<ul>\n<li>5 tolli: Vaja on eritellimusel valmistatud riideid<\/li>\n<li>12\u201320 tolli: sobib vasts\u00fcndinu \/ 0\u20133 kuu vanuse beebi riietele<\/li>\n<li>22 tolli: sobib 3\u20136 kuu vanustele beebiriietele<\/li>\n<li>24 tolli: sobib 6\u20139 kuu vanustele beebiriietele<\/li>\n<\/ul>\n<hr \/>\n<h3>Kas teie taass\u00fcndinud nukkudel on magnetid?<\/h3>\n<div>Jah. Paljudel meie nukkudel on v\u00e4ikesed magnetid (luttide v\u00f5i aksessuaaride jaoks). Neid nukke ei soovitata s\u00fcdamestimulaatori, kuuldeaparaadi v\u00f5i magnetv\u00e4ljade suhtes tundlikele inimestele.<\/div>\n<hr \/>\n<h3>Kas teie nukud sobivad alla 14-aastastele lastele?<\/h3>\n<div>K\u00f5ik Mk Rebornsi nukud on ohutustestitud ja sobivad alates 3. eluaastast, kuigi t\u00e4iskasvanud kollektsion\u00e4\u00e4rid hindavad neid eriti k\u00f5rgelt.<br \/>\nMeie 5-tollised mininukud sobivad noorematele lastele ainult t\u00e4iskasvanu hoolika j\u00e4relevalve all.<\/div>\n<hr \/>\n<h3>Milliseid makseviise te aktsepteerite?<\/h3>\n<div>Tellimusi saab esitada otse meie veebisaidil, kasutades peamisi krediitkaarte, deebetkaarte v\u00f5i PayPali.<\/div>\n<hr \/>\n<h3>Kuidas ma saan oma tellimust ja tarneaega j\u00e4lgida?<\/h3>\n<div>Kui teie tellimus on teele saadetud, saate kinnitusmeili, mis sisaldab j\u00e4lgimisnumbrit.<br \/>\nSaatmisviiside ja eeldatava tarneaja kohta vaadake palun meie saatmisteabe lehte.<\/div>\n<hr \/>\n<h3>Kas te saadate minu riiki?<\/h3>\n<div>Jah. Meil on kohalik laoseis Ameerika \u00dchendriikides, EL-is, Kanadas, Austraalias ja \u00dchendkuningriigis.<br \/>\nTellimused toimetatakse kohale 3\u20137 t\u00f6\u00f6p\u00e4eva jooksul ja k\u00f5igile taass\u00fcndinud nukkude ostudele kehtib tasuta saatmine.<\/div>\n<hr \/>\n<h3>Kas vajate ikka abi?<\/h3>\n<div>Meil on alati hea meel aidata.<\/div>\n<div>\ud83d\udce7 Meiliaadress: <a href=\"mailto:support@mkreborns.com\">support@mkreborns.com<\/a><\/div>","protected":false},"excerpt":{"rendered":"<p>Kuidas peaksin oma taass\u00fcndinud nukku vannitama ja hooldama? T\u00e4issilikoonist nukke v\u00f5ib \u00f5rnalt vannitada. Riidest kerega nukke tuleks...<\/p>","protected":false},"author":1,"featured_media":0,"parent":0,"menu_order":0,"comment_status":"closed","ping_status":"closed","template":"","meta":{"footnotes":""},"class_list":["post-3455","page","type-page","status-publish","hentry"],"_links":{"self":[{"href":"https:\/\/www.mkreborns.com\/et\/wp-json\/wp\/v2\/pages\/3455","targetHints":{"allow":["GET"]}}],"collection":[{"href":"https:\/\/www.mkreborns.com\/et\/wp-json\/wp\/v2\/pages"}],"about":[{"href":"https:\/\/www.mkreborns.com\/et\/wp-json\/wp\/v2\/types\/page"}],"author":[{"embeddable":true,"href":"https:\/\/www.mkreborns.com\/et\/wp-json\/wp\/v2\/users\/1"}],"replies":[{"embeddable":true,"href":"https:\/\/www.mkreborns.com\/et\/wp-json\/wp\/v2\/comments?post=3455"}],"version-history":[{"count":0,"href":"https:\/\/www.mkreborns.com\/et\/wp-json\/wp\/v2\/pages\/3455\/revisions"}],"wp:attachment":[{"href":"https:\/\/www.mkreborns.com\/et\/wp-json\/wp\/v2\/media?parent=3455"}],"curies":[{"name":"t\u00f6\u00f6leht","href":"https:\/\/api.w.org\/{rel}","templated":true}]}}