{"id":3454,"date":"2026-01-21T15:16:46","date_gmt":"2026-01-21T15:16:46","guid":{"rendered":"https:\/\/www.mkreborns.com\/?page_id=3454"},"modified":"2026-01-28T02:26:13","modified_gmt":"2026-01-28T02:26:13","slug":"shipping-policy","status":"publish","type":"page","link":"https:\/\/www.mkreborns.com\/et\/shipping-policy\/","title":{"rendered":"Saatmispoliitika"},"content":{"rendered":"<div>T\u00e4name teid Mk Rebornsi valimise eest. Teie tellimus valmistatakse hoolikalt ette ja saadetakse v\u00e4lja t\u00f5husalt ja diskreetselt.<\/div>\n<hr \/>\n<h2>Tasuta saatmine \u00fcle maailma<\/h2>\n<div>Pakume tasuta saatmist strateegiliselt paiknevatest v\u00e4lismaistest ladudest Ameerika \u00dchendriikides, Euroopas, Kanadas, \u00dchendkuningriigis ja Austraalias.<br \/>\nKui kohalik laoseis on saadaval, saadetakse kaubad kiirema kohaletoimetamise tagamiseks l\u00e4himast kohast.<\/div>\n<hr \/>\n<h2>Eeldatav tarneaeg (laos olevad tooted)<\/h2>\n<div>\n<table border=\"1\" data-coda-grid-id=\"grid-O7-V0P1M6p\" data-coda-display-column-id=\"c-gzvnCsHVXd\" data-coda-view-config-inheritsdefaultformat=\"false\" data-coda-view-config-tablesearch=\"&quot;AlwaysShow&quot;\" data-coda-grid-configuration-set=\"SimpleTable\">\n<tbody>\n<tr>\n<td>Los Angeles, USA<\/td>\n<td>\n<div>Ameerika \u00dchendriigid (Alaska ja Hawaii n\u00f5uavad umbes 100 USA dollari suurust lisatasu)<\/div>\n<\/td>\n<td>3\u20135 t\u00f6\u00f6p\u00e4eva<\/td>\n<\/tr>\n<tr>\n<td>EL-i laod (Saksamaa \/ Poola)<\/td>\n<td>Enamik EL-i ja valitud EMP riike<\/td>\n<td>3\u201310 t\u00f6\u00f6p\u00e4eva<\/td>\n<\/tr>\n<tr>\n<td>Vancouveris<\/td>\n<td>Kanada<\/td>\n<td>3\u20135 t\u00f6\u00f6p\u00e4eva<\/td>\n<\/tr>\n<tr>\n<td>Sydney<\/td>\n<td>Austraalia<\/td>\n<td>3\u20137 t\u00f6\u00f6p\u00e4eva<\/td>\n<\/tr>\n<tr>\n<td>\u00dchendkuningriik<\/td>\n<td>\u00dchendkuningriik<\/td>\n<td>3\u20137 t\u00f6\u00f6p\u00e4eva<\/td>\n<\/tr>\n<\/tbody>\n<\/table>\n<\/div>\n<div>M\u00e4rkus: Enamik tellimusi t\u00f6\u00f6deldakse ja saadetakse v\u00e4lja 48 tunni jooksul. Keskmine tarneaeg on 3\u20135 t\u00f6\u00f6p\u00e4eva, v\u00e4lja arvatud erandjuhtudel.<\/div>\n<hr \/>\n<h2>Toll ja maksud<\/h2>\n<div>Kui kohalikku laost pole saadaval, v\u00f5idakse kaubad saata teisest riigist.<br \/>\nPiiratud juhtudel v\u00f5idakse saajatelt paluda abi tollivormistuse v\u00f5i imporditollimaksude tasumisel.<\/div>\n<div>Norra, \u0160veitsi, Islandi ja Mehhiko puhul vastutab tollivormistus ja kohaldatavad maksud ainuisikuliselt saaja.<\/div>\n<hr \/>\n<h2>Tellimuse j\u00e4lgimine<\/h2>\n<div>P\u00e4rast saatmist saadetakse kinnitusmeil j\u00e4lgimisandmetega.<br \/>\nJ\u00e4lgimisteabe v\u00e4rskendamine v\u00f5ib v\u00f5tta kuni 48 tundi.<\/div>\n<hr \/>\n<h2>Jagatud saadetised<\/h2>\n<div>Mitme esemega tellimused v\u00f5ivad saabuda eraldi pakkides.<br \/>\nKui osa teie tellimusest saabub esimesena, on \u00fclej\u00e4\u00e4nud kaubad endiselt teel.<\/div>\n<hr \/>\n<h2>Kohaletoimetamise probleemid<\/h2>\n<ul>\n<li>M\u00e4rgitud kohaletoimetatuks, aga mitte kohale toimetatud: V\u00f5tke kulleriga kohe \u00fchendust ja saatke e-kiri <a href=\"http:\/\/\">support@mkreborns.com<\/a>.<\/li>\n<li>Kahjustatud esemed: dokumenteerige kahjustused selgete fotode v\u00f5i videotega ja seej\u00e4rel esitage kullerile kahjun\u00f5ue.<\/li>\n<li>Valed esemed: palun esitage foto- ja videot\u00f5endid ning meie klienditeenindus lahendab probleemi esimesel v\u00f5imalusel.<\/li>\n<\/ul>\n<hr \/>\n<h2>Tagastamine ja vahetamine<\/h2>\n<div>Palun v\u00f5tke \u00fchendust <a href=\"http:\/\/\">support@mkreborns.com<\/a> enne mis tahes tagasip\u00f6\u00f6rdumise alustamist.<br \/>\nVolitamata tagastusi v\u00f5i keeldutud tarneid vastu ei v\u00f5eta.<\/div>\n<div>Esemed peavad j\u00e4\u00e4ma kasutamata ja avamata sisemise kaitsepakendiga.<br \/>\nT\u00e4psemate tingimustega saate tutvuda meie t\u00e4ielikus tagastuspoliitikas.<\/div>","protected":false},"excerpt":{"rendered":"<p>T\u00e4name teid Mk Rebornsi valimise eest. Teie tellimus valmistatakse hoolikalt ette ja saadetakse v\u00e4lja t\u00f5husalt ja diskreetselt. Tasuta saatmine \u00fcle maailma.<\/p>","protected":false},"author":1,"featured_media":0,"parent":0,"menu_order":0,"comment_status":"closed","ping_status":"closed","template":"","meta":{"footnotes":""},"class_list":["post-3454","page","type-page","status-publish","hentry"],"_links":{"self":[{"href":"https:\/\/www.mkreborns.com\/et\/wp-json\/wp\/v2\/pages\/3454","targetHints":{"allow":["GET"]}}],"collection":[{"href":"https:\/\/www.mkreborns.com\/et\/wp-json\/wp\/v2\/pages"}],"about":[{"href":"https:\/\/www.mkreborns.com\/et\/wp-json\/wp\/v2\/types\/page"}],"author":[{"embeddable":true,"href":"https:\/\/www.mkreborns.com\/et\/wp-json\/wp\/v2\/users\/1"}],"replies":[{"embeddable":true,"href":"https:\/\/www.mkreborns.com\/et\/wp-json\/wp\/v2\/comments?post=3454"}],"version-history":[{"count":0,"href":"https:\/\/www.mkreborns.com\/et\/wp-json\/wp\/v2\/pages\/3454\/revisions"}],"wp:attachment":[{"href":"https:\/\/www.mkreborns.com\/et\/wp-json\/wp\/v2\/media?parent=3454"}],"curies":[{"name":"t\u00f6\u00f6leht","href":"https:\/\/api.w.org\/{rel}","templated":true}]}}