{"id":3449,"date":"2026-01-20T14:40:52","date_gmt":"2026-01-20T14:40:52","guid":{"rendered":"https:\/\/www.mkreborns.com\/?page_id=3449"},"modified":"2026-01-28T02:03:34","modified_gmt":"2026-01-28T02:03:34","slug":"terms-conditions","status":"publish","type":"page","link":"https:\/\/www.mkreborns.com\/et\/terms-conditions\/","title":{"rendered":"Tingimused"},"content":{"rendered":"<h2 class=\"wp-block-heading\">1. Sissejuhatus<\/h2>\r\n\r\n\r\n\r\n<p>K\u00e4esolevad tingimused (\u201ctingimused\u201d) reguleerivad teie juurdep\u00e4\u00e4su ja kasutamist <strong>mkreborns.com<\/strong> (\u201cVeebisait\u201d), digitaalne omand, mida haldab <strong>Mk Taass\u00fcndinud<\/strong> (\u201cmeie\u201d, \u201cmeid\u201d, \u201cmeie\u201d).<\/p>\r\n\r\n\r\n\r\n<p>Kahtluste v\u00e4ltimiseks tuleb m\u00e4rkida, et k\u00f5ik viited \u201cteie\u201d, \u201cteie\u201d v\u00f5i \u201cklient\u201d t\u00e4histavad mis tahes f\u00fc\u00fcsilist v\u00f5i juriidilist isikut, kes ostab Mk Rebornsilt selle veebisaidi kaudu tooteid.<\/p>\r\n\r\n\r\n\r\n<p>Teie seadusj\u00e4rgsed tarbija\u00f5igused j\u00e4\u00e4vad samaks.<\/p>\r\n\r\n\r\n\r\n<p>Sellel veebisaidile juurde p\u00e4\u00e4sedes, seda sirvides v\u00f5i tellimuse esitades kinnitate, et olete need tingimused l\u00e4bi lugenud, neist aru saanud ja n\u00f5ustute nendega juriidiliselt siduma koos meie <strong>Privaatsuspoliitika<\/strong>, <strong>Tagastuspoliitika<\/strong>, ja <strong>Saatmispoliitika<\/strong>, mis kokkuv\u00f5ttes moodustavad kogu lepingu teie ja Mk Rebornsi vahel.<\/p>\r\n\r\n\r\n\r\n<p>Kui te ei n\u00f5ustu nende tingimustega t\u00e4ielikult, ei tohi te selle veebisaidi kaudu tellimust esitada.<\/p>\r\n\r\n\r\n<hr class=\"wp-block-separator has-alpha-channel-opacity\" \/>\r\n\r\n\r\n<h2 class=\"wp-block-heading\">2. K\u00e4esolevate tingimuste muudatused<\/h2>\r\n\r\n\r\n\r\n<p>Mk Reborns j\u00e4tab endale \u00f5iguse neid tingimusi igal ajal ette teatamata muuta, parandada v\u00f5i asendada.<br \/>Sellele tehingule kehtivad tellimuse esitamise ajal kehtivad tingimused.<\/p>\r\n\r\n\r\n\r\n<p>Soovitatav on enne iga ostu need tingimused \u00fcle vaadata.<\/p>\r\n\r\n\r\n<hr class=\"wp-block-separator has-alpha-channel-opacity\" \/>\r\n\r\n\r\n<h2 class=\"wp-block-heading\">3. Vanusepiirang<\/h2>\r\n\r\n\r\n\r\n<p>Sellel veebisaidil tellimuse esitades kinnitate ja garanteerite, et olete pakutavate toodete ostmiseks seaduslikus eas.<\/p>\r\n\r\n\r\n\r\n<p>Kui meil on m\u00f5istlik alus arvata, et tellimuse on esitanud isik, kes ei vasta seadusj\u00e4rgsele vanusen\u00f5udele, j\u00e4tame endale \u00f5iguse selline tellimus t\u00fchistada ilma vastutuseta.<\/p>\r\n\r\n\r\n<hr class=\"wp-block-separator has-alpha-channel-opacity\" \/>\r\n\r\n\r\n<h2 class=\"wp-block-heading\">4. Lepingu s\u00f5lmimine<\/h2>\r\n\r\n\r\n\r\n<p>K\u00f5ik selle veebisaidi kaudu esitatud tellimused s\u00f5ltuvad Mk Rebornsi kinnitusest ja toote saadavusest.<\/p>\r\n\r\n\r\n\r\n<p>J\u00e4tame endale t\u00e4ieliku \u00f5iguse keelduda tellimusest v\u00f5i see t\u00fchistada mis tahes p\u00f5hjusel, sealhulgas, kuid mitte ainult, laoseisu piirangute, hinnaebat\u00e4psuste v\u00f5i kahtlustatava pettuse korral.<\/p>\r\n\r\n\r\n\r\n<p>Siduv leping loetakse s\u00f5lmituks alles siis, kui Mk Reborns saadab tellitud kauba teele ja saadab saadetise kinnituse e-kirja.<\/p>\r\n\r\n\r\n<hr class=\"wp-block-separator has-alpha-channel-opacity\" \/>\r\n\r\n\r\n<h2 class=\"wp-block-heading\">5. Hinnakujundus ja t\u00e4psus<\/h2>\r\n\r\n\r\n\r\n<p>Kuigi p\u00fc\u00fcame tagada, et k\u00f5ik kuvatud hinnad oleksid avaldamise ajal t\u00e4psed, j\u00e4tame endale \u00f5iguse hindu igal ajal muuta.<\/p>\r\n\r\n\r\n\r\n<p>Kui hinnakujunduse muutus teie tellimust oluliselt m\u00f5jutab, teavitatakse teid enne saatmist.<\/p>\r\n\r\n\r\n<hr class=\"wp-block-separator has-alpha-channel-opacity\" \/>\r\n\r\n\r\n<h2 class=\"wp-block-heading\">6. T\u00fchistamis\u00f5igus (ELi ja \u00dchendkuningriigi tarbijad)<\/h2>\r\n\r\n\r\n\r\n<p>Kui olete Euroopa Liidus v\u00f5i \u00dchendkuningriigis asuv tarbija, on teil \u00f5igus oma tellimus t\u00fchistada neljateistk\u00fcmne (14) t\u00f6\u00f6p\u00e4eva jooksul alates kauba k\u00e4ttesaamisest vastavalt kehtivatele tarbijakaitsealastele \u00f5igusaktidele.<\/p>\r\n\r\n\r\n\r\n<p>P\u00e4rast t\u00fchistamist tehakse tagasimakseid vastavalt teie seadusj\u00e4rgsetele \u00f5igustele.<\/p>\r\n\r\n\r\n\r\n<p>Tagastustingimused ja -protseduurid v\u00f5ivad piirkonniti erineda. Palun vaadake meie <strong>Tagastuspoliitika<\/strong> \u00fcksikasjade saamiseks.<\/p>\r\n\r\n\r\n<hr class=\"wp-block-separator has-alpha-channel-opacity\" \/>\r\n\r\n\r\n<h2 class=\"wp-block-heading\">7. Turunduskommunikatsioon<\/h2>\r\n\r\n\r\n\r\n<p>Teave e-posti teel suhtlemise ja reklaams\u00f5numite kohta on \u00fcksikasjalikult esitatud meie <strong>Privaatsuspoliitika<\/strong>.<\/p>\r\n\r\n\r\n\r\n<p>Oma kontaktandmete esitamisega n\u00f5ustute selle poliitikaga koosk\u00f5las oleva suhtlusega.<\/p>\r\n\r\n\r\n<hr class=\"wp-block-separator has-alpha-channel-opacity\" \/>\r\n\r\n\r\n<h2 class=\"wp-block-heading\">8. Privaatsus ja andmekaitse<\/h2>\r\n\r\n\r\n\r\n<p>Meie <strong>Privaatsuspoliitika<\/strong> selgitab, kuidas isikuandmeid kogutakse, t\u00f6\u00f6deldakse, s\u00e4ilitatakse, jagatakse ja s\u00e4ilitatakse.<\/p>\r\n\r\n\r\n\r\n<p>Rakendame \u00e4riliselt m\u00f5istlikke kaitsemeetmeid, et tagada andmete turvalisus ja vastavus teie jurisdiktsioonis kehtivatele andmekaitseseadustele.<\/p>\r\n\r\n\r\n\r\n<p>Veebisaidi funktsionaalsuse t\u00e4iustamiseks kasutatakse k\u00fcpsiseid ja sarnaseid tehnoloogiaid. Lisateavet leiate meie <strong>K\u00fcpsiste poliitika<\/strong>.<\/p>\r\n\r\n\r\n<hr class=\"wp-block-separator has-alpha-channel-opacity\" \/>\r\n\r\n\r\n<h2 class=\"wp-block-heading\">9. Pettuste ennetamine<\/h2>\r\n\r\n\r\n\r\n<p>Mk Reborns rakendab rangeid pettuste ennetamise meetmeid ja kasutab kolmandate osapoolte kontrolli- ja j\u00e4lgimisteenuseid.<\/p>\r\n\r\n\r\n\r\n<p>Igast katsest esitada pettuse eesm\u00e4rgil vale-, eksitavat v\u00f5i ebat\u00e4pset teavet v\u00f5idakse teatada asjaomastele pettusevastastele asutustele.<\/p>\r\n\r\n\r\n\r\n<p>J\u00e4tame endale \u00f5iguse peatada v\u00f5i sulgeda kontosid, mis on seotud kahtlustatava petturliku k\u00e4itumisega.<\/p>\r\n\r\n\r\n<hr class=\"wp-block-separator has-alpha-channel-opacity\" \/>\r\n\r\n\r\n<h2 class=\"wp-block-heading\">10. Automatiseeritud juurdep\u00e4\u00e4s ja veebirobotid<\/h2>\r\n\r\n\r\n\r\n<p>Sellele veebisaidile p\u00e4\u00e4sevad ligi ainult Mk Rebornsi poolt s\u00f5naselgelt lubatud ja meie robotikasutuspoliitikaga koosk\u00f5las olevad automatiseeritud tarkvararakendused (\u201cLubatud robotid\u201d).<\/p>\r\n\r\n\r\n\r\n<p>Volitamata robotite hulka kuuluvad, kuid mitte ainult, skriptid, mis \u00fclekoormavad servereid, automatiseerivad ostukorvi tegevust, kraapivad sisu v\u00f5i h\u00e4irivad kliendikogemust.<\/p>\r\n\r\n\r\n\r\n<p>J\u00e4tame endale \u00f5iguse selline juurdep\u00e4\u00e4s blokeerida ja seotud kontod viivitamatult peatada.<\/p>\r\n\r\n\r\n\r\n<p>Te n\u00f5ustute h\u00fcvitama Mk Rebornsile k\u00f5ik kahjud, kulud ja v\u00e4ljaminekud, mis tulenevad volitamata automatiseeritud juurdep\u00e4\u00e4sust.<\/p>\r\n\r\n\r\n<hr class=\"wp-block-separator has-alpha-channel-opacity\" \/>\r\n\r\n\r\n<h2 class=\"wp-block-heading\">11. Intellektuaalomand<\/h2>\r\n\r\n\r\n\r\n<p>Kogu veebisaidi sisu, sealhulgas tekst, pildid, graafika ja paigutus, on Mk Rebornsi ainu\u00f5igus, kui ei ole teisiti m\u00e4rgitud.<\/p>\r\n\r\n\r\n\r\n<p>Sisu ei tohi ilma eelneva kirjaliku n\u00f5usolekuta \u00e4rilistel eesm\u00e4rkidel reprodutseerida, levitada, muuta ega kasutada, v\u00e4lja arvatud isiklikuks, mitte\u00e4riliseks otstarbeks.<\/p>\r\n\r\n\r\n\r\n<p>Te n\u00f5ustute mitte looma veebisaidi sisust tuletatud teoseid.<\/p>\r\n\r\n\r\n<hr class=\"wp-block-separator has-alpha-channel-opacity\" \/>\r\n\r\n\r\n<h2 class=\"wp-block-heading\">12. Garantiide v\u00e4listamine<\/h2>\r\n\r\n\r\n\r\n<p>See veebisait pakutakse olemasoleval kujul ja k\u00e4ttesaadavuse p\u00f5him\u00f5ttel.<\/p>\r\n\r\n\r\n\r\n<p>Me ei anna mingeid otseseid ega kaudseid garantiisid katkematu juurdep\u00e4\u00e4su, t\u00e4psuse, veatu toimimise v\u00f5i kahjulike komponentide puudumise osas.<\/p>\r\n\r\n\r\n\r\n<p>Mitte miski selles lahti\u00fctluses ei piira teie seadusj\u00e4rgseid \u00f5igusi seoses ostetud kaupadega.<\/p>\r\n\r\n\r\n<hr class=\"wp-block-separator has-alpha-channel-opacity\" \/>\r\n\r\n\r\n<h2 class=\"wp-block-heading\">13. Vastutuse piiramine<\/h2>\r\n\r\n\r\n\r\n<p>Seadusega lubatud ulatuses ei vastuta Mk Reborns j\u00e4rgmise eest:<\/p>\r\n\r\n\r\n\r\n<ul class=\"wp-block-list\">\r\n<li>kahjud, mida ei olnud lepingu s\u00f5lmimise ajal m\u00f5istlikult ette n\u00e4ha;<\/li>\r\n\r\n\r\n\r\n<li>kahjud, mis ei ole p\u00f5hjustatud meiepoolsest rikkumisest;<\/li>\r\n\r\n\r\n\r\n<li>\u00e4rikahjud v\u00f5i mittetarbijakahjud.<\/li>\r\n<\/ul>\r\n\r\n\r\n\r\n<p>Me ei v\u00e4lista ega piira vastutust j\u00e4rgmistel juhtudel:<\/p>\r\n\r\n\r\n\r\n<p>(a) hooletusest p\u00f5hjustatud surm v\u00f5i kehavigastus;<br \/>(b) pettus v\u00f5i petturlik v\u00e4\u00e4resitus;<br \/>(c) omandi\u00f5iguse, kirjelduse, kvaliteedi v\u00f5i sobivusega seotud seadusj\u00e4rgsete kaudsete tingimuste rikkumine;<br \/>(d) vastutus vastavalt kohaldatavatele tarbijakaitsealastele \u00f5igusaktidele.<\/p>\r\n\r\n\r\n<hr class=\"wp-block-separator has-alpha-channel-opacity\" \/>\r\n\r\n\r\n<h2 class=\"wp-block-heading\">14. Vastuv\u00f5etav kasutamine<\/h2>\r\n\r\n\r\n\r\n<p>Te n\u00f5ustute seda veebisaiti kasutama \u00fcksnes seaduslikel eesm\u00e4rkidel ja viisil, mis ei riku teiste \u00f5igusi ega piira nende veebisaidi kasutamist.<\/p>\r\n\r\n\r\n\r\n<p>Keelatud k\u00e4itumine h\u00f5lmab muu hulgas ahistamist, solvava materjali levitamist v\u00f5i veebisaidi tavap\u00e4rase t\u00f6\u00f6 h\u00e4irimist.<\/p>\r\n\r\n\r\n<hr class=\"wp-block-separator has-alpha-channel-opacity\" \/>\r\n\r\n\r\n<h2 class=\"wp-block-heading\">15. Kasutaja loodud sisu (arvustused, pildid, esildised)<\/h2>\r\n\r\n\r\n\r\n<p>Arvustuste, hinnangute, piltide v\u00f5i muu sisu esitamisega kinnitate ja garanteerite, et:<\/p>\r\n\r\n\r\n\r\n<ul class=\"wp-block-list\">\r\n<li>Teile kuuluvad k\u00f5ik intellektuaalomandi \u00f5igused;<\/li>\r\n\r\n\r\n\r\n<li>Sa oled loobunud igasugustest moraalsetest \u00f5igustest.<\/li>\r\n\r\n\r\n\r\n<li>Sisu on t\u00f5ene ja seaduslik.<\/li>\r\n\r\n\r\n\r\n<li>Sa oled v\u00e4hemalt kaheksateist (18) aastat vana.<\/li>\r\n<\/ul>\r\n\r\n\r\n\r\n<p>Te annate Mk Rebornsile alalise, tagasiv\u00f5tmatu, litsentsitasuta ja \u00fclemaailmse litsentsi sellise sisu kasutamiseks, reprodutseerimiseks, muutmiseks, avaldamiseks, t\u00f5lkimiseks, levitamiseks ja muul viisil \u00e4rakasutamiseks ilma h\u00fcvitiseta.<\/p>\r\n\r\n\r\n\r\n<p>J\u00e4tame endale \u00f5iguse oma \u00e4ran\u00e4gemisel mis tahes sisu muuta, eemaldada v\u00f5i avaldamisest keelduda.<\/p>\r\n\r\n\r\n\r\n<p>J\u00e4\u00e4te ainuisikuliselt vastutavaks enda esitatud sisu eest.<\/p>\r\n\r\n\r\n<hr class=\"wp-block-separator has-alpha-channel-opacity\" \/>\r\n\r\n\r\n<h2 class=\"wp-block-heading\">16. Lojaalsusprogramm<\/h2>\r\n\r\n\r\n\r\n<p>Me \u00fcmberkorraldame oma lojaalsusprogrammi.<br \/>Olemasolevad punktis\u00fcsteemid v\u00f5idakse l\u00f5petada ilma edasise kogunemise v\u00f5i lunastamiseta.<\/p>\r\n\r\n\r\n<hr class=\"wp-block-separator has-alpha-channel-opacity\" \/>\r\n\r\n\r\n<h2 class=\"wp-block-heading\">17. K\u00e4ibemaks (Ameerika \u00dchendriigid)<\/h2>\r\n\r\n\r\n\r\n<p>Kohaldatav m\u00fc\u00fcgi- v\u00f5i k\u00e4ibemaks arvutatakse teie k\u00e4ttetoimetamisaadressi p\u00f5hjal ja kuvatakse kassas.<\/p>\r\n\r\n\r\n\r\n<p>Kuvatud maksusummad on hinnangulised; l\u00f5plik maksusumma kinnitatakse tellimuse vormistamisel.<\/p>\r\n\r\n\r\n<hr class=\"wp-block-separator has-alpha-channel-opacity\" \/>\r\n\r\n\r\n<h2 class=\"wp-block-heading\">18. V\u00e4lised lingid<\/h2>\r\n\r\n\r\n\r\n<p>See veebisait v\u00f5ib sisaldada linke kolmandate osapoolte saitidele.<br \/>Me ei kontrolli ega toeta selliseid saite ega vastuta nende sisu eest.<\/p>\r\n\r\n\r\n<hr class=\"wp-block-separator has-alpha-channel-opacity\" \/>\r\n\r\n\r\n<h2 class=\"wp-block-heading\">19. Kohaldatav \u00f5igus ja jurisdiktsioon<\/h2>\r\n<div>K\u00e4esolevatele tingimustele ja k\u00f5igile neist tulenevatele v\u00f5i nendega seotud vaidlustele v\u00f5i n\u00f5uetele (sealhulgas lepinguv\u00e4listele vaidlustele v\u00f5i n\u00f5uetele) kohaldatakse Hongkongi erihalduspiirkonna (HKSAR) seadusi ja neid t\u00f5lgendatakse nende seaduste kohaselt, olenemata selle \u00f5igusnormide konflikti p\u00f5him\u00f5tetest.<\/div>\r\n<div>Te n\u00f5ustute p\u00f6\u00f6rdumatult, et Hongkongi kohtutel on ainup\u00e4devus lahendada mis tahes vaidlusi v\u00f5i n\u00f5udeid, mis tulenevad k\u00e4esolevatest tingimustest v\u00f5i teiepoolsest veebisaidi kasutamisest v\u00f5i on nendega seotud.<\/div>\r\n\r\n\r\n<hr class=\"wp-block-separator has-alpha-channel-opacity\" \/>\r\n\r\n\r\n<h2 class=\"wp-block-heading\">20. V\u00e4\u00e4ramatu j\u00f5ud<\/h2>\r\n\r\n\r\n\r\n<p>Me ei vastuta teenuse osutamise eba\u00f5nnestumise v\u00f5i viivituse eest, mis on p\u00f5hjustatud meie m\u00f5istliku kontrolli alt v\u00e4ljas olevatest s\u00fcndmustest, sealhulgas, kuid mitte ainult, loodus\u00f5nnetustest, pandeemiatest, valitsuse meetmetest v\u00f5i kodanike rahutustest.<\/p>\r\n\r\n\r\n\r\n<p>M\u00f5jutatud kohustused peatatakse sellise s\u00fcndmuse ajaks.<\/p>\r\n\r\n\r\n<hr class=\"wp-block-separator has-alpha-channel-opacity\" \/>\r\n\r\n\r\n<h2 class=\"wp-block-heading\">21. \u00dcleandmine ja eraldatavus<\/h2>\r\n\r\n\r\n\r\n<p>Meil on \u00f5igus oma k\u00e4esolevate tingimuste kohased \u00f5igused ja kohustused \u00fcle anda, ilma et see m\u00f5jutaks teie \u00f5igusi.<\/p>\r\n\r\n\r\n\r\n<p>Te ei tohi oma \u00f5igusi ilma meie kirjaliku n\u00f5usolekuta \u00fcle anda.<\/p>\r\n\r\n\r\n\r\n<p>Kui m\u00f5ni s\u00e4te tunnistatakse j\u00f5ustamatuks, j\u00e4\u00e4vad \u00fclej\u00e4\u00e4nud s\u00e4tted t\u00e4ielikult j\u00f5usse.<\/p>\r\n\r\n\r\n<hr class=\"wp-block-separator has-alpha-channel-opacity\" \/>\r\n\r\n\r\n<h2 class=\"wp-block-heading\">22. Loobumine<\/h2>\r\n\r\n\r\n\r\n<p>Mk Rebornsi poolt mis tahes s\u00e4tte j\u00f5ustamata j\u00e4tmine ei t\u00e4henda edaspidise j\u00f5ustamise loobumist.<\/p>","protected":false},"excerpt":{"rendered":"<p>1. Sissejuhatus K\u00e4esolevad tingimused (\u201ctingimused\u201d) reguleerivad teie juurdep\u00e4\u00e4su veebisaidile mkreborns.com (\u201cveebisait\u201d), mis on digitaalne<\/p>","protected":false},"author":1,"featured_media":0,"parent":0,"menu_order":0,"comment_status":"closed","ping_status":"closed","template":"","meta":{"footnotes":""},"class_list":["post-3449","page","type-page","status-publish","hentry"],"_links":{"self":[{"href":"https:\/\/www.mkreborns.com\/et\/wp-json\/wp\/v2\/pages\/3449","targetHints":{"allow":["GET"]}}],"collection":[{"href":"https:\/\/www.mkreborns.com\/et\/wp-json\/wp\/v2\/pages"}],"about":[{"href":"https:\/\/www.mkreborns.com\/et\/wp-json\/wp\/v2\/types\/page"}],"author":[{"embeddable":true,"href":"https:\/\/www.mkreborns.com\/et\/wp-json\/wp\/v2\/users\/1"}],"replies":[{"embeddable":true,"href":"https:\/\/www.mkreborns.com\/et\/wp-json\/wp\/v2\/comments?post=3449"}],"version-history":[{"count":0,"href":"https:\/\/www.mkreborns.com\/et\/wp-json\/wp\/v2\/pages\/3449\/revisions"}],"wp:attachment":[{"href":"https:\/\/www.mkreborns.com\/et\/wp-json\/wp\/v2\/media?parent=3449"}],"curies":[{"name":"t\u00f6\u00f6leht","href":"https:\/\/api.w.org\/{rel}","templated":true}]}}