{"id":3,"date":"2025-12-24T14:18:41","date_gmt":"2025-12-24T14:18:41","guid":{"rendered":"https:\/\/www.mkreborns.com\/?page_id=3"},"modified":"2026-01-20T10:07:36","modified_gmt":"2026-01-20T10:07:36","slug":"privacy-policy","status":"publish","type":"page","link":"https:\/\/www.mkreborns.com\/et\/privacy-policy\/","title":{"rendered":"Privaatsuspoliitika"},"content":{"rendered":"<p>Kell <strong>Mk Taass\u00fcndinud<\/strong>, Peame isikuandmete konfidentsiaalsust, terviklikkust ja vastutustundlikku k\u00e4itlemist v\u00e4ga oluliseks. K\u00e4esolevas privaatsuspoliitikas selgitatakse, kuidas andmeid kogutakse, t\u00f6\u00f6deldakse, s\u00e4ilitatakse ja kaitstakse, kui te meie veebisaidile juurde p\u00e4\u00e4sete v\u00f5i sellega suhtlete.<\/p>\n\n\n\n<hr class=\"wp-block-separator has-alpha-channel-opacity\"\/>\n\n\n\n<h2 class=\"wp-block-heading\">1. Kes me oleme<\/h2>\n\n\n\n<p>Veebisait <strong><a href=\"https:\/\/www.mkreborns.com\/et\/\">https:\/\/www.mkreborns.com<\/a><\/strong> kuulub ja seda haldab <strong>Mk Taass\u00fcndinud<\/strong>.<br>K\u00e4esolevates eeskirjades viitavad viited \u201cmeie\u201d, \u201cmeie oma\u201d v\u00f5i \u201cmeid\u201d ainult Mk Rebornsile.<\/p>\n\n\n\n<hr class=\"wp-block-separator has-alpha-channel-opacity\"\/>\n\n\n\n<h2 class=\"wp-block-heading\">2. Kommentaarid ja kasutajate esildised<\/h2>\n\n\n\n<p>Kui k\u00fclastajad otsustavad meie veebisaidil kommentaare j\u00e4tta, kogume kommentaari esitamise vormil kuvatud teabe koos k\u00fclastaja... <strong>IP-aadress<\/strong> ja <strong>brauseri kasutajaagendi string<\/strong>. Seda teavet kogutakse rangelt platvormi turvalisuse s\u00e4ilitamiseks ja soovimatu v\u00f5i solvava sisu ennetamiseks.<\/p>\n\n\n\n<p>Teie e-posti aadressist genereeritud anon\u00fc\u00fcmne identifikaator (mida tavaliselt nimetatakse <em>r\u00e4si<\/em>) v\u00f5ib edastada <strong>Gravatar<\/strong> teenus, et teha kindlaks, kas seotud profiil on olemas.<br>Gravatari teenus toimib oma privaatsusraamistiku alusel, millega saab tutvuda aadressil:<br><a href=\"https:\/\/automattic.com\/privacy\/\" target=\"_blank\" rel=\"noopener\">https:\/\/automattic.com\/privacy\/<\/a><\/p>\n\n\n\n<p>Kui kommentaar on kinnitatud, muutub iga sellega seotud profiilipilt kommentaari k\u00f5rval avalikult n\u00e4htavaks.<\/p>\n\n\n\n<hr class=\"wp-block-separator has-alpha-channel-opacity\"\/>\n\n\n\n<h2 class=\"wp-block-heading\">3. Meediumi \u00fcleslaadimised<\/h2>\n\n\n\n<p>Kui laadite veebisaidile \u00fcles pilte, soovitame tungivalt neid mitte lisada <strong>manustatud asukoha metaandmed (EXIF GPS)<\/strong>.<br>Saidi k\u00fclastajad saavad pilte alla laadida ja neis sisalduvaid asukohaandmeid v\u00e4lja v\u00f5tta. Mk Reborns ei vastuta \u00fcleslaaditud meediasse vabatahtlikult lisatud metaandmete eest.<\/p>\n\n\n\n<hr class=\"wp-block-separator has-alpha-channel-opacity\"\/>\n\n\n\n<h2 class=\"wp-block-heading\">4. K\u00fcpsised ja sarnased tehnoloogiad<\/h2>\n\n\n\n<p>Kasutaja mugavuse ja funktsionaalsuse parandamiseks kasutab meie veebisait k\u00fcpsiseid j\u00e4rgmistel juhtudel:<\/p>\n\n\n\n<ul class=\"wp-block-list\">\n<li>Kommentaari esitamisel v\u00f5ite valida oma nime, e-posti aadressi ja veebisaidi andmete salvestamise k\u00fcpsistesse. Neid k\u00fcpsiseid s\u00e4ilitatakse <strong>\u00fcks aasta<\/strong> et v\u00e4listada vajadus korduva andmesisestuse j\u00e4rele.<\/li>\n\n\n\n<li>Sisselogimislehele k\u00fclastades genereeritakse ajutine k\u00fcpsis, et kontrollida, kas teie brauser k\u00fcpsiseid aktsepteerib. See k\u00fcpsis ei sisalda isikuandmeid ja see kustutatakse brauseri sulgemisel.<\/li>\n\n\n\n<li>Sisselogimisel luuakse teie autentimisoleku ja kuvamiseelistuste s\u00e4ilitamiseks mitu k\u00fcpsist.\n<ul class=\"wp-block-list\">\n<li>Sisselogimisk\u00fcpsised j\u00e4\u00e4vad aktiivseks <strong>kaks p\u00e4eva<\/strong><\/li>\n\n\n\n<li>Kuvamiseelistuste k\u00fcpsised j\u00e4\u00e4vad alles <strong>\u00fcks aasta<\/strong><\/li>\n\n\n\n<li>Kui on valitud suvand \u201cPea mind meeles\u201d, salvestatakse sisselogimisandmed <strong>kaks n\u00e4dalat<\/strong><\/li>\n<\/ul>\n<\/li>\n\n\n\n<li>V\u00e4ljalogimisel eemaldatakse sisselogimisega seotud k\u00fcpsised.<\/li>\n\n\n\n<li>Kui te sisu muudate v\u00f5i avaldate, salvestatakse teie brauserisse t\u00e4iendav k\u00fcpsis. See k\u00fcpsis ei sisalda isikuandmeid ja selle ainus eesm\u00e4rk on tuvastada muudetud postitus. See aegub p\u00e4rast <strong>24 tundi<\/strong>.<\/li>\n<\/ul>\n\n\n\n<hr class=\"wp-block-separator has-alpha-channel-opacity\"\/>\n\n\n\n<h2 class=\"wp-block-heading\">5. Kolmandate osapoolte veebisaitidelt manustatud sisu<\/h2>\n\n\n\n<p>Selle veebisaidi lehed v\u00f5ivad sisaldada manustatud sisu (sealhulgas, kuid mitte ainult, videoid, pilte v\u00f5i artikleid).<br>V\u00e4listelt veebisaitidelt manustatud sisu k\u00e4itub samamoodi nagu siis, kui oleksite otse algset veebisaiti k\u00fclastanud.<\/p>\n\n\n\n<p>Sellised kolmandate osapoolte veebisaidid v\u00f5ivad:<\/p>\n\n\n\n<ul class=\"wp-block-list\">\n<li>Koguge teie kohta andmeid<\/li>\n\n\n\n<li>Kasutage k\u00fcpsiseid<\/li>\n\n\n\n<li>Kasutage t\u00e4iendavaid kolmanda osapoole j\u00e4lgimist\u00f6\u00f6riistu<\/li>\n\n\n\n<li>J\u00e4lgige oma suhtlust manustatud sisuga<\/li>\n<\/ul>\n\n\n\n<p>See v\u00f5ib h\u00f5lmata suhtluste j\u00e4lgimist, kui teil on v\u00e4lise platvormi konto ja olete sinna sisse logitud.<\/p>\n\n\n\n<hr class=\"wp-block-separator has-alpha-channel-opacity\"\/>\n\n\n\n<h2 class=\"wp-block-heading\">6. Andmete jagamine<\/h2>\n\n\n\n<p>Kui taotlete parooli l\u00e4htestamist, siis teie <strong>IP-aadress<\/strong> lisatakse parooli l\u00e4htestamise teatisesse turvalisuse kontrollimise eesm\u00e4rgil.<\/p>\n\n\n\n<p>Mk Reborns ei m\u00fc\u00fc, rendi ega vaheta isikuandmeid volitamata kolmandatele isikutele.<\/p>\n\n\n\n<hr class=\"wp-block-separator has-alpha-channel-opacity\"\/>\n\n\n\n<h2 class=\"wp-block-heading\">7. Andmete s\u00e4ilitamine<\/h2>\n\n\n\n<p>Kommentaarid ja nendega seotud metaandmed s\u00e4ilivad <strong>l\u00f5putult<\/strong>. See v\u00f5imaldab meil j\u00e4rgnevaid kommentaare automaatselt \u00e4ra tunda ja heaks kiita ilma neid modereerimata.<\/p>\n\n\n\n<p>Kasutajate puhul, kes registreeruvad meie veebisaidil (kui see on kohaldatav), salvestame isikuandmeid, mis on esitatud nende kasutajaprofiilides.<br>Registreeritud kasutajad v\u00f5ivad oma isikuandmeid igal ajal vaadata, muuta v\u00f5i kustutada, v\u00e4lja arvatud kasutajanimesid. Veebisaidi administraatoritel on \u00f5igus neile andmetele vajadusel juurde p\u00e4\u00e4seda ja neid muuta.<\/p>\n\n\n\n<hr class=\"wp-block-separator has-alpha-channel-opacity\"\/>\n\n\n\n<h2 class=\"wp-block-heading\">8. Teie \u00f5igused oma andmete \u00fcle<\/h2>\n\n\n\n<p>Kui teil on sellel veebisaidil konto v\u00f5i olete varem kommentaare saatnud, v\u00f5ite taotleda:<\/p>\n\n\n\n<ul class=\"wp-block-list\">\n<li>Eksporditud fail, mis sisaldab teie kohta k\u00e4ivaid isikuandmeid<\/li>\n\n\n\n<li>Teiega seotud isikuandmete kustutamine<\/li>\n<\/ul>\n\n\n\n<p>Andmete kustutamise taotlused ei kehti teabe kohta, mida oleme seadusest v\u00f5i halduslikult kohustatud s\u00e4ilitama vastavus-, turvalisus- v\u00f5i operatiivsetel eesm\u00e4rkidel.<\/p>\n\n\n\n<hr class=\"wp-block-separator has-alpha-channel-opacity\"\/>\n\n\n\n<h2 class=\"wp-block-heading\">9. Kus teie andmeid t\u00f6\u00f6deldakse<\/h2>\n\n\n\n<p>K\u00fclastajate kommentaare v\u00f5idakse veebisaidi turvalisuse ja terviklikkuse tagamiseks uurida automatiseeritud r\u00e4mpsposti tuvastamise teenuste abil.<\/p>\n\n\n\n<hr class=\"wp-block-separator has-alpha-channel-opacity\"\/>\n\n\n\n<h2 class=\"wp-block-heading\">10. Kontaktandmed<\/h2>\n\n\n\n<p>Kui teil on selle privaatsuspoliitika v\u00f5i teie isikuandmete t\u00f6\u00f6tlemise kohta k\u00fcsimusi, v\u00f5tke meiega \u00fchendust aadressil:<\/p>\n\n\n\n<p>\ud83d\udce7 <strong><a href=\"mailto:support@mkreborns.com\">support@mkreborns.com<\/a><\/strong><\/p>\n\n\n\n<p><\/p>","protected":false},"excerpt":{"rendered":"<p>Mk Rebornsis peame isikuandmete konfidentsiaalsust, terviklikkust ja vastutustundlikku k\u00e4itlemist v\u00e4ga oluliseks. See privaatsuspoliitika<\/p>","protected":false},"author":1,"featured_media":0,"parent":0,"menu_order":0,"comment_status":"closed","ping_status":"closed","template":"","meta":{"footnotes":""},"class_list":["post-3","page","type-page","status-publish","hentry"],"_links":{"self":[{"href":"https:\/\/www.mkreborns.com\/et\/wp-json\/wp\/v2\/pages\/3","targetHints":{"allow":["GET"]}}],"collection":[{"href":"https:\/\/www.mkreborns.com\/et\/wp-json\/wp\/v2\/pages"}],"about":[{"href":"https:\/\/www.mkreborns.com\/et\/wp-json\/wp\/v2\/types\/page"}],"author":[{"embeddable":true,"href":"https:\/\/www.mkreborns.com\/et\/wp-json\/wp\/v2\/users\/1"}],"replies":[{"embeddable":true,"href":"https:\/\/www.mkreborns.com\/et\/wp-json\/wp\/v2\/comments?post=3"}],"version-history":[{"count":0,"href":"https:\/\/www.mkreborns.com\/et\/wp-json\/wp\/v2\/pages\/3\/revisions"}],"wp:attachment":[{"href":"https:\/\/www.mkreborns.com\/et\/wp-json\/wp\/v2\/media?parent=3"}],"curies":[{"name":"t\u00f6\u00f6leht","href":"https:\/\/api.w.org\/{rel}","templated":true}]}}