{"id":13,"date":"2026-01-16T17:03:18","date_gmt":"2026-01-16T17:03:18","guid":{"rendered":"https:\/\/www.mkreborns.com\/?page_id=13"},"modified":"2026-01-28T02:12:14","modified_gmt":"2026-01-28T02:12:14","slug":"refund_returns","status":"publish","type":"page","link":"https:\/\/www.mkreborns.com\/et\/refund_returns\/","title":{"rendered":"Tagasimakse ja tagastamine"},"content":{"rendered":"<p>Kell <strong>Mk Taass\u00fcndinud<\/strong>, p\u00fchendume kvaliteetsete taass\u00fcndinud nukkude loomisele, millest iga\u00fcks on hoolikalt valmistatud, et olla eristuv, v\u00e4ljendusrikas ja erakordselt elutruu. Kui teie ost ei vasta ootustele, palume teil \u00fchendust v\u00f5tta meie klienditeenindusega aadressil <strong><a href=\"mailto:support@mkreborns.com\">support@mkreborns.com<\/a><\/strong> viivitamata. Iga taotlust hinnatakse eraldi ja lahendused antakse vastavalt konkreetsetele asjaoludele.<\/p>\r\n\r\n\r\n<hr class=\"wp-block-separator has-alpha-channel-opacity\" \/>\r\n\r\n\r\n<h2 class=\"wp-block-heading\">Tellimuse t\u00fchistamine<\/h2>\r\n\r\n\r\n\r\n<p>P\u00e4rast tellimuse esitamist v\u00f5ib teie taass\u00fcndinud nuku ettevalmistamine v\u00f5i saatmine alata viivitamatult. <strong>Kui tellimus on teele saadetud, ei ole t\u00fchistamine enam v\u00f5imalik.<\/strong><\/p>\r\n\r\n\r\n\r\n<p>Kui teie tellimusel on <strong>pole veel saatmisfaasi j\u00f5udnud<\/strong>, v\u00f5ite esitada t\u00fchistamistaotluse <strong>24 tunni jooksul p\u00e4rast ostmist<\/strong>. Kliendid peavad t\u00e4itma ametliku t\u00fchistamistaotluse vormi. Meie tugimeeskond juhendab teid kogu protsessi v\u00e4ltel algusest l\u00f5puni.<\/p>\r\n\r\n\r\n\r\n<h3 class=\"wp-block-heading\">T\u00fchistamise tagasimakse ajakava<\/h3>\r\n\r\n\r\n\r\n<ul class=\"wp-block-list\">\r\n<li>\u2705 <strong>12 tunni jooksul (enne saatmist):<\/strong> A <strong>10% t\u00f6\u00f6tlemise mahaarvamine<\/strong> kehtib, h\u00f5lmates pangandus- ja internetimaksetehingute tasusid.<\/li>\r\n\r\n\r\n\r\n<li>\u2705 <strong>24 tunni jooksul:<\/strong> <strong>85% tellimuse v\u00e4\u00e4rtusest<\/strong> tagastatakse.<\/li>\r\n\r\n\r\n\r\n<li>\u2705 <strong>48 tunni jooksul:<\/strong> <strong>70% tellimuse v\u00e4\u00e4rtusest<\/strong> tagastatakse.<\/li>\r\n\r\n\r\n\r\n<li>\u274c <strong>P\u00e4rast saatmist:<\/strong> T\u00fchistamisi ei aktsepteerita.<\/li>\r\n<\/ul>\r\n\r\n\r\n\r\n<p><strong>Oluline teade:<\/strong><br \/>Tagasimakse peaks saabuma 10\u201320 t\u00f6\u00f6p\u00e4eva jooksul, olenevalt panga t\u00f6\u00f6tlemisajast. Ainult t\u00fchistamistaotlused. <strong>esitatud 24 tunni jooksul p\u00e4rast ostmist ja meie poolt selges\u00f5naliselt heaks kiidetud <a href=\"https:\/\/www.mkreborns.com\/et\/contact-us\/\">tugimeeskond<\/a><\/strong> loetakse kehtivaks.<\/p>\r\n\r\n\r\n<hr class=\"wp-block-separator has-alpha-channel-opacity\" \/>\r\n\r\n\r\n<h2 class=\"wp-block-heading\">Tellimuse muudatused<\/h2>\r\n\r\n\r\n\r\n<p>Soovitame klientidel enne ostu sooritamist hoolikalt kontrollida k\u00f5iki nuku spetsifikatsioone.<\/p>\r\n\r\n\r\n\r\n<ul class=\"wp-block-list\">\r\n<li>\u2705 <strong>12 tunni jooksul p\u00e4rast tellimuse esitamist:<\/strong> Muudatusi v\u00f5ib taotleda a <strong>\u00fchekordne muutmistasu 1 TP4T19 USD<\/strong>.<br \/>J\u00e4tkamiseks palun esitage taotlus meie kaudu <strong>V\u00f5ta meiega \u00fchendust<\/strong> vorm.<\/li>\r\n\r\n\r\n\r\n<li>\u274c <strong>12 tunni p\u00e4rast:<\/strong> Tellimused pakitakse ja pannakse saatmiseks j\u00e4rjekorda, mis muudab edasised muudatused v\u00f5imatuks.<\/li>\r\n<\/ul>\r\n\r\n\r\n<hr class=\"wp-block-separator has-alpha-channel-opacity\" \/>\r\n\r\n\r\n<h2 class=\"wp-block-heading\">Tellimuses puuduvad \u00fcksused<\/h2>\r\n\r\n\r\n\r\n<p>Logistiliste ja pakkimiskaalutluste t\u00f5ttu v\u00f5idakse teatud tellimused saata <strong>mitu saadetist<\/strong>.<br \/>N\u00e4iteks v\u00f5idakse taass\u00fcndinud nukk ja sellega kaasnevad aksessuaarid saata eraldi ja saabuda erinevatel aegadel.<\/p>\r\n\r\n\r\n\r\n<p>Kui on vaja paki k\u00e4tte saada postiasutusest, palun veenduge, et teil on olemas <strong>k\u00f5ik kohaldatavad j\u00e4lgimisnumbrid<\/strong>. Ebakindluse korral on meie tugimeeskond abivalmis.<\/p>\r\n\r\n\r\n<hr class=\"wp-block-separator has-alpha-channel-opacity\" \/>\r\n\r\n\r\n<h2 class=\"wp-block-heading\">Tagastamine ja raha tagastamise \u00f5igus<\/h2>\r\n\r\n\r\n\r\n<p>J\u00e4rgime rangeid kvaliteedistandardeid. Tagastamine v\u00f5i asendamine on lubatud. <strong>ainult j\u00e4rgmistel tingimustel<\/strong>:<\/p>\r\n\r\n\r\n\r\n<h3 class=\"wp-block-heading\">Vastuv\u00f5etavad asjaolud<\/h3>\r\n\r\n\r\n\r\n<ul class=\"wp-block-list\">\r\n<li>\u2705 <strong>Enne kasutamist v\u00f5i transportimise ajal tekkinud kahjustused<\/strong><\/li>\r\n\r\n\r\n\r\n<li>\u2705 <strong>Vale kaup k\u00e4tte saadud:<\/strong><br \/>Kui kohale toimetatud nukk ei vasta teie tellimusele, palun esitage <strong>selge lahtipakkimisvideo<\/strong> kuvamine:\r\n<ul class=\"wp-block-list\">\r\n<li>Nukk<\/li>\r\n\r\n\r\n\r\n<li>Pea<\/li>\r\n\r\n\r\n\r\n<li>Saatmissilt<\/li>\r\n\r\n\r\n\r\n<li>V\u00e4limine pakend<br \/>P\u00e4rast kontrollimist korraldatakse asendus.<\/li>\r\n<\/ul>\r\n<\/li>\r\n\r\n\r\n\r\n<li>\u2705 <strong>Kadunud saadetis:<\/strong><br \/>Transpordi ajal kaotsimineku korral esitage palun vedajale kahjun\u00f5ue ja teavitage meid viivitamatult.<br \/>Enamik pakke n\u00f5uab\u00a0<strong>t\u00e4iskasvanu allkiri kohaletoimetamisel<\/strong>; soovitatav on hoolikas j\u00e4lgimine.<\/li>\r\n\r\n\r\n\r\n<li>\u2705 <strong>Tootmis- v\u00f5i kvaliteediprobleemid:<\/strong><br \/>Kui paki esmasel avamisel tuvastatakse defekte, palun alustage tagastusprotsessi. <strong>12 tunni jooksul p\u00e4rast kohaletoimetamist<\/strong>.<br \/>Tooteprobleemi aruande esitamiseks on vaja foto- v\u00f5i videot\u00f5endit avamata pakendist ja lahtipakkimise protsessist.<\/li>\r\n<\/ul>\r\n\r\n\r\n<hr class=\"wp-block-separator has-alpha-channel-opacity\" \/>\r\n\r\n\r\n<h3 class=\"wp-block-heading\">Tagastamatud ja mitteh\u00fcvitatavad olukorrad<\/h3>\r\n\r\n\r\n\r\n<ul class=\"wp-block-list\">\r\n<li>\u274c Taass\u00fcndinud nukk on olnud <strong>kasutatud v\u00f5i k\u00e4sitsetud \u00fcle kontrolli<\/strong>.<\/li>\r\n\r\n\r\n\r\n<li>\u274c Probleemid on <strong>ei ole teatatud 12 tunni jooksul p\u00e4rast k\u00e4ttesaamist<\/strong>, koos selgete visuaalsete t\u00f5enditega.<\/li>\r\n\r\n\r\n\r\n<li>\u274c Rahulolematus p\u00e4rast kasutamist. Taass\u00fcndinud nukke peetakse\u00a0<strong>isiklikud esemed<\/strong> ja p\u00e4rast kasutamist ei saa seda edasi m\u00fc\u00fca.<\/li>\r\n\r\n\r\n\r\n<li>\u274c P\u00e4rast paki avamist esitatud taotlused, v\u00e4lja arvatud juhul, kui need on heaks kiidetud kontrollitud kvaliteedidefektide t\u00f5ttu.<\/li>\r\n\r\n\r\n\r\n<li>\u274c Tarnevead, mis on tingitud <strong>kliendi esitatud vead<\/strong>, sh valed v\u00f5i mittet\u00e4ielikud tarneaadressid.<\/li>\r\n\r\n\r\n\r\n<li>\u274c Tarneh\u00e4ired, mis on p\u00f5hjustatud meie kontrolli alt v\u00e4ljas olevatest teguritest, n\u00e4iteks tollivormistuse eba\u00f5nnestumine v\u00f5i loodus\u00f5nnetused.<\/li>\r\n<\/ul>\r\n\r\n\r\n\r\n<p><strong>Palun arvestage:<\/strong><br \/>K\u00f5ik Mk Reborn nukud on <strong>k\u00e4sit\u00f6\u00f6na valminud kunstiteosed<\/strong>. V\u00e4iksemad omadused, n\u00e4iteks n\u00f5rgad \u00f5mblusjooned v\u00f5i peened v\u00e4rvierinevused, on k\u00e4sit\u00f6\u00f6protsessile omased ja neid ei loeta defektideks.<br \/>Kui m\u00e4rkate mingeid v\u00e4iksemaidki ebakorrap\u00e4rasusi, soovitame teil meiega \u00fchendust v\u00f5tta \u2013 meie meeskond on alati valmis teid aitama.<\/p>\r\n\r\n\r\n<hr class=\"wp-block-separator has-alpha-channel-opacity\" \/>\r\n\r\n\r\n<h2 class=\"wp-block-heading\">Tagastus saatmise vastutus<\/h2>\r\n\r\n\r\n\r\n<ul class=\"wp-block-list\">\r\n<li>Kui tagastamine algatatakse\u00a0<strong>kliendiga seotud p\u00f5hjused<\/strong>, peab klient katma tagastuskulud, mis on olenevalt vedajast erinevad.<\/li>\r\n\r\n\r\n\r\n<li>Kui tagasimakse on tingitud <strong>meie vastutus<\/strong> (kahjustatud v\u00f5i vale toote) puhul kannab Mk Reborns k\u00f5ik tagastusega seotud saatmiskulud.<\/li>\r\n<\/ul>\r\n\r\n\r\n<hr class=\"wp-block-separator has-alpha-channel-opacity\" \/>\r\n\r\n\r\n<h2 class=\"wp-block-heading\">Vajad lisateavet?<\/h2>\r\n\r\n\r\n\r\n<p>Kui vajate lisatuge v\u00f5i selgitusi, v\u00f5tke meiega \u00fchendust aadressil:<br \/>\ud83d\udce7 <strong><a href=\"mailto:support@mkreborns.com\">support@mkreborns.com<\/a><\/strong><\/p>\r\n\r\n\r\n\r\n<p>Meie klienditeeninduse meeskond p\u00fc\u00fcab vastata k\u00f5ikidele p\u00e4ringutele <strong>24 tunni jooksul<\/strong>.<\/p>\r\n\r\n\r\n\r\n<p>&nbsp;<\/p>","protected":false},"excerpt":{"rendered":"<p>Mk Rebornsis p\u00fchendume kvaliteetsete taass\u00fcndinukkude loomisele, millest iga\u00fcks on hoolikalt valmistatud, et olla eristuv, v\u00e4ljendusrikas ja erakordselt...<\/p>","protected":false},"author":1,"featured_media":0,"parent":0,"menu_order":0,"comment_status":"closed","ping_status":"closed","template":"","meta":{"footnotes":""},"class_list":["post-13","page","type-page","status-publish","hentry"],"_links":{"self":[{"href":"https:\/\/www.mkreborns.com\/et\/wp-json\/wp\/v2\/pages\/13","targetHints":{"allow":["GET"]}}],"collection":[{"href":"https:\/\/www.mkreborns.com\/et\/wp-json\/wp\/v2\/pages"}],"about":[{"href":"https:\/\/www.mkreborns.com\/et\/wp-json\/wp\/v2\/types\/page"}],"author":[{"embeddable":true,"href":"https:\/\/www.mkreborns.com\/et\/wp-json\/wp\/v2\/users\/1"}],"replies":[{"embeddable":true,"href":"https:\/\/www.mkreborns.com\/et\/wp-json\/wp\/v2\/comments?post=13"}],"version-history":[{"count":0,"href":"https:\/\/www.mkreborns.com\/et\/wp-json\/wp\/v2\/pages\/13\/revisions"}],"wp:attachment":[{"href":"https:\/\/www.mkreborns.com\/et\/wp-json\/wp\/v2\/media?parent=13"}],"curies":[{"name":"t\u00f6\u00f6leht","href":"https:\/\/api.w.org\/{rel}","templated":true}]}}