{"id":4614,"date":"2026-05-07T01:55:32","date_gmt":"2026-05-07T01:55:32","guid":{"rendered":"https:\/\/www.mkreborns.com\/?post_type=product&#038;p=4614"},"modified":"2026-05-07T03:27:22","modified_gmt":"2026-05-07T03:27:22","slug":"potato-7-inch-mini-reborn-dolls-smiling-baby-toy","status":"publish","type":"product","link":"https:\/\/www.mkreborns.com\/es\/product\/potato-7-inch-mini-reborn-dolls-smiling-baby-toy\/","title":{"rendered":"Mu\u00f1eco reborn mini de 7 pulgadas con forma de patata, juguete de beb\u00e9 sonriente"},"content":{"rendered":"<h2>Mini mu\u00f1ecas reborn de patata con dulces detalles sonrientes<\/h2>\n<div>Potato es una de las mu\u00f1ecas reborn en miniatura m\u00e1s entra\u00f1ables, creada para coleccionistas que adoran las peque\u00f1as y realistas compa\u00f1eras. Con su expresi\u00f3n alegre, su delicado esculpido y sus vivos ojos azules de acr\u00edlico, Potato transmite el encanto de un reci\u00e9n nacido tranquilo en tus brazos. Su tama\u00f1o compacto de 18 cm la hace ideal para exhibirla en estanter\u00edas, como compa\u00f1era de viaje, como accesorio para fotograf\u00eda y para regalar con cari\u00f1o.<\/div>\n<h3>Una peque\u00f1a mu\u00f1eca reborn sonriente y llena de personalidad.<\/h3>\n<div>A diferencia de las figuras de juguete comunes, Potato est\u00e1 hecha de vinilo suave, lo que le da una textura flexible y delicada. Sus extremidades articuladas y su cabeza flexible permiten poses naturales, mientras que su apariencia de mu\u00f1eca reborn sonriente crea una atm\u00f3sfera reconfortante en cualquier habitaci\u00f3n infantil o colecci\u00f3n de mu\u00f1ecas reborn. Los coleccionistas que buscan mini mu\u00f1ecas reborn a la venta suelen buscar un esculpido facial distintivo y proporciones realistas, y Potato ofrece ambas cosas en un formato compacto con una personalidad inolvidable.<\/div>\n<h2>Especificaciones del producto<\/h2>\n<ul>\n<li>Nombre de la mu\u00f1eca: Patata<\/li>\n<li>Tama\u00f1o: 7 pulgadas \/ 17 cm<\/li>\n<li>Material: Vinilo suave<\/li>\n<li>G\u00e9nero: Unisex<\/li>\n<li>Ojos: Ojos acr\u00edlicos azules<\/li>\n<li>Posicionamiento: Cabeza y extremidades m\u00f3viles<\/li>\n<li>Apto para el agua: Ideal para jugar en la ba\u00f1era.<\/li>\n<li>Sustancia qu\u00edmica altamente preocupante: Ninguna<\/li>\n<\/ul>\n<div>Potato a\u00fana realismo, suavidad y arte coleccionable en una peque\u00f1a creaci\u00f3n, lo que la convierte en una opci\u00f3n encantadora para cualquiera que busque mu\u00f1ecas reborn en miniatura.<\/div>\n<p><img decoding=\"async\" src=\"https:\/\/www.mkreborns.com\/wp-content\/uploads\/2026\/05\/kf-Se154f858f6a849349cdcd76bbf1872d0W.webp\" alt=\"\" title=\"\"><img decoding=\"async\" src=\"https:\/\/www.mkreborns.com\/wp-content\/uploads\/2026\/05\/kf-S410aa67aa548435698fbd27a3fb64c19p.webp\" alt=\"\" title=\"\"><img decoding=\"async\" src=\"https:\/\/www.mkreborns.com\/wp-content\/uploads\/2026\/05\/kf-S4125dbf4d532429b9571597763eb7d3eI-1.webp\" alt=\"\" title=\"\"><img decoding=\"async\" src=\"https:\/\/www.mkreborns.com\/wp-content\/uploads\/2026\/05\/kf-Sf180e3a8185c4ab5a05c6659d3876e49U-1.webp\" alt=\"\" title=\"\"><img decoding=\"async\" src=\"https:\/\/www.mkreborns.com\/wp-content\/uploads\/2026\/05\/kf-S23d6d7b83f794931857b73f6bd85a9a9c-1.webp\" alt=\"\" title=\"\"><img decoding=\"async\" src=\"https:\/\/www.mkreborns.com\/wp-content\/uploads\/2026\/05\/kf-S9684c1e9c66040cfa84f6ae70eb82a03a-1.webp\" alt=\"\" title=\"\"><img decoding=\"async\" src=\"https:\/\/www.mkreborns.com\/wp-content\/uploads\/2026\/05\/kf-S2371c35111914378822505f3c2dd234bx-1.webp\" alt=\"\" title=\"\"><img decoding=\"async\" src=\"https:\/\/www.mkreborns.com\/wp-content\/uploads\/2026\/05\/kf-S213e1f76af814b5398bc23eda5fded5et.webp\" alt=\"\" title=\"\"><img decoding=\"async\" src=\"https:\/\/www.mkreborns.com\/wp-content\/uploads\/2026\/05\/kf-Sc2a2e60655264e8abb4ad94432039d95L.webp\" alt=\"\" title=\"\"><img decoding=\"async\" src=\"https:\/\/www.mkreborns.com\/wp-content\/uploads\/2026\/05\/kf-S6b0ee659018143f6ba8f9ba3cf98f50fd.webp\" alt=\"\" title=\"\"><\/p>","protected":false},"excerpt":{"rendered":"<div>Potato es una peque\u00f1a y sonriente compa\u00f1era con brillantes ojos azules y un suave cuerpo de vinilo que cabe perfectamente en la palma de la mano. Este encantador beb\u00e9 aporta calidez, confort y detalles realistas a cualquier colecci\u00f3n.<\/div>","protected":false},"featured_media":4615,"comment_status":"open","ping_status":"closed","template":"","meta":[],"product_brand":[],"product_cat":[250,145,144,155,152],"product_tag":[],"class_list":{"0":"post-4614","1":"product","2":"type-product","3":"status-publish","4":"has-post-thumbnail","6":"product_cat-7-inch-reborn-dolls","7":"product_cat-baby-boy-reborn-dolls","8":"product_cat-baby-girl-reborn-dolls","9":"product_cat-cute-reborn-dolls","10":"product_cat-vinyl-reborn-dolls","12":"first","13":"instock","14":"sale","15":"shipping-taxable","16":"purchasable","17":"product-type-simple"},"_links":{"self":[{"href":"https:\/\/www.mkreborns.com\/es\/wp-json\/wp\/v2\/product\/4614","targetHints":{"allow":["GET"]}}],"collection":[{"href":"https:\/\/www.mkreborns.com\/es\/wp-json\/wp\/v2\/product"}],"about":[{"href":"https:\/\/www.mkreborns.com\/es\/wp-json\/wp\/v2\/types\/product"}],"replies":[{"embeddable":true,"href":"https:\/\/www.mkreborns.com\/es\/wp-json\/wp\/v2\/comments?post=4614"}],"wp:featuredmedia":[{"embeddable":true,"href":"https:\/\/www.mkreborns.com\/es\/wp-json\/wp\/v2\/media\/4615"}],"wp:attachment":[{"href":"https:\/\/www.mkreborns.com\/es\/wp-json\/wp\/v2\/media?parent=4614"}],"wp:term":[{"taxonomy":"product_brand","embeddable":true,"href":"https:\/\/www.mkreborns.com\/es\/wp-json\/wp\/v2\/product_brand?post=4614"},{"taxonomy":"product_cat","embeddable":true,"href":"https:\/\/www.mkreborns.com\/es\/wp-json\/wp\/v2\/product_cat?post=4614"},{"taxonomy":"product_tag","embeddable":true,"href":"https:\/\/www.mkreborns.com\/es\/wp-json\/wp\/v2\/product_tag?post=4614"}],"curies":[{"name":"wp","href":"https:\/\/api.w.org\/{rel}","templated":true}]}}