{"id":4536,"date":"2026-04-29T14:41:57","date_gmt":"2026-04-29T14:41:57","guid":{"rendered":"https:\/\/www.mkreborns.com\/product\/%e6%b5%b7%e5%a4%96%e4%bb%93%e5%8f%af%e4%bb%a3%e5%8f%91%e5%b7%a5%e5%8e%82%e7%9b%b4%e9%94%8033cm%e7%a1%85%e8%83%b6%e9%87%8d%e7%94%9f%e5%a8%83%e5%a8%83%e4%bb%bf%e7%9c%9f%e5%a9%b4%e5%84%bf%e5%8f%af\/"},"modified":"2026-05-16T03:25:58","modified_gmt":"2026-05-16T03:25:58","slug":"33cm-portable-silicone-reborn-doll-toy","status":"publish","type":"product","link":"https:\/\/www.mkreborns.com\/es\/product\/33cm-portable-silicone-reborn-doll-toy\/","title":{"rendered":"Mu\u00f1eco reborn port\u00e1til de silicona de 33 cm"},"content":{"rendered":"<p>Un juguete creativo puede brindar una grata sorpresa. Esta mu\u00f1eca reborn de 33 cm tiene una piel flexible y el\u00e1stica; con solo un poco de ropa, adquiere una apariencia incre\u00edblemente realista. Su tama\u00f1o compacto facilita su transporte: incluso un ni\u00f1o peque\u00f1o puede levantarla y llevarla sin esfuerzo.<\/p>\n<p>Material: Silicona<br \/>\nG\u00e9nero: Ni\u00f1a<br \/>\nAltura: 13 pulgadas<br \/>\nPeso: 1,4 kg<br \/>\nPeso del embalaje: 1,8 kg<\/p>\n<p>El paquete completo incluye: ropa y una botella.<\/p>\n<p>Tenga en cuenta que puede haber una tolerancia manual de 0,5 a 1 pulgada, ya que el producto se midi\u00f3 manualmente.<\/p>\n<p>&nbsp;<\/p>\n<p><img decoding=\"async\" src=\"https:\/\/www.mkreborns.com\/wp-content\/uploads\/2026\/04\/O1CN01rK6OAL1jfP7Qjj75E_2220331144575-0-cib.jpg\" alt=\"\" title=\"\"><\/p>\n<p><img decoding=\"async\" src=\"https:\/\/www.mkreborns.com\/wp-content\/uploads\/2026\/04\/O1CN015L1xRt1jfP7PcSVWO_2220331144575-0-cib.jpg\" alt=\"\" title=\"\"><\/p>\n<p><img decoding=\"async\" src=\"https:\/\/www.mkreborns.com\/wp-content\/uploads\/2026\/04\/O1CN01jzEZ1w1jfP7QeiqhF_2220331144575-0-cib.jpg\" alt=\"\" title=\"\"><\/p>\n<p><img decoding=\"async\" src=\"https:\/\/www.mkreborns.com\/wp-content\/uploads\/2026\/04\/O1CN01fTR5SE1jfP7R3hmhO_2220331144575-0-cib.jpg\" alt=\"\" title=\"\"><\/p>\n<p><img decoding=\"async\" src=\"https:\/\/www.mkreborns.com\/wp-content\/uploads\/2026\/04\/O1CN01r9No6E1jfP7R3kKgP_2220331144575-0-cib.jpg\" alt=\"\" title=\"\"><\/p>\n<p><img decoding=\"async\" src=\"https:\/\/www.mkreborns.com\/wp-content\/uploads\/2026\/04\/O1CN01ehxfZi1jfP7QxSLXJ_2220331144575-0-cib.jpg\" alt=\"Mu\u00f1eca beb\u00e9 reborn de silicona con rasgos realistas, vestida con ropa de color amarillo brillante, sosteniendo un objeto morado.\" title=\"\"><\/p>\n<p><img decoding=\"async\" src=\"https:\/\/www.mkreborns.com\/wp-content\/uploads\/2026\/04\/O1CN01qjIvNl1jfP7RcdYle_2220331144575-0-cib.jpg\" alt=\"\" title=\"\"><\/p>\n<p><img decoding=\"async\" src=\"https:\/\/www.mkreborns.com\/wp-content\/uploads\/2026\/04\/O1CN01nuNaaS1jfP7QTQ0dW_2220331144575-0-cib.jpg\" alt=\"Mu\u00f1eca beb\u00e9 reborn de silicona realista con ropa y gorro amarillos, rasgos realistas.\" title=\"\"><\/p>\n<p><img decoding=\"async\" src=\"https:\/\/www.mkreborns.com\/wp-content\/uploads\/2026\/04\/O1CN01vgMwM61jfP7QSNqXV_2220331144575-0-cib.jpg\" alt=\"\" title=\"\"><\/p>\n<p><img decoding=\"async\" src=\"https:\/\/www.mkreborns.com\/wp-content\/uploads\/2026\/04\/O1CN01A5x5TL1jfP7Psk5LM_2220331144575-0-cib.jpg\" alt=\"Mu\u00f1eca beb\u00e9 reborn con rasgos realistas, que lleva un gorro de punto amarillo y un su\u00e9ter a juego, perfecta para.\" title=\"\"><\/p>\n<p><img decoding=\"async\" src=\"https:\/\/www.mkreborns.com\/wp-content\/uploads\/2026\/04\/O1CN01CIPvGu1jfP7Qei2sF_2220331144575-0-cib.jpg\" alt=\"Mu\u00f1eca beb\u00e9 reborn de silicona con rasgos realistas, vestida con ropa de punto amarilla, perfecta para coleccionistas.\" title=\"\"><\/p>\n<p><img decoding=\"async\" src=\"https:\/\/www.mkreborns.com\/wp-content\/uploads\/2026\/04\/O1CN01r6RAcu1jfP7QALRMk_2220331144575-0-cib.jpg\" alt=\"Mu\u00f1eca beb\u00e9 reborn de silicona con rasgos realistas y textura suave, perfecta para coleccionistas y ni\u00f1os.\" title=\"\"><\/p>\n<p><img decoding=\"async\" src=\"https:\/\/www.mkreborns.com\/wp-content\/uploads\/2026\/04\/O1CN01WDXtoK1jfP7QK3xqa_2220331144575-0-cib.jpg\" alt=\"\" title=\"\"><\/p>\n<p><img decoding=\"async\" src=\"https:\/\/www.mkreborns.com\/wp-content\/uploads\/2026\/04\/O1CN01NAz7Bu1jfP7QSOicW_2220331144575-0-cib.jpg\" alt=\"\" title=\"\"><\/p>","protected":false},"excerpt":{"rendered":"<p>Una mu\u00f1eca reborn port\u00e1til puede ofrecer una compa\u00f1\u00eda silenciosa, permaneciendo discretamente a tu lado y haci\u00e9ndote sentir que la vida es m\u00e1s interesante.<\/p>","protected":false},"featured_media":4555,"comment_status":"open","ping_status":"closed","template":"","meta":[],"product_brand":[],"product_cat":[156],"product_tag":[],"class_list":{"0":"post-4536","1":"product","2":"type-product","3":"status-publish","4":"has-post-thumbnail","6":"product_cat-life-sized-dolls","8":"first","9":"instock","10":"sale","11":"shipping-taxable","12":"purchasable","13":"product-type-simple"},"_links":{"self":[{"href":"https:\/\/www.mkreborns.com\/es\/wp-json\/wp\/v2\/product\/4536","targetHints":{"allow":["GET"]}}],"collection":[{"href":"https:\/\/www.mkreborns.com\/es\/wp-json\/wp\/v2\/product"}],"about":[{"href":"https:\/\/www.mkreborns.com\/es\/wp-json\/wp\/v2\/types\/product"}],"replies":[{"embeddable":true,"href":"https:\/\/www.mkreborns.com\/es\/wp-json\/wp\/v2\/comments?post=4536"}],"wp:featuredmedia":[{"embeddable":true,"href":"https:\/\/www.mkreborns.com\/es\/wp-json\/wp\/v2\/media\/4555"}],"wp:attachment":[{"href":"https:\/\/www.mkreborns.com\/es\/wp-json\/wp\/v2\/media?parent=4536"}],"wp:term":[{"taxonomy":"product_brand","embeddable":true,"href":"https:\/\/www.mkreborns.com\/es\/wp-json\/wp\/v2\/product_brand?post=4536"},{"taxonomy":"product_cat","embeddable":true,"href":"https:\/\/www.mkreborns.com\/es\/wp-json\/wp\/v2\/product_cat?post=4536"},{"taxonomy":"product_tag","embeddable":true,"href":"https:\/\/www.mkreborns.com\/es\/wp-json\/wp\/v2\/product_tag?post=4536"}],"curies":[{"name":"wp","href":"https:\/\/api.w.org\/{rel}","templated":true}]}}