{"id":4347,"date":"2026-03-26T02:52:14","date_gmt":"2026-03-26T02:52:14","guid":{"rendered":"https:\/\/www.mkreborns.com\/product\/lena-13-inch-girl-reborn-doll-toy\/"},"modified":"2026-03-26T08:32:33","modified_gmt":"2026-03-26T08:32:33","slug":"lena-13-inch-girl-reborn-doll-toy","status":"publish","type":"product","link":"https:\/\/www.mkreborns.com\/es\/product\/lena-13-inch-girl-reborn-doll-toy\/","title":{"rendered":"Mu\u00f1eca Reborn Lena de 33 cm (13 pulgadas)"},"content":{"rendered":"<p>Si est\u00e1s pensando en ser padre o madre, o si deseas experimentar la alegr\u00eda de criar a un ni\u00f1o, puedes optar por una mu\u00f1eca reborn de silicona realista. Sus rasgos son id\u00e9nticos a los de un beb\u00e9 de verdad, e incluso puedes vestirla con la ropa que m\u00e1s te guste.<\/p>\n<p>Material: Silicona<br \/>\nG\u00e9nero: Ni\u00f1a<br \/>\nAltura: 12,8 pulgadas<br \/>\nPeso: 1,3 kg<br \/>\nPesta\u00f1as: Pesta\u00f1as adhesivas<br \/>\nPeso del embalaje: 2 kg<br \/>\nEl paquete completo incluye: ropa, un pa\u00f1al y un biber\u00f3n.<\/p>\n<p>&nbsp;<\/p>\n<p><img decoding=\"async\" src=\"https:\/\/www.mkreborns.com\/wp-content\/uploads\/2026\/03\/O1CN01RTOK1h1jfP5toHUAf_2220331144575-0-cib-1.jpg\" alt=\"\" title=\"\"><img decoding=\"async\" src=\"https:\/\/www.mkreborns.com\/wp-content\/uploads\/2026\/03\/O1CN013Gh3cl1jfP5rz2GKO_2220331144575-0-cib-1.jpg\" alt=\"\" title=\"\"><img decoding=\"async\" src=\"https:\/\/www.mkreborns.com\/wp-content\/uploads\/2026\/03\/O1CN014H4B9L1jfP5tPKuRi_2220331144575-0-cib-1.jpg\" alt=\"\" title=\"\"><img decoding=\"async\" src=\"https:\/\/www.mkreborns.com\/wp-content\/uploads\/2026\/03\/O1CN01FcQBod1jfP5uK98AD_2220331144575-0-cib-1.jpg\" alt=\"\" title=\"\"><\/p>","protected":false},"excerpt":{"rendered":"<p>La mu\u00f1eca reborn de silicona tiene un cuerpo en miniatura y una mirada inocente en sus ojos, lo que hace dif\u00edcil no enamorarse de ella.<\/p>","protected":false},"featured_media":4344,"comment_status":"open","ping_status":"closed","template":"","meta":[],"product_brand":[],"product_cat":[238,144,155,146,156,154,153,157],"product_tag":[],"class_list":{"0":"post-4347","1":"product","2":"type-product","3":"status-publish","4":"has-post-thumbnail","6":"product_cat-13-inch-reborn-dolls","7":"product_cat-baby-girl-reborn-dolls","8":"product_cat-cute-reborn-dolls","9":"product_cat-full-silicone-reborn-dolls","10":"product_cat-life-sized-dolls","11":"product_cat-lifelike-reborn-dolls","12":"product_cat-newborn-reborn-dolls","13":"product_cat-real-life-baby-dolls","15":"first","16":"instock","17":"sale","18":"shipping-taxable","19":"purchasable","20":"product-type-simple"},"_links":{"self":[{"href":"https:\/\/www.mkreborns.com\/es\/wp-json\/wp\/v2\/product\/4347","targetHints":{"allow":["GET"]}}],"collection":[{"href":"https:\/\/www.mkreborns.com\/es\/wp-json\/wp\/v2\/product"}],"about":[{"href":"https:\/\/www.mkreborns.com\/es\/wp-json\/wp\/v2\/types\/product"}],"replies":[{"embeddable":true,"href":"https:\/\/www.mkreborns.com\/es\/wp-json\/wp\/v2\/comments?post=4347"}],"wp:featuredmedia":[{"embeddable":true,"href":"https:\/\/www.mkreborns.com\/es\/wp-json\/wp\/v2\/media\/4344"}],"wp:attachment":[{"href":"https:\/\/www.mkreborns.com\/es\/wp-json\/wp\/v2\/media?parent=4347"}],"wp:term":[{"taxonomy":"product_brand","embeddable":true,"href":"https:\/\/www.mkreborns.com\/es\/wp-json\/wp\/v2\/product_brand?post=4347"},{"taxonomy":"product_cat","embeddable":true,"href":"https:\/\/www.mkreborns.com\/es\/wp-json\/wp\/v2\/product_cat?post=4347"},{"taxonomy":"product_tag","embeddable":true,"href":"https:\/\/www.mkreborns.com\/es\/wp-json\/wp\/v2\/product_tag?post=4347"}],"curies":[{"name":"wp","href":"https:\/\/api.w.org\/{rel}","templated":true}]}}