{"id":4195,"date":"2026-03-24T08:06:41","date_gmt":"2026-03-24T08:06:41","guid":{"rendered":"https:\/\/www.mkreborns.com\/?post_type=product&#038;p=4195"},"modified":"2026-03-24T08:33:50","modified_gmt":"2026-03-24T08:33:50","slug":"realistic-bonnie-brown-20-inch-vinyl-boy-twin-reborn-doll","status":"publish","type":"product","link":"https:\/\/www.mkreborns.com\/es\/product\/realistic-bonnie-brown-20-inch-vinyl-boy-twin-reborn-doll\/","title":{"rendered":"Mu\u00f1eco reborn realista de vinilo de Bonnie Brown de 50 cm (20 pulgadas), ni\u00f1o gemelo."},"content":{"rendered":"<h2>La maestr\u00eda art\u00edstica de Bonnie Brown Twin A<\/h2>\n<div>Mk Reborns presenta una exquisita recreaci\u00f3n de la ic\u00f3nica escultura de las gemelas Bonnie Brown, capturando la et\u00e9rea inocencia de la infancia. Cada figura de vinilo de 50 cm (20 pulgadas) presenta un moteado d\u00e9rmico pintado a mano y extremidades suaves al tacto que imitan la flexibilidad de la piel real. Si bien estas mu\u00f1ecas reborn gemelas son asequibles, su sofisticada artesan\u00eda garantiza que ocupen un lugar destacado en su colecci\u00f3n.<\/div>\n<h3>Caracter\u00edsticas aut\u00e9nticas de las mu\u00f1ecas reborn gemelas<\/h3>\n<div>Estas mu\u00f1ecas gemelas reborn vienen con vestimentas hechas a medida y una presencia t\u00e1ctil que invita a un trato delicado. Su precisi\u00f3n anat\u00f3mica y sus serenas expresiones faciales ofrecen un punto de referencia terap\u00e9utico para quienes buscan una experiencia de crianza realista.<\/div>\n<ul>\n<li>Fabricado con vinilo de primera calidad y no t\u00f3xico para una integridad estructural duradera.<\/li>\n<li>Con unas dimensiones de 50 cm, proporciona un peso considerable y realista al sostenerlo en brazos.<\/li>\n<li>Con detalles que incluyen microvetas y lechos ungueales transl\u00facidos para lograr profundidad visual.<\/li>\n<\/ul>\n<div>Los due\u00f1os aprecian la doble compa\u00f1\u00eda que ofrecen estos adorables mu\u00f1ecos reborn gemelos, ya que capturan a la perfecci\u00f3n el encanto sincronizado de los hermanos. Cada detalle est\u00e9tico refuerza el innegable atractivo de un mu\u00f1eco reborn gemelo Bonnie Brown de alta fidelidad.<\/div>","protected":false},"excerpt":{"rendered":"<div>Adoptar a estos delicados habitantes de la guarder\u00eda aporta una profunda sensaci\u00f3n de tranquilidad al santuario de cualquier coleccionista. Estos compa\u00f1eros, meticulosamente equilibrados, reflejan los sutiles matices de la anatom\u00eda neonatal, fomentando un v\u00ednculo emocional inmediato que trasciende el mero hobby.<\/div>","protected":false},"featured_media":4196,"comment_status":"open","ping_status":"closed","template":"","meta":[],"product_brand":[],"product_cat":[237,145,236,152],"product_tag":[],"class_list":{"0":"post-4195","1":"product","2":"type-product","3":"status-publish","4":"has-post-thumbnail","6":"product_cat-20-inch-reborn-dolls","7":"product_cat-baby-boy-reborn-dolls","8":"product_cat-twin-reborn-dolls","9":"product_cat-vinyl-reborn-dolls","11":"first","12":"instock","13":"sale","14":"shipping-taxable","15":"purchasable","16":"product-type-simple"},"_links":{"self":[{"href":"https:\/\/www.mkreborns.com\/es\/wp-json\/wp\/v2\/product\/4195","targetHints":{"allow":["GET"]}}],"collection":[{"href":"https:\/\/www.mkreborns.com\/es\/wp-json\/wp\/v2\/product"}],"about":[{"href":"https:\/\/www.mkreborns.com\/es\/wp-json\/wp\/v2\/types\/product"}],"replies":[{"embeddable":true,"href":"https:\/\/www.mkreborns.com\/es\/wp-json\/wp\/v2\/comments?post=4195"}],"wp:featuredmedia":[{"embeddable":true,"href":"https:\/\/www.mkreborns.com\/es\/wp-json\/wp\/v2\/media\/4196"}],"wp:attachment":[{"href":"https:\/\/www.mkreborns.com\/es\/wp-json\/wp\/v2\/media?parent=4195"}],"wp:term":[{"taxonomy":"product_brand","embeddable":true,"href":"https:\/\/www.mkreborns.com\/es\/wp-json\/wp\/v2\/product_brand?post=4195"},{"taxonomy":"product_cat","embeddable":true,"href":"https:\/\/www.mkreborns.com\/es\/wp-json\/wp\/v2\/product_cat?post=4195"},{"taxonomy":"product_tag","embeddable":true,"href":"https:\/\/www.mkreborns.com\/es\/wp-json\/wp\/v2\/product_tag?post=4195"}],"curies":[{"name":"wp","href":"https:\/\/api.w.org\/{rel}","templated":true}]}}