{"id":4165,"date":"2026-03-22T14:35:28","date_gmt":"2026-03-22T14:35:28","guid":{"rendered":"https:\/\/www.mkreborns.com\/product\/18-inch-soft-vinyl-open-eye-reborn-baby-doll\/"},"modified":"2026-03-22T15:34:35","modified_gmt":"2026-03-22T15:34:35","slug":"18-inch-soft-vinyl-open-eye-reborn-baby-doll","status":"publish","type":"product","link":"https:\/\/www.mkreborns.com\/es\/product\/18-inch-soft-vinyl-open-eye-reborn-baby-doll\/","title":{"rendered":"Mu\u00f1eca beb\u00e9 reborn de vinilo suave de 45 cm con ojos abiertos"},"content":{"rendered":"<p>Esta mu\u00f1eca reborn tiene venas claramente visibles y es muy realista. Puede sentarse o acostarse, no habla ni parpadea y no tiene partes electr\u00f3nicas complicadas, lo que facilita su cuidado y la hace perfecta para coleccionar. Al limpiarla, man\u00e9jela con cuidado; evite raspar las cejas con fuerza para prevenir la p\u00e9rdida de color.<\/p>\n<p>&nbsp;<\/p>\n<p>Material: PVC de cuerpo completo<br \/>\nG\u00e9nero: Elige entre ni\u00f1o o ni\u00f1a.<br \/>\nAltura: 18 pulgadas<br \/>\nPeso: 1,1 kg<br \/>\nPesta\u00f1as: Pesta\u00f1as adhesivas<br \/>\nPeso del embalaje: 1,6 kg<br \/>\nDimensiones del embalaje: 46*20*13 cm<br \/>\nEl paquete completo incluye: ropa, pa\u00f1al, chupete magn\u00e9tico, biber\u00f3n y certificado de nacimiento.<\/p>\n<p>&nbsp;<\/p>\n<p><img decoding=\"async\" src=\"https:\/\/www.mkreborns.com\/wp-content\/uploads\/2026\/03\/O1CN01PhbSDV1lsnmHX7b7l_2831564875-0-cib.jpg\" alt=\"\" title=\"\"><\/p>\n<p><img decoding=\"async\" src=\"https:\/\/www.mkreborns.com\/wp-content\/uploads\/2026\/03\/O1CN01Fqa8AT1lsnmKDSTq1_2831564875-0-cib.jpg\" alt=\"\" title=\"\"><\/p>\n<p>Tenga en cuenta que puede haber una tolerancia manual de 0,5 a 1 pulgada, ya que el producto se midi\u00f3 manualmente.<\/p>","protected":false},"excerpt":{"rendered":"<p>Como cuidador de la mu\u00f1eca reborn, puedes comprar diferentes estilos de ropa para la mu\u00f1eca para diferentes ocasiones.<\/p>","protected":false},"featured_media":4167,"comment_status":"open","ping_status":"closed","template":"","meta":[],"product_brand":[],"product_cat":[151,145,144,155,156,154,157,152],"product_tag":[],"class_list":{"0":"post-4165","1":"product","2":"type-product","3":"status-publish","4":"has-post-thumbnail","6":"product_cat-18-inch-reborn-dolls","7":"product_cat-baby-boy-reborn-dolls","8":"product_cat-baby-girl-reborn-dolls","9":"product_cat-cute-reborn-dolls","10":"product_cat-life-sized-dolls","11":"product_cat-lifelike-reborn-dolls","12":"product_cat-real-life-baby-dolls","13":"product_cat-vinyl-reborn-dolls","15":"first","16":"instock","17":"sale","18":"shipping-taxable","19":"purchasable","20":"product-type-variable","21":"has-default-attributes"},"_links":{"self":[{"href":"https:\/\/www.mkreborns.com\/es\/wp-json\/wp\/v2\/product\/4165","targetHints":{"allow":["GET"]}}],"collection":[{"href":"https:\/\/www.mkreborns.com\/es\/wp-json\/wp\/v2\/product"}],"about":[{"href":"https:\/\/www.mkreborns.com\/es\/wp-json\/wp\/v2\/types\/product"}],"replies":[{"embeddable":true,"href":"https:\/\/www.mkreborns.com\/es\/wp-json\/wp\/v2\/comments?post=4165"}],"wp:featuredmedia":[{"embeddable":true,"href":"https:\/\/www.mkreborns.com\/es\/wp-json\/wp\/v2\/media\/4167"}],"wp:attachment":[{"href":"https:\/\/www.mkreborns.com\/es\/wp-json\/wp\/v2\/media?parent=4165"}],"wp:term":[{"taxonomy":"product_brand","embeddable":true,"href":"https:\/\/www.mkreborns.com\/es\/wp-json\/wp\/v2\/product_brand?post=4165"},{"taxonomy":"product_cat","embeddable":true,"href":"https:\/\/www.mkreborns.com\/es\/wp-json\/wp\/v2\/product_cat?post=4165"},{"taxonomy":"product_tag","embeddable":true,"href":"https:\/\/www.mkreborns.com\/es\/wp-json\/wp\/v2\/product_tag?post=4165"}],"curies":[{"name":"wp","href":"https:\/\/api.w.org\/{rel}","templated":true}]}}