{"id":4094,"date":"2026-03-19T02:43:43","date_gmt":"2026-03-19T02:43:43","guid":{"rendered":"https:\/\/www.mkreborns.com\/?post_type=product&#038;p=4094"},"modified":"2026-03-19T15:52:52","modified_gmt":"2026-03-19T15:52:52","slug":"reborn-baby-doll-magnetic-pacifier-realistic-fit","status":"publish","type":"product","link":"https:\/\/www.mkreborns.com\/es\/product\/reborn-baby-doll-magnetic-pacifier-realistic-fit\/","title":{"rendered":"Chupete magn\u00e9tico para mu\u00f1eca beb\u00e9 reborn de ajuste realista"},"content":{"rendered":"<h2>Chupete magn\u00e9tico para mu\u00f1eca beb\u00e9 reborn<\/h2>\n<div>El chupete magn\u00e9tico para mu\u00f1ecas reborn est\u00e1 dise\u00f1ado para crear una interacci\u00f3n convincente y natural entre la mu\u00f1eca y sus accesorios. Compatible con mu\u00f1ecas reborn reci\u00e9n nacidas con chupete magn\u00e9tico, se acopla f\u00e1cilmente a las mu\u00f1ecas con imanes internos. Su estructura equilibrada garantiza una alineaci\u00f3n perfecta sin desplazamientos, manteniendo una apariencia realista.<\/div>\n<h3>Fijaci\u00f3n segura y detalles realistas<\/h3>\n<div>Este chupete incorpora un n\u00facleo magn\u00e9tico que permite colocarlo y retirarlo f\u00e1cilmente, manteniendo su estabilidad. Es especialmente adecuado para mu\u00f1ecos reborn realistas que pueden usar chupetes reales, ofreciendo una postura de alimentaci\u00f3n o de consuelo muy fiel a la realidad. Su superficie exterior lisa garantiza un manejo seguro y un acabado impecable.<\/div>\n<h3>Caracter\u00edsticas y beneficios clave<\/h3>\n<ul>\n<li>Im\u00e1n interno potente para un posicionamiento estable.<\/li>\n<li>Dise\u00f1ado para mu\u00f1ecos reborn reci\u00e9n nacidos con chupete magn\u00e9tico.<\/li>\n<li>Compatible con mu\u00f1ecas reborn realistas que pueden usar chupetes de verdad.<\/li>\n<li>Construcci\u00f3n ligera para una colocaci\u00f3n natural.<\/li>\n<li>Material duradero para uso repetido.<\/li>\n<\/ul>\n<div>Este accesorio realza el realismo general de tu colecci\u00f3n, convirti\u00e9ndose en un complemento esencial para los coleccionistas que buscan un chupete magn\u00e9tico de alta calidad para una mu\u00f1eca reborn.<\/div>\n<div>\u00a1Chupete magn\u00e9tico, imprescindible para el beb\u00e9 reborn! Con \u00e9l, la mu\u00f1eca (con la boca cerrada) puede succionar el chupete. Pero antes que nada, debe haber un im\u00e1n en la boca de la mu\u00f1eca.<\/div>\n<div>Tama\u00f1o: como se muestra en las fotos.<\/div>\n<div>El paquete incluye: 1 unidad<\/div>\n<div class=\"detailmodule_image\"><img decoding=\"async\" class=\"detail-desc-decorate-image\" src=\"https:\/\/www.mkreborns.com\/wp-content\/uploads\/2026\/03\/kf-S57fdc27edc6e45fd90840739bcbc10bdK.webp\" alt=\"\" title=\"\"><img decoding=\"async\" class=\"detail-desc-decorate-image\" src=\"https:\/\/www.mkreborns.com\/wp-content\/uploads\/2026\/03\/kf-Scd0b0263191840aca2c6d9d9092853bb8.webp\" alt=\"\" title=\"\"><img decoding=\"async\" class=\"detail-desc-decorate-image\" src=\"https:\/\/www.mkreborns.com\/wp-content\/uploads\/2026\/03\/kf-Sad85ad6e0e2e4333b9ffe757ec183004e.webp\" alt=\"\" title=\"\"><img decoding=\"async\" class=\"detail-desc-decorate-image\" src=\"https:\/\/www.mkreborns.com\/wp-content\/uploads\/2026\/03\/kf-Sca74611577a2480781484c8c07bd4ff2F.webp\" alt=\"\" title=\"\"><img decoding=\"async\" class=\"detail-desc-decorate-image\" src=\"https:\/\/www.mkreborns.com\/wp-content\/uploads\/2026\/03\/kf-Sa13d45d1c7c54ba29181db819686fb23X.webp\" alt=\"\" title=\"\"><img decoding=\"async\" class=\"detail-desc-decorate-image\" src=\"https:\/\/www.mkreborns.com\/wp-content\/uploads\/2026\/03\/kf-S5499cdc26d4a40e9903777a859be4f1eP.webp\" alt=\"\" title=\"\"><img decoding=\"async\" class=\"detail-desc-decorate-image\" src=\"https:\/\/www.mkreborns.com\/wp-content\/uploads\/2026\/03\/kf-S11408845c0cb4f4193474b5608f40c9fI.webp\" alt=\"\" title=\"\"><img decoding=\"async\" class=\"detail-desc-decorate-image\" src=\"https:\/\/www.mkreborns.com\/wp-content\/uploads\/2026\/03\/kf-S0113e3dd80594293b07c453364e8fb07i.webp\" alt=\"\" title=\"\"><\/div>","protected":false},"excerpt":{"rendered":"<p>Un chupete magn\u00e9tico de fabricaci\u00f3n precisa, dise\u00f1ado para realzar el realismo y que ofrece un ajuste seguro y natural para las mu\u00f1ecas reborn compatibles.<\/p>","protected":false},"featured_media":4095,"comment_status":"open","ping_status":"closed","template":"","meta":[],"product_brand":[],"product_cat":[162,148],"product_tag":[],"class_list":{"0":"post-4094","1":"product","2":"type-product","3":"status-publish","4":"has-post-thumbnail","6":"product_cat-reborn-pacifier","7":"product_cat-reborn-doll-accessories","9":"first","10":"instock","11":"sale","12":"shipping-taxable","13":"purchasable","14":"product-type-variable"},"_links":{"self":[{"href":"https:\/\/www.mkreborns.com\/es\/wp-json\/wp\/v2\/product\/4094","targetHints":{"allow":["GET"]}}],"collection":[{"href":"https:\/\/www.mkreborns.com\/es\/wp-json\/wp\/v2\/product"}],"about":[{"href":"https:\/\/www.mkreborns.com\/es\/wp-json\/wp\/v2\/types\/product"}],"replies":[{"embeddable":true,"href":"https:\/\/www.mkreborns.com\/es\/wp-json\/wp\/v2\/comments?post=4094"}],"wp:featuredmedia":[{"embeddable":true,"href":"https:\/\/www.mkreborns.com\/es\/wp-json\/wp\/v2\/media\/4095"}],"wp:attachment":[{"href":"https:\/\/www.mkreborns.com\/es\/wp-json\/wp\/v2\/media?parent=4094"}],"wp:term":[{"taxonomy":"product_brand","embeddable":true,"href":"https:\/\/www.mkreborns.com\/es\/wp-json\/wp\/v2\/product_brand?post=4094"},{"taxonomy":"product_cat","embeddable":true,"href":"https:\/\/www.mkreborns.com\/es\/wp-json\/wp\/v2\/product_cat?post=4094"},{"taxonomy":"product_tag","embeddable":true,"href":"https:\/\/www.mkreborns.com\/es\/wp-json\/wp\/v2\/product_tag?post=4094"}],"curies":[{"name":"wp","href":"https:\/\/api.w.org\/{rel}","templated":true}]}}