{"id":4043,"date":"2026-03-18T15:39:40","date_gmt":"2026-03-18T15:39:40","guid":{"rendered":"https:\/\/www.mkreborns.com\/?post_type=product&#038;p=4043"},"modified":"2026-04-03T16:02:07","modified_gmt":"2026-04-03T16:02:07","slug":"complete-reborn-doll-kit-starter-sets-accessories","status":"publish","type":"product","link":"https:\/\/www.mkreborns.com\/es\/product\/complete-reborn-doll-kit-starter-sets-accessories\/","title":{"rendered":"Kit completo para mu\u00f1ecas reborn, sets de inicio y accesorios."},"content":{"rendered":"<div class=\"product-specs-list-container\">\n<h2>Kits completos para iniciar mu\u00f1ecas reborn<\/h2>\n<div>Los kits completos para crear mu\u00f1ecas reborn ofrecen una base pr\u00e1ctica para coleccionistas que buscan una colecci\u00f3n coherente y realista. Este paquete incluye accesorios esenciales para mu\u00f1ecas reborn, como biberones, chupetes y art\u00edculos de cuidado en miniatura, todos con las proporciones adecuadas para mu\u00f1ecas de 45 cm (18 pulgadas). Cada componente contribuye a una est\u00e9tica uniforme, a la vez que facilita su uso tanto para exhibirlas como para manipularlas.<\/div>\n<h3>Dise\u00f1o funcional y estilo coherente<\/h3>\n<div>Dise\u00f1ados para ser compatibles, estos accesorios de silicona para mu\u00f1ecas reborn se integran a la perfecci\u00f3n con diferentes tipos de mu\u00f1ecas, incluyendo las de vinilo y silicona. Los materiales son ligeros pero resistentes, lo que garantiza una larga vida \u00fatil. Como parte de la gama de accesorios para mu\u00f1ecas reborn a la venta, este kit combina un precio asequible con una gran precisi\u00f3n en los detalles, lo que lo hace ideal para coleccionistas de todos los niveles.<\/div>\n<h3>Caracter\u00edsticas y beneficios clave<\/h3>\n<ul>\n<li>Incluye varios conjuntos de accesorios para mu\u00f1ecas reborn en un solo paquete.<\/li>\n<li>Dise\u00f1ado para mu\u00f1ecas reborn de 43 cm \/ 18 pulgadas.<\/li>\n<li>Pl\u00e1stico resistente y componentes blandos para uso repetido.<\/li>\n<li>Opci\u00f3n econ\u00f3mica entre los accesorios baratos para mu\u00f1ecas reborn<\/li>\n<li>Compatible con accesorios de silicona para mu\u00f1ecas reborn.<\/li>\n<\/ul>\n<div>Este vers\u00e1til paquete simplifica la configuraci\u00f3n a la vez que mejora el realismo, lo que lo convierte en un complemento esencial para los coleccionistas que buscan kits completos para empezar a crear mu\u00f1ecas reborn.<\/div>\n<\/div>\n<p><img decoding=\"async\" src=\"https:\/\/ae01.alicdn.com\/kf\/S2ac0c07b28bc4ac8bbc8ec1493f5eca1O.jpg\" alt=\"\" title=\"\"><img decoding=\"async\" src=\"https:\/\/ae01.alicdn.com\/kf\/S6441869820c0453aba5911026275c27ep.jpg\" alt=\"\" title=\"\"><img decoding=\"async\" src=\"https:\/\/ae01.alicdn.com\/kf\/S5ab5abe146bb48fa9a94c8997f2c7ee4Q.jpg\" alt=\"\" title=\"\"><img decoding=\"async\" src=\"https:\/\/ae01.alicdn.com\/kf\/S3be2280f24a34965835a8ce1a38fd957R.jpg\" alt=\"\" title=\"\"><img decoding=\"async\" src=\"https:\/\/ae01.alicdn.com\/kf\/S6fe7d906696141b0ab07dde1e6e5908aw.jpg\" alt=\"\" title=\"\"><img decoding=\"async\" src=\"https:\/\/ae01.alicdn.com\/kf\/S3c5d9ee971ad4bd78e12de7dc8cd6ea2u.jpg\" alt=\"\" title=\"\"><img decoding=\"async\" src=\"https:\/\/ae01.alicdn.com\/kf\/Sebfcb2540dcf40888a721f47209f1862r.jpg\" alt=\"\" title=\"\"><img decoding=\"async\" src=\"https:\/\/ae01.alicdn.com\/kf\/S11f70586ef5d40829a72c2d3c3839908x.jpg\" alt=\"\" title=\"\"><img decoding=\"async\" src=\"https:\/\/ae01.alicdn.com\/kf\/Sa441d5ba97b64c05b54233527ce711d4p.jpg\" alt=\"\" title=\"\"><img decoding=\"async\" src=\"https:\/\/ae01.alicdn.com\/kf\/S33ea08f4b52549eaba6ec4b300eb133en.jpg\" alt=\"\" title=\"\"><img decoding=\"async\" src=\"https:\/\/ae01.alicdn.com\/kf\/Sfe1a1140e2f84221af639b7f50630a7e8.jpg\" alt=\"\" title=\"\"><img decoding=\"async\" src=\"https:\/\/ae01.alicdn.com\/kf\/S81d555bccfea4f4a85ffddd12ce9000aE.jpg\" alt=\"\" title=\"\"><img decoding=\"async\" src=\"https:\/\/ae01.alicdn.com\/kf\/S486e610f959b4b88b28666d56447564f4.jpg\" alt=\"\" title=\"\"><img decoding=\"async\" src=\"https:\/\/ae01.alicdn.com\/kf\/Sfa43f26ea86e4e08913ebcf4b01e20202.jpg\" alt=\"\" title=\"\"><img decoding=\"async\" src=\"https:\/\/ae01.alicdn.com\/kf\/S2382dce1c04247f0b0299b7f841cce3dk.jpg\" alt=\"\" title=\"\"><\/p>","protected":false},"excerpt":{"rendered":"<p>Un kit de inicio todo en uno dise\u00f1ado para equipar a tu mu\u00f1eca reborn con los accesorios esenciales, mejorando el realismo y la presentaci\u00f3n en el d\u00eda a d\u00eda.<\/p>","protected":false},"featured_media":4044,"comment_status":"open","ping_status":"closed","template":"","meta":[],"product_brand":[],"product_cat":[148],"product_tag":[],"class_list":{"0":"post-4043","1":"product","2":"type-product","3":"status-publish","4":"has-post-thumbnail","6":"product_cat-reborn-doll-accessories","8":"first","9":"instock","10":"sale","11":"shipping-taxable","12":"purchasable","13":"product-type-variable","14":"has-default-attributes"},"_links":{"self":[{"href":"https:\/\/www.mkreborns.com\/es\/wp-json\/wp\/v2\/product\/4043","targetHints":{"allow":["GET"]}}],"collection":[{"href":"https:\/\/www.mkreborns.com\/es\/wp-json\/wp\/v2\/product"}],"about":[{"href":"https:\/\/www.mkreborns.com\/es\/wp-json\/wp\/v2\/types\/product"}],"replies":[{"embeddable":true,"href":"https:\/\/www.mkreborns.com\/es\/wp-json\/wp\/v2\/comments?post=4043"}],"wp:featuredmedia":[{"embeddable":true,"href":"https:\/\/www.mkreborns.com\/es\/wp-json\/wp\/v2\/media\/4044"}],"wp:attachment":[{"href":"https:\/\/www.mkreborns.com\/es\/wp-json\/wp\/v2\/media?parent=4043"}],"wp:term":[{"taxonomy":"product_brand","embeddable":true,"href":"https:\/\/www.mkreborns.com\/es\/wp-json\/wp\/v2\/product_brand?post=4043"},{"taxonomy":"product_cat","embeddable":true,"href":"https:\/\/www.mkreborns.com\/es\/wp-json\/wp\/v2\/product_cat?post=4043"},{"taxonomy":"product_tag","embeddable":true,"href":"https:\/\/www.mkreborns.com\/es\/wp-json\/wp\/v2\/product_tag?post=4043"}],"curies":[{"name":"wp","href":"https:\/\/api.w.org\/{rel}","templated":true}]}}