{"id":4029,"date":"2026-03-18T15:28:55","date_gmt":"2026-03-18T15:28:55","guid":{"rendered":"https:\/\/www.mkreborns.com\/?post_type=product&#038;p=4029"},"modified":"2026-03-19T15:51:56","modified_gmt":"2026-03-19T15:51:56","slug":"17-18-inch-reborn-doll-feeding-pacifier-accessories","status":"publish","type":"product","link":"https:\/\/www.mkreborns.com\/es\/product\/17-18-inch-reborn-doll-feeding-pacifier-accessories\/","title":{"rendered":"Accesorios para alimentar a mu\u00f1ecas reborn de 17-18 pulgadas: chupete y accesorios"},"content":{"rendered":"<div class=\"product-specs-list-container\"><\/div>\n<div class=\"detailmodule_html\">\n<div class=\"detail-desc-decorate-richtext\">\n<h2>Accesorios para mu\u00f1ecas reborn: Tetinas para biberones sin orificio<\/h2>\n<div>Los accesorios para mu\u00f1ecas reborn, como las tetinas sin orificio para biberones, est\u00e1n dise\u00f1ados para replicar las rutinas de alimentaci\u00f3n infantil aut\u00e9nticas, manteniendo la integridad de la mu\u00f1eca. Este conjunto incluye biberones moldeados con precisi\u00f3n, puntas de silicona suave y piezas coordinadas que complementan el estilo del conjunto de chupetes para mu\u00f1ecas reborn. Dise\u00f1ados para coleccionistas que priorizan el realismo, estos accesorios crean una impresi\u00f3n de cuidado infantil muy realista sin necesidad de modificar la mu\u00f1eca.<\/div>\n<h3>Dise\u00f1o seguro en silicona y detalles realistas.<\/h3>\n<div>Las tetinas de silicona sin orificio incluidas para beb\u00e9s prematuros, dise\u00f1adas para mu\u00f1ecas reborn, cuentan con una punta cerrada que impide el flujo de l\u00edquido y conserva su autenticidad visual. Cada componente tiene las proporciones adecuadas para mu\u00f1ecas de 43-46 cm (17-18 pulgadas), lo que garantiza un ajuste natural al combinarlas con escenas de alimentaci\u00f3n o presentaciones.<\/div>\n<h3>Caracter\u00edsticas y beneficios clave<\/h3>\n<ul>\n<li>Incluye biberones y chupetes para mu\u00f1eca reborn.<\/li>\n<li>Dise\u00f1o de punta cerrada para una simulaci\u00f3n de alimentaci\u00f3n segura y no funcional.<\/li>\n<li>Fabricado con silicona suave para una textura realista.<\/li>\n<li>Compatible con mu\u00f1ecas reborn de 17 a 18 pulgadas.<\/li>\n<li>Ideal para usar con tetinas de silicona sin orificio para beb\u00e9s prematuros, ideales para mu\u00f1ecas reborn.<\/li>\n<\/ul>\n<div>Este kit cuidadosamente dise\u00f1ado realza la narraci\u00f3n visual y el valor de colecci\u00f3n, lo que lo convierte en una opci\u00f3n confiable para cualquiera que busque accesorios para mu\u00f1ecas reborn, como tetinas de biber\u00f3n sin agujeros.<\/div>\n<p><img decoding=\"async\" src=\"https:\/\/www.mkreborns.com\/wp-content\/uploads\/2026\/03\/kf-S821bc0c09e4b42a393cbbc2780b410d4P.webp\" alt=\"\" title=\"\"><img decoding=\"async\" src=\"https:\/\/www.mkreborns.com\/wp-content\/uploads\/2026\/03\/kf-S3ddca035184249b39a97908487b4d497n.webp\" alt=\"\" title=\"\"><img decoding=\"async\" src=\"https:\/\/www.mkreborns.com\/wp-content\/uploads\/2026\/03\/kf-Se4f5ae05ae6f4ec4a8ef9889288959d4L.webp\" alt=\"\" title=\"\"><img decoding=\"async\" src=\"https:\/\/www.mkreborns.com\/wp-content\/uploads\/2026\/03\/kf-S63a5bb887a674b8ab8ce2a3c3e8dc6den.webp\" alt=\"\" title=\"\"><span style=\"font-size: 18px;\"><strong>Rosa talla peque\u00f1a:<\/strong><\/span><img decoding=\"async\" src=\"https:\/\/www.mkreborns.com\/wp-content\/uploads\/2026\/03\/kf-S5937a950d18c457d9632bc051f5569f9r.webp\" alt=\"\" title=\"\"><\/p>\n<p><span style=\"font-size: 18px;\"><strong>Talla peque\u00f1a azul:<\/strong><\/span><img decoding=\"async\" src=\"https:\/\/www.mkreborns.com\/wp-content\/uploads\/2026\/03\/kf-Scbcae8c5f5a14ec8ac5007fdc863b93cg.webp\" alt=\"\" title=\"\"><img decoding=\"async\" src=\"https:\/\/www.mkreborns.com\/wp-content\/uploads\/2026\/03\/kf-S5e160258b8954f42a85e81b8690efd27l.webp\" alt=\"\" title=\"\"><img decoding=\"async\" src=\"https:\/\/www.mkreborns.com\/wp-content\/uploads\/2026\/03\/kf-Sb8e5eb1c653f4d77bd66c73376d647894.webp\" alt=\"\" title=\"\"><img decoding=\"async\" src=\"https:\/\/www.mkreborns.com\/wp-content\/uploads\/2026\/03\/kf-S42bdf04560824f58a60c86c965c4d3f5Q.webp\" alt=\"\" title=\"\"><img decoding=\"async\" src=\"https:\/\/www.mkreborns.com\/wp-content\/uploads\/2026\/03\/kf-Sf8bed42865e04064a00206620943d9dfR.webp\" alt=\"\" title=\"\"><img decoding=\"async\" src=\"https:\/\/www.mkreborns.com\/wp-content\/uploads\/2026\/03\/kf-S419dce937a6049f997aa62428da2071dR.webp\" alt=\"Accesorios de alimentaci\u00f3n para mu\u00f1ecas reborn, que incluyen biber\u00f3n, chupete y utensilios para alimentarlas.\" title=\"\"><\/p>\n<\/div>\n<\/div>","protected":false},"excerpt":{"rendered":"<div>Un completo juego de accesorios de alimentaci\u00f3n dise\u00f1ado para mu\u00f1ecas reborn de 17 a 18 pulgadas, que combina realismo, seguridad y detalles delicados en un kit compacto.<\/div>","protected":false},"featured_media":4030,"comment_status":"open","ping_status":"closed","template":"","meta":[],"product_brand":[],"product_cat":[148,162],"product_tag":[],"class_list":{"0":"post-4029","1":"product","2":"type-product","3":"status-publish","4":"has-post-thumbnail","6":"product_cat-reborn-doll-accessories","7":"product_cat-reborn-pacifier","9":"first","10":"instock","11":"sale","12":"shipping-taxable","13":"purchasable","14":"product-type-variable","15":"has-default-attributes"},"_links":{"self":[{"href":"https:\/\/www.mkreborns.com\/es\/wp-json\/wp\/v2\/product\/4029","targetHints":{"allow":["GET"]}}],"collection":[{"href":"https:\/\/www.mkreborns.com\/es\/wp-json\/wp\/v2\/product"}],"about":[{"href":"https:\/\/www.mkreborns.com\/es\/wp-json\/wp\/v2\/types\/product"}],"replies":[{"embeddable":true,"href":"https:\/\/www.mkreborns.com\/es\/wp-json\/wp\/v2\/comments?post=4029"}],"wp:featuredmedia":[{"embeddable":true,"href":"https:\/\/www.mkreborns.com\/es\/wp-json\/wp\/v2\/media\/4030"}],"wp:attachment":[{"href":"https:\/\/www.mkreborns.com\/es\/wp-json\/wp\/v2\/media?parent=4029"}],"wp:term":[{"taxonomy":"product_brand","embeddable":true,"href":"https:\/\/www.mkreborns.com\/es\/wp-json\/wp\/v2\/product_brand?post=4029"},{"taxonomy":"product_cat","embeddable":true,"href":"https:\/\/www.mkreborns.com\/es\/wp-json\/wp\/v2\/product_cat?post=4029"},{"taxonomy":"product_tag","embeddable":true,"href":"https:\/\/www.mkreborns.com\/es\/wp-json\/wp\/v2\/product_tag?post=4029"}],"curies":[{"name":"wp","href":"https:\/\/api.w.org\/{rel}","templated":true}]}}