{"id":4000,"date":"2026-03-18T14:46:48","date_gmt":"2026-03-18T14:46:48","guid":{"rendered":"https:\/\/www.mkreborns.com\/?post_type=product&#038;p=4000"},"modified":"2026-03-19T15:52:09","modified_gmt":"2026-03-19T15:52:09","slug":"american-girl-doll-clothes-fit-18-inch-reborns-set","status":"publish","type":"product","link":"https:\/\/www.mkreborns.com\/es\/product\/american-girl-doll-clothes-fit-18-inch-reborns-set\/","title":{"rendered":"Conjunto de ropa para mu\u00f1ecas American Girl (para mu\u00f1ecas reborn de 45 cm)"},"content":{"rendered":"<div class=\"product-specs-list-container\">\n<h2>La ropa de American Girl se adapta a los reborn<\/h2>\n<div>La ropa para mu\u00f1ecas American Girl se ajusta a las mu\u00f1ecas reborn con una precisi\u00f3n asombrosa, garantizando la compatibilidad con mu\u00f1ecas de 45 cm (18 pulgadas) que siguen proporciones realistas. Estos conjuntos est\u00e1n dise\u00f1ados para adaptarse a los nuevos estilos de cuerpos de mu\u00f1ecas reborn de tela, ofreciendo una silueta equilibrada que realza la autenticidad. Ya sea para exhibici\u00f3n o para un uso delicado, cada pieza refleja una cuidada confecci\u00f3n.<\/div>\n<h3>Dise\u00f1o a medida e integridad de los materiales.<\/h3>\n<div>Confeccionados con un tejido suave pero resistente, estos conjuntos de ropa para mu\u00f1ecas reborn, hechos a mano, mantienen su estructura sin rigidez. Las costuras siguen los contornos anat\u00f3micos, permitiendo que la prenda se ajuste de forma natural al cuerpo de la mu\u00f1eca. Esto garantiza tanto la fidelidad visual como la durabilidad.<\/div>\n<h3>Caracter\u00edsticas y beneficios clave<\/h3>\n<ul>\n<li>Dise\u00f1ado para ajustarse con precisi\u00f3n a los mu\u00f1ecos reborn de 43 cm \/ 18 pulgadas.<\/li>\n<li>Adecuado tanto para ropa de mu\u00f1eco reborn para beb\u00e9 ni\u00f1o como para estilos neutros.<\/li>\n<li>Costuras reforzadas para una mayor durabilidad.<\/li>\n<li>Tejido ligero para un manejo c\u00f3modo.<\/li>\n<li>Compatible con los nuevos estilos de cuerpos de mu\u00f1ecas reborn de tela.<\/li>\n<\/ul>\n<div>Con un equilibrio entre estructura y suavidad, este conjunto de ropa a\u00f1ade profundidad y realismo a cualquier colecci\u00f3n, lo que lo convierte en una opci\u00f3n fiable para los coleccionistas que buscan ropa para mu\u00f1ecas American Girl que se ajuste a las mu\u00f1ecas reborn.<\/div>\n<div><\/div>\n<\/div>\n<div class=\"detailmodule_html\">\n<div class=\"detail-desc-decorate-richtext\">\n<p style=\"text-align: center; margin: 0px;\" align=\"center\"><img decoding=\"async\" src=\"https:\/\/www.mkreborns.com\/wp-content\/uploads\/2026\/03\/kf-Sbb815d83d55a42c6b75a953932f9eec9r.webp\" alt=\"\" title=\"\"><img decoding=\"async\" src=\"https:\/\/www.mkreborns.com\/wp-content\/uploads\/2026\/03\/kf-Sc2b352c412684bd7acc6bb9bcdf0c927X.webp\" alt=\"\" title=\"\"><img decoding=\"async\" src=\"https:\/\/www.mkreborns.com\/wp-content\/uploads\/2026\/03\/kf-S359e5961003a4ef683ca7929699e081fB.webp\" alt=\"\" title=\"\"><img decoding=\"async\" src=\"https:\/\/www.mkreborns.com\/wp-content\/uploads\/2026\/03\/kf-Scc518a1bba6e434daac8f2dece7ee61fs.webp\" alt=\"\" title=\"\"><img decoding=\"async\" src=\"https:\/\/www.mkreborns.com\/wp-content\/uploads\/2026\/03\/kf-S5c9fd673d94b407495c1b13241048299B.webp\" alt=\"\" title=\"\"><img decoding=\"async\" src=\"https:\/\/www.mkreborns.com\/wp-content\/uploads\/2026\/03\/kf-S4b118a05358c496d84bb2426874d92c8u.webp\" alt=\"\" title=\"\"><img decoding=\"async\" src=\"https:\/\/www.mkreborns.com\/wp-content\/uploads\/2026\/03\/kf-S41958fdfe8b14b4481003fedf9275197D.webp\" alt=\"\" title=\"\"><img decoding=\"async\" src=\"https:\/\/www.mkreborns.com\/wp-content\/uploads\/2026\/03\/kf-Sb7de3410d1f5466194271c86cc3b11047.webp\" alt=\"\" title=\"\"><img decoding=\"async\" src=\"https:\/\/www.mkreborns.com\/wp-content\/uploads\/2026\/03\/kf-Sf2d8e29dcfbb4426a9b5e0f048bc41bbl.webp\" alt=\"\" title=\"\"><img decoding=\"async\" src=\"https:\/\/www.mkreborns.com\/wp-content\/uploads\/2026\/03\/kf-S87f2002a343949f78d65c595eb6297c7W.webp\" alt=\"\" title=\"\"><img decoding=\"async\" src=\"https:\/\/www.mkreborns.com\/wp-content\/uploads\/2026\/03\/kf-Se889b72926b445a58aea59fc7b6b49b5L.webp\" alt=\"\" title=\"\"><\/p>\n<\/div>\n<\/div>","protected":false},"excerpt":{"rendered":"<div>Conjuntos cuidadosamente confeccionados para mu\u00f1ecas reborn de 45 cm (18 pulgadas), que combinan un estilo cl\u00e1sico con materiales suaves para lograr una apariencia refinada y realista.<\/div>","protected":false},"featured_media":4001,"comment_status":"open","ping_status":"closed","template":"","meta":[],"product_brand":[],"product_cat":[159,148],"product_tag":[],"class_list":{"0":"post-4000","1":"product","2":"type-product","3":"status-publish","4":"has-post-thumbnail","6":"product_cat-clothes-for-reborn-dolls","7":"product_cat-reborn-doll-accessories","9":"first","10":"instock","11":"sale","12":"shipping-taxable","13":"purchasable","14":"product-type-variable","15":"has-default-attributes"},"_links":{"self":[{"href":"https:\/\/www.mkreborns.com\/es\/wp-json\/wp\/v2\/product\/4000","targetHints":{"allow":["GET"]}}],"collection":[{"href":"https:\/\/www.mkreborns.com\/es\/wp-json\/wp\/v2\/product"}],"about":[{"href":"https:\/\/www.mkreborns.com\/es\/wp-json\/wp\/v2\/types\/product"}],"replies":[{"embeddable":true,"href":"https:\/\/www.mkreborns.com\/es\/wp-json\/wp\/v2\/comments?post=4000"}],"wp:featuredmedia":[{"embeddable":true,"href":"https:\/\/www.mkreborns.com\/es\/wp-json\/wp\/v2\/media\/4001"}],"wp:attachment":[{"href":"https:\/\/www.mkreborns.com\/es\/wp-json\/wp\/v2\/media?parent=4000"}],"wp:term":[{"taxonomy":"product_brand","embeddable":true,"href":"https:\/\/www.mkreborns.com\/es\/wp-json\/wp\/v2\/product_brand?post=4000"},{"taxonomy":"product_cat","embeddable":true,"href":"https:\/\/www.mkreborns.com\/es\/wp-json\/wp\/v2\/product_cat?post=4000"},{"taxonomy":"product_tag","embeddable":true,"href":"https:\/\/www.mkreborns.com\/es\/wp-json\/wp\/v2\/product_tag?post=4000"}],"curies":[{"name":"wp","href":"https:\/\/api.w.org\/{rel}","templated":true}]}}