{"id":3967,"date":"2026-03-18T14:33:08","date_gmt":"2026-03-18T14:33:08","guid":{"rendered":"https:\/\/www.mkreborns.com\/?post_type=product&#038;p=3967"},"modified":"2026-03-19T15:51:44","modified_gmt":"2026-03-19T15:51:44","slug":"reborn-clothes-accessories-for-18-inch-baby-dolls","status":"publish","type":"product","link":"https:\/\/www.mkreborns.com\/es\/product\/reborn-clothes-accessories-for-18-inch-baby-dolls\/","title":{"rendered":"Ropa y accesorios para mu\u00f1ecas Reborn de 18 pulgadas"},"content":{"rendered":"<div class=\"product-specs-list-container\"><\/div>\n<h2>Ropa y accesorios para mu\u00f1ecas Reborn de 18 pulgadas.<\/h2>\n<div>Completa tu colecci\u00f3n con ropa y accesorios para mu\u00f1ecas reborn de 45 cm que combinan suavidad, proporciones precisas y detalles delicados. Este conjunto est\u00e1 dise\u00f1ado para mu\u00f1ecas reborn, ofreciendo un ajuste ce\u00f1ido pero transpirable, ideal para exhibirlas a diario o para jugar con ellas. Dise\u00f1ado teniendo en cuenta el tama\u00f1o del cuerpo de las mu\u00f1ecas reborn para ropa de reci\u00e9n nacido, cada puntada se ajusta a proporciones realistas.<\/div>\n<h3>Tejido suave y ajuste realista<\/h3>\n<div>Confeccionadas con tejidos suaves y respetuosos con la piel, estas prendas para mu\u00f1ecas reborn garantizan durabilidad sin rigidez. El mono estilo pijama y la diadema a juego crean un conjunto armonioso que imita la ropa de beb\u00e9 real, realzando su autenticidad.<\/div>\n<h3>Caracter\u00edsticas y beneficios clave<\/h3>\n<ul>\n<li>Tama\u00f1o preciso para mu\u00f1ecas de 43 cm \/ 18 pulgadas.<\/li>\n<li>Tejido ligero y transpirable para uso prolongado.<\/li>\n<li>Diadema y conjunto coordinados para lograr armon\u00eda visual.<\/li>\n<li>F\u00e1cil de poner y quitar sin da\u00f1ar la mu\u00f1eca.<\/li>\n<li>Dise\u00f1ado para adaptarse al tama\u00f1o del cuerpo de las mu\u00f1ecas reborn para prendas de talla reci\u00e9n nacido.<\/li>\n<\/ul>\n<p><img decoding=\"async\" src=\"https:\/\/www.mkreborns.com\/wp-content\/uploads\/2026\/03\/kf-S40bcb2d745f243b0ac197bc48f6bb6dbx.webp\" alt=\"\" title=\"\"><img decoding=\"async\" src=\"https:\/\/www.mkreborns.com\/wp-content\/uploads\/2026\/03\/kf-S9d7cb36d8c764e6690d526b0ce60fb4aI.webp\" alt=\"\" title=\"\"><img decoding=\"async\" src=\"https:\/\/www.mkreborns.com\/wp-content\/uploads\/2026\/03\/kf-Sb1f13dda0f34493aa705b82d4e856fa73.webp\" alt=\"Mu\u00f1eca beb\u00e9 reborn con pijama azul pastel con estampado de nubes y lazo a juego.\" title=\"\"> <img decoding=\"async\" src=\"https:\/\/www.mkreborns.com\/wp-content\/uploads\/2026\/03\/kf-S9eb58c97784b4d8e8630b3bb29ba3d71q.webp\" alt=\"Conjunto de ropa y diadema para mu\u00f1ecas reborn de 45 cm (18 pulgadas), color azul pastel con estampado de unicornios y estrellas.\" title=\"\"> <img decoding=\"async\" src=\"https:\/\/www.mkreborns.com\/wp-content\/uploads\/2026\/03\/kf-S32e35349cb7a4c74a9181d2cd6f3b5ccD.webp\" alt=\"Mu\u00f1eca reborn con un pelele rosa estampado con flamencos y una diadema a juego con un lazo.\" title=\"\"> <img decoding=\"async\" src=\"https:\/\/www.mkreborns.com\/wp-content\/uploads\/2026\/03\/kf-Sd4ef8109e5074e219e38b3e17abe3635B.webp\" alt=\"Ropa reborn para mu\u00f1ecas beb\u00e9 de 18 pulgadas con flamencos rosas y hojas tropicales, incluye accesorios a juego.\" title=\"\"> <img decoding=\"async\" src=\"https:\/\/www.mkreborns.com\/wp-content\/uploads\/2026\/03\/kf-Sbe46a70726fa4c6f999f6de491f849a4Z.webp\" alt=\"\" title=\"\"><img decoding=\"async\" src=\"https:\/\/www.mkreborns.com\/wp-content\/uploads\/2026\/03\/kf-Sb4849fb2a5864bc49c556618df90f750e.webp\" alt=\"Conjunto de ropa para beb\u00e9 reborn con estampado de conejito rosa, incluye un mono y una diadema a juego para beb\u00e9 de 45 cm (18 pulgadas).\" title=\"\"> <img decoding=\"async\" src=\"https:\/\/www.mkreborns.com\/wp-content\/uploads\/2026\/03\/kf-S972565e0ad5241be85d3a9f956205ca52.webp\" alt=\"Adorable mu\u00f1eca beb\u00e9 de 45 cm vestida con un pelele estampado de mariposas y diadema a juego, perfecta para beb\u00e9s.\" title=\"\"> <img decoding=\"async\" src=\"https:\/\/www.mkreborns.com\/wp-content\/uploads\/2026\/03\/kf-Sa49c502928d04522a7a1b613be6585d31.webp\" alt=\"Lindo conjunto de mu\u00f1eca reborn con estampado de mariposas y diadema.\" title=\"\"> <img decoding=\"async\" src=\"https:\/\/www.mkreborns.com\/wp-content\/uploads\/2026\/03\/kf-S71a31cd1726940bfb5fa0232ac31a7a51.webp\" alt=\"\" title=\"\"><img decoding=\"async\" src=\"https:\/\/www.mkreborns.com\/wp-content\/uploads\/2026\/03\/kf-S37ddcbd70cdd47688a6abc7b71235779c.webp\" alt=\"\" title=\"\"><img decoding=\"async\" src=\"https:\/\/www.mkreborns.com\/wp-content\/uploads\/2026\/03\/kf-S2017717e0716497181175d0359e716ec3.webp\" alt=\"Mu\u00f1eca beb\u00e9 reborn con pijama rosa con lazo, perfecta para accesorios de mu\u00f1ecas de 45 cm (18 pulgadas).\" title=\"\"> <img decoding=\"async\" src=\"https:\/\/www.mkreborns.com\/wp-content\/uploads\/2026\/03\/kf-S8ca62c183bb6408b90cfb18769b596d1W.webp\" alt=\"Mu\u00f1eca reborn vestida con pijama rosa de unicornio y diadema, perfecta para mu\u00f1ecas beb\u00e9 de 45 cm (18 pulgadas).\" title=\"\"> <img decoding=\"async\" src=\"https:\/\/www.mkreborns.com\/wp-content\/uploads\/2026\/03\/kf-S08139c559d5c488a873e7df7b7e9eaeap.webp\" alt=\"\" title=\"\"><img decoding=\"async\" src=\"https:\/\/www.mkreborns.com\/wp-content\/uploads\/2026\/03\/kf-S1d05e5dd8c1047c794fdaaffc5e50cd6w.webp\" alt=\"\" title=\"\"><img decoding=\"async\" src=\"https:\/\/www.mkreborns.com\/wp-content\/uploads\/2026\/03\/kf-S47568eab67e24e45971726db1715bb7bT.webp\" alt=\"\" title=\"\"><img decoding=\"async\" src=\"https:\/\/www.mkreborns.com\/wp-content\/uploads\/2026\/03\/kf-S62d6a425453c4d90956ebcc5428f0afc8.webp\" alt=\"Adorables zapatos de peluche rosa con forma de rat\u00f3n, dise\u00f1ados para mu\u00f1ecas beb\u00e9 de 45 cm, perfectos como accesorio para mu\u00f1ecas reborn.\" title=\"\"><\/p>","protected":false},"excerpt":{"rendered":"<div>Ropa y accesorios suaves y bien ajustados para mu\u00f1ecas reborn de 45 cm (18 pulgadas), dise\u00f1ados para brindar un encanto realista y comodidad a cada mu\u00f1eca.<\/div>","protected":false},"featured_media":3968,"comment_status":"open","ping_status":"closed","template":"","meta":[],"product_brand":[],"product_cat":[159,148],"product_tag":[],"class_list":{"0":"post-3967","1":"product","2":"type-product","3":"status-publish","4":"has-post-thumbnail","6":"product_cat-clothes-for-reborn-dolls","7":"product_cat-reborn-doll-accessories","9":"first","10":"instock","11":"sale","12":"shipping-taxable","13":"purchasable","14":"product-type-variable"},"_links":{"self":[{"href":"https:\/\/www.mkreborns.com\/es\/wp-json\/wp\/v2\/product\/3967","targetHints":{"allow":["GET"]}}],"collection":[{"href":"https:\/\/www.mkreborns.com\/es\/wp-json\/wp\/v2\/product"}],"about":[{"href":"https:\/\/www.mkreborns.com\/es\/wp-json\/wp\/v2\/types\/product"}],"replies":[{"embeddable":true,"href":"https:\/\/www.mkreborns.com\/es\/wp-json\/wp\/v2\/comments?post=3967"}],"wp:featuredmedia":[{"embeddable":true,"href":"https:\/\/www.mkreborns.com\/es\/wp-json\/wp\/v2\/media\/3968"}],"wp:attachment":[{"href":"https:\/\/www.mkreborns.com\/es\/wp-json\/wp\/v2\/media?parent=3967"}],"wp:term":[{"taxonomy":"product_brand","embeddable":true,"href":"https:\/\/www.mkreborns.com\/es\/wp-json\/wp\/v2\/product_brand?post=3967"},{"taxonomy":"product_cat","embeddable":true,"href":"https:\/\/www.mkreborns.com\/es\/wp-json\/wp\/v2\/product_cat?post=3967"},{"taxonomy":"product_tag","embeddable":true,"href":"https:\/\/www.mkreborns.com\/es\/wp-json\/wp\/v2\/product_tag?post=3967"}],"curies":[{"name":"wp","href":"https:\/\/api.w.org\/{rel}","templated":true}]}}